{"id":33634,"date":"2024-10-07T15:24:21","date_gmt":"2024-10-07T13:24:21","guid":{"rendered":"https:\/\/ardor-realestate.com\/?page_id=33634"},"modified":"2024-10-14T14:58:33","modified_gmt":"2024-10-14T12:58:33","slug":"novogradnje","status":"publish","type":"page","link":"https:\/\/ardor-realestate.com\/sl\/prodaja\/novogradnje\/","title":{"rendered":"Novogradnje"},"content":{"rendered":"<div data-elementor-type=\"wp-page\" data-elementor-id=\"33634\" class=\"elementor elementor-33634\" data-elementor-post-type=\"page\">\n\t\t\t\t<div class=\"elementor-element elementor-element-487887e e-con-full e-flex e-con e-child\" data-id=\"487887e\" data-element_type=\"container\">\n\t\t\t\t<div class=\"elementor-element elementor-element-ed3a352 elementor-widget elementor-widget-text-editor\" data-id=\"ed3a352\" data-element_type=\"widget\" data-widget_type=\"text-editor.default\">\n\t\t\t\t<div class=\"elementor-widget-container\">\n\t\t\t\t\t\t\t\t\t<p>Prodaja novogradnji nudi modernim kupcima priliku da investiraju u visokokvalitetne i energetski u\u010dinkovite objekte s najnovijim tehnologijama i dizajnerskim rje\u0161enjima.<\/p><p>Kupnja novogradnje omogu\u0107uje klijentima da prilagode prostor prema vlastitim \u017eeljama, odabirom materijala i opreme. Uz garanciju na izvedene radove, kupci mogu biti sigurni u dugoro\u010dnu vrijednost i pouzdanost svoje investicije.<\/p>\t\t\t\t\t\t\t\t<\/div>\n\t\t\t\t<\/div>\n\t\t\t\t<div class=\"elementor-element elementor-element-f6c7ede elementor-widget elementor-widget-spacer\" data-id=\"f6c7ede\" data-element_type=\"widget\" data-widget_type=\"spacer.default\">\n\t\t\t\t<div class=\"elementor-widget-container\">\n\t\t\t\t\t\t\t<div class=\"elementor-spacer\">\n\t\t\t<div class=\"elementor-spacer-inner\"><\/div>\n\t\t<\/div>\n\t\t\t\t\t\t<\/div>\n\t\t\t\t<\/div>\n\t\t\t\t<\/div>\n\t\t\t\t<\/div>","protected":false},"excerpt":{"rendered":"<p>Prodaja novogradnji nudi modernim kupcima priliku da investiraju u visokokvalitetne i energetski u\u010dinkovite objekte s najnovijim tehnologijama i dizajnerskim rje\u0161enjima. Kupnja novogradnje omogu\u0107uje klijentima da prilagode prostor prema vlastitim \u017eeljama, odabirom materijala i opreme. Uz garanciju na izvedene radove, kupci mogu biti sigurni u dugoro\u010dnu vrijednost i pouzdanost svoje investicije.<\/p>","protected":false},"author":2,"featured_media":0,"parent":54,"menu_order":0,"comment_status":"closed","ping_status":"closed","template":"template\/template-listing-grid-v1-fullwidth-4cols.php","meta":{"inline_featured_image":false,"footnotes":""},"class_list":["post-33634","page","type-page","status-publish","hentry"],"_links":{"self":[{"href":"https:\/\/ardor-realestate.com\/sl\/wp-json\/wp\/v2\/pages\/33634","targetHints":{"allow":["GET"]}}],"collection":[{"href":"https:\/\/ardor-realestate.com\/sl\/wp-json\/wp\/v2\/pages"}],"about":[{"href":"https:\/\/ardor-realestate.com\/sl\/wp-json\/wp\/v2\/types\/page"}],"author":[{"embeddable":true,"href":"https:\/\/ardor-realestate.com\/sl\/wp-json\/wp\/v2\/users\/2"}],"replies":[{"embeddable":true,"href":"https:\/\/ardor-realestate.com\/sl\/wp-json\/wp\/v2\/comments?post=33634"}],"version-history":[{"count":0,"href":"https:\/\/ardor-realestate.com\/sl\/wp-json\/wp\/v2\/pages\/33634\/revisions"}],"up":[{"embeddable":true,"href":"https:\/\/ardor-realestate.com\/sl\/wp-json\/wp\/v2\/pages\/54"}],"wp:attachment":[{"href":"https:\/\/ardor-realestate.com\/sl\/wp-json\/wp\/v2\/media?parent=33634"}],"curies":[{"name":"wp","href":"https:\/\/api.w.org\/{rel}","templated":true}]}}