{"id":31951,"date":"2024-09-24T22:16:42","date_gmt":"2024-09-24T20:16:42","guid":{"rendered":"https:\/\/ardor-realestate.com\/?page_id=31951"},"modified":"2024-10-14T14:58:59","modified_gmt":"2024-10-14T12:58:59","slug":"najem-poslovnih-prostorov","status":"publish","type":"page","link":"https:\/\/ardor-realestate.com\/sl\/najem\/najem-poslovnih-prostorov\/","title":{"rendered":"Najem poslovnega prostora"},"content":{"rendered":"<div data-elementor-type=\"wp-page\" data-elementor-id=\"31951\" class=\"elementor elementor-31951\" data-elementor-post-type=\"page\">\n\t\t\t\t<div class=\"elementor-element elementor-element-5ff55e1 e-con-full e-flex e-con e-child\" data-id=\"5ff55e1\" data-element_type=\"container\">\n\t\t\t\t<div class=\"elementor-element elementor-element-117befc elementor-widget elementor-widget-text-editor\" data-id=\"117befc\" data-element_type=\"widget\" data-widget_type=\"text-editor.default\">\n\t\t\t\t<div class=\"elementor-widget-container\">\n\t\t\t\t\t\t\t\t\tPoslovni prostori v na\u0161i ponudbi se nahajajo na privla\u010dnih in prometnih lokacijah, ki zagotavljajo prepoznavnost in dostopnost, kar je klju\u010dnega pomena za uspeh v poslovanju. Na\u0161a ekipa strokovnjakov vas bo skrbno vodila skozi celoten postopek najema in poskrbela, da boste hitro in enostavno na\u0161li prostor, ki ustreza va\u0161im potrebam in poslovnim ciljem.\t\t\t\t\t\t\t\t<\/div>\n\t\t\t\t<\/div>\n\t\t\t\t<div class=\"elementor-element elementor-element-10b4732 elementor-widget elementor-widget-spacer\" data-id=\"10b4732\" data-element_type=\"widget\" data-widget_type=\"spacer.default\">\n\t\t\t\t<div class=\"elementor-widget-container\">\n\t\t\t\t\t\t\t<div class=\"elementor-spacer\">\n\t\t\t<div class=\"elementor-spacer-inner\"><\/div>\n\t\t<\/div>\n\t\t\t\t\t\t<\/div>\n\t\t\t\t<\/div>\n\t\t\t\t<\/div>\n\t\t\t\t<\/div>","protected":false},"excerpt":{"rendered":"<p>Poslovni prostori v na\u0161i ponudbi se nahajajo na privla\u010dnih in prometnih lokacijah, ki zagotavljajo prepoznavnost in dostopnost, kar je klju\u010dnega pomena za uspeh v poslovanju. Na\u0161a ekipa strokovnjakov vas bo skrbno vodila skozi celoten postopek najema in poskrbela, da boste hitro in enostavno na\u0161li prostor, ki ustreza va\u0161im potrebam in poslovnim ciljem.<\/p>","protected":false},"author":2,"featured_media":0,"parent":17614,"menu_order":0,"comment_status":"closed","ping_status":"closed","template":"template\/template-listing-grid-v1-fullwidth-4cols.php","meta":{"inline_featured_image":false,"footnotes":""},"class_list":["post-31951","page","type-page","status-publish","hentry"],"_links":{"self":[{"href":"https:\/\/ardor-realestate.com\/sl\/wp-json\/wp\/v2\/pages\/31951","targetHints":{"allow":["GET"]}}],"collection":[{"href":"https:\/\/ardor-realestate.com\/sl\/wp-json\/wp\/v2\/pages"}],"about":[{"href":"https:\/\/ardor-realestate.com\/sl\/wp-json\/wp\/v2\/types\/page"}],"author":[{"embeddable":true,"href":"https:\/\/ardor-realestate.com\/sl\/wp-json\/wp\/v2\/users\/2"}],"replies":[{"embeddable":true,"href":"https:\/\/ardor-realestate.com\/sl\/wp-json\/wp\/v2\/comments?post=31951"}],"version-history":[{"count":0,"href":"https:\/\/ardor-realestate.com\/sl\/wp-json\/wp\/v2\/pages\/31951\/revisions"}],"up":[{"embeddable":true,"href":"https:\/\/ardor-realestate.com\/sl\/wp-json\/wp\/v2\/pages\/17614"}],"wp:attachment":[{"href":"https:\/\/ardor-realestate.com\/sl\/wp-json\/wp\/v2\/media?parent=31951"}],"curies":[{"name":"wp","href":"https:\/\/api.w.org\/{rel}","templated":true}]}}