{"id":31909,"date":"2024-09-24T21:41:47","date_gmt":"2024-09-24T19:41:47","guid":{"rendered":"https:\/\/ardor-realestate.com\/?page_id=31909"},"modified":"2024-10-14T14:58:13","modified_gmt":"2024-10-14T12:58:13","slug":"prodaja-hotelov","status":"publish","type":"page","link":"https:\/\/ardor-realestate.com\/sl\/prodaja\/prodaja-hotelov\/","title":{"rendered":"Prodaja hotelov"},"content":{"rendered":"<div data-elementor-type=\"wp-page\" data-elementor-id=\"31909\" class=\"elementor elementor-31909\" data-elementor-post-type=\"page\">\n\t\t\t\t<div class=\"elementor-element elementor-element-5ff55e1 e-con-full e-flex e-con e-child\" data-id=\"5ff55e1\" data-element_type=\"container\">\n\t\t\t\t<div class=\"elementor-element elementor-element-117befc elementor-widget elementor-widget-text-editor\" data-id=\"117befc\" data-element_type=\"widget\" data-widget_type=\"text-editor.default\">\n\t\t\t\t<div class=\"elementor-widget-container\">\n\t\t\t\t\t\t\t\t\tNe glede na to, ali vas zanima majhen boutique hotel, luksuzno letovi\u0161\u010de ob morju ali ve\u010dji hotel z bogato ponudbo, boste v na\u0161i ponudbi na\u0161li idealno mo\u017enost, ki ustreza va\u0161emu poslovnemu na\u010drtu. Glede na konstantno rast turisti\u010dnega sektorja na Hrva\u0161kem predstavlja nalo\u017eba v hotel odli\u010dno prilo\u017enost za dolgoro\u010dni dobi\u010dek in stabilen donos nalo\u017ebe.\t\t\t\t\t\t\t\t<\/div>\n\t\t\t\t<\/div>\n\t\t\t\t<div class=\"elementor-element elementor-element-950f1eb elementor-widget elementor-widget-spacer\" data-id=\"950f1eb\" data-element_type=\"widget\" data-widget_type=\"spacer.default\">\n\t\t\t\t<div class=\"elementor-widget-container\">\n\t\t\t\t\t\t\t<div class=\"elementor-spacer\">\n\t\t\t<div class=\"elementor-spacer-inner\"><\/div>\n\t\t<\/div>\n\t\t\t\t\t\t<\/div>\n\t\t\t\t<\/div>\n\t\t\t\t<\/div>\n\t\t\t\t<\/div>","protected":false},"excerpt":{"rendered":"<p>Ne glede na to, ali vas zanima majhen boutique hotel, luksuzno letovi\u0161\u010de ob morju ali ve\u010dji hotel z bogato ponudbo, boste v na\u0161i ponudbi na\u0161li idealno mo\u017enost, ki ustreza va\u0161emu poslovnemu na\u010drtu. Glede na konstantno rast turisti\u010dnega sektorja na Hrva\u0161kem predstavlja nalo\u017eba v hotel odli\u010dno prilo\u017enost za dolgoro\u010dni dobi\u010dek in stabilen donos nalo\u017ebe.<\/p>","protected":false},"author":2,"featured_media":0,"parent":54,"menu_order":0,"comment_status":"closed","ping_status":"closed","template":"template\/template-listing-grid-v1-fullwidth-4cols.php","meta":{"inline_featured_image":false,"footnotes":""},"class_list":["post-31909","page","type-page","status-publish","hentry"],"_links":{"self":[{"href":"https:\/\/ardor-realestate.com\/sl\/wp-json\/wp\/v2\/pages\/31909","targetHints":{"allow":["GET"]}}],"collection":[{"href":"https:\/\/ardor-realestate.com\/sl\/wp-json\/wp\/v2\/pages"}],"about":[{"href":"https:\/\/ardor-realestate.com\/sl\/wp-json\/wp\/v2\/types\/page"}],"author":[{"embeddable":true,"href":"https:\/\/ardor-realestate.com\/sl\/wp-json\/wp\/v2\/users\/2"}],"replies":[{"embeddable":true,"href":"https:\/\/ardor-realestate.com\/sl\/wp-json\/wp\/v2\/comments?post=31909"}],"version-history":[{"count":0,"href":"https:\/\/ardor-realestate.com\/sl\/wp-json\/wp\/v2\/pages\/31909\/revisions"}],"up":[{"embeddable":true,"href":"https:\/\/ardor-realestate.com\/sl\/wp-json\/wp\/v2\/pages\/54"}],"wp:attachment":[{"href":"https:\/\/ardor-realestate.com\/sl\/wp-json\/wp\/v2\/media?parent=31909"}],"curies":[{"name":"wp","href":"https:\/\/api.w.org\/{rel}","templated":true}]}}