{"id":31897,"date":"2024-09-24T21:39:01","date_gmt":"2024-09-24T19:39:01","guid":{"rendered":"https:\/\/ardor-realestate.com\/?page_id=31897"},"modified":"2024-10-14T14:57:55","modified_gmt":"2024-10-14T12:57:55","slug":"prodaja-zemljisca","status":"publish","type":"page","link":"https:\/\/ardor-realestate.com\/sl\/prodaja\/prodaja-zemljisca\/","title":{"rendered":"Prodaja zemlji\u0161\u010da"},"content":{"rendered":"<div data-elementor-type=\"wp-page\" data-elementor-id=\"31897\" class=\"elementor elementor-31897\" data-elementor-post-type=\"page\">\n\t\t\t\t<div class=\"elementor-element elementor-element-5ff55e1 e-con-full e-flex e-con e-child\" data-id=\"5ff55e1\" data-element_type=\"container\">\n\t\t\t\t<div class=\"elementor-element elementor-element-117befc elementor-widget elementor-widget-text-editor\" data-id=\"117befc\" data-element_type=\"widget\" data-widget_type=\"text-editor.default\">\n\t\t\t\t<div class=\"elementor-widget-container\">\n\t\t\t\t\t\t\t\t\tNe glede na to, ali na\u010drtujete gradnjo dru\u017einske hi\u0161e, po\u010ditni\u0161ke hi\u0161e, poslovnega objekta ali i\u0161\u010dete investicijsko prilo\u017enost, na\u0161a ponudba zajema vse vrste zemlji\u0161\u010d: gradbena, kmetijska, gozdna in tudi ekskluzivne lokacije ob morju. Zavedamo se, kako pomembno je najti pravo lokacijo, ki ustreza va\u0161im vizijam in na\u010drtom, zato smo vam na voljo s podrobnimi informacijami in strokovnimi nasveti.\t\t\t\t\t\t\t\t<\/div>\n\t\t\t\t<\/div>\n\t\t\t\t<div class=\"elementor-element elementor-element-ac2411e elementor-widget elementor-widget-spacer\" data-id=\"ac2411e\" data-element_type=\"widget\" data-widget_type=\"spacer.default\">\n\t\t\t\t<div class=\"elementor-widget-container\">\n\t\t\t\t\t\t\t<div class=\"elementor-spacer\">\n\t\t\t<div class=\"elementor-spacer-inner\"><\/div>\n\t\t<\/div>\n\t\t\t\t\t\t<\/div>\n\t\t\t\t<\/div>\n\t\t\t\t<\/div>\n\t\t\t\t<\/div>","protected":false},"excerpt":{"rendered":"<p>Ne glede na to, ali na\u010drtujete gradnjo dru\u017einske hi\u0161e, po\u010ditni\u0161ke hi\u0161e, poslovnega objekta ali i\u0161\u010dete investicijsko prilo\u017enost, na\u0161a ponudba zajema vse vrste zemlji\u0161\u010d: gradbena, kmetijska, gozdna in tudi ekskluzivne lokacije ob morju. Zavedamo se, kako pomembno je najti pravo lokacijo, ki ustreza va\u0161im vizijam in na\u010drtom, zato smo vam na voljo s podrobnimi informacijami in strokovnimi nasveti.<\/p>","protected":false},"author":2,"featured_media":0,"parent":54,"menu_order":0,"comment_status":"closed","ping_status":"closed","template":"template\/template-listing-grid-v1-fullwidth-4cols.php","meta":{"inline_featured_image":false,"footnotes":""},"class_list":["post-31897","page","type-page","status-publish","hentry"],"_links":{"self":[{"href":"https:\/\/ardor-realestate.com\/sl\/wp-json\/wp\/v2\/pages\/31897","targetHints":{"allow":["GET"]}}],"collection":[{"href":"https:\/\/ardor-realestate.com\/sl\/wp-json\/wp\/v2\/pages"}],"about":[{"href":"https:\/\/ardor-realestate.com\/sl\/wp-json\/wp\/v2\/types\/page"}],"author":[{"embeddable":true,"href":"https:\/\/ardor-realestate.com\/sl\/wp-json\/wp\/v2\/users\/2"}],"replies":[{"embeddable":true,"href":"https:\/\/ardor-realestate.com\/sl\/wp-json\/wp\/v2\/comments?post=31897"}],"version-history":[{"count":0,"href":"https:\/\/ardor-realestate.com\/sl\/wp-json\/wp\/v2\/pages\/31897\/revisions"}],"up":[{"embeddable":true,"href":"https:\/\/ardor-realestate.com\/sl\/wp-json\/wp\/v2\/pages\/54"}],"wp:attachment":[{"href":"https:\/\/ardor-realestate.com\/sl\/wp-json\/wp\/v2\/media?parent=31897"}],"curies":[{"name":"wp","href":"https:\/\/api.w.org\/{rel}","templated":true}]}}