{"id":31892,"date":"2024-09-24T21:36:30","date_gmt":"2024-09-24T19:36:30","guid":{"rendered":"https:\/\/ardor-realestate.com\/?page_id=31892"},"modified":"2025-08-11T19:10:02","modified_gmt":"2025-08-11T17:10:02","slug":"prodaja-his","status":"publish","type":"page","link":"https:\/\/ardor-realestate.com\/sl\/prodaja\/prodaja-his\/","title":{"rendered":"Prodaja hi\u0161"},"content":{"rendered":"<div data-elementor-type=\"wp-page\" data-elementor-id=\"31892\" class=\"elementor elementor-31892\" data-elementor-post-type=\"page\">\n\t\t\t\t<div class=\"elementor-element elementor-element-5ff55e1 e-con-full e-flex e-con e-child\" data-id=\"5ff55e1\" data-element_type=\"container\">\n\t\t\t\t<div class=\"elementor-element elementor-element-117befc elementor-widget elementor-widget-text-editor\" data-id=\"117befc\" data-element_type=\"widget\" data-widget_type=\"text-editor.default\">\n\t\t\t\t<div class=\"elementor-widget-container\">\n\t\t\t\t\t\t\t\t\t<p>Na pravem mestu ste, \u010de i\u0161\u010dete o\u010darljivo kamnito hi\u0161o, moderno vilo, dru\u017einsko hi\u0161o z vrtom ali hi\u0161o ob morju. Ardor vam ponuja izbor hi\u0161 na najbolj privla\u010dnih lokacijah po vsej Hrva\u0161ki. Na\u0161i agenti so specializirani za prodajo hi\u0161 ob morju, na otokih in v notranjosti. Ponujamo vam popolno pravno varnost, strokovno svetovanje in transparenten postopek nakupa in prodaje. Pomagamo vam najti hi\u0161o, ki popolnoma ustreza va\u0161emu \u017eivljenjskemu slogu ali nalo\u017ebenim ciljem.<\/p>\t\t\t\t\t\t\t\t<\/div>\n\t\t\t\t<\/div>\n\t\t\t\t<div class=\"elementor-element elementor-element-0309bda elementor-widget elementor-widget-n-accordion\" data-id=\"0309bda\" data-element_type=\"widget\" data-settings=\"{&quot;default_state&quot;:&quot;all_collapsed&quot;,&quot;max_items_expended&quot;:&quot;one&quot;,&quot;n_accordion_animation_duration&quot;:{&quot;unit&quot;:&quot;ms&quot;,&quot;size&quot;:400,&quot;sizes&quot;:[]}}\" data-widget_type=\"nested-accordion.default\">\n\t\t\t\t<div class=\"elementor-widget-container\">\n\t\t\t\t\t\t\t<div class=\"e-n-accordion\" aria-label=\"Harmonika. Povezave odprite z Enter ali preslednico, zaprite z Escape in se pomikajte s pu\u0161\u010di\u010dnimi tipkami.\">\n\t\t\t\t\t\t<details id=\"e-n-accordion-item-3180\" class=\"e-n-accordion-item\" >\n\t\t\t\t<summary class=\"e-n-accordion-item-title\" data-accordion-index=\"1\" tabindex=\"0\" aria-expanded=\"false\" aria-controls=\"e-n-accordion-item-3180\" >\n\t\t\t\t\t<span class='e-n-accordion-item-title-header'><div class=\"e-n-accordion-item-title-text\"> Preberi ve\u010d <\/div><\/span>\n\t\t\t\t\t\t\t<span class='e-n-accordion-item-title-icon'>\n\t\t\t<span class='e-opened' ><svg aria-hidden=\"true\" class=\"e-font-icon-svg e-fas-arrow-up\" viewbox=\"0 0 448 512\" xmlns=\"http:\/\/www.w3.org\/2000\/svg\"><path d=\"M34.9 289.5l-22.2-22.2c-9.4-9.4-9.4-24.6 0-33.9L207 39c9.4-9.4 24.6-9.4 33.9 0l194.3 194.3c9.4 9.4 9.4 24.6 0 33.9L413 289.4c-9.5 9.5-25 9.3-34.3-.4L264 168.6V456c0 13.3-10.7 24-24 24h-32c-13.3 0-24-10.7-24-24V168.6L69.2 289.1c-9.3 9.8-24.8 10-34.3.4z\"><\/path><\/svg><\/span>\n\t\t\t<span class='e-closed'><svg aria-hidden=\"true\" class=\"e-font-icon-svg e-fas-arrow-down\" viewbox=\"0 0 448 512\" xmlns=\"http:\/\/www.w3.org\/2000\/svg\"><path d=\"M413.1 222.5l22.2 22.2c9.4 9.4 9.4 24.6 0 33.9L241 473c-9.4 9.4-24.6 9.4-33.9 0L12.7 278.6c-9.4-9.4-9.4-24.6 0-33.9l22.2-22.2c9.5-9.5 25-9.3 34.3.4L184 343.4V56c0-13.3 10.7-24 24-24h32c13.3 0 24 10.7 24 24v287.4l114.8-120.5c9.3-9.8 24.8-10 34.3-.4z\"><\/path><\/svg><\/span>\n\t\t<\/span>\n\n\t\t\t\t\t\t<\/summary>\n\t\t\t\t<div role=\"region\" aria-labelledby=\"e-n-accordion-item-3180\" class=\"elementor-element elementor-element-66437be e-con-full e-flex e-con e-child\" data-id=\"66437be\" data-element_type=\"container\">\n\t\t\t\t<div class=\"elementor-element elementor-element-eb84a51 elementor-widget elementor-widget-text-editor\" data-id=\"eb84a51\" data-element_type=\"widget\" data-widget_type=\"text-editor.default\">\n\t\t\t\t<div class=\"elementor-widget-container\">\n\t\t\t\t\t\t\t\t\t<h2>Hi\u0161e za prodajo \u2013 baza podatkov Ardor Real Estate<\/h2><p><span style=\"font-weight: 400;\">Na\u0161a ponudba vklju\u010duje: <\/span><b>hi\u0161e za prodajo<\/b><span style=\"font-weight: 400;\"> na \u0161tevilnih privla\u010dnih lokacijah, od Istre in Kvarnerja do Dalmacije in hrva\u0161kih otokov. Ponujamo le preverjene nepremi\u010dnine z ustrezno dokumentacijo.<\/span><\/p><p><span style=\"font-weight: 400;\">Od hi\u0161 v gradnji, za adaptacijo, do popolnoma prenovljenih stavb, pripravljenih za vselitev, vsako nepremi\u010dnino podrobno preverimo in opravimo izbor, da zagotovimo varno in kakovostno nalo\u017ebo.\u00a0<\/span><\/p><h3><span style=\"font-weight: 400;\">Hi\u0161e naprodaj ob morju<\/span><span style=\"font-weight: 400;\"> \u2013 za po\u010ditnice in nadaljnje nalo\u017ebe<\/span><\/h3><p><span style=\"font-weight: 400;\">Obmorske hi\u0161e na Hrva\u0161kem<\/span> <span style=\"font-weight: 400;\">so \u0161e posebej iskane med doma\u010dimi in tujimi kupci. Zaradi bli\u017eine pla\u017e, razgleda na morje in mo\u017enosti turisti\u010dnega najema so te nepremi\u010dnine idealne tako za osebno uporabo kot za nadaljnjo nalo\u017ebo.<\/span><\/p><p><span style=\"font-weight: 400;\"><br \/><\/span><span style=\"font-weight: 400;\">V bazi Ardor lahko najdete hi\u0161e v prvi vrsti do morja, vile z bazeni, pa tudi hi\u0161e v mirnih zalivih za popolno zasebnost.<\/span><\/p><p><span style=\"font-weight: 400;\">Kupci iz Nem\u010dije, Avstrije, Slovenije in drugih dr\u017eav se vse pogosteje odlo\u010dajo za <\/span><span style=\"font-weight: 400;\">hi\u0161e za prodajo na Hrva\u0161kem<\/span><span style=\"font-weight: 400;\"> kot va\u0161e drugo prebivali\u0161\u010de ali nalo\u017eba z zelo visokim donosom.<\/span><\/p><h3><span style=\"font-weight: 400;\">Dru\u017einske hi\u0161e\u00a0<\/span><\/h3><p><span style=\"font-weight: 400;\">\u010ce i\u0161\u010dete bivalni prostor z dvori\u0161\u010dem, vrtom in parkirnim mestom, razi\u0161\u010dite bazo podatkov in poi\u0161\u010dite <\/span><b>dru\u017einske hi\u0161e<\/b><span style=\"font-weight: 400;\"> v mestnih in primestnih obmo\u010djih. Idealne so za bivanje, saj imajo dovolj prostora za vso dru\u017eino in so\u017eitje z naravo.<\/span><\/p><p><span style=\"font-weight: 400;\">Na voljo so hi\u0161e z ve\u010d nadstropji, gara\u017eami, shrambami in dodatnimi ugodnostmi, ki omogo\u010dajo udobno in funkcionalno \u017eivljenje.<\/span><\/p><h3><span style=\"font-weight: 400;\">Luksuzne vile in hi\u0161e z bazeni\u00a0<\/span><\/h3><p><span style=\"font-weight: 400;\">Za visoko raven luksuza, dizajna in zasebnosti ponujamo <\/span><b>luksuzne vile<\/b><span style=\"font-weight: 400;\"> i <\/span><b>hi\u0161e z bazenom<\/b><span style=\"font-weight: 400;\"> na najbolj ekskluzivnih lokacijah na Hrva\u0161kem in v okolici.<\/span><span style=\"font-weight: 400;\"><br \/><\/span><span style=\"font-weight: 400;\"> Sodobne arhitekturne linije, vrhunska oprema, pogled na odprto morje in dodatne ugodnosti, kot so savna, fitnes center ali sistemi pametnega doma, naredijo te nepremi\u010dnine vrhunsko nalo\u017ebo.\u00a0<\/span><\/p><p><span style=\"font-weight: 400;\">Primerni so za najem in stanovanje ter privla\u010dni za doma\u010de in tuje kupce.<\/span><\/p><h3><span style=\"font-weight: 400;\">Stare hi\u0161e ob morju<\/span><span style=\"font-weight: 400;\"> i <\/span><span style=\"font-weight: 400;\">hi\u0161e za adaptacijo<\/span><span style=\"font-weight: 400;\">\u00a0<\/span><\/h3><p><span style=\"font-weight: 400;\">Za ljubitelje tradicionalnega dalmatinskega sloga so na voljo stare hi\u0161e, ki iz\u017earevajo \u010dar in zna\u010daj. Mnoge se nahajajo v starih mestnih jedrih ali pristnih pode\u017eelskih obmo\u010djih in predstavljajo odli\u010dno prilo\u017enost za preureditev v buti\u010dno nastanitev ali edinstven dom.<\/span><\/p><p><span style=\"font-weight: 400;\">Z na\u0161o strokovno podporo lahko tovrstno nepremi\u010dnino preoblikujete v pristen prostor z veliko dodano vrednostjo.\u00a0<\/span><\/p><h2><b>Zakaj izbrati Ardor Real Estate za prodajo hi\u0161?<\/b><\/h2><p><span style=\"font-weight: 400;\">Nakup hi\u0161e<\/span><span style=\"font-weight: 400;\"> je pomemben korak in zato je pomembno imeti zanesljivega partnerja, ki razume trg in va\u0161e potrebe. Ardor Real Estate ponuja poobla\u0161\u010dene agente z izku\u0161njami pri prodaji hi\u0161 na najbolj iskanih lokacijah ter pravno in administrativno podporo skozi celoten postopek.<\/span><\/p><p><span style=\"font-weight: 400;\">V na\u0161i preverjeni bazi podatkov imate na voljo veliko kakovostnih in legalnih nepremi\u010dnin, individualen pristop, od prvega stika do prevzema klju\u010dev.<\/span><\/p><p><span style=\"font-weight: 400;\">Ardor Real Estate ponuja re\u0161itev po meri za nakup doma.<\/span><\/p><p><span style=\"font-weight: 400;\">Kontaktirajte nas \u0161e danes in poi\u0161\u010dite dom svojih sanj, varno, enostavno in s popolno podporo na\u0161e strokovne ekipe.<\/span><\/p>\t\t\t\t\t\t\t\t<\/div>\n\t\t\t\t<\/div>\n\t\t\t\t<\/div>\n\t\t\t\t\t<\/details>\n\t\t\t\t\t<\/div>\n\t\t\t\t\t\t<\/div>\n\t\t\t\t<\/div>\n\t\t\t\t<\/div>\n\t\t\t\t<\/div>","protected":false},"excerpt":{"rendered":"<p>Na pravom ste mjestu ako tra\u017eite \u0161armantnu kamenu ku\u0107u, modernu vilu, obiteljsku ku\u0107u s oku\u0107nicom ili ku\u0107u pored mora. Ardor vam nudi ponudu ku\u0107a na najatraktivnijim lokacijama diljem Hrvatske. Na\u0161i agenti specijalizirani su za prodaju ku\u0107a na moru, na otocima i u unutra\u0161njosti. Nudimo vam potpunu pravnu sigurnost, profesionalno savjetovanje i transparentan proces kupoprodaje. Poma\u017eemo [&hellip;]<\/p>","protected":false},"author":2,"featured_media":0,"parent":54,"menu_order":0,"comment_status":"closed","ping_status":"closed","template":"template\/template-listing-grid-v1-fullwidth-4cols.php","meta":{"inline_featured_image":false,"footnotes":""},"class_list":["post-31892","page","type-page","status-publish","hentry"],"_links":{"self":[{"href":"https:\/\/ardor-realestate.com\/sl\/wp-json\/wp\/v2\/pages\/31892","targetHints":{"allow":["GET"]}}],"collection":[{"href":"https:\/\/ardor-realestate.com\/sl\/wp-json\/wp\/v2\/pages"}],"about":[{"href":"https:\/\/ardor-realestate.com\/sl\/wp-json\/wp\/v2\/types\/page"}],"author":[{"embeddable":true,"href":"https:\/\/ardor-realestate.com\/sl\/wp-json\/wp\/v2\/users\/2"}],"replies":[{"embeddable":true,"href":"https:\/\/ardor-realestate.com\/sl\/wp-json\/wp\/v2\/comments?post=31892"}],"version-history":[{"count":0,"href":"https:\/\/ardor-realestate.com\/sl\/wp-json\/wp\/v2\/pages\/31892\/revisions"}],"up":[{"embeddable":true,"href":"https:\/\/ardor-realestate.com\/sl\/wp-json\/wp\/v2\/pages\/54"}],"wp:attachment":[{"href":"https:\/\/ardor-realestate.com\/sl\/wp-json\/wp\/v2\/media?parent=31892"}],"curies":[{"name":"wp","href":"https:\/\/api.w.org\/{rel}","templated":true}]}}