{"id":31863,"date":"2024-09-24T20:41:14","date_gmt":"2024-09-24T18:41:14","guid":{"rendered":"https:\/\/ardor-realestate.com\/?page_id=31863"},"modified":"2025-08-11T19:11:07","modified_gmt":"2025-08-11T17:11:07","slug":"prodaja-stanovanj","status":"publish","type":"page","link":"https:\/\/ardor-realestate.com\/sl\/prodaja\/prodaja-stanovanj\/","title":{"rendered":"Prodaja stanovanj"},"content":{"rendered":"<div data-elementor-type=\"wp-page\" data-elementor-id=\"31863\" class=\"elementor elementor-31863\" data-elementor-post-type=\"page\">\n\t\t\t\t<div class=\"elementor-element elementor-element-5ff55e1 e-con-full e-flex e-con e-child\" data-id=\"5ff55e1\" data-element_type=\"container\">\n\t\t\t\t<div class=\"elementor-element elementor-element-117befc elementor-widget elementor-widget-text-editor\" data-id=\"117befc\" data-element_type=\"widget\" data-widget_type=\"text-editor.default\">\n\t\t\t\t<div class=\"elementor-widget-container\">\n\t\t\t\t\t\t\t\t\t<p><span style=\"font-weight: 400;\">Odkrijte najkakovostnej\u0161o ponudbo apartmajev in stanovanj ob morju na Hrva\u0161kem. Ardor Real Estate ponuja skrbno izbrane nepremi\u010dnine iz vseh najbolj iskanih obalnih regij \u2013 Istre, Kvarnerja, Dalmacije in otokov. Ne glede na to, ali i\u0161\u010dete enosobno stanovanje, moderno stanovanje v novogradnji ali stanovanje v gradnji s pogledom na morje, boste tukaj na\u0161li idealno nepremi\u010dnino za bivanje, po\u010ditnice ali nalo\u017ebo.<\/span><\/p><p><span style=\"font-weight: 400;\">Na\u0161a agencija ponuja profesionalne storitve prodaje stanovanj s popolno pravno podporo in preglednim postopkom. Predani smo iskanju idealnih kupcev ter zagotavljanju hitre in varne transakcije. Z dolgoletnimi izku\u0161njami in \u0161iroko mre\u017eo strank vam zagotavljamo maksimalno vrednost za va\u0161o nepremi\u010dnino.<\/span><\/p>\t\t\t\t\t\t\t\t<\/div>\n\t\t\t\t<\/div>\n\t\t\t\t<div class=\"elementor-element elementor-element-6b23d74 elementor-widget elementor-widget-n-accordion\" data-id=\"6b23d74\" data-element_type=\"widget\" data-settings=\"{&quot;default_state&quot;:&quot;all_collapsed&quot;,&quot;max_items_expended&quot;:&quot;one&quot;,&quot;n_accordion_animation_duration&quot;:{&quot;unit&quot;:&quot;ms&quot;,&quot;size&quot;:400,&quot;sizes&quot;:[]}}\" data-widget_type=\"nested-accordion.default\">\n\t\t\t\t<div class=\"elementor-widget-container\">\n\t\t\t\t\t\t\t<div class=\"e-n-accordion\" aria-label=\"Harmonika. Povezave odprite z Enter ali preslednico, zaprite z Escape in se pomikajte s pu\u0161\u010di\u010dnimi tipkami.\">\n\t\t\t\t\t\t<details id=\"e-n-accordion-item-1120\" class=\"e-n-accordion-item\" >\n\t\t\t\t<summary class=\"e-n-accordion-item-title\" data-accordion-index=\"1\" tabindex=\"0\" aria-expanded=\"false\" aria-controls=\"e-n-accordion-item-1120\" >\n\t\t\t\t\t<span class='e-n-accordion-item-title-header'><div class=\"e-n-accordion-item-title-text\"> Preberi ve\u010d <\/div><\/span>\n\t\t\t\t\t\t\t<span class='e-n-accordion-item-title-icon'>\n\t\t\t<span class='e-opened' ><svg aria-hidden=\"true\" class=\"e-font-icon-svg e-fas-arrow-up\" viewbox=\"0 0 448 512\" xmlns=\"http:\/\/www.w3.org\/2000\/svg\"><path d=\"M34.9 289.5l-22.2-22.2c-9.4-9.4-9.4-24.6 0-33.9L207 39c9.4-9.4 24.6-9.4 33.9 0l194.3 194.3c9.4 9.4 9.4 24.6 0 33.9L413 289.4c-9.5 9.5-25 9.3-34.3-.4L264 168.6V456c0 13.3-10.7 24-24 24h-32c-13.3 0-24-10.7-24-24V168.6L69.2 289.1c-9.3 9.8-24.8 10-34.3.4z\"><\/path><\/svg><\/span>\n\t\t\t<span class='e-closed'><svg aria-hidden=\"true\" class=\"e-font-icon-svg e-fas-arrow-down\" viewbox=\"0 0 448 512\" xmlns=\"http:\/\/www.w3.org\/2000\/svg\"><path d=\"M413.1 222.5l22.2 22.2c9.4 9.4 9.4 24.6 0 33.9L241 473c-9.4 9.4-24.6 9.4-33.9 0L12.7 278.6c-9.4-9.4-9.4-24.6 0-33.9l22.2-22.2c9.5-9.5 25-9.3 34.3.4L184 343.4V56c0-13.3 10.7-24 24-24h32c13.3 0 24 10.7 24 24v287.4l114.8-120.5c9.3-9.8 24.8-10 34.3-.4z\"><\/path><\/svg><\/span>\n\t\t<\/span>\n\n\t\t\t\t\t\t<\/summary>\n\t\t\t\t<div role=\"region\" aria-labelledby=\"e-n-accordion-item-1120\" class=\"elementor-element elementor-element-b412f7a e-con-full e-flex e-con e-child\" data-id=\"b412f7a\" data-element_type=\"container\">\n\t\t\t\t<div class=\"elementor-element elementor-element-108ef20 elementor-widget elementor-widget-text-editor\" data-id=\"108ef20\" data-element_type=\"widget\" data-widget_type=\"text-editor.default\">\n\t\t\t\t<div class=\"elementor-widget-container\">\n\t\t\t\t\t\t\t\t\t<h2><span style=\"font-weight: 400;\">Stanovanja za prodajo<\/span><span style=\"font-weight: 400;\"> iz baze Ardor - kakovost, lokacija in varnost<\/span><\/h2><p><span style=\"font-weight: 400;\">Na\u0161a baza podatkov vklju\u010duje stanovanja za prodajo vzdol\u017e jadranske obale in v notranjosti. Imamo stanovanja in suite, ki ustrezajo va\u0161im potrebam \u2013 od luksuznih penthouseov in stanovanj v prvi vrsti ob morju do funkcionalnih stanovanj v bli\u017eini pomembnih institucij, idealnih za dolgoro\u010dni najem. Vsaka nepremi\u010dnina je predhodno preverjena, z ustrezno dokumentacijo in potencialom za varno donosnost nalo\u017ebe.<\/span><\/p><h2><span style=\"font-weight: 400;\">Prodaja apartmajev ob morju<\/span><span style=\"font-weight: 400;\"> \u2013 najbolj iskana kategorija nepremi\u010dnin<\/span><\/h2><p><span style=\"font-weight: 400;\">Prodaja apartmajev ob morju nenehno nara\u0161\u010da zaradi hrva\u0161kih naravnih lepot, \u010distega morja in stabilnega trga, ki postaja vse bolj privla\u010den, zlasti za tuje kupce. Kupci iz Nem\u010dije, Avstrije, Slovenije in drugih dr\u017eav se najpogosteje odlo\u010dajo za apartmaje v bli\u017eini morja zaradi mo\u017enosti turisti\u010dnega najema ali u\u017eivanja v lastnem po\u010ditni\u0161kem prostoru.<\/span><\/p><p><span style=\"font-weight: 400;\">Na voljo so apartmaji tik ob morju, pa tudi taki, ki so nekoliko bolj oddaljeni, a enako funkcionalni in udobni. Raznolika ponudba iz baze podatkov Ardor vam omogo\u010da hitro in pregledno izvedbo nakupa in prodaje, ponudba pa vklju\u010duje apartmaje razli\u010dnih velikosti in lokacij.<\/span><\/p><p><span style=\"font-weight: 400;\">Ne glede na to, ali i\u0161\u010dete stanovanje za osebne potrebe ali kot nalo\u017ebo, vam Ardor Real Estate ponuja privla\u010dno izbiro moderne notranjosti, vrhunsko opremo, odli\u010dne prometne povezave in vse bolj mo\u017enost nakupa neposredno od investitorjev brez dodatnih stro\u0161kov prenove.<\/span><\/p><h2><span style=\"font-weight: 400;\">Stanovanja za prodajo - novogradnja<\/span><\/h2><p><span style=\"font-weight: 400;\">Na\u0161a ponudba izpostavlja prodajo novih stanovanj, \u0161e posebej v regijah z velikim povpra\u0161evanjem, kot so Split, Zadar, Reka, Pore\u010d in Rovinj. Novozgrajena stanovanja prina\u0161ajo \u0161tevilne prednosti - visoko energetsko u\u010dinkovitost, sodoben dizajn in mo\u017enost prilagoditve med fazo gradnje.<\/span><\/p><p><span style=\"font-weight: 400;\">Novogradnje stanovanjskih stavb ponujajo stanovanja razli\u010dnih velikosti in lokacij, vse na enem mestu. Privla\u010den videz, funkcionalne re\u0161itve in prilagojenost potrebam sodobnega \u017eivljenja jih naredijo idealno izbiro za stranke, ki si \u017eelijo varnosti in udobja.<\/span><\/p><h2><span style=\"font-weight: 400;\">Prodaja stanovanj v gradnji<\/span><span style=\"font-weight: 400;\"> \u2013 investicijska prilo\u017enost<\/span><\/h2><p><span style=\"font-weight: 400;\">Za tiste, ki si \u017eelijo vnaprej zagotoviti popoln prostor po ugodnej\u0161i ceni in ga kasneje razpolagati po lastnih potrebah, prodaja stanovanj v gradnji predstavlja odli\u010dno prilo\u017enost. Ekipa Ardor nudi strokovno podporo pri izbiri nepremi\u010dnin v zgodnjih fazah gradnje, s popolno pravno in tehni\u010dno varnostjo.<\/span><\/p><p><span style=\"font-weight: 400;\">Tukaj boste na\u0161li najnovej\u0161e projekte in se prepri\u010dali, da ste izbrali zakonito in zanesljivo pot do va\u0161e bodo\u010de nepremi\u010dnine.<\/span><\/p><h2><span style=\"font-weight: 400;\">Enosobna stanovanja \u2013 naprodaj<\/span><span style=\"font-weight: 400;\"> prilagojeno sodobnemu \u017eivljenju<\/span><\/h2><p><span style=\"font-weight: 400;\">Enosobna stanovanja bele\u017eijo mo\u010dno rast povpra\u0161evanja, zlasti med mladimi, pari in vlagatelji, ki i\u0161\u010dejo manj\u0161o kvadraturo z maksimalno funkcionalnostjo. Na\u0161a ponudba vklju\u010duje stanovanja, idealna za najem, bivanje ob koncu tedna ali prvo nalo\u017ebo, \u0161e posebej v bli\u017eini morja in visoko\u0161olskih zavodov.<\/span><\/p><h2><span style=\"font-weight: 400;\">Zakaj izbrati Ardor Real Estate za prodajo stanovanj in stanovanj?<\/span><\/h2><p><span style=\"font-weight: 400;\">Pri nakupu stanovanja ali apartmaja potrebujete varnost, hitro podporo strokovnjakov in ob\u010dutek, da ste se pravilno odlo\u010dili. Zato \u017ee leta razvijamo na\u0161e storitve in si prizadevamo ohranjati visoke standarde:<\/span><\/p><ul><li><span style=\"font-weight: 400;\"> Poobla\u0161\u010deni zastopniki z izku\u0161njami pri delu z doma\u010dimi in mednarodnimi strankami<\/span><span style=\"font-weight: 400;\"><br \/><\/span><span style=\"font-weight: 400;\"> \u2022 Transparenten postopek nakupa in prodaje s popolno pravno in administrativno podporo<\/span><span style=\"font-weight: 400;\"><br \/><\/span><span style=\"font-weight: 400;\"> \u2022 Najbolj\u0161e razmerje med ceno in kakovostjo \u2013 sodelujemo izklju\u010dno s preverjenimi nepremi\u010dninami<\/span><span style=\"font-weight: 400;\"><br \/><\/span><span style=\"font-weight: 400;\"> \u2022 Individualen pristop k vsaki stranki \u2013 va\u0161a vizija postane na\u0161a naloga<\/span><\/li><\/ul><p><span style=\"font-weight: 400;\">Ne glede na to, kak\u0161no stanovanje i\u0161\u010dete, katero lokacijo \u017eelite in pod kak\u0161nimi pogoji ga kupujete, ste na pravem mestu. Ne glede na to, ali gre za luksuz, nalo\u017ebo ali kraj za sprostitev, prodaja stanovanj in apartmajev na Hrva\u0161kem z Ardor Real Estate pomeni varen, preprost in visokokakovosten postopek. Kontaktirajte nas \u0161e danes in poi\u0161\u010dite svojo idealno nepremi\u010dnino s profesionalno podporo na\u0161e ekipe.<\/span><\/p>\t\t\t\t\t\t\t\t<\/div>\n\t\t\t\t<\/div>\n\t\t\t\t<\/div>\n\t\t\t\t\t<\/details>\n\t\t\t\t\t<\/div>\n\t\t\t\t\t\t<\/div>\n\t\t\t\t<\/div>\n\t\t\t\t<\/div>\n\t\t\t\t<\/div>","protected":false},"excerpt":{"rendered":"<p>Otkrijte najkvalitetniju ponudu stanova i apartmana na moru u Hrvatskoj. Ardor Real Estate nudi pa\u017eljivo odabrane nekretnine iz svih najtra\u017eenijih primorskih regija \u2013 Istre, Kvarnera, Dalmacije i otoka. Bez obzira tra\u017eite li jednosoban stan, moderan apartman u novogradnji ili stan u izgradnji s pogledom na more, ovdje \u0107ete prona\u0107i idealnu nekretninu za \u017eivot, odmor ili [&hellip;]<\/p>","protected":false},"author":2,"featured_media":0,"parent":54,"menu_order":0,"comment_status":"closed","ping_status":"closed","template":"template\/template-listing-grid-v1-fullwidth-4cols.php","meta":{"inline_featured_image":false,"footnotes":""},"class_list":["post-31863","page","type-page","status-publish","hentry"],"_links":{"self":[{"href":"https:\/\/ardor-realestate.com\/sl\/wp-json\/wp\/v2\/pages\/31863","targetHints":{"allow":["GET"]}}],"collection":[{"href":"https:\/\/ardor-realestate.com\/sl\/wp-json\/wp\/v2\/pages"}],"about":[{"href":"https:\/\/ardor-realestate.com\/sl\/wp-json\/wp\/v2\/types\/page"}],"author":[{"embeddable":true,"href":"https:\/\/ardor-realestate.com\/sl\/wp-json\/wp\/v2\/users\/2"}],"replies":[{"embeddable":true,"href":"https:\/\/ardor-realestate.com\/sl\/wp-json\/wp\/v2\/comments?post=31863"}],"version-history":[{"count":0,"href":"https:\/\/ardor-realestate.com\/sl\/wp-json\/wp\/v2\/pages\/31863\/revisions"}],"up":[{"embeddable":true,"href":"https:\/\/ardor-realestate.com\/sl\/wp-json\/wp\/v2\/pages\/54"}],"wp:attachment":[{"href":"https:\/\/ardor-realestate.com\/sl\/wp-json\/wp\/v2\/media?parent=31863"}],"curies":[{"name":"wp","href":"https:\/\/api.w.org\/{rel}","templated":true}]}}