{"id":18740,"date":"2024-06-07T17:20:06","date_gmt":"2024-06-07T15:20:06","guid":{"rendered":"https:\/\/ardor-realestate.com\/?page_id=18740"},"modified":"2024-11-25T17:29:57","modified_gmt":"2024-11-25T16:29:57","slug":"vip-za-prodajalce","status":"publish","type":"page","link":"https:\/\/ardor-realestate.com\/sl\/vip\/vip-za-prodajalce\/","title":{"rendered":"VIP za prodajalce"},"content":{"rendered":"<div data-elementor-type=\"wp-page\" data-elementor-id=\"18740\" class=\"elementor elementor-18740\" data-elementor-post-type=\"page\">\n\t\t\t\t<div class=\"elementor-element elementor-element-6d40385 e-flex e-con-boxed e-con e-parent\" data-id=\"6d40385\" data-element_type=\"container\" data-settings=\"{&quot;background_background&quot;:&quot;classic&quot;,&quot;shape_divider_bottom&quot;:&quot;triangle&quot;,&quot;shape_divider_bottom_negative&quot;:&quot;yes&quot;}\">\n\t\t\t\t\t<div class=\"e-con-inner\">\n\t\t\t\t<div class=\"elementor-shape elementor-shape-bottom\" aria-hidden=\"true\" data-negative=\"true\">\n\t\t\t<svg xmlns=\"http:\/\/www.w3.org\/2000\/svg\" viewbox=\"0 0 1000 100\" preserveaspectratio=\"none\">\n\t<path class=\"elementor-shape-fill\" d=\"M500.2,94.7L0,0v100h1000V0L500.2,94.7z\"\/>\n<\/svg>\t\t<\/div>\n\t\t\t\t<div class=\"elementor-element elementor-element-e23e5c5 elementor-widget elementor-widget-spacer\" data-id=\"e23e5c5\" data-element_type=\"widget\" data-widget_type=\"spacer.default\">\n\t\t\t\t<div class=\"elementor-widget-container\">\n\t\t\t\t\t\t\t<div class=\"elementor-spacer\">\n\t\t\t<div class=\"elementor-spacer-inner\"><\/div>\n\t\t<\/div>\n\t\t\t\t\t\t<\/div>\n\t\t\t\t<\/div>\n\t\t<div class=\"elementor-element elementor-element-0629051 e-con-full e-flex e-con e-child\" data-id=\"0629051\" data-element_type=\"container\">\n\t\t<div class=\"elementor-element elementor-element-d86f987 e-con-full e-flex e-con e-child\" data-id=\"d86f987\" data-element_type=\"container\">\n\t\t\t\t<div class=\"elementor-element elementor-element-54ce4b1 elementor-widget elementor-widget-heading\" data-id=\"54ce4b1\" data-element_type=\"widget\" data-widget_type=\"heading.default\">\n\t\t\t\t<div class=\"elementor-widget-container\">\n\t\t\t\t\t<h2 class=\"elementor-heading-title elementor-size-default\">VIP za prodajalce<\/h2>\t\t\t\t<\/div>\n\t\t\t\t<\/div>\n\t\t\t\t<div class=\"elementor-element elementor-element-872c5c1 elementor-widget elementor-widget-text-editor\" data-id=\"872c5c1\" data-element_type=\"widget\" data-widget_type=\"text-editor.default\">\n\t\t\t\t<div class=\"elementor-widget-container\">\n\t\t\t\t\t\t\t\t\tVeliko na\u0161ih izbranih kooperantov se odlo\u010di za individualen pristop pri prodaji svojih luksuznih nepremi\u010dnin.\t\t\t\t\t\t\t\t<\/div>\n\t\t\t\t<\/div>\n\t\t\t\t<\/div>\n\t\t<div class=\"elementor-element elementor-element-0ea871b e-con-full e-flex e-con e-child\" data-id=\"0ea871b\" data-element_type=\"container\">\n\t\t\t\t<div class=\"elementor-element elementor-element-8db57a0 elementor-view-default elementor-widget elementor-widget-icon\" data-id=\"8db57a0\" data-element_type=\"widget\" data-widget_type=\"icon.default\">\n\t\t\t\t<div class=\"elementor-widget-container\">\n\t\t\t\t\t\t\t<div class=\"elementor-icon-wrapper\">\n\t\t\t<div class=\"elementor-icon\">\n\t\t\t<svg xmlns=\"http:\/\/www.w3.org\/2000\/svg\" id=\"Layer_1\" height=\"512\" viewbox=\"0 0 512 512\" width=\"512\"><g><g><path d=\"m274.605 329.584v74.365c0 4.143 3.357 7.5 7.5 7.5h109.068c4.143 0 7.5-3.357 7.5-7.5v-74.365c0-4.143-3.357-7.5-7.5-7.5h-109.068c-4.142 0-7.5 3.357-7.5 7.5zm109.069 66.865h-39.534v-59.365h39.534zm-94.069-59.365h39.534v59.365h-39.534z\"><\/path><path d=\"m206.501 400.691c-4.142 0-7.5 3.357-7.5 7.5v9.915c0 4.143 3.358 7.5 7.5 7.5s7.5-3.357 7.5-7.5v-9.915c0-4.142-3.357-7.5-7.5-7.5z\"><\/path><path d=\"m293.403 223.219h-65.62c-10.191 0-18.482 8.291-18.482 18.481v23.985c0 10.19 8.291 18.481 18.482 18.481h65.62c10.19 0 18.481-8.291 18.481-18.481v-23.985c.001-10.19-8.29-18.481-18.481-18.481zm3.482 42.467c0 1.92-1.562 3.481-3.481 3.481h-65.62c-1.92 0-3.482-1.562-3.482-3.481v-23.986c0-1.92 1.562-3.481 3.482-3.481h65.62c1.92 0 3.481 1.562 3.481 3.481z\"><\/path><path d=\"m489.5 467h-37.53v-155.114l3.88 2.978c4.599 3.528 10.086 5.394 15.871 5.394 8.184 0 15.733-3.72 20.713-10.207 8.759-11.414 6.599-27.825-4.814-36.584l-33.518-25.724c-3.289-2.522-7.995-1.901-10.517 1.384-2.521 3.286-1.902 7.994 1.384 10.517l33.518 25.724c2.351 1.804 3.858 4.414 4.244 7.352.387 2.938-.394 5.85-2.196 8.199-2.117 2.758-5.33 4.34-8.813 4.34-2.453 0-4.783-.793-6.738-2.294l-201.861-154.917c-2.693-2.066-6.439-2.065-9.132 0l-201.859 154.915c-4.851 3.723-11.827 2.806-15.552-2.046-3.723-4.852-2.805-11.828 2.047-15.551l213.177-163.602c3.975-3.05 9.529-3.052 13.506 0l151.409 116.198c3.288 2.521 7.994 1.9 10.517-1.384 2.521-3.286 1.902-7.994-1.384-10.517l-151.41-116.198c-9.354-7.177-22.417-7.175-31.77 0l-72.05 55.294v-22.547c6.84-.035 12.395-5.607 12.395-12.455v-27.267c0-6.869-5.589-12.458-12.458-12.458h-39.529c-4.142 0-7.5 3.357-7.5 7.5s3.358 7.5 7.5 7.5h36.986v22.183h-84.152v-22.183h12.19c4.142 0 7.5-3.357 7.5-7.5s-3.358-7.5-7.5-7.5h-14.733c-6.869 0-12.458 5.589-12.458 12.458v27.267c0 6.848 5.554 12.42 12.394 12.455v91.13l-51.764 39.726c-11.413 8.76-13.572 25.171-4.813 36.584 8.758 11.411 25.169 13.57 36.583 4.813l3.886-2.982v101.269c0 4.143 3.358 7.5 7.5 7.5s7.5-3.357 7.5-7.5v-112.78l178.407-136.917 178.414 136.921v166.626h-191.983v-137.416c0-4.143-3.358-7.5-7.5-7.5h-111.547c-4.142 0-7.5 3.357-7.5 7.5v137.416h-38.29v-18.089c0-4.143-3.358-7.5-7.5-7.5s-7.5 3.357-7.5 7.5v18.089h-42.65c-12.407 0-22.5 10.094-22.5 22.5s10.093 22.5 22.5 22.5h467c12.406 0 22.5-10.094 22.5-22.5s-10.094-22.5-22.5-22.5zm-393.242-324.387h59.364v34.057l-59.364 45.559zm37.182 194.471h96.547v129.916h-96.547zm356.06 159.916h-467c-4.136 0-7.5-3.364-7.5-7.5s3.364-7.5 7.5-7.5h467c4.136 0 7.5 3.364 7.5 7.5s-3.364 7.5-7.5 7.5z\"><\/path><path d=\"m364.537 87.951c.534.521.777 1.269.651 2.004l-3.591 20.932c-1.427 8.312 1.926 16.556 8.749 21.514 6.824 4.96 15.705 5.604 23.176 1.678l18.805-9.883c.662-.348 1.453-.348 2.115 0l18.805 9.883c3.248 1.707 6.763 2.55 10.259 2.55 4.545 0 9.06-1.424 12.917-4.228 6.823-4.958 10.176-13.202 8.749-21.514l-3.591-20.932c-.126-.735.117-1.484.652-2.005l15.214-14.825c6.041-5.887 8.175-14.526 5.569-22.548-2.606-8.024-9.413-13.763-17.764-14.976l-21.025-3.054c-.74-.107-1.379-.571-1.71-1.242l-9.402-19.044c-3.733-7.563-11.294-12.261-19.73-12.261s-15.997 4.698-19.73 12.262l-9.402 19.044c-.331.67-.971 1.135-1.711 1.242l-21.024 3.054c-8.352 1.213-15.158 6.951-17.765 14.976-2.605 8.021-.471 16.662 5.57 22.548zm-6.518-32.74c.842-2.592 2.956-4.373 5.654-4.766l21.023-3.054c5.627-.816 10.488-4.348 13.005-9.445l9.402-19.044c1.207-2.443 3.555-3.902 6.281-3.902s5.074 1.459 6.281 3.902l9.401 19.042c2.516 5.099 7.378 8.631 13.005 9.447l21.024 3.054c2.698.393 4.812 2.174 5.653 4.766.842 2.59.179 5.271-1.771 7.171l-15.213 14.824c-4.073 3.967-5.93 9.682-4.968 15.286l3.591 20.932c.46 2.684-.58 5.241-2.784 6.843-2.206 1.602-4.965 1.801-7.379.534l-18.805-9.883c-2.517-1.322-5.275-1.983-8.036-1.983-2.76 0-5.521.661-8.036 1.983l-18.805 9.883c-2.414 1.267-5.174 1.067-7.379-.534-2.204-1.602-3.244-4.159-2.784-6.843l3.591-20.932c.963-5.605-.896-11.32-4.968-15.285l-15.213-14.825c-1.949-1.901-2.611-4.581-1.77-7.171z\"><\/path><\/g><\/g><\/svg>\t\t\t<\/div>\n\t\t<\/div>\n\t\t\t\t\t\t<\/div>\n\t\t\t\t<\/div>\n\t\t\t\t<\/div>\n\t\t\t\t<\/div>\n\t\t\t\t<div class=\"elementor-element elementor-element-cdc5be9 elementor-widget elementor-widget-spacer\" data-id=\"cdc5be9\" data-element_type=\"widget\" data-widget_type=\"spacer.default\">\n\t\t\t\t<div class=\"elementor-widget-container\">\n\t\t\t\t\t\t\t<div class=\"elementor-spacer\">\n\t\t\t<div class=\"elementor-spacer-inner\"><\/div>\n\t\t<\/div>\n\t\t\t\t\t\t<\/div>\n\t\t\t\t<\/div>\n\t\t\t\t\t<\/div>\n\t\t\t\t<\/div>\n\t\t<div class=\"elementor-element elementor-element-d51be28 e-flex e-con-boxed e-con e-parent\" data-id=\"d51be28\" data-element_type=\"container\" data-settings=\"{&quot;background_background&quot;:&quot;classic&quot;}\">\n\t\t\t\t\t<div class=\"e-con-inner\">\n\t\t\t\t<div class=\"elementor-element elementor-element-431306e elementor-widget elementor-widget-spacer\" data-id=\"431306e\" data-element_type=\"widget\" data-widget_type=\"spacer.default\">\n\t\t\t\t<div class=\"elementor-widget-container\">\n\t\t\t\t\t\t\t<div class=\"elementor-spacer\">\n\t\t\t<div class=\"elementor-spacer-inner\"><\/div>\n\t\t<\/div>\n\t\t\t\t\t\t<\/div>\n\t\t\t\t<\/div>\n\t\t<div class=\"elementor-element elementor-element-a5043c6 e-con-full e-flex e-con e-child\" data-id=\"a5043c6\" data-element_type=\"container\">\n\t\t<div class=\"elementor-element elementor-element-c224ee4 e-flex e-con-boxed e-con e-child\" data-id=\"c224ee4\" data-element_type=\"container\">\n\t\t\t\t\t<div class=\"e-con-inner\">\n\t\t\t\t<div class=\"elementor-element elementor-element-ed232b1 elementor-widget elementor-widget-heading\" data-id=\"ed232b1\" data-element_type=\"widget\" data-widget_type=\"heading.default\">\n\t\t\t\t<div class=\"elementor-widget-container\">\n\t\t\t\t\t<h2 class=\"elementor-heading-title elementor-size-default\">Izpolni obrazec<\/h2>\t\t\t\t<\/div>\n\t\t\t\t<\/div>\n\t\t\t\t<div class=\"elementor-element elementor-element-c97ea3c elementor-widget elementor-widget-text-editor\" data-id=\"c97ea3c\" data-element_type=\"widget\" data-widget_type=\"text-editor.default\">\n\t\t\t\t<div class=\"elementor-widget-container\">\n\t\t\t\t\t\t\t\t\t<p>Zato smo se odlo\u010dili ponuditi ekskluziven pristop k prodaji nepremi\u010dnin z jasno izdelano marketin\u0161ko strategijo v smislu ogla\u0161evanja, da bi v najkraj\u0161em mo\u017enem \u010dasu na\u0161li kupca za va\u0161o ekskluzivno nepremi\u010dnino.<\/p>\t\t\t\t\t\t\t\t<\/div>\n\t\t\t\t<\/div>\n\t\t\t\t\t<\/div>\n\t\t\t\t<\/div>\n\t\t<div class=\"elementor-element elementor-element-68dbc26 e-con-full e-flex e-con e-child\" data-id=\"68dbc26\" data-element_type=\"container\">\n\t\t\t\t<div class=\"elementor-element elementor-element-479f82e elementor-button-align-stretch elementor-widget elementor-widget-form\" data-id=\"479f82e\" data-element_type=\"widget\" data-settings=\"{&quot;step_next_label&quot;:&quot;Next&quot;,&quot;step_previous_label&quot;:&quot;Previous&quot;,&quot;button_width&quot;:&quot;100&quot;,&quot;step_type&quot;:&quot;number_text&quot;,&quot;step_icon_shape&quot;:&quot;circle&quot;}\" data-widget_type=\"form.default\">\n\t\t\t\t<div class=\"elementor-widget-container\">\n\t\t\t\t\t\t\t<form class=\"elementor-form\" method=\"post\" name=\"New Form\" aria-label=\"Nov obrazec\" action=\"\">\n\t\t\t<input type=\"hidden\" name=\"post_id\" value=\"18740\"\/>\n\t\t\t<input type=\"hidden\" name=\"form_id\" value=\"479f82e\"\/>\n\t\t\t<input type=\"hidden\" name=\"referer_title\" value=\"\" \/>\n\n\t\t\t\n\t\t\t<div class=\"elementor-form-fields-wrapper elementor-labels-above\">\n\t\t\t\t\t\t\t\t<div class=\"elementor-field-type-text elementor-field-group elementor-column elementor-field-group-field_a0bf68f elementor-col-50\">\n\t\t\t\t\t\t\t\t\t\t\t\t\t<input size=\"1\" type=\"text\" name=\"form_fields[field_a0bf68f]\" id=\"form-field-field_a0bf68f\" class=\"elementor-field elementor-size-md  elementor-field-textual\" placeholder=\"Ime\">\n\t\t\t\t\t\t\t\t\t\t\t<\/div>\n\t\t\t\t\t\t\t\t<div class=\"elementor-field-type-text elementor-field-group elementor-column elementor-field-group-field_fc58c91 elementor-col-50\">\n\t\t\t\t\t\t\t\t\t\t\t\t\t<input size=\"1\" type=\"text\" name=\"form_fields[field_fc58c91]\" id=\"form-field-field_fc58c91\" class=\"elementor-field elementor-size-md  elementor-field-textual\" placeholder=\"Priimek\">\n\t\t\t\t\t\t\t\t\t\t\t<\/div>\n\t\t\t\t\t\t\t\t<div class=\"elementor-field-type-text elementor-field-group elementor-column elementor-field-group-field_26d1590 elementor-col-50\">\n\t\t\t\t\t\t\t\t\t\t\t\t\t<input size=\"1\" type=\"text\" name=\"form_fields[field_26d1590]\" id=\"form-field-field_26d1590\" class=\"elementor-field elementor-size-md  elementor-field-textual\" placeholder=\"Telefonska \u0161tevilka\">\n\t\t\t\t\t\t\t\t\t\t\t<\/div>\n\t\t\t\t\t\t\t\t<div class=\"elementor-field-type-email elementor-field-group elementor-column elementor-field-group-email elementor-col-50 elementor-field-required\">\n\t\t\t\t\t\t\t\t\t\t\t\t\t<input size=\"1\" type=\"email\" name=\"form_fields[email]\" id=\"form-field-email\" class=\"elementor-field elementor-size-md  elementor-field-textual\" placeholder=\"E-po\u0161tni naslov\" required=\"required\">\n\t\t\t\t\t\t\t\t\t\t\t<\/div>\n\t\t\t\t\t\t\t\t<div class=\"elementor-field-type-text elementor-field-group elementor-column elementor-field-group-field_4cdd86c elementor-col-100\">\n\t\t\t\t\t\t\t\t\t\t\t\t\t<input size=\"1\" type=\"text\" name=\"form_fields[field_4cdd86c]\" id=\"form-field-field_4cdd86c\" class=\"elementor-field elementor-size-md  elementor-field-textual\" placeholder=\"Vrsta\">\n\t\t\t\t\t\t\t\t\t\t\t<\/div>\n\t\t\t\t\t\t\t\t<div class=\"elementor-field-type-text elementor-field-group elementor-column elementor-field-group-field_90967f1 elementor-col-100\">\n\t\t\t\t\t\t\t\t\t\t\t\t\t<input size=\"1\" type=\"text\" name=\"form_fields[field_90967f1]\" id=\"form-field-field_90967f1\" class=\"elementor-field elementor-size-md  elementor-field-textual\" placeholder=\"Lokacija\">\n\t\t\t\t\t\t\t\t\t\t\t<\/div>\n\t\t\t\t\t\t\t\t<div class=\"elementor-field-type-textarea elementor-field-group elementor-column elementor-field-group-field_5269c4e elementor-col-100\">\n\t\t\t\t\t<textarea class=\"elementor-field-textual elementor-field  elementor-size-md\" name=\"form_fields[field_5269c4e]\" id=\"form-field-field_5269c4e\" rows=\"4\" placeholder=\"Kratek opis\"><\/textarea>\t\t\t\t<\/div>\n\t\t\t\t\t\t\t\t<div class=\"elementor-field-type-acceptance elementor-field-group elementor-column elementor-field-group-field_5cf0c09 elementor-col-100 elementor-field-required\">\n\t\t\t\t\t\t\t\t\t\t\t\t<label for=\"form-field-field_5cf0c09\" class=\"elementor-field-label\">\n\t\t\t\t\t\t\t\tPogoji uporabe\t\t\t\t\t\t\t<\/label>\n\t\t\t\t\t\t\t\t<div class=\"elementor-field-subgroup\">\n\t\t\t<span class=\"elementor-field-option\">\n\t\t\t\t<input type=\"checkbox\" name=\"form_fields[field_5cf0c09]\" id=\"form-field-field_5cf0c09\" class=\"elementor-field elementor-size-md  elementor-acceptance-field\" required=\"required\">\n\t\t\t\t<label for=\"form-field-field_5cf0c09\">Strinjam se, da to spletno mesto shrani moje poslane podatke<\/label>\t\t\t<\/span>\n\t\t<\/div>\n\t\t\t\t\t\t<\/div>\n\t\t\t\t\t\t\t\t<div class=\"elementor-field-type-recaptcha_v3 elementor-field-group elementor-column elementor-field-group-field_fc437d8 elementor-col-100 recaptcha_v3-bottomright\">\n\t\t\t\t\t<div class=\"elementor-field\" id=\"form-field-field_fc437d8\"><div class=\"elementor-g-recaptcha\" data-sitekey=\"6Lftm_4eAAAAAOlknqL4OmleHt_xKDeOKkyAJXAw\" data-type=\"v3\" data-action=\"Form\" data-badge=\"bottomright\" data-size=\"invisible\"><\/div><\/div>\t\t\t\t<\/div>\n\t\t\t\t\t\t\t\t<div class=\"elementor-field-group elementor-column elementor-field-type-submit elementor-col-100 e-form__buttons\">\n\t\t\t\t\t<button class=\"elementor-button elementor-size-md\" type=\"submit\">\n\t\t\t\t\t\t<span class=\"elementor-button-content-wrapper\">\n\t\t\t\t\t\t\t\t\t\t\t\t\t\t\t\t\t\t\t\t\t\t<span class=\"elementor-button-text\">Po\u0161lji<\/span>\n\t\t\t\t\t\t\t\t\t\t\t\t\t<\/span>\n\t\t\t\t\t<\/button>\n\t\t\t\t<\/div>\n\t\t\t<\/div>\n\t\t<input type=\"hidden\" name=\"trp-form-language\" value=\"sl\"\/><\/form>\n\t\t\t\t\t\t<\/div>\n\t\t\t\t<\/div>\n\t\t\t\t<\/div>\n\t\t\t\t<\/div>\n\t\t\t\t<div class=\"elementor-element elementor-element-837af37 elementor-widget elementor-widget-spacer\" data-id=\"837af37\" data-element_type=\"widget\" data-widget_type=\"spacer.default\">\n\t\t\t\t<div class=\"elementor-widget-container\">\n\t\t\t\t\t\t\t<div class=\"elementor-spacer\">\n\t\t\t<div class=\"elementor-spacer-inner\"><\/div>\n\t\t<\/div>\n\t\t\t\t\t\t<\/div>\n\t\t\t\t<\/div>\n\t\t\t\t\t<\/div>\n\t\t\t\t<\/div>\n\t\t\t\t<\/div>","protected":false},"excerpt":{"rendered":"<p>Vip za prodavatelje Mnogi od na\u0161ih odabranih partnera za suradnju odlu\u010duju se za individualni pristup prodaji njihovih luksuznih nekretnina. Popunite formular Iz tog razloga smo se odlu\u010dili ponuditi ekskluzivni pristup prodaji nekretnine sa jasno razra\u0111enom marketin\u0161kom strategijom u smislu ogla\u0161avanja kako bismo u najkra\u0107em mogu\u0107em vremenskom periodu prona\u0161li kupca za Va\u0161u ekskluzivnu nekretninu.<\/p>","protected":false},"author":2,"featured_media":0,"parent":18713,"menu_order":0,"comment_status":"closed","ping_status":"closed","template":"elementor_header_footer","meta":{"inline_featured_image":false,"footnotes":""},"class_list":["post-18740","page","type-page","status-publish","hentry"],"_links":{"self":[{"href":"https:\/\/ardor-realestate.com\/sl\/wp-json\/wp\/v2\/pages\/18740","targetHints":{"allow":["GET"]}}],"collection":[{"href":"https:\/\/ardor-realestate.com\/sl\/wp-json\/wp\/v2\/pages"}],"about":[{"href":"https:\/\/ardor-realestate.com\/sl\/wp-json\/wp\/v2\/types\/page"}],"author":[{"embeddable":true,"href":"https:\/\/ardor-realestate.com\/sl\/wp-json\/wp\/v2\/users\/2"}],"replies":[{"embeddable":true,"href":"https:\/\/ardor-realestate.com\/sl\/wp-json\/wp\/v2\/comments?post=18740"}],"version-history":[{"count":0,"href":"https:\/\/ardor-realestate.com\/sl\/wp-json\/wp\/v2\/pages\/18740\/revisions"}],"up":[{"embeddable":true,"href":"https:\/\/ardor-realestate.com\/sl\/wp-json\/wp\/v2\/pages\/18713"}],"wp:attachment":[{"href":"https:\/\/ardor-realestate.com\/sl\/wp-json\/wp\/v2\/media?parent=18740"}],"curies":[{"name":"wp","href":"https:\/\/api.w.org\/{rel}","templated":true}]}}