{"id":31945,"date":"2024-09-24T22:19:30","date_gmt":"2024-09-24T20:19:30","guid":{"rendered":"https:\/\/ardor-realestate.com\/?page_id=31945"},"modified":"2024-10-14T14:59:05","modified_gmt":"2024-10-14T12:59:05","slug":"najam-zemljista","status":"publish","type":"page","link":"https:\/\/ardor-realestate.com\/it\/contratto-di-locazione\/najam-zemljista\/","title":{"rendered":"Najam zemlji\u0161ta"},"content":{"rendered":"<div data-elementor-type=\"wp-page\" data-elementor-id=\"31945\" class=\"elementor elementor-31945\" data-elementor-post-type=\"page\">\n\t\t\t\t<div class=\"elementor-element elementor-element-5ff55e1 e-con-full e-flex e-con e-child\" data-id=\"5ff55e1\" data-element_type=\"container\">\n\t\t\t\t<div class=\"elementor-element elementor-element-117befc elementor-widget elementor-widget-text-editor\" data-id=\"117befc\" data-element_type=\"widget\" data-widget_type=\"text-editor.default\">\n\t\t\t\t<div class=\"elementor-widget-container\">\n\t\t\t\t\t\t\t\t\tZemlji\u0161ta u na\u0161oj ponudi obuhva\u0107aju razne tipove \u2013 od gra\u0111evinskih i komercijalnih parcela do poljoprivrednih zemlji\u0161ta i parcela uz more. Pru\u017eamo fleksibilne uvjete najma kako bi vam osigurali optimalno rje\u0161enje za va\u0161e potrebe, bez obzira na duljinu najma ili vrstu zemlji\u0161ta koju tra\u017eite.\t\t\t\t\t\t\t\t<\/div>\n\t\t\t\t<\/div>\n\t\t\t\t<div class=\"elementor-element elementor-element-be41215 elementor-widget elementor-widget-spacer\" data-id=\"be41215\" data-element_type=\"widget\" data-widget_type=\"spacer.default\">\n\t\t\t\t<div class=\"elementor-widget-container\">\n\t\t\t\t\t\t\t<div class=\"elementor-spacer\">\n\t\t\t<div class=\"elementor-spacer-inner\"><\/div>\n\t\t<\/div>\n\t\t\t\t\t\t<\/div>\n\t\t\t\t<\/div>\n\t\t\t\t<\/div>\n\t\t\t\t<\/div>","protected":false},"excerpt":{"rendered":"<p>Zemlji\u0161ta u na\u0161oj ponudi obuhva\u0107aju razne tipove \u2013 od gra\u0111evinskih i komercijalnih parcela do poljoprivrednih zemlji\u0161ta i parcela uz more. Pru\u017eamo fleksibilne uvjete najma kako bi vam osigurali optimalno rje\u0161enje za va\u0161e potrebe, bez obzira na duljinu najma ili vrstu zemlji\u0161ta koju tra\u017eite.<\/p>","protected":false},"author":2,"featured_media":0,"parent":17614,"menu_order":0,"comment_status":"closed","ping_status":"closed","template":"template\/template-listing-grid-v1-fullwidth-4cols.php","meta":{"inline_featured_image":false,"footnotes":""},"class_list":["post-31945","page","type-page","status-publish","hentry"],"_links":{"self":[{"href":"https:\/\/ardor-realestate.com\/it\/wp-json\/wp\/v2\/pages\/31945","targetHints":{"allow":["GET"]}}],"collection":[{"href":"https:\/\/ardor-realestate.com\/it\/wp-json\/wp\/v2\/pages"}],"about":[{"href":"https:\/\/ardor-realestate.com\/it\/wp-json\/wp\/v2\/types\/page"}],"author":[{"embeddable":true,"href":"https:\/\/ardor-realestate.com\/it\/wp-json\/wp\/v2\/users\/2"}],"replies":[{"embeddable":true,"href":"https:\/\/ardor-realestate.com\/it\/wp-json\/wp\/v2\/comments?post=31945"}],"version-history":[{"count":0,"href":"https:\/\/ardor-realestate.com\/it\/wp-json\/wp\/v2\/pages\/31945\/revisions"}],"up":[{"embeddable":true,"href":"https:\/\/ardor-realestate.com\/it\/wp-json\/wp\/v2\/pages\/17614"}],"wp:attachment":[{"href":"https:\/\/ardor-realestate.com\/it\/wp-json\/wp\/v2\/media?parent=31945"}],"curies":[{"name":"wp","href":"https:\/\/api.w.org\/{rel}","templated":true}]}}