{"id":31892,"date":"2024-09-24T21:36:30","date_gmt":"2024-09-24T19:36:30","guid":{"rendered":"https:\/\/ardor-realestate.com\/?page_id=31892"},"modified":"2025-08-11T19:10:02","modified_gmt":"2025-08-11T17:10:02","slug":"vendita-di-case","status":"publish","type":"page","link":"https:\/\/ardor-realestate.com\/it\/vendita\/vendita-di-case\/","title":{"rendered":"Vendita di case"},"content":{"rendered":"<div data-elementor-type=\"wp-page\" data-elementor-id=\"31892\" class=\"elementor elementor-31892\" data-elementor-post-type=\"page\">\n\t\t\t\t<div class=\"elementor-element elementor-element-5ff55e1 e-con-full e-flex e-con e-child\" data-id=\"5ff55e1\" data-element_type=\"container\">\n\t\t\t\t<div class=\"elementor-element elementor-element-117befc elementor-widget elementor-widget-text-editor\" data-id=\"117befc\" data-element_type=\"widget\" data-widget_type=\"text-editor.default\">\n\t\t\t\t<div class=\"elementor-widget-container\">\n\t\t\t\t\t\t\t\t\t<p>Se cercate un&#039;affascinante casa in pietra, una villa moderna, una casa familiare con giardino o una casa al mare, siete nel posto giusto. Ardor vi offre una selezione di case nelle localit\u00e0 pi\u00f9 attraenti della Croazia. I nostri agenti sono specializzati nella vendita di case al mare, sulle isole e nell&#039;entroterra. Vi offriamo completa sicurezza legale, consulenza professionale e un processo di acquisto e vendita trasparente. Vi aiutiamo a trovare la casa che si adatta perfettamente al vostro stile di vita o ai vostri obiettivi di investimento.<\/p>\t\t\t\t\t\t\t\t<\/div>\n\t\t\t\t<\/div>\n\t\t\t\t<div class=\"elementor-element elementor-element-0309bda elementor-widget elementor-widget-n-accordion\" data-id=\"0309bda\" data-element_type=\"widget\" data-settings=\"{&quot;default_state&quot;:&quot;all_collapsed&quot;,&quot;max_items_expended&quot;:&quot;one&quot;,&quot;n_accordion_animation_duration&quot;:{&quot;unit&quot;:&quot;ms&quot;,&quot;size&quot;:400,&quot;sizes&quot;:[]}}\" data-widget_type=\"nested-accordion.default\">\n\t\t\t\t<div class=\"elementor-widget-container\">\n\t\t\t\t\t\t\t<div class=\"e-n-accordion\" aria-label=\"Fisarmonica. Apri i link con Invio o Spazio, chiudi con Esc e naviga con i tasti freccia\">\n\t\t\t\t\t\t<details id=\"e-n-accordion-item-3180\" class=\"e-n-accordion-item\" >\n\t\t\t\t<summary class=\"e-n-accordion-item-title\" data-accordion-index=\"1\" tabindex=\"0\" aria-expanded=\"false\" aria-controls=\"e-n-accordion-item-3180\" >\n\t\t\t\t\t<span class='e-n-accordion-item-title-header'><div class=\"e-n-accordion-item-title-text\"> Per saperne di pi\u00f9 <\/div><\/span>\n\t\t\t\t\t\t\t<span class='e-n-accordion-item-title-icon'>\n\t\t\t<span class='e-opened' ><svg aria-hidden=\"true\" class=\"e-font-icon-svg e-fas-arrow-up\" viewbox=\"0 0 448 512\" xmlns=\"http:\/\/www.w3.org\/2000\/svg\"><path d=\"M34.9 289.5l-22.2-22.2c-9.4-9.4-9.4-24.6 0-33.9L207 39c9.4-9.4 24.6-9.4 33.9 0l194.3 194.3c9.4 9.4 9.4 24.6 0 33.9L413 289.4c-9.5 9.5-25 9.3-34.3-.4L264 168.6V456c0 13.3-10.7 24-24 24h-32c-13.3 0-24-10.7-24-24V168.6L69.2 289.1c-9.3 9.8-24.8 10-34.3.4z\"><\/path><\/svg><\/span>\n\t\t\t<span class='e-closed'><svg aria-hidden=\"true\" class=\"e-font-icon-svg e-fas-arrow-down\" viewbox=\"0 0 448 512\" xmlns=\"http:\/\/www.w3.org\/2000\/svg\"><path d=\"M413.1 222.5l22.2 22.2c9.4 9.4 9.4 24.6 0 33.9L241 473c-9.4 9.4-24.6 9.4-33.9 0L12.7 278.6c-9.4-9.4-9.4-24.6 0-33.9l22.2-22.2c9.5-9.5 25-9.3 34.3.4L184 343.4V56c0-13.3 10.7-24 24-24h32c13.3 0 24 10.7 24 24v287.4l114.8-120.5c9.3-9.8 24.8-10 34.3-.4z\"><\/path><\/svg><\/span>\n\t\t<\/span>\n\n\t\t\t\t\t\t<\/summary>\n\t\t\t\t<div role=\"region\" aria-labelledby=\"e-n-accordion-item-3180\" class=\"elementor-element elementor-element-66437be e-con-full e-flex e-con e-child\" data-id=\"66437be\" data-element_type=\"container\">\n\t\t\t\t<div class=\"elementor-element elementor-element-eb84a51 elementor-widget elementor-widget-text-editor\" data-id=\"eb84a51\" data-element_type=\"widget\" data-widget_type=\"text-editor.default\">\n\t\t\t\t<div class=\"elementor-widget-container\">\n\t\t\t\t\t\t\t\t\t<h2>Case in vendita \u2013 Banca dati immobiliare Ardor<\/h2><p><span style=\"font-weight: 400;\">La nostra offerta include: <\/span><b>case in vendita<\/b><span style=\"font-weight: 400;\"> in numerose localit\u00e0 attraenti, dall&#039;Istria e dal Quarnero alla Dalmazia e alle isole croate. Offriamo solo immobili verificati e dotati di documentazione adeguata.<\/span><\/p><p><span style=\"font-weight: 400;\">Dalle case in costruzione, da ristrutturare, agli edifici completamente ristrutturati e pronti per essere abitati, ogni propriet\u00e0 viene sottoposta a un&#039;ispezione dettagliata e noi effettuiamo una selezione per garantire un investimento sicuro e di qualit\u00e0.\u00a0<\/span><\/p><h3><span style=\"font-weight: 400;\">Case in vendita al mare<\/span><span style=\"font-weight: 400;\"> \u2013 per le vacanze e ulteriori investimenti<\/span><\/h3><p><span style=\"font-weight: 400;\">Case al mare in Croazia<\/span> <span style=\"font-weight: 400;\">Sono particolarmente ricercate da acquirenti nazionali e stranieri. Grazie alla vicinanza alle spiagge, alla vista sul mare e alla possibilit\u00e0 di affitto turistico, queste propriet\u00e0 sono ideali sia per uso personale che per investimento.<\/span><\/p><p><span style=\"font-weight: 400;\"><br \/><\/span><span style=\"font-weight: 400;\">Nella base Ardor troverete case in prima fila sul mare, ville con piscina e anche case in calette tranquille per la massima privacy.<\/span><\/p><p><span style=\"font-weight: 400;\">Gli acquirenti provenienti da Germania, Austria, Slovenia e altri paesi scelgono sempre pi\u00f9 <\/span><span style=\"font-weight: 400;\">case in vendita in Croazia<\/span><span style=\"font-weight: 400;\"> come seconda residenza o investimento con un rendimento molto elevato.<\/span><\/p><h3><span style=\"font-weight: 400;\">Case unifamiliari\u00a0<\/span><\/h3><p><span style=\"font-weight: 400;\">Se stai cercando uno spazio abitativo con cortile, giardino e posto auto, esplora il database e trova <\/span><b>case familiari<\/b><span style=\"font-weight: 400;\"> nelle aree urbane e suburbane. Sono ideali per vivere, con spazio sufficiente per tutta la famiglia e in armonia con la natura.<\/span><\/p><p><span style=\"font-weight: 400;\">Sono disponibili case con pi\u00f9 piani, garage, ripostigli e servizi aggiuntivi che consentono uno stile di vita confortevole e funzionale.<\/span><\/p><h3><span style=\"font-weight: 400;\">Ville e case di lusso con piscina\u00a0<\/span><\/h3><p><span style=\"font-weight: 400;\">Per un elevato livello di lusso, design e privacy, offriamo <\/span><b>ville di lusso<\/b><span style=\"font-weight: 400;\"> i <\/span><b>case con piscina<\/b><span style=\"font-weight: 400;\"> nelle localit\u00e0 pi\u00f9 esclusive della Croazia e dintorni.<\/span><span style=\"font-weight: 400;\"><br \/><\/span><span style=\"font-weight: 400;\"> Linee architettoniche moderne, attrezzature di alta qualit\u00e0, vista sul mare aperto e comfort aggiuntivi come sauna, centro fitness o sistemi di domotica rendono queste propriet\u00e0 un investimento di prim&#039;ordine.\u00a0<\/span><\/p><p><span style=\"font-weight: 400;\">Sono adatti sia all&#039;affitto che all&#039;abitazione e sono attraenti sia per gli acquirenti nazionali che per quelli stranieri.<\/span><\/p><h3><span style=\"font-weight: 400;\">Vecchie case in riva al mare<\/span><span style=\"font-weight: 400;\"> i <\/span><span style=\"font-weight: 400;\">case per l&#039;adattamento<\/span><span style=\"font-weight: 400;\">\u00a0<\/span><\/h3><p><span style=\"font-weight: 400;\">Per gli amanti dello stile tradizionale dalmata, ci sono case antiche che emanano fascino e carattere. Molte di esse si trovano nei centri storici o in autentiche zone rurali e rappresentano un&#039;eccellente opportunit\u00e0 per trasformarle in alloggi di lusso o in abitazioni uniche.<\/span><\/p><p><span style=\"font-weight: 400;\">Grazie al nostro supporto professionale, potrete trasformare questo tipo di immobile in uno spazio autentico e dal grande valore aggiunto.\u00a0<\/span><\/p><h2><b>Perch\u00e9 scegliere Ardor Real Estate per la vendita di case?<\/b><\/h2><p><span style=\"font-weight: 400;\">Acquistare una casa<\/span><span style=\"font-weight: 400;\"> \u00e8 un passo significativo ed \u00e8 per questo che \u00e8 importante avere un partner affidabile che comprenda il mercato e le vostre esigenze. Ardor Real Estate offre agenti qualificati con esperienza nella vendita di immobili nelle localit\u00e0 pi\u00f9 ambite, oltre a supporto legale e amministrativo durante tutto il processo.<\/span><\/p><p><span style=\"font-weight: 400;\">Nel nostro database verificato troverete numerose propriet\u00e0 di qualit\u00e0 e legali, con un approccio personalizzato, dal primo contatto fino al ritiro delle chiavi.<\/span><\/p><p><span style=\"font-weight: 400;\">Ardor Real Estate offre una soluzione su misura per l&#039;acquisto di una casa.<\/span><\/p><p><span style=\"font-weight: 400;\">Contattaci oggi stesso e trova la casa dei tuoi sogni, in modo sicuro, semplice e con il pieno supporto di un team di professionisti.<\/span><\/p>\t\t\t\t\t\t\t\t<\/div>\n\t\t\t\t<\/div>\n\t\t\t\t<\/div>\n\t\t\t\t\t<\/details>\n\t\t\t\t\t<\/div>\n\t\t\t\t\t\t<\/div>\n\t\t\t\t<\/div>\n\t\t\t\t<\/div>\n\t\t\t\t<\/div>","protected":false},"excerpt":{"rendered":"<p>Na pravom ste mjestu ako tra\u017eite \u0161armantnu kamenu ku\u0107u, modernu vilu, obiteljsku ku\u0107u s oku\u0107nicom ili ku\u0107u pored mora. Ardor vam nudi ponudu ku\u0107a na najatraktivnijim lokacijama diljem Hrvatske. Na\u0161i agenti specijalizirani su za prodaju ku\u0107a na moru, na otocima i u unutra\u0161njosti. Nudimo vam potpunu pravnu sigurnost, profesionalno savjetovanje i transparentan proces kupoprodaje. Poma\u017eemo [&hellip;]<\/p>","protected":false},"author":2,"featured_media":0,"parent":54,"menu_order":0,"comment_status":"closed","ping_status":"closed","template":"template\/template-listing-grid-v1-fullwidth-4cols.php","meta":{"inline_featured_image":false,"footnotes":""},"class_list":["post-31892","page","type-page","status-publish","hentry"],"_links":{"self":[{"href":"https:\/\/ardor-realestate.com\/it\/wp-json\/wp\/v2\/pages\/31892","targetHints":{"allow":["GET"]}}],"collection":[{"href":"https:\/\/ardor-realestate.com\/it\/wp-json\/wp\/v2\/pages"}],"about":[{"href":"https:\/\/ardor-realestate.com\/it\/wp-json\/wp\/v2\/types\/page"}],"author":[{"embeddable":true,"href":"https:\/\/ardor-realestate.com\/it\/wp-json\/wp\/v2\/users\/2"}],"replies":[{"embeddable":true,"href":"https:\/\/ardor-realestate.com\/it\/wp-json\/wp\/v2\/comments?post=31892"}],"version-history":[{"count":0,"href":"https:\/\/ardor-realestate.com\/it\/wp-json\/wp\/v2\/pages\/31892\/revisions"}],"up":[{"embeddable":true,"href":"https:\/\/ardor-realestate.com\/it\/wp-json\/wp\/v2\/pages\/54"}],"wp:attachment":[{"href":"https:\/\/ardor-realestate.com\/it\/wp-json\/wp\/v2\/media?parent=31892"}],"curies":[{"name":"wp","href":"https:\/\/api.w.org\/{rel}","templated":true}]}}