{"id":31863,"date":"2024-09-24T20:41:14","date_gmt":"2024-09-24T18:41:14","guid":{"rendered":"https:\/\/ardor-realestate.com\/?page_id=31863"},"modified":"2025-08-11T19:11:07","modified_gmt":"2025-08-11T17:11:07","slug":"vendita-di-appartamenti","status":"publish","type":"page","link":"https:\/\/ardor-realestate.com\/it\/vendita\/vendita-di-appartamenti\/","title":{"rendered":"Vendita di appartamenti"},"content":{"rendered":"<div data-elementor-type=\"wp-page\" data-elementor-id=\"31863\" class=\"elementor elementor-31863\" data-elementor-post-type=\"page\">\n\t\t\t\t<div class=\"elementor-element elementor-element-5ff55e1 e-con-full e-flex e-con e-child\" data-id=\"5ff55e1\" data-element_type=\"container\">\n\t\t\t\t<div class=\"elementor-element elementor-element-117befc elementor-widget elementor-widget-text-editor\" data-id=\"117befc\" data-element_type=\"widget\" data-widget_type=\"text-editor.default\">\n\t\t\t\t<div class=\"elementor-widget-container\">\n\t\t\t\t\t\t\t\t\t<p><span style=\"font-weight: 400;\">Scoprite l&#039;offerta di appartamenti e monolocali di altissima qualit\u00e0 in riva al mare in Croazia. Ardor Real Estate offre immobili accuratamente selezionati in tutte le regioni costiere pi\u00f9 ambite: Istria, Quarnero, Dalmazia e isole. Che stiate cercando un bilocale, un moderno appartamento in un edificio di nuova costruzione o un appartamento in costruzione con vista mare, qui troverete l&#039;immobile ideale per vivere, trascorrere le vacanze o investire.<\/span><\/p><p><span style=\"font-weight: 400;\">La nostra agenzia offre servizi professionali di vendita di appartamenti con supporto legale completo e un processo trasparente. Ci impegniamo a trovare gli acquirenti ideali e a garantire una transazione rapida e sicura. Con molti anni di esperienza e un&#039;ampia rete di clienti, garantiamo il massimo valore per il vostro immobile.<\/span><\/p>\t\t\t\t\t\t\t\t<\/div>\n\t\t\t\t<\/div>\n\t\t\t\t<div class=\"elementor-element elementor-element-6b23d74 elementor-widget elementor-widget-n-accordion\" data-id=\"6b23d74\" data-element_type=\"widget\" data-settings=\"{&quot;default_state&quot;:&quot;all_collapsed&quot;,&quot;max_items_expended&quot;:&quot;one&quot;,&quot;n_accordion_animation_duration&quot;:{&quot;unit&quot;:&quot;ms&quot;,&quot;size&quot;:400,&quot;sizes&quot;:[]}}\" data-widget_type=\"nested-accordion.default\">\n\t\t\t\t<div class=\"elementor-widget-container\">\n\t\t\t\t\t\t\t<div class=\"e-n-accordion\" aria-label=\"Fisarmonica. Apri i link con Invio o Spazio, chiudi con Esc e naviga con i tasti freccia\">\n\t\t\t\t\t\t<details id=\"e-n-accordion-item-1120\" class=\"e-n-accordion-item\" >\n\t\t\t\t<summary class=\"e-n-accordion-item-title\" data-accordion-index=\"1\" tabindex=\"0\" aria-expanded=\"false\" aria-controls=\"e-n-accordion-item-1120\" >\n\t\t\t\t\t<span class='e-n-accordion-item-title-header'><div class=\"e-n-accordion-item-title-text\"> Per saperne di pi\u00f9 <\/div><\/span>\n\t\t\t\t\t\t\t<span class='e-n-accordion-item-title-icon'>\n\t\t\t<span class='e-opened' ><svg aria-hidden=\"true\" class=\"e-font-icon-svg e-fas-arrow-up\" viewbox=\"0 0 448 512\" xmlns=\"http:\/\/www.w3.org\/2000\/svg\"><path d=\"M34.9 289.5l-22.2-22.2c-9.4-9.4-9.4-24.6 0-33.9L207 39c9.4-9.4 24.6-9.4 33.9 0l194.3 194.3c9.4 9.4 9.4 24.6 0 33.9L413 289.4c-9.5 9.5-25 9.3-34.3-.4L264 168.6V456c0 13.3-10.7 24-24 24h-32c-13.3 0-24-10.7-24-24V168.6L69.2 289.1c-9.3 9.8-24.8 10-34.3.4z\"><\/path><\/svg><\/span>\n\t\t\t<span class='e-closed'><svg aria-hidden=\"true\" class=\"e-font-icon-svg e-fas-arrow-down\" viewbox=\"0 0 448 512\" xmlns=\"http:\/\/www.w3.org\/2000\/svg\"><path d=\"M413.1 222.5l22.2 22.2c9.4 9.4 9.4 24.6 0 33.9L241 473c-9.4 9.4-24.6 9.4-33.9 0L12.7 278.6c-9.4-9.4-9.4-24.6 0-33.9l22.2-22.2c9.5-9.5 25-9.3 34.3.4L184 343.4V56c0-13.3 10.7-24 24-24h32c13.3 0 24 10.7 24 24v287.4l114.8-120.5c9.3-9.8 24.8-10 34.3-.4z\"><\/path><\/svg><\/span>\n\t\t<\/span>\n\n\t\t\t\t\t\t<\/summary>\n\t\t\t\t<div role=\"region\" aria-labelledby=\"e-n-accordion-item-1120\" class=\"elementor-element elementor-element-b412f7a e-con-full e-flex e-con e-child\" data-id=\"b412f7a\" data-element_type=\"container\">\n\t\t\t\t<div class=\"elementor-element elementor-element-108ef20 elementor-widget elementor-widget-text-editor\" data-id=\"108ef20\" data-element_type=\"widget\" data-widget_type=\"text-editor.default\">\n\t\t\t\t<div class=\"elementor-widget-container\">\n\t\t\t\t\t\t\t\t\t<h2><span style=\"font-weight: 400;\">Appartamenti in vendita<\/span><span style=\"font-weight: 400;\"> dalla base Ardor - qualit\u00e0, posizione e sicurezza<\/span><\/h2><p><span style=\"font-weight: 400;\">Il nostro database include appartamenti in vendita lungo la costa adriatica e nell&#039;entroterra. Disponiamo di appartamenti e suite adatti a tutte le vostre esigenze: da lussuosi attici e appartamenti in prima fila sul mare, ad appartamenti funzionali vicino a importanti istituzioni, ideali per affitti a lungo termine. Ogni immobile \u00e8 pre-verificato, con la documentazione necessaria e il potenziale per un sicuro ritorno sull&#039;investimento.<\/span><\/p><h2><span style=\"font-weight: 400;\">Appartamenti in vendita al mare<\/span><span style=\"font-weight: 400;\"> \u2013 la categoria immobiliare pi\u00f9 ricercata<\/span><\/h2><p><span style=\"font-weight: 400;\">La vendita di appartamenti al mare \u00e8 in costante crescita grazie alle bellezze naturali della Croazia, al mare pulito e a un mercato stabile che sta diventando sempre pi\u00f9 attraente, soprattutto per gli acquirenti stranieri. Gli acquirenti provenienti da Germania, Austria, Slovenia e altri paesi scelgono spesso appartamenti vicino al mare per la possibilit\u00e0 di affittarli a fini turistici o di godersi il proprio spazio per le vacanze.<\/span><\/p><p><span style=\"font-weight: 400;\">Sono disponibili appartamenti direttamente sul mare, cos\u00ec come quelli un po&#039; pi\u00f9 distanti, ma ugualmente funzionali e confortevoli. L&#039;ampia offerta del database Ardor consente di effettuare la compravendita in modo rapido e trasparente, e l&#039;offerta comprende appartamenti di varie metrature e posizioni.<\/span><\/p><p><span style=\"font-weight: 400;\">Che stiate cercando un appartamento per esigenze personali o come investimento, Ardor Real Estate offre un&#039;interessante selezione di interni moderni, attrezzature di alta qualit\u00e0, ottimi collegamenti di trasporto e, sempre pi\u00f9 spesso, la possibilit\u00e0 di acquistare direttamente dagli investitori senza costi di ristrutturazione aggiuntivi.<\/span><\/p><h2><span style=\"font-weight: 400;\">Appartamenti in vendita - nuova costruzione<\/span><\/h2><p><span style=\"font-weight: 400;\">La nostra offerta si concentra sulla vendita di appartamenti nuovi, soprattutto in regioni con un&#039;elevata domanda come Spalato, Zara, Fiume, Parenzo e Rovigno. Gli appartamenti di nuova costruzione offrono numerosi vantaggi: elevata efficienza energetica, design moderno e possibilit\u00e0 di adattamento durante la fase di costruzione.<\/span><\/p><p><span style=\"font-weight: 400;\">Gli edifici residenziali di nuova costruzione offrono appartamenti di diverse metrature e ubicazioni, tutti in un unico luogo. L&#039;aspetto accattivante, le soluzioni funzionali e l&#039;adattamento alle esigenze della vita moderna li rendono la scelta ideale per i clienti che desiderano sicurezza e comfort.<\/span><\/p><h2><span style=\"font-weight: 400;\">Vendita di appartamenti in costruzione<\/span><span style=\"font-weight: 400;\"> \u2013 opportunit\u00e0 di investimento<\/span><\/h2><p><span style=\"font-weight: 400;\">Per chi desidera assicurarsi in anticipo lo spazio perfetto a un prezzo pi\u00f9 vantaggioso, per poi disporne in seguito in base alle proprie esigenze, la vendita di appartamenti in costruzione rappresenta un&#039;ottima opportunit\u00e0. Il team Ardor offre supporto professionale nella scelta dell&#039;immobile fin dalle prime fasi di costruzione, con la massima sicurezza legale e tecnica.<\/span><\/p><p><span style=\"font-weight: 400;\">Qui troverete gli ultimi progetti e avrete la certezza di aver scelto un percorso legale e affidabile per la vostra futura propriet\u00e0.<\/span><\/p><h2><span style=\"font-weight: 400;\">Appartamenti con una camera da letto \u2013 in vendita<\/span><span style=\"font-weight: 400;\"> su misura per la vita moderna<\/span><\/h2><p><span style=\"font-weight: 400;\">Gli appartamenti monolocali stanno vivendo una forte crescita della domanda, soprattutto tra giovani, coppie e investitori alla ricerca di una metratura ridotta ma con la massima funzionalit\u00e0. La nostra offerta comprende appartamenti ideali per l&#039;affitto, per soggiorni di fine settimana o come primo investimento, soprattutto vicino al mare e agli istituti di istruzione superiore.<\/span><\/p><h2><span style=\"font-weight: 400;\">Perch\u00e9 scegliere Ardor Real Estate per la vendita di appartamenti e monolocali?<\/span><\/h2><p><span style=\"font-weight: 400;\">Quando si acquista un appartamento, \u00e8 necessario avere sicurezza, un supporto rapido da parte di esperti e la sensazione di aver fatto la scelta giusta. Per questo motivo, da anni sviluppiamo i nostri servizi e ci impegniamo a mantenere standard elevati:<\/span><\/p><ul><li><span style=\"font-weight: 400;\"> Agenti autorizzati con esperienza di lavoro con clienti nazionali e internazionali<\/span><span style=\"font-weight: 400;\"><br \/><\/span><span style=\"font-weight: 400;\"> \u2022 Procedura di acquisto e vendita trasparente con pieno supporto legale e amministrativo<\/span><span style=\"font-weight: 400;\"><br \/><\/span><span style=\"font-weight: 400;\"> \u2022 Il miglior rapporto qualit\u00e0-prezzo: lavoriamo esclusivamente con immobili verificati<\/span><span style=\"font-weight: 400;\"><br \/><\/span><span style=\"font-weight: 400;\"> \u2022 Approccio individuale a ogni cliente: la tua visione diventa il nostro compito<\/span><\/li><\/ul><p><span style=\"font-weight: 400;\">Qualunque sia il tipo di appartamento che stai cercando, la posizione che preferisci e le condizioni di acquisto, sei nel posto giusto. Che si tratti di un immobile di lusso, di un investimento o di un luogo dove rilassarsi, vendere appartamenti e monolocali in Croazia con Ardor Real Estate significa un processo sicuro, semplice e di alta qualit\u00e0. Contattaci oggi stesso e trova la propriet\u00e0 ideale per te con il supporto professionale del nostro team.<\/span><\/p>\t\t\t\t\t\t\t\t<\/div>\n\t\t\t\t<\/div>\n\t\t\t\t<\/div>\n\t\t\t\t\t<\/details>\n\t\t\t\t\t<\/div>\n\t\t\t\t\t\t<\/div>\n\t\t\t\t<\/div>\n\t\t\t\t<\/div>\n\t\t\t\t<\/div>","protected":false},"excerpt":{"rendered":"<p>Otkrijte najkvalitetniju ponudu stanova i apartmana na moru u Hrvatskoj. Ardor Real Estate nudi pa\u017eljivo odabrane nekretnine iz svih najtra\u017eenijih primorskih regija \u2013 Istre, Kvarnera, Dalmacije i otoka. Bez obzira tra\u017eite li jednosoban stan, moderan apartman u novogradnji ili stan u izgradnji s pogledom na more, ovdje \u0107ete prona\u0107i idealnu nekretninu za \u017eivot, odmor ili [&hellip;]<\/p>","protected":false},"author":2,"featured_media":0,"parent":54,"menu_order":0,"comment_status":"closed","ping_status":"closed","template":"template\/template-listing-grid-v1-fullwidth-4cols.php","meta":{"inline_featured_image":false,"footnotes":""},"class_list":["post-31863","page","type-page","status-publish","hentry"],"_links":{"self":[{"href":"https:\/\/ardor-realestate.com\/it\/wp-json\/wp\/v2\/pages\/31863","targetHints":{"allow":["GET"]}}],"collection":[{"href":"https:\/\/ardor-realestate.com\/it\/wp-json\/wp\/v2\/pages"}],"about":[{"href":"https:\/\/ardor-realestate.com\/it\/wp-json\/wp\/v2\/types\/page"}],"author":[{"embeddable":true,"href":"https:\/\/ardor-realestate.com\/it\/wp-json\/wp\/v2\/users\/2"}],"replies":[{"embeddable":true,"href":"https:\/\/ardor-realestate.com\/it\/wp-json\/wp\/v2\/comments?post=31863"}],"version-history":[{"count":0,"href":"https:\/\/ardor-realestate.com\/it\/wp-json\/wp\/v2\/pages\/31863\/revisions"}],"up":[{"embeddable":true,"href":"https:\/\/ardor-realestate.com\/it\/wp-json\/wp\/v2\/pages\/54"}],"wp:attachment":[{"href":"https:\/\/ardor-realestate.com\/it\/wp-json\/wp\/v2\/media?parent=31863"}],"curies":[{"name":"wp","href":"https:\/\/api.w.org\/{rel}","templated":true}]}}