{"id":3,"date":"2023-08-10T17:23:28","date_gmt":"2023-08-10T15:23:28","guid":{"rendered":"https:\/\/demo01.demo01.webestate.agency\/?page_id=3"},"modified":"2025-08-19T06:34:28","modified_gmt":"2025-08-19T04:34:28","slug":"politica-sulla-riservatezza","status":"publish","type":"page","link":"https:\/\/ardor-realestate.com\/it\/politica-sulla-riservatezza\/","title":{"rendered":"Politica sulla riservatezza"},"content":{"rendered":"<div data-elementor-type=\"wp-page\" data-elementor-id=\"3\" class=\"elementor elementor-3\" data-elementor-post-type=\"page\">\n\t\t\t\t\t\t<section class=\"elementor-section elementor-top-section elementor-element elementor-element-8eb41ac elementor-section-boxed elementor-section-height-default elementor-section-height-default\" data-id=\"8eb41ac\" data-element_type=\"section\">\n\t\t\t\t\t\t<div class=\"elementor-container elementor-column-gap-default\">\n\t\t\t\t\t<div class=\"elementor-column elementor-col-100 elementor-top-column elementor-element elementor-element-091de8f\" data-id=\"091de8f\" data-element_type=\"column\">\n\t\t\t<div class=\"elementor-widget-wrap elementor-element-populated\">\n\t\t\t\t\t\t<div class=\"elementor-element elementor-element-61f9a4b elementor-widget elementor-widget-heading\" data-id=\"61f9a4b\" data-element_type=\"widget\" data-widget_type=\"heading.default\">\n\t\t\t\t<div class=\"elementor-widget-container\">\n\t\t\t\t\t<h1 class=\"elementor-heading-title elementor-size-default\">Politica sulla riservatezza<\/h1>\t\t\t\t<\/div>\n\t\t\t\t<\/div>\n\t\t\t\t<div class=\"elementor-element elementor-element-b1a6728 elementor-widget-divider--view-line elementor-widget elementor-widget-divider\" data-id=\"b1a6728\" data-element_type=\"widget\" data-widget_type=\"divider.default\">\n\t\t\t\t<div class=\"elementor-widget-container\">\n\t\t\t\t\t\t\t<div class=\"elementor-divider\">\n\t\t\t<span class=\"elementor-divider-separator\">\n\t\t\t\t\t\t<\/span>\n\t\t<\/div>\n\t\t\t\t\t\t<\/div>\n\t\t\t\t<\/div>\n\t\t\t\t<div class=\"elementor-element elementor-element-45c1db6 elementor-widget elementor-widget-heading\" data-id=\"45c1db6\" data-element_type=\"widget\" data-widget_type=\"heading.default\">\n\t\t\t\t<div class=\"elementor-widget-container\">\n\t\t\t\t\t<h2 class=\"elementor-heading-title elementor-size-default\">Introduzione<\/h2>\t\t\t\t<\/div>\n\t\t\t\t<\/div>\n\t\t\t\t<div class=\"elementor-element elementor-element-218dc09 elementor-widget elementor-widget-text-editor\" data-id=\"218dc09\" data-element_type=\"widget\" data-widget_type=\"text-editor.default\">\n\t\t\t\t<div class=\"elementor-widget-container\">\n\t\t\t\t\t\t\t\t\t<p>La tua privacy \u00e8 importante per noi. Questa informativa sulla privacy spiega quali dati personali raccogliamo da te e come li utilizziamo. Ti preghiamo di leggere attentamente questo documento per comprendere le nostre pratiche relative ai tuoi dati personali.<\/p>\t\t\t\t\t\t\t\t<\/div>\n\t\t\t\t<\/div>\n\t\t\t\t<div class=\"elementor-element elementor-element-71258b5 elementor-widget elementor-widget-heading\" data-id=\"71258b5\" data-element_type=\"widget\" data-widget_type=\"heading.default\">\n\t\t\t\t<div class=\"elementor-widget-container\">\n\t\t\t\t\t<h2 class=\"elementor-heading-title elementor-size-default\">Dati che raccogliamo<\/h2>\t\t\t\t<\/div>\n\t\t\t\t<\/div>\n\t\t\t\t<div class=\"elementor-element elementor-element-48b7a60 elementor-widget elementor-widget-text-editor\" data-id=\"48b7a60\" data-element_type=\"widget\" data-widget_type=\"text-editor.default\">\n\t\t\t\t<div class=\"elementor-widget-container\">\n\t\t\t\t\t\t\t\t\t<p><strong>Potremmo raccogliere ed elaborare le seguenti informazioni su di te:<\/strong><\/p><ul><li>Le informazioni che ci fornisci:<\/li><li>Quando compili i moduli sul nostro sito web, ci contatti telefonicamente, via e-mail o in altro modo, ci fornisci il tuo nome, indirizzo e-mail, numero di telefono e altre informazioni di contatto.<\/li><li>Specifiche:<\/li><li>Raccogliamo informazioni sulla tua visita al nostro sito web, tra cui indirizzo IP, tipo di browser, orario di accesso e pagine visualizzate.<\/li><li>Cookie: utilizziamo cookie e tecnologie simili per raccogliere informazioni sulle tue attivit\u00e0 sul nostro sito web.<\/li><\/ul>\t\t\t\t\t\t\t\t<\/div>\n\t\t\t\t<\/div>\n\t\t\t\t<div class=\"elementor-element elementor-element-ecd08a8 elementor-widget elementor-widget-heading\" data-id=\"ecd08a8\" data-element_type=\"widget\" data-widget_type=\"heading.default\">\n\t\t\t\t<div class=\"elementor-widget-container\">\n\t\t\t\t\t<h2 class=\"elementor-heading-title elementor-size-default\">Come utilizziamo i tuoi dati?<\/h2>\t\t\t\t<\/div>\n\t\t\t\t<\/div>\n\t\t\t\t<div class=\"elementor-element elementor-element-58fa2b3 elementor-widget elementor-widget-text-editor\" data-id=\"58fa2b3\" data-element_type=\"widget\" data-widget_type=\"text-editor.default\">\n\t\t\t\t<div class=\"elementor-widget-container\">\n\t\t\t\t\t\t\t\t\t<p>Utilizziamo i dati raccolti per:<\/p><ul><li>Consentire l&#039;utilizzo dei nostri servizi.<\/li><li>Comunicare con te in merito alle tue richieste e fornirti supporto.<\/li><li>Migliorare la funzionalit\u00e0 del nostro sito web e l&#039;esperienza utente.<\/li><li>Inviare materiale promozionale, ma solo se hai dato il tuo consenso.<\/li><\/ul>\t\t\t\t\t\t\t\t<\/div>\n\t\t\t\t<\/div>\n\t\t\t\t<div class=\"elementor-element elementor-element-1e3fecc elementor-widget elementor-widget-heading\" data-id=\"1e3fecc\" data-element_type=\"widget\" data-widget_type=\"heading.default\">\n\t\t\t\t<div class=\"elementor-widget-container\">\n\t\t\t\t\t<h2 class=\"elementor-heading-title elementor-size-default\">Condivisione dei tuoi dati<\/h2>\t\t\t\t<\/div>\n\t\t\t\t<\/div>\n\t\t\t\t<div class=\"elementor-element elementor-element-7cda6d0 elementor-widget elementor-widget-text-editor\" data-id=\"7cda6d0\" data-element_type=\"widget\" data-widget_type=\"text-editor.default\">\n\t\t\t\t<div class=\"elementor-widget-container\">\n\t\t\t\t\t\t\t\t\t<p>Non condivideremo le tue informazioni personali con terze parti, tranne nei seguenti casi:<\/p><ul><li>Se abbiamo il tuo consenso a condividere le informazioni.<\/li><li>Quando necessario per ottemperare ai nostri obblighi legali.<\/li><li>Con terze parti che forniscono servizi per nostro conto, a condizione che si impegnino a mantenere riservate le tue informazioni.<\/li><\/ul>\t\t\t\t\t\t\t\t<\/div>\n\t\t\t\t<\/div>\n\t\t\t\t<div class=\"elementor-element elementor-element-ffc7850 elementor-widget elementor-widget-heading\" data-id=\"ffc7850\" data-element_type=\"widget\" data-widget_type=\"heading.default\">\n\t\t\t\t<div class=\"elementor-widget-container\">\n\t\t\t\t\t<h2 class=\"elementor-heading-title elementor-size-default\">Sicurezza dei dati<\/h2>\t\t\t\t<\/div>\n\t\t\t\t<\/div>\n\t\t\t\t<div class=\"elementor-element elementor-element-a5f7bf5 elementor-widget elementor-widget-text-editor\" data-id=\"a5f7bf5\" data-element_type=\"widget\" data-widget_type=\"text-editor.default\">\n\t\t\t\t<div class=\"elementor-widget-container\">\n\t\t\t\t\t\t\t\t\t<p>Adottiamo misure ragionevoli per proteggere i tuoi dati personali da accessi, utilizzi o divulgazioni non autorizzati. Tuttavia, nessun sistema di trasmissione su Internet o di archiviazione elettronica \u00e8 sicuro al 100%, pertanto non possiamo garantire l&#039;assoluta sicurezza delle tue informazioni.<\/p>\t\t\t\t\t\t\t\t<\/div>\n\t\t\t\t<\/div>\n\t\t\t\t<div class=\"elementor-element elementor-element-9058ed8 elementor-widget elementor-widget-heading\" data-id=\"9058ed8\" data-element_type=\"widget\" data-widget_type=\"heading.default\">\n\t\t\t\t<div class=\"elementor-widget-container\">\n\t\t\t\t\t<h2 class=\"elementor-heading-title elementor-size-default\">I tuoi diritti<\/h2>\t\t\t\t<\/div>\n\t\t\t\t<\/div>\n\t\t\t\t<div class=\"elementor-element elementor-element-36a6676 elementor-widget elementor-widget-text-editor\" data-id=\"36a6676\" data-element_type=\"widget\" data-widget_type=\"text-editor.default\">\n\t\t\t\t<div class=\"elementor-widget-container\">\n\t\t\t\t\t\t\t\t\t<p>Hai il diritto di accedere ai tuoi dati personali in nostro possesso, di correggere dati inesatti, di richiederne la cancellazione e di limitarne il trattamento o di opporti al loro trattamento. Se desideri esercitare i tuoi diritti, ti preghiamo di contattarci utilizzando i recapiti indicati di seguito.<\/p>\t\t\t\t\t\t\t\t<\/div>\n\t\t\t\t<\/div>\n\t\t\t\t<div class=\"elementor-element elementor-element-32631df elementor-widget elementor-widget-heading\" data-id=\"32631df\" data-element_type=\"widget\" data-widget_type=\"heading.default\">\n\t\t\t\t<div class=\"elementor-widget-container\">\n\t\t\t\t\t<h2 class=\"elementor-heading-title elementor-size-default\">Modifiche all&#039;Informativa sulla privacy<\/h2>\t\t\t\t<\/div>\n\t\t\t\t<\/div>\n\t\t\t\t<div class=\"elementor-element elementor-element-590f6e3 elementor-widget elementor-widget-text-editor\" data-id=\"590f6e3\" data-element_type=\"widget\" data-widget_type=\"text-editor.default\">\n\t\t\t\t<div class=\"elementor-widget-container\">\n\t\t\t\t\t\t\t\t\t<p>Potremmo aggiornare periodicamente la presente informativa sulla privacy. Eventuali modifiche saranno pubblicate su questa pagina, pertanto ti invitiamo a consultare regolarmente la nostra informativa sulla privacy per rimanere informato su come proteggiamo le tue informazioni.<\/p>\t\t\t\t\t\t\t\t<\/div>\n\t\t\t\t<\/div>\n\t\t\t\t<div class=\"elementor-element elementor-element-0bfa4b6 elementor-widget elementor-widget-heading\" data-id=\"0bfa4b6\" data-element_type=\"widget\" data-widget_type=\"heading.default\">\n\t\t\t\t<div class=\"elementor-widget-container\">\n\t\t\t\t\t<h2 class=\"elementor-heading-title elementor-size-default\">Contatto<\/h2>\t\t\t\t<\/div>\n\t\t\t\t<\/div>\n\t\t\t\t<div class=\"elementor-element elementor-element-8a1926a elementor-widget elementor-widget-text-editor\" data-id=\"8a1926a\" data-element_type=\"widget\" data-widget_type=\"text-editor.default\">\n\t\t\t\t<div class=\"elementor-widget-container\">\n\t\t\t\t\t\t\t\t\t<p>Per qualsiasi domanda riguardante la presente informativa sulla privacy, contattateci via e-mail: <a href=\"mailto:office@ardor-realestate.com\">office@ardor-realestate.com<\/a><\/p>\t\t\t\t\t\t\t\t<\/div>\n\t\t\t\t<\/div>\n\t\t\t\t\t<\/div>\n\t\t<\/div>\n\t\t\t\t\t<\/div>\n\t\t<\/section>\n\t\t\t\t<\/div>","protected":false},"excerpt":{"rendered":"<p>Politika privatnosti Uvod Va\u0161a privatnost nam je va\u017ena. Ova politika privatnosti obja\u0161njava koje osobne podatke prikupljamo od vas i kako ih koristimo. Pro\u010ditajte ovaj dokument pa\u017eljivo kako biste razumjeli na\u0161e prakse u vezi s va\u0161im osobnim podacima. Podaci koje prikupljamo Mo\u017eemo prikupljati i obra\u0111ivati sljede\u0107e podatke o vama: Podaci koje nam dajete: Kada ispunjavate obrasce [&hellip;]<\/p>","protected":false},"author":2,"featured_media":0,"parent":0,"menu_order":0,"comment_status":"closed","ping_status":"open","template":"elementor_header_footer","meta":{"inline_featured_image":false,"footnotes":""},"class_list":["post-3","page","type-page","status-publish","hentry"],"_links":{"self":[{"href":"https:\/\/ardor-realestate.com\/it\/wp-json\/wp\/v2\/pages\/3","targetHints":{"allow":["GET"]}}],"collection":[{"href":"https:\/\/ardor-realestate.com\/it\/wp-json\/wp\/v2\/pages"}],"about":[{"href":"https:\/\/ardor-realestate.com\/it\/wp-json\/wp\/v2\/types\/page"}],"author":[{"embeddable":true,"href":"https:\/\/ardor-realestate.com\/it\/wp-json\/wp\/v2\/users\/2"}],"replies":[{"embeddable":true,"href":"https:\/\/ardor-realestate.com\/it\/wp-json\/wp\/v2\/comments?post=3"}],"version-history":[{"count":0,"href":"https:\/\/ardor-realestate.com\/it\/wp-json\/wp\/v2\/pages\/3\/revisions"}],"wp:attachment":[{"href":"https:\/\/ardor-realestate.com\/it\/wp-json\/wp\/v2\/media?parent=3"}],"curies":[{"name":"wp","href":"https:\/\/api.w.org\/{rel}","templated":true}]}}