{"id":18746,"date":"2024-06-07T17:20:55","date_gmt":"2024-06-07T15:20:55","guid":{"rendered":"https:\/\/ardor-realestate.com\/?page_id=18746"},"modified":"2024-11-25T17:30:19","modified_gmt":"2024-11-25T16:30:19","slug":"vip-per-pool-fuori-mercato","status":"publish","type":"page","link":"https:\/\/ardor-realestate.com\/it\/vip\/vip-per-pool-fuori-mercato\/","title":{"rendered":"VIP per pool fuori mercato"},"content":{"rendered":"<div data-elementor-type=\"wp-page\" data-elementor-id=\"18746\" class=\"elementor elementor-18746\" data-elementor-post-type=\"page\">\n\t\t\t\t<div class=\"elementor-element elementor-element-70fe8e4 e-flex e-con-boxed e-con e-parent\" data-id=\"70fe8e4\" data-element_type=\"container\" data-settings=\"{&quot;background_background&quot;:&quot;classic&quot;,&quot;shape_divider_bottom&quot;:&quot;triangle&quot;,&quot;shape_divider_bottom_negative&quot;:&quot;yes&quot;}\">\n\t\t\t\t\t<div class=\"e-con-inner\">\n\t\t\t\t<div class=\"elementor-shape elementor-shape-bottom\" aria-hidden=\"true\" data-negative=\"true\">\n\t\t\t<svg xmlns=\"http:\/\/www.w3.org\/2000\/svg\" viewbox=\"0 0 1000 100\" preserveaspectratio=\"none\">\n\t<path class=\"elementor-shape-fill\" d=\"M500.2,94.7L0,0v100h1000V0L500.2,94.7z\"\/>\n<\/svg>\t\t<\/div>\n\t\t\t\t<div class=\"elementor-element elementor-element-07fba1e elementor-widget elementor-widget-spacer\" data-id=\"07fba1e\" data-element_type=\"widget\" data-widget_type=\"spacer.default\">\n\t\t\t\t<div class=\"elementor-widget-container\">\n\t\t\t\t\t\t\t<div class=\"elementor-spacer\">\n\t\t\t<div class=\"elementor-spacer-inner\"><\/div>\n\t\t<\/div>\n\t\t\t\t\t\t<\/div>\n\t\t\t\t<\/div>\n\t\t<div class=\"elementor-element elementor-element-4517be6 e-con-full e-flex e-con e-child\" data-id=\"4517be6\" data-element_type=\"container\">\n\t\t<div class=\"elementor-element elementor-element-2000aac e-con-full e-flex e-con e-child\" data-id=\"2000aac\" data-element_type=\"container\">\n\t\t\t\t<div class=\"elementor-element elementor-element-a7be058 elementor-widget elementor-widget-heading\" data-id=\"a7be058\" data-element_type=\"widget\" data-widget_type=\"heading.default\">\n\t\t\t\t<div class=\"elementor-widget-container\">\n\t\t\t\t\t<h2 class=\"elementor-heading-title elementor-size-default\">VIP per offerta fuori mercato<\/h2>\t\t\t\t<\/div>\n\t\t\t\t<\/div>\n\t\t\t\t<div class=\"elementor-element elementor-element-875cf60 elementor-widget elementor-widget-text-editor\" data-id=\"875cf60\" data-element_type=\"widget\" data-widget_type=\"text-editor.default\">\n\t\t\t\t<div class=\"elementor-widget-container\">\n\t\t\t\t\t\t\t\t\t<p>Determinati immobili, a causa della loro alta qualit\u00e0 o natura speciale, possono essere pubblicizzati solo in modo discreto e non pubblico.<\/p>\t\t\t\t\t\t\t\t<\/div>\n\t\t\t\t<\/div>\n\t\t\t\t<\/div>\n\t\t<div class=\"elementor-element elementor-element-a487b10 e-con-full e-flex e-con e-child\" data-id=\"a487b10\" data-element_type=\"container\">\n\t\t\t\t<div class=\"elementor-element elementor-element-d080dbe elementor-view-default elementor-widget elementor-widget-icon\" data-id=\"d080dbe\" data-element_type=\"widget\" data-widget_type=\"icon.default\">\n\t\t\t\t<div class=\"elementor-widget-container\">\n\t\t\t\t\t\t\t<div class=\"elementor-icon-wrapper\">\n\t\t\t<div class=\"elementor-icon\">\n\t\t\t<svg xmlns=\"http:\/\/www.w3.org\/2000\/svg\" id=\"Capa_1\" viewbox=\"0 0 512.001 512.001\"><g><path d=\"m380.805 442.347-53.543 36.392c-6.072 4.132-13.449 6.072-20.816 5.463l-155.288-11.74c-16.649-1.263-33.428 3.214-47.243 12.605l-19.47 13.23c-3.426 2.328-4.316 6.992-1.988 10.418 1.451 2.135 3.809 3.286 6.21 3.286 1.451 0 2.918-.42 4.208-1.298l19.471-13.23c11.019-7.491 24.398-11.061 37.679-10.054l155.236 11.736c10.733.887 21.537-1.958 30.436-8.012l53.54-36.39c3.426-2.328 4.315-6.993 1.987-10.418-2.329-3.427-6.993-4.316-10.419-1.988z\"><\/path><path d=\"m484.014 365.055c-13.477-19.835-40.582-25.006-60.42-11.527l-82.076 55.793c-.244-15.425-11.289-29.198-26.962-32.251l-85.149-16.61c-4.068-.796-8.004 1.859-8.797 5.925-.793 4.065 1.86 8.004 5.925 8.797l85.151 16.611c9.825 1.914 16.347 11.484 14.539 21.332-.865 4.701-3.485 8.818-7.383 11.611-3.871 2.77-8.619 3.928-13.339 3.226l-106.431-15.67c-4.096-.602-7.909 2.23-8.512 6.328s2.229 7.909 6.328 8.512l106.422 15.669c8.44 1.269 17.149-.805 24.117-5.762l104.599-71.103c12.997-8.83 30.752-5.443 39.581 7.551.67.985 1.023 2.128 1.023 3.306 0 1.966-.967 3.796-2.587 4.897l-60.3 40.99c-3.425 2.329-4.314 6.993-1.985 10.419 2.327 3.425 6.993 4.315 10.419 1.986l60.3-40.99c5.731-3.896 9.153-10.365 9.153-17.303.001-4.197-1.249-8.255-3.616-11.737z\"><\/path><path d=\"m168.676 363.901 23.49 4.58c4.069.794 8.004-1.86 8.797-5.926s-1.86-8.004-5.926-8.797l-23.487-4.58c-24.199-4.727-49.391 1.05-69.119 15.851l-75.06 56.3c-3.313 2.486-3.985 7.187-1.5 10.5 1.474 1.964 3.726 3 6.006 3 1.566 0 3.145-.489 4.495-1.5l75.061-56.301c16.339-12.258 37.203-17.043 57.243-13.127z\"><\/path><path d=\"m120.907 62.047-4.383 25.553c-.482 2.814.674 5.658 2.984 7.335 2.31 1.678 5.37 1.9 7.898.571l22.948-12.064 22.948 12.064c1.097.577 2.295.861 3.489.861 1.555 0 3.103-.483 4.409-1.433 2.31-1.678 3.466-4.521 2.984-7.335l-4.383-25.553 18.565-18.097c2.044-1.993 2.78-4.973 1.897-7.688-.882-2.715-3.229-4.694-6.054-5.104l-25.657-3.728-11.473-23.248c-1.263-2.56-3.87-4.181-6.725-4.181-2.854 0-5.462 1.621-6.726 4.181l-11.474 23.249-25.657 3.728c-2.825.41-5.172 2.389-6.054 5.104s-.146 5.696 1.898 7.688zm17.306-20.34c2.443-.355 4.554-1.889 5.647-4.103l6.494-13.157 6.493 13.157c1.092 2.213 3.204 3.748 5.647 4.103l14.52 2.11-10.507 10.242c-1.768 1.723-2.574 4.206-2.157 6.639l2.48 14.461-12.987-6.828c-1.092-.574-2.291-.861-3.49-.861s-2.397.287-3.49.861l-12.987 6.828 2.48-14.461c.417-2.433-.389-4.916-2.157-6.639l-10.507-10.242z\"><\/path><path d=\"m120.907 171.263-4.383 25.553c-.482 2.814.674 5.658 2.984 7.335 2.31 1.678 5.372 1.9 7.898.571l22.948-12.065 22.948 12.065c1.098.577 2.296.861 3.489.861 1.555 0 3.103-.483 4.409-1.433 2.31-1.678 3.466-4.521 2.984-7.335l-4.383-25.553 18.565-18.097c2.044-1.993 2.78-4.973 1.898-7.688s-3.229-4.694-6.054-5.104l-25.657-3.729-11.474-23.249c-1.264-2.56-3.871-4.181-6.726-4.181-2.854 0-5.462 1.621-6.726 4.181l-11.474 23.249-25.657 3.729c-2.825.41-5.172 2.389-6.054 5.104s-.146 5.695 1.898 7.688zm17.306-20.341c2.443-.355 4.554-1.889 5.647-4.103l6.494-13.157 6.493 13.157c1.092 2.213 3.204 3.748 5.647 4.103l14.52 2.11-10.506 10.241c-1.768 1.723-2.575 4.206-2.157 6.639l2.48 14.461-12.987-6.828c-2.186-1.148-4.795-1.148-6.98 0l-12.987 6.828 2.48-14.461c.417-2.433-.389-4.916-2.157-6.639l-10.507-10.241z\"><\/path><path d=\"m120.907 280.479-4.383 25.552c-.482 2.814.674 5.658 2.984 7.335 2.31 1.678 5.37 1.9 7.898.571l22.948-12.064 22.948 12.064c1.097.577 2.295.861 3.489.861 1.555 0 3.103-.483 4.409-1.433 2.31-1.678 3.466-4.521 2.984-7.335l-4.383-25.553 18.565-18.097c2.044-1.993 2.78-4.973 1.897-7.688-.882-2.715-3.229-4.694-6.054-5.104l-25.657-3.728-11.474-23.249c-1.264-2.56-3.871-4.181-6.726-4.181-2.854 0-5.462 1.621-6.726 4.181l-11.474 23.249-25.657 3.728c-2.825.41-5.172 2.389-6.054 5.104s-.146 5.695 1.898 7.688zm17.306-20.341c2.443-.355 4.554-1.889 5.647-4.103l6.494-13.157 6.493 13.157c1.092 2.213 3.204 3.748 5.647 4.103l14.52 2.11-10.507 10.242c-1.768 1.723-2.574 4.206-2.157 6.639l2.48 14.461-12.987-6.828c-1.092-.574-2.291-.861-3.49-.861s-2.397.287-3.49.861l-12.987 6.828 2.48-14.461c.417-2.433-.389-4.916-2.157-6.639l-10.507-10.242z\"><\/path><path d=\"m243.351 96.37h32.43c4.142 0 7.5-3.358 7.5-7.5s-3.358-7.5-7.5-7.5h-32.43c-2.553 0-4.63-2.082-4.63-4.64v-34.16c0-2.553 2.077-4.63 4.63-4.63h205.73c2.559 0 4.64 2.077 4.64 4.63v34.16c0 2.559-2.081 4.64-4.64 4.64h-138.3c-4.143 0-7.5 3.358-7.5 7.5s3.357 7.5 7.5 7.5h138.3c10.829 0 19.64-8.811 19.64-19.64v-34.16c0-10.824-8.811-19.63-19.64-19.63h-205.73c-10.824 0-19.63 8.806-19.63 19.63v34.16c0 10.83 8.806 19.64 19.63 19.64z\"><\/path><path d=\"m243.355 205.583h205.728c10.826 0 19.635-8.808 19.635-19.635v-34.16c0-10.827-8.809-19.635-19.635-19.635h-205.728c-10.827 0-19.635 8.808-19.635 19.635v34.16c0 10.827 8.808 19.635 19.635 19.635zm-4.635-53.795c0-2.556 2.08-4.635 4.635-4.635h205.728c2.556 0 4.635 2.08 4.635 4.635v34.16c0 2.556-2.079 4.635-4.635 4.635h-205.728c-2.556 0-4.635-2.08-4.635-4.635z\"><\/path><path d=\"m243.351 256.37h119.1c4.143 0 7.5-3.358 7.5-7.5s-3.357-7.5-7.5-7.5h-119.1c-10.824 0-19.63 8.806-19.63 19.63v34.16c0 10.83 8.806 19.64 19.63 19.64h205.73c10.829 0 19.64-8.81 19.64-19.64v-34.16c0-10.824-8.811-19.63-19.64-19.63h-51.63c-4.143 0-7.5 3.358-7.5 7.5s3.357 7.5 7.5 7.5h51.63c2.559 0 4.64 2.077 4.64 4.63v34.16c0 2.558-2.081 4.64-4.64 4.64h-205.73c-2.553 0-4.63-2.082-4.63-4.64v-34.16c0-2.553 2.077-4.63 4.63-4.63z\"><\/path><\/g><g><\/g><g><\/g><g><\/g><g><\/g><g><\/g><g><\/g><g><\/g><g><\/g><g><\/g><g><\/g><g><\/g><g><\/g><g><\/g><g><\/g><g><\/g><\/svg>\t\t\t<\/div>\n\t\t<\/div>\n\t\t\t\t\t\t<\/div>\n\t\t\t\t<\/div>\n\t\t\t\t<\/div>\n\t\t\t\t<\/div>\n\t\t\t\t<div class=\"elementor-element elementor-element-63cee22 elementor-widget elementor-widget-spacer\" data-id=\"63cee22\" data-element_type=\"widget\" data-widget_type=\"spacer.default\">\n\t\t\t\t<div class=\"elementor-widget-container\">\n\t\t\t\t\t\t\t<div class=\"elementor-spacer\">\n\t\t\t<div class=\"elementor-spacer-inner\"><\/div>\n\t\t<\/div>\n\t\t\t\t\t\t<\/div>\n\t\t\t\t<\/div>\n\t\t\t\t\t<\/div>\n\t\t\t\t<\/div>\n\t\t<div class=\"elementor-element elementor-element-aef3ce6 e-flex e-con-boxed e-con e-parent\" data-id=\"aef3ce6\" data-element_type=\"container\" data-settings=\"{&quot;background_background&quot;:&quot;classic&quot;}\">\n\t\t\t\t\t<div class=\"e-con-inner\">\n\t\t\t\t<div class=\"elementor-element elementor-element-5b944dd elementor-widget elementor-widget-spacer\" data-id=\"5b944dd\" data-element_type=\"widget\" data-widget_type=\"spacer.default\">\n\t\t\t\t<div class=\"elementor-widget-container\">\n\t\t\t\t\t\t\t<div class=\"elementor-spacer\">\n\t\t\t<div class=\"elementor-spacer-inner\"><\/div>\n\t\t<\/div>\n\t\t\t\t\t\t<\/div>\n\t\t\t\t<\/div>\n\t\t<div class=\"elementor-element elementor-element-b1eb268 e-con-full e-flex e-con e-child\" data-id=\"b1eb268\" data-element_type=\"container\">\n\t\t<div class=\"elementor-element elementor-element-f9e9082 e-flex e-con-boxed e-con e-child\" data-id=\"f9e9082\" data-element_type=\"container\">\n\t\t\t\t\t<div class=\"e-con-inner\">\n\t\t\t\t<div class=\"elementor-element elementor-element-5333063 elementor-widget elementor-widget-heading\" data-id=\"5333063\" data-element_type=\"widget\" data-widget_type=\"heading.default\">\n\t\t\t\t<div class=\"elementor-widget-container\">\n\t\t\t\t\t<h2 class=\"elementor-heading-title elementor-size-default\">Compila il modulo<\/h2>\t\t\t\t<\/div>\n\t\t\t\t<\/div>\n\t\t\t\t<div class=\"elementor-element elementor-element-0f8c3b4 elementor-widget elementor-widget-text-editor\" data-id=\"0f8c3b4\" data-element_type=\"widget\" data-widget_type=\"text-editor.default\">\n\t\t\t\t<div class=\"elementor-widget-container\">\n\t\t\t\t\t\t\t\t\tMolti dei nostri partner di collaborazione selezionati e leader di mercato nelle localit\u00e0 in cui intermediamo propriet\u00e0 di lusso e di alta qualit\u00e0 hanno alcune propriet\u00e0 molto speciali nel loro portafoglio.\t\t\t\t\t\t\t\t<\/div>\n\t\t\t\t<\/div>\n\t\t\t\t<div class=\"elementor-element elementor-element-86c3973 elementor-widget elementor-widget-text-editor\" data-id=\"86c3973\" data-element_type=\"widget\" data-widget_type=\"text-editor.default\">\n\t\t\t\t<div class=\"elementor-widget-container\">\n\t\t\t\t\t\t\t\t\t<p>Proprietari e venditori esigenti di queste propriet\u00e0 di alta qualit\u00e0 spesso insistono sulla segretezza e sulla discrezione assoluta non solo per proteggere la propria privacy e l&#039;alta qualit\u00e0 della propriet\u00e0, ma anche per mantenere la ricerca mirata e l&#039;accesso di potenziali acquirenti seri e solvibili come efficiente e mirato possibile.<\/p>\t\t\t\t\t\t\t\t<\/div>\n\t\t\t\t<\/div>\n\t\t\t\t\t<\/div>\n\t\t\t\t<\/div>\n\t\t<div class=\"elementor-element elementor-element-2e5ab0e e-con-full e-flex e-con e-child\" data-id=\"2e5ab0e\" data-element_type=\"container\">\n\t\t\t\t<div class=\"elementor-element elementor-element-40c5536 elementor-button-align-stretch elementor-widget elementor-widget-form\" data-id=\"40c5536\" data-element_type=\"widget\" data-settings=\"{&quot;step_next_label&quot;:&quot;Next&quot;,&quot;step_previous_label&quot;:&quot;Previous&quot;,&quot;button_width&quot;:&quot;100&quot;,&quot;step_type&quot;:&quot;number_text&quot;,&quot;step_icon_shape&quot;:&quot;circle&quot;}\" data-widget_type=\"form.default\">\n\t\t\t\t<div class=\"elementor-widget-container\">\n\t\t\t\t\t\t\t<form class=\"elementor-form\" method=\"post\" name=\"New Form\" aria-label=\"Nuovo modulo\" action=\"\">\n\t\t\t<input type=\"hidden\" name=\"post_id\" value=\"18746\"\/>\n\t\t\t<input type=\"hidden\" name=\"form_id\" value=\"40c5536\"\/>\n\t\t\t<input type=\"hidden\" name=\"referer_title\" value=\"\" \/>\n\n\t\t\t\n\t\t\t<div class=\"elementor-form-fields-wrapper elementor-labels-above\">\n\t\t\t\t\t\t\t\t<div class=\"elementor-field-type-text elementor-field-group elementor-column elementor-field-group-field_a0bf68f elementor-col-50\">\n\t\t\t\t\t\t\t\t\t\t\t\t\t<input size=\"1\" type=\"text\" name=\"form_fields[field_a0bf68f]\" id=\"form-field-field_a0bf68f\" class=\"elementor-field elementor-size-md  elementor-field-textual\" placeholder=\"Nome\">\n\t\t\t\t\t\t\t\t\t\t\t<\/div>\n\t\t\t\t\t\t\t\t<div class=\"elementor-field-type-text elementor-field-group elementor-column elementor-field-group-field_fc58c91 elementor-col-50\">\n\t\t\t\t\t\t\t\t\t\t\t\t\t<input size=\"1\" type=\"text\" name=\"form_fields[field_fc58c91]\" id=\"form-field-field_fc58c91\" class=\"elementor-field elementor-size-md  elementor-field-textual\" placeholder=\"Cognome\">\n\t\t\t\t\t\t\t\t\t\t\t<\/div>\n\t\t\t\t\t\t\t\t<div class=\"elementor-field-type-text elementor-field-group elementor-column elementor-field-group-field_26d1590 elementor-col-50\">\n\t\t\t\t\t\t\t\t\t\t\t\t\t<input size=\"1\" type=\"text\" name=\"form_fields[field_26d1590]\" id=\"form-field-field_26d1590\" class=\"elementor-field elementor-size-md  elementor-field-textual\" placeholder=\"Numero di telefono\">\n\t\t\t\t\t\t\t\t\t\t\t<\/div>\n\t\t\t\t\t\t\t\t<div class=\"elementor-field-type-email elementor-field-group elementor-column elementor-field-group-email elementor-col-50 elementor-field-required\">\n\t\t\t\t\t\t\t\t\t\t\t\t\t<input size=\"1\" type=\"email\" name=\"form_fields[email]\" id=\"form-field-email\" class=\"elementor-field elementor-size-md  elementor-field-textual\" placeholder=\"Indirizzo e-mail\" required=\"required\">\n\t\t\t\t\t\t\t\t\t\t\t<\/div>\n\t\t\t\t\t\t\t\t<div class=\"elementor-field-type-text elementor-field-group elementor-column elementor-field-group-field_e02b4bd elementor-col-100\">\n\t\t\t\t\t\t\t\t\t\t\t\t\t<input size=\"1\" type=\"text\" name=\"form_fields[field_e02b4bd]\" id=\"form-field-field_e02b4bd\" class=\"elementor-field elementor-size-md  elementor-field-textual\" placeholder=\"Tipo\">\n\t\t\t\t\t\t\t\t\t\t\t<\/div>\n\t\t\t\t\t\t\t\t<div class=\"elementor-field-type-text elementor-field-group elementor-column elementor-field-group-field_d34167d elementor-col-100\">\n\t\t\t\t\t\t\t\t\t\t\t\t\t<input size=\"1\" type=\"text\" name=\"form_fields[field_d34167d]\" id=\"form-field-field_d34167d\" class=\"elementor-field elementor-size-md  elementor-field-textual\" placeholder=\"Posizione\">\n\t\t\t\t\t\t\t\t\t\t\t<\/div>\n\t\t\t\t\t\t\t\t<div class=\"elementor-field-type-textarea elementor-field-group elementor-column elementor-field-group-field_ddd8e27 elementor-col-100\">\n\t\t\t\t\t<textarea class=\"elementor-field-textual elementor-field  elementor-size-md\" name=\"form_fields[field_ddd8e27]\" id=\"form-field-field_ddd8e27\" rows=\"4\" placeholder=\"Breve descrizione\"><\/textarea>\t\t\t\t<\/div>\n\t\t\t\t\t\t\t\t<div class=\"elementor-field-type-acceptance elementor-field-group elementor-column elementor-field-group-field_5cf0c09 elementor-col-100 elementor-field-required\">\n\t\t\t\t\t\t\t\t\t\t\t\t<label for=\"form-field-field_5cf0c09\" class=\"elementor-field-label\">\n\t\t\t\t\t\t\t\tTermini di utilizzo\t\t\t\t\t\t\t<\/label>\n\t\t\t\t\t\t\t\t<div class=\"elementor-field-subgroup\">\n\t\t\t<span class=\"elementor-field-option\">\n\t\t\t\t<input type=\"checkbox\" name=\"form_fields[field_5cf0c09]\" id=\"form-field-field_5cf0c09\" class=\"elementor-field elementor-size-md  elementor-acceptance-field\" required=\"required\">\n\t\t\t\t<label for=\"form-field-field_5cf0c09\">Accetto che questo sito Web memorizzi i dati inviati<\/label>\t\t\t<\/span>\n\t\t<\/div>\n\t\t\t\t\t\t<\/div>\n\t\t\t\t\t\t\t\t<div class=\"elementor-field-type-recaptcha_v3 elementor-field-group elementor-column elementor-field-group-field_6a2cd23 elementor-col-100 recaptcha_v3-bottomright\">\n\t\t\t\t\t<div class=\"elementor-field\" id=\"form-field-field_6a2cd23\"><div class=\"elementor-g-recaptcha\" data-sitekey=\"6Lftm_4eAAAAAOlknqL4OmleHt_xKDeOKkyAJXAw\" data-type=\"v3\" data-action=\"Form\" data-badge=\"bottomright\" data-size=\"invisible\"><\/div><\/div>\t\t\t\t<\/div>\n\t\t\t\t\t\t\t\t<div class=\"elementor-field-group elementor-column elementor-field-type-submit elementor-col-100 e-form__buttons\">\n\t\t\t\t\t<button class=\"elementor-button elementor-size-md\" type=\"submit\">\n\t\t\t\t\t\t<span class=\"elementor-button-content-wrapper\">\n\t\t\t\t\t\t\t\t\t\t\t\t\t\t\t\t\t\t\t\t\t\t<span class=\"elementor-button-text\">Inviare<\/span>\n\t\t\t\t\t\t\t\t\t\t\t\t\t<\/span>\n\t\t\t\t\t<\/button>\n\t\t\t\t<\/div>\n\t\t\t<\/div>\n\t\t<input type=\"hidden\" name=\"trp-form-language\" value=\"it\"\/><\/form>\n\t\t\t\t\t\t<\/div>\n\t\t\t\t<\/div>\n\t\t\t\t<\/div>\n\t\t\t\t<\/div>\n\t\t\t\t<div class=\"elementor-element elementor-element-ffbdc8b elementor-widget elementor-widget-spacer\" data-id=\"ffbdc8b\" data-element_type=\"widget\" data-widget_type=\"spacer.default\">\n\t\t\t\t<div class=\"elementor-widget-container\">\n\t\t\t\t\t\t\t<div class=\"elementor-spacer\">\n\t\t\t<div class=\"elementor-spacer-inner\"><\/div>\n\t\t<\/div>\n\t\t\t\t\t\t<\/div>\n\t\t\t\t<\/div>\n\t\t\t\t\t<\/div>\n\t\t\t\t<\/div>\n\t\t\t\t<\/div>","protected":false},"excerpt":{"rendered":"<p>VIP za off-market ponudu Odre\u0111ene nekretnine zbog svoje visoke kvalitete ili posebne prirode, mogu reklamirati samo diskretno, a ne javno. Popunite formular Mnogi od na\u0161ih odabranih partnera za suradnju i tr\u017ei\u0161nih lidera na lokacijama gdje posredujemo u visokokvalitetnim vrhunskim i luksuznim nekretninama imaju neke vrlo posebne nekretnine u svom portfelju. Zahtjevni vlasnici i prodavatelji ovih [&hellip;]<\/p>","protected":false},"author":2,"featured_media":0,"parent":18713,"menu_order":0,"comment_status":"closed","ping_status":"closed","template":"elementor_header_footer","meta":{"inline_featured_image":false,"footnotes":""},"class_list":["post-18746","page","type-page","status-publish","hentry"],"_links":{"self":[{"href":"https:\/\/ardor-realestate.com\/it\/wp-json\/wp\/v2\/pages\/18746","targetHints":{"allow":["GET"]}}],"collection":[{"href":"https:\/\/ardor-realestate.com\/it\/wp-json\/wp\/v2\/pages"}],"about":[{"href":"https:\/\/ardor-realestate.com\/it\/wp-json\/wp\/v2\/types\/page"}],"author":[{"embeddable":true,"href":"https:\/\/ardor-realestate.com\/it\/wp-json\/wp\/v2\/users\/2"}],"replies":[{"embeddable":true,"href":"https:\/\/ardor-realestate.com\/it\/wp-json\/wp\/v2\/comments?post=18746"}],"version-history":[{"count":0,"href":"https:\/\/ardor-realestate.com\/it\/wp-json\/wp\/v2\/pages\/18746\/revisions"}],"up":[{"embeddable":true,"href":"https:\/\/ardor-realestate.com\/it\/wp-json\/wp\/v2\/pages\/18713"}],"wp:attachment":[{"href":"https:\/\/ardor-realestate.com\/it\/wp-json\/wp\/v2\/media?parent=18746"}],"curies":[{"name":"wp","href":"https:\/\/api.w.org\/{rel}","templated":true}]}}