{"id":18743,"date":"2024-06-07T17:20:28","date_gmt":"2024-06-07T15:20:28","guid":{"rendered":"https:\/\/ardor-realestate.com\/?page_id=18743"},"modified":"2024-11-25T17:30:08","modified_gmt":"2024-11-25T16:30:08","slug":"vip-per-i-clienti","status":"publish","type":"page","link":"https:\/\/ardor-realestate.com\/it\/vip\/vip-per-i-clienti\/","title":{"rendered":"VIP per i clienti"},"content":{"rendered":"<div data-elementor-type=\"wp-page\" data-elementor-id=\"18743\" class=\"elementor elementor-18743\" data-elementor-post-type=\"page\">\n\t\t\t\t<div class=\"elementor-element elementor-element-3ff803c e-flex e-con-boxed e-con e-parent\" data-id=\"3ff803c\" data-element_type=\"container\" data-settings=\"{&quot;background_background&quot;:&quot;classic&quot;,&quot;shape_divider_bottom&quot;:&quot;triangle&quot;,&quot;shape_divider_bottom_negative&quot;:&quot;yes&quot;}\">\n\t\t\t\t\t<div class=\"e-con-inner\">\n\t\t\t\t<div class=\"elementor-shape elementor-shape-bottom\" aria-hidden=\"true\" data-negative=\"true\">\n\t\t\t<svg xmlns=\"http:\/\/www.w3.org\/2000\/svg\" viewbox=\"0 0 1000 100\" preserveaspectratio=\"none\">\n\t<path class=\"elementor-shape-fill\" d=\"M500.2,94.7L0,0v100h1000V0L500.2,94.7z\"\/>\n<\/svg>\t\t<\/div>\n\t\t\t\t<div class=\"elementor-element elementor-element-417fbba elementor-widget elementor-widget-spacer\" data-id=\"417fbba\" data-element_type=\"widget\" data-widget_type=\"spacer.default\">\n\t\t\t\t<div class=\"elementor-widget-container\">\n\t\t\t\t\t\t\t<div class=\"elementor-spacer\">\n\t\t\t<div class=\"elementor-spacer-inner\"><\/div>\n\t\t<\/div>\n\t\t\t\t\t\t<\/div>\n\t\t\t\t<\/div>\n\t\t<div class=\"elementor-element elementor-element-4f571a6 e-con-full e-flex e-con e-child\" data-id=\"4f571a6\" data-element_type=\"container\">\n\t\t<div class=\"elementor-element elementor-element-2643605 e-con-full e-flex e-con e-child\" data-id=\"2643605\" data-element_type=\"container\">\n\t\t\t\t<div class=\"elementor-element elementor-element-c8a3d54 elementor-widget elementor-widget-heading\" data-id=\"c8a3d54\" data-element_type=\"widget\" data-widget_type=\"heading.default\">\n\t\t\t\t<div class=\"elementor-widget-container\">\n\t\t\t\t\t<h2 class=\"elementor-heading-title elementor-size-default\">VIP per i clienti<\/h2>\t\t\t\t<\/div>\n\t\t\t\t<\/div>\n\t\t\t\t<div class=\"elementor-element elementor-element-1dd931e elementor-widget elementor-widget-text-editor\" data-id=\"1dd931e\" data-element_type=\"widget\" data-widget_type=\"text-editor.default\">\n\t\t\t\t<div class=\"elementor-widget-container\">\n\t\t\t\t\t\t\t\t\tQui hai l&#039;opportunit\u00e0 di utilizzare il nostro esclusivo servizio immobiliare VIP e richiedere l&#039;accesso alle nostre esclusive propriet\u00e0 pubblicizzate in modo discreto.\t\t\t\t\t\t\t\t<\/div>\n\t\t\t\t<\/div>\n\t\t\t\t<\/div>\n\t\t<div class=\"elementor-element elementor-element-032f47a e-con-full e-flex e-con e-child\" data-id=\"032f47a\" data-element_type=\"container\">\n\t\t\t\t<div class=\"elementor-element elementor-element-db4ea78 elementor-view-default elementor-widget elementor-widget-icon\" data-id=\"db4ea78\" data-element_type=\"widget\" data-widget_type=\"icon.default\">\n\t\t\t\t<div class=\"elementor-widget-container\">\n\t\t\t\t\t\t\t<div class=\"elementor-icon-wrapper\">\n\t\t\t<div class=\"elementor-icon\">\n\t\t\t<svg xmlns=\"http:\/\/www.w3.org\/2000\/svg\" id=\"Capa_1\" height=\"512\" viewbox=\"0 0 511.862 511.862\" width=\"512\"><path d=\"m511.619 424.416-24.189-92.583c.891.146 1.81.14 2.716-.044 2.249-.461 4.164-1.927 5.195-3.978l9.51-18.91c1.472-2.926.874-6.468-1.475-8.75-10.02-9.73-21.29-18.701-33.499-26.662-3.469-2.262-8.116-1.285-10.379 2.186-2.263 3.47-1.284 8.117 2.186 10.379 9.807 6.395 18.954 13.476 27.258 21.097l-2.832 5.63c-44.743-34.358-99.927-48.674-102.379-49.298-2.501-.636-5.148.057-7.018 1.833-1.835 1.744-42.969 41.226-65.18 93.078l-5.229-3.527c18.675-56.916 60.021-94.539 70.54-103.42 8.336 1.583 32.167 6.917 59.554 20.294 3.724 1.819 8.213.274 10.031-3.448 1.817-3.722.274-8.213-3.447-10.031-20.513-10.019-39.015-15.767-51.391-18.896 3.266-5.617 4.162-12.167 2.519-18.457-.825-3.158-2.24-6.061-4.153-8.586 25.359-17.14 42.063-46.158 42.063-79.003 0-52.549-42.747-95.3-95.29-95.3-27.189 0-52.757 11.456-70.829 31.568l-64.925-10.283c-21.608-3.427-42.807 7.367-52.738 26.862l-35.24 69.16c-7.74 15.191-7.183 33.078 1.019 47.604l-22.185 13.218c-1.846 1.1-3.132 2.939-3.531 5.051l-5.473 28.98-37.063 12.781c-2.136.736-3.826 2.396-4.601 4.519l-14.444 39.57-22.381 10.4c-3.584 1.666-5.261 5.828-3.832 9.514l25.05 64.59c1.087 2.804 3.745 4.687 6.75 4.784l40.87 1.32c.081.002.162.004.242.004 1.986 0 3.895-.788 5.303-2.197l9.38-9.38c2.929-2.929 2.929-7.678 0-10.606-2.929-2.929-7.678-2.929-10.606 0l-7.082 7.082-20.314-.656 135.399-135.399c2.929-2.929 2.929-7.678 0-10.606-2.929-2.929-7.678-2.929-10.606 0l-139.507 139.506-18.35-47.315 18.827-8.749c1.805-.839 3.202-2.36 3.885-4.23l14.285-39.135 37.804-13.036c2.546-.878 4.425-3.053 4.925-5.699l5.653-29.938 26.116-15.56c1.875-1.117 3.17-2.995 3.548-5.144s-.199-4.356-1.581-6.046c-8.873-10.853-10.495-25.933-4.133-38.418l35.241-69.161c6.972-13.687 21.853-21.264 37.023-18.857l76.651 12.142c15.176 2.399 26.983 14.208 29.384 29.385l12.141 76.652c1.005 6.331.265 12.608-1.927 18.284-14.916-4.203-28.272-12.645-38.526-24.358.528-.692 1.02-1.419 1.464-2.187l8.597-14.88c4.6-7.952 3.273-18.044-3.226-24.542l-36.876-36.875c-6.5-6.499-16.592-7.825-24.539-3.228l-14.88 8.597c-5.515 3.183-9.154 8.628-9.986 14.94-.832 6.317 1.274 12.524 5.781 17.03l43.161 43.161c3.858 3.858 8.964 5.957 14.318 5.957.893 0 1.793-.059 2.694-.177.13-.017.258-.042.387-.062 11.337 13.745 26.176 23.959 42.886 29.614-2.399 2.251-5.141 4.197-8.188 5.749l-69.157 35.239c-10.25 5.219-22.439 5.117-32.604-.272-2.911-1.542-6.487-1.005-8.816 1.323l-88.86 88.86c-2.929 2.929-2.929 7.678 0 10.606 2.929 2.929 7.678 2.929 10.606 0l85.176-85.175c13.325 5.247 28.395 4.599 41.306-1.975l69.159-35.24c7.224-3.68 13.249-8.908 17.803-15.128 4.677.697 9.424 1.053 14.173 1.053 3.147 0 6.258-.158 9.327-.457.078 1.706.33 3.417.772 5.108 1.694 6.483 5.864 11.663 11.222 14.83-18.201 17.196-51.989 54.632-67.761 107.735-.933 3.139.28 6.521 2.995 8.353l17.55 11.84c1.254.846 2.717 1.283 4.194 1.283.767 0 1.536-.117 2.283-.356.878-.281 1.68-.722 2.384-1.283l24.187 92.576c.503 1.924 1.75 3.57 3.467 4.576 1.159.679 2.469 1.028 3.79 1.028.635 0 1.271-.081 1.896-.244l153.221-40.031c1.925-.503 3.571-1.75 4.576-3.466s1.287-3.762.785-5.687zm-238.192-262.768-6.536 11.313c-5.882-10.307-9.353-21.728-10.224-33.655l15.914 15.915c1.702 1.702 2.051 4.343.846 6.427zm-60.133-27.178c-1.182-1.182-1.734-2.809-1.516-4.464.128-.97.637-2.768 2.615-3.91l14.887-8.601c.827-.479 1.744-.711 2.654-.711 1.379 0 2.745.534 3.771 1.56l6.15 6.15c-.27 2.933-.414 5.887-.414 8.825 0 12.728 2.474 25.077 7.246 36.545zm116.54 78.824c2.367-7.355 3.059-15.321 1.785-23.346l-12.139-76.648c-3.079-19.476-17.041-35.054-35.583-40.449 14.521-12.726 33.177-19.832 52.835-19.832 44.272 0 80.29 36.022 80.29 80.3 0 29.995-16.543 56.183-40.975 69.966-3.826-.901-7.839-.863-11.751.159-5.36 1.4-9.971 4.515-13.265 8.864-4.644.839-9.418 1.301-14.3 1.301-2.304.001-4.605-.12-6.897-.315zm46.717 6.586c1.482 1.246 2.548 2.908 3.047 4.82.638 2.438.287 4.978-.986 7.152s-3.317 3.723-5.755 4.359c-5.028 1.312-10.197-1.709-11.512-6.743-.352-1.345-.392-2.719-.153-4.047 5.315-1.412 10.449-3.274 15.359-5.541zm-20.049 237.311-26.766-102.451c18.088-36.859 45.372-66.403 54.344-75.586 12.313 3.612 50.517 16.003 84.36 39.337l26.77 102.461z\"><\/path><path d=\"m463.124 394.328-16.656-63.754c-.503-1.924-1.75-3.57-3.466-4.576-1.718-1.005-3.763-1.287-5.687-.785l-77.148 20.156c-4.008 1.047-6.408 5.145-5.361 9.152l16.656 63.754c.503 1.924 1.75 3.57 3.466 4.576 1.16.679 2.47 1.028 3.791 1.028.635 0 1.271-.081 1.896-.244l77.148-20.156c4.008-1.045 6.408-5.143 5.361-9.151zm-79.045 12.9-12.864-49.241 62.636-16.364 12.864 49.241z\"><\/path><\/svg>\t\t\t<\/div>\n\t\t<\/div>\n\t\t\t\t\t\t<\/div>\n\t\t\t\t<\/div>\n\t\t\t\t<\/div>\n\t\t\t\t<\/div>\n\t\t\t\t<div class=\"elementor-element elementor-element-0d2fc7a elementor-widget elementor-widget-spacer\" data-id=\"0d2fc7a\" data-element_type=\"widget\" data-widget_type=\"spacer.default\">\n\t\t\t\t<div class=\"elementor-widget-container\">\n\t\t\t\t\t\t\t<div class=\"elementor-spacer\">\n\t\t\t<div class=\"elementor-spacer-inner\"><\/div>\n\t\t<\/div>\n\t\t\t\t\t\t<\/div>\n\t\t\t\t<\/div>\n\t\t\t\t\t<\/div>\n\t\t\t\t<\/div>\n\t\t<div class=\"elementor-element elementor-element-f8b13fb e-flex e-con-boxed e-con e-parent\" data-id=\"f8b13fb\" data-element_type=\"container\" data-settings=\"{&quot;background_background&quot;:&quot;classic&quot;}\">\n\t\t\t\t\t<div class=\"e-con-inner\">\n\t\t\t\t<div class=\"elementor-element elementor-element-e6d95f3 elementor-widget elementor-widget-spacer\" data-id=\"e6d95f3\" data-element_type=\"widget\" data-widget_type=\"spacer.default\">\n\t\t\t\t<div class=\"elementor-widget-container\">\n\t\t\t\t\t\t\t<div class=\"elementor-spacer\">\n\t\t\t<div class=\"elementor-spacer-inner\"><\/div>\n\t\t<\/div>\n\t\t\t\t\t\t<\/div>\n\t\t\t\t<\/div>\n\t\t<div class=\"elementor-element elementor-element-d75bcb9 e-con-full e-flex e-con e-child\" data-id=\"d75bcb9\" data-element_type=\"container\">\n\t\t<div class=\"elementor-element elementor-element-711a8e8 e-flex e-con-boxed e-con e-child\" data-id=\"711a8e8\" data-element_type=\"container\">\n\t\t\t\t\t<div class=\"e-con-inner\">\n\t\t\t\t<div class=\"elementor-element elementor-element-c904aad elementor-widget elementor-widget-heading\" data-id=\"c904aad\" data-element_type=\"widget\" data-widget_type=\"heading.default\">\n\t\t\t\t<div class=\"elementor-widget-container\">\n\t\t\t\t\t<h2 class=\"elementor-heading-title elementor-size-default\">Compila il modulo<\/h2>\t\t\t\t<\/div>\n\t\t\t\t<\/div>\n\t\t\t\t<div class=\"elementor-element elementor-element-698ecba elementor-widget elementor-widget-text-editor\" data-id=\"698ecba\" data-element_type=\"widget\" data-widget_type=\"text-editor.default\">\n\t\t\t\t<div class=\"elementor-widget-container\">\n\t\t\t\t\t\t\t\t\t<p>Come il nostro <strong>ACQUIRENTE VIP DI IMMOBILI DI LUSSO<\/strong>, non solo riceverete informazioni riservate su nuove interessanti costruzioni, investimenti immobiliari redditizi o nuovi immobili esistenti di alta qualit\u00e0 nella posizione desiderata in modo privilegiato e con priorit\u00e0 rispetto agli altri abituali interessati.<\/p><p>Su richiesta verrete contattati anche dal nostro team esperto e anche i partner professionali presteranno particolare attenzione ai vostri interessi d&#039;acquisto personali e alle vostre elevate aspettative.<\/p>\t\t\t\t\t\t\t\t<\/div>\n\t\t\t\t<\/div>\n\t\t\t\t\t<\/div>\n\t\t\t\t<\/div>\n\t\t<div class=\"elementor-element elementor-element-498c6fd e-con-full e-flex e-con e-child\" data-id=\"498c6fd\" data-element_type=\"container\">\n\t\t\t\t<div class=\"elementor-element elementor-element-f1b3db3 elementor-button-align-stretch elementor-widget elementor-widget-form\" data-id=\"f1b3db3\" data-element_type=\"widget\" data-settings=\"{&quot;step_next_label&quot;:&quot;Next&quot;,&quot;step_previous_label&quot;:&quot;Previous&quot;,&quot;button_width&quot;:&quot;100&quot;,&quot;step_type&quot;:&quot;number_text&quot;,&quot;step_icon_shape&quot;:&quot;circle&quot;}\" data-widget_type=\"form.default\">\n\t\t\t\t<div class=\"elementor-widget-container\">\n\t\t\t\t\t\t\t<form class=\"elementor-form\" method=\"post\" name=\"New Form\" aria-label=\"Nuovo modulo\" action=\"\">\n\t\t\t<input type=\"hidden\" name=\"post_id\" value=\"18743\"\/>\n\t\t\t<input type=\"hidden\" name=\"form_id\" value=\"f1b3db3\"\/>\n\t\t\t<input type=\"hidden\" name=\"referer_title\" value=\"\" \/>\n\n\t\t\t\n\t\t\t<div class=\"elementor-form-fields-wrapper elementor-labels-above\">\n\t\t\t\t\t\t\t\t<div class=\"elementor-field-type-text elementor-field-group elementor-column elementor-field-group-field_a0bf68f elementor-col-50\">\n\t\t\t\t\t\t\t\t\t\t\t\t\t<input size=\"1\" type=\"text\" name=\"form_fields[field_a0bf68f]\" id=\"form-field-field_a0bf68f\" class=\"elementor-field elementor-size-md  elementor-field-textual\" placeholder=\"Nome\">\n\t\t\t\t\t\t\t\t\t\t\t<\/div>\n\t\t\t\t\t\t\t\t<div class=\"elementor-field-type-text elementor-field-group elementor-column elementor-field-group-field_fc58c91 elementor-col-50\">\n\t\t\t\t\t\t\t\t\t\t\t\t\t<input size=\"1\" type=\"text\" name=\"form_fields[field_fc58c91]\" id=\"form-field-field_fc58c91\" class=\"elementor-field elementor-size-md  elementor-field-textual\" placeholder=\"Cognome\">\n\t\t\t\t\t\t\t\t\t\t\t<\/div>\n\t\t\t\t\t\t\t\t<div class=\"elementor-field-type-text elementor-field-group elementor-column elementor-field-group-field_26d1590 elementor-col-50\">\n\t\t\t\t\t\t\t\t\t\t\t\t\t<input size=\"1\" type=\"text\" name=\"form_fields[field_26d1590]\" id=\"form-field-field_26d1590\" class=\"elementor-field elementor-size-md  elementor-field-textual\" placeholder=\"Numero di telefono\">\n\t\t\t\t\t\t\t\t\t\t\t<\/div>\n\t\t\t\t\t\t\t\t<div class=\"elementor-field-type-email elementor-field-group elementor-column elementor-field-group-email elementor-col-50 elementor-field-required\">\n\t\t\t\t\t\t\t\t\t\t\t\t\t<input size=\"1\" type=\"email\" name=\"form_fields[email]\" id=\"form-field-email\" class=\"elementor-field elementor-size-md  elementor-field-textual\" placeholder=\"Indirizzo e-mail\" required=\"required\">\n\t\t\t\t\t\t\t\t\t\t\t<\/div>\n\t\t\t\t\t\t\t\t<div class=\"elementor-field-type-text elementor-field-group elementor-column elementor-field-group-field_85b8410 elementor-col-100\">\n\t\t\t\t\t\t\t\t\t\t\t\t\t<input size=\"1\" type=\"text\" name=\"form_fields[field_85b8410]\" id=\"form-field-field_85b8410\" class=\"elementor-field elementor-size-md  elementor-field-textual\" placeholder=\"Tipo\">\n\t\t\t\t\t\t\t\t\t\t\t<\/div>\n\t\t\t\t\t\t\t\t<div class=\"elementor-field-type-text elementor-field-group elementor-column elementor-field-group-field_7a945f0 elementor-col-100\">\n\t\t\t\t\t\t\t\t\t\t\t\t\t<input size=\"1\" type=\"text\" name=\"form_fields[field_7a945f0]\" id=\"form-field-field_7a945f0\" class=\"elementor-field elementor-size-md  elementor-field-textual\" placeholder=\"Posizione\">\n\t\t\t\t\t\t\t\t\t\t\t<\/div>\n\t\t\t\t\t\t\t\t<div class=\"elementor-field-type-text elementor-field-group elementor-column elementor-field-group-field_2a9265a elementor-col-100\">\n\t\t\t\t\t\t\t\t\t\t\t\t\t<input size=\"1\" type=\"text\" name=\"form_fields[field_2a9265a]\" id=\"form-field-field_2a9265a\" class=\"elementor-field elementor-size-md  elementor-field-textual\" placeholder=\"Bilancio quadro\">\n\t\t\t\t\t\t\t\t\t\t\t<\/div>\n\t\t\t\t\t\t\t\t<div class=\"elementor-field-type-acceptance elementor-field-group elementor-column elementor-field-group-field_5cf0c09 elementor-col-100 elementor-field-required\">\n\t\t\t\t\t\t\t\t\t\t\t\t<label for=\"form-field-field_5cf0c09\" class=\"elementor-field-label\">\n\t\t\t\t\t\t\t\tTermini di utilizzo\t\t\t\t\t\t\t<\/label>\n\t\t\t\t\t\t\t\t<div class=\"elementor-field-subgroup\">\n\t\t\t<span class=\"elementor-field-option\">\n\t\t\t\t<input type=\"checkbox\" name=\"form_fields[field_5cf0c09]\" id=\"form-field-field_5cf0c09\" class=\"elementor-field elementor-size-md  elementor-acceptance-field\" required=\"required\">\n\t\t\t\t<label for=\"form-field-field_5cf0c09\">Accetto che questo sito Web memorizzi i dati inviati<\/label>\t\t\t<\/span>\n\t\t<\/div>\n\t\t\t\t\t\t<\/div>\n\t\t\t\t\t\t\t\t<div class=\"elementor-field-type-recaptcha_v3 elementor-field-group elementor-column elementor-field-group-field_1bac176 elementor-col-100 recaptcha_v3-bottomright\">\n\t\t\t\t\t<div class=\"elementor-field\" id=\"form-field-field_1bac176\"><div class=\"elementor-g-recaptcha\" data-sitekey=\"6Lftm_4eAAAAAOlknqL4OmleHt_xKDeOKkyAJXAw\" data-type=\"v3\" data-action=\"Form\" data-badge=\"bottomright\" data-size=\"invisible\"><\/div><\/div>\t\t\t\t<\/div>\n\t\t\t\t\t\t\t\t<div class=\"elementor-field-group elementor-column elementor-field-type-submit elementor-col-100 e-form__buttons\">\n\t\t\t\t\t<button class=\"elementor-button elementor-size-md\" type=\"submit\">\n\t\t\t\t\t\t<span class=\"elementor-button-content-wrapper\">\n\t\t\t\t\t\t\t\t\t\t\t\t\t\t\t\t\t\t\t\t\t\t<span class=\"elementor-button-text\">Inviare<\/span>\n\t\t\t\t\t\t\t\t\t\t\t\t\t<\/span>\n\t\t\t\t\t<\/button>\n\t\t\t\t<\/div>\n\t\t\t<\/div>\n\t\t<input type=\"hidden\" name=\"trp-form-language\" value=\"it\"\/><\/form>\n\t\t\t\t\t\t<\/div>\n\t\t\t\t<\/div>\n\t\t\t\t<\/div>\n\t\t\t\t<\/div>\n\t\t\t\t<div class=\"elementor-element elementor-element-f9735b0 elementor-widget elementor-widget-spacer\" data-id=\"f9735b0\" data-element_type=\"widget\" data-widget_type=\"spacer.default\">\n\t\t\t\t<div class=\"elementor-widget-container\">\n\t\t\t\t\t\t\t<div class=\"elementor-spacer\">\n\t\t\t<div class=\"elementor-spacer-inner\"><\/div>\n\t\t<\/div>\n\t\t\t\t\t\t<\/div>\n\t\t\t\t<\/div>\n\t\t\t\t\t<\/div>\n\t\t\t\t<\/div>\n\t\t\t\t<\/div>","protected":false},"excerpt":{"rendered":"<p>VIP za kupce Ovdje imate priliku koristiti na\u0161u ekskluzivnu VIP uslugu nekretnina i podnijeti zahtjev za pristup na\u0161im ekskluzivno diskretno ogla\u0161enim nekretninama. Popunite formular Kao na\u0161 VIP KUPAC LUKSUZNIH NEKRETNINA, ne samo da \u0107ete dobiti povjerljive informacije o zanimljivim novogradnjama, unosnim ulaganjima u nekretnine ili novim, visokokvalitetnim postoje\u0107im nekretninama na tra\u017eenoj lokaciji na privilegiran na\u010din [&hellip;]<\/p>","protected":false},"author":2,"featured_media":0,"parent":18713,"menu_order":0,"comment_status":"closed","ping_status":"closed","template":"elementor_header_footer","meta":{"inline_featured_image":false,"footnotes":""},"class_list":["post-18743","page","type-page","status-publish","hentry"],"_links":{"self":[{"href":"https:\/\/ardor-realestate.com\/it\/wp-json\/wp\/v2\/pages\/18743","targetHints":{"allow":["GET"]}}],"collection":[{"href":"https:\/\/ardor-realestate.com\/it\/wp-json\/wp\/v2\/pages"}],"about":[{"href":"https:\/\/ardor-realestate.com\/it\/wp-json\/wp\/v2\/types\/page"}],"author":[{"embeddable":true,"href":"https:\/\/ardor-realestate.com\/it\/wp-json\/wp\/v2\/users\/2"}],"replies":[{"embeddable":true,"href":"https:\/\/ardor-realestate.com\/it\/wp-json\/wp\/v2\/comments?post=18743"}],"version-history":[{"count":0,"href":"https:\/\/ardor-realestate.com\/it\/wp-json\/wp\/v2\/pages\/18743\/revisions"}],"up":[{"embeddable":true,"href":"https:\/\/ardor-realestate.com\/it\/wp-json\/wp\/v2\/pages\/18713"}],"wp:attachment":[{"href":"https:\/\/ardor-realestate.com\/it\/wp-json\/wp\/v2\/media?parent=18743"}],"curies":[{"name":"wp","href":"https:\/\/api.w.org\/{rel}","templated":true}]}}