{"id":18637,"date":"2024-06-03T18:04:08","date_gmt":"2024-06-03T16:04:08","guid":{"rendered":"https:\/\/ardor-realestate.com\/?page_id=18637"},"modified":"2024-11-05T13:23:18","modified_gmt":"2024-11-05T12:23:18","slug":"investimenti","status":"publish","type":"page","link":"https:\/\/ardor-realestate.com\/it\/investimenti\/","title":{"rendered":"Investimenti"},"content":{"rendered":"<div data-elementor-type=\"wp-page\" data-elementor-id=\"18637\" class=\"elementor elementor-18637\" data-elementor-post-type=\"page\">\n\t\t\t\t<div class=\"elementor-element elementor-element-67d391b e-flex e-con-boxed e-con e-parent\" data-id=\"67d391b\" data-element_type=\"container\">\n\t\t\t\t\t<div class=\"e-con-inner\">\n\t\t<div class=\"elementor-element elementor-element-07f0a41 e-con-full e-flex e-con e-child\" data-id=\"07f0a41\" data-element_type=\"container\">\n\t\t\t\t<div class=\"elementor-element elementor-element-623deca elementor-widget elementor-widget-text-editor\" data-id=\"623deca\" data-element_type=\"widget\" data-widget_type=\"text-editor.default\">\n\t\t\t\t<div class=\"elementor-widget-container\">\n\t\t\t\t\t\t\t\t\t<p>Investire nel settore immobiliare fornisce una fonte stabile di reddito attraverso l\u2019affitto e un potenziale aumento di valore nel tempo.<\/p><p>Questo tipo di investimento \u00e8 spesso considerato un\u2019opzione pi\u00f9 sicura rispetto alle azioni, poich\u00e9 gli immobili mantengono il loro valore anche in condizioni di mercato volatili. La chiave del successo risiede nella corretta analisi della posizione, delle tendenze del mercato e dei potenziali costi di manutenzione.<\/p>\t\t\t\t\t\t\t\t<\/div>\n\t\t\t\t<\/div>\n\t\t\t\t<\/div>\n\t\t\t\t<div class=\"elementor-element elementor-element-74d0469 elementor-widget elementor-widget-spacer\" data-id=\"74d0469\" data-element_type=\"widget\" data-widget_type=\"spacer.default\">\n\t\t\t\t<div class=\"elementor-widget-container\">\n\t\t\t\t\t\t\t<div class=\"elementor-spacer\">\n\t\t\t<div class=\"elementor-spacer-inner\"><\/div>\n\t\t<\/div>\n\t\t\t\t\t\t<\/div>\n\t\t\t\t<\/div>\n\t\t\t\t\t<\/div>\n\t\t\t\t<\/div>\n\t\t\t\t<\/div>","protected":false},"excerpt":{"rendered":"<p>Investiranje u nekretnine pru\u017ea stabilan izvor prihoda kroz najam te potencijalno pove\u0107anje vrijednosti kroz vrijeme. Ova vrsta ulaganja \u010desto se smatra sigurnijom opcijom u odnosu na dionice, jer nekretnine zadr\u017eavaju svoju vrijednost \u010dak i u nestabilnim tr\u017ei\u0161nim uvjetima. Klju\u010d uspjeha le\u017ei u pravilnoj analizi lokacije, tr\u017ei\u0161nih trendova i potencijalnih tro\u0161kova odr\u017eavanja.<\/p>","protected":false},"author":2,"featured_media":0,"parent":0,"menu_order":0,"comment_status":"closed","ping_status":"closed","template":"template\/template-listing-grid-v1-fullwidth-4cols.php","meta":{"inline_featured_image":false,"footnotes":""},"class_list":["post-18637","page","type-page","status-publish","hentry"],"_links":{"self":[{"href":"https:\/\/ardor-realestate.com\/it\/wp-json\/wp\/v2\/pages\/18637","targetHints":{"allow":["GET"]}}],"collection":[{"href":"https:\/\/ardor-realestate.com\/it\/wp-json\/wp\/v2\/pages"}],"about":[{"href":"https:\/\/ardor-realestate.com\/it\/wp-json\/wp\/v2\/types\/page"}],"author":[{"embeddable":true,"href":"https:\/\/ardor-realestate.com\/it\/wp-json\/wp\/v2\/users\/2"}],"replies":[{"embeddable":true,"href":"https:\/\/ardor-realestate.com\/it\/wp-json\/wp\/v2\/comments?post=18637"}],"version-history":[{"count":0,"href":"https:\/\/ardor-realestate.com\/it\/wp-json\/wp\/v2\/pages\/18637\/revisions"}],"wp:attachment":[{"href":"https:\/\/ardor-realestate.com\/it\/wp-json\/wp\/v2\/media?parent=18637"}],"curies":[{"name":"wp","href":"https:\/\/api.w.org\/{rel}","templated":true}]}}