{"id":16650,"date":"2020-02-24T22:15:15","date_gmt":"2020-02-24T22:15:15","guid":{"rendered":"https:\/\/demo01.houzez.co\/?page_id=16650"},"modified":"2024-11-25T14:44:44","modified_gmt":"2024-11-25T13:44:44","slug":"chi-siamo","status":"publish","type":"page","link":"https:\/\/ardor-realestate.com\/it\/chi-siamo\/","title":{"rendered":"Chi siamo"},"content":{"rendered":"<div data-elementor-type=\"wp-page\" data-elementor-id=\"16650\" class=\"elementor elementor-16650\" data-elementor-post-type=\"page\">\n\t\t\t\t<div class=\"elementor-element elementor-element-b9e1f8d e-flex e-con-boxed e-con e-parent\" data-id=\"b9e1f8d\" data-element_type=\"container\" data-settings=\"{&quot;background_background&quot;:&quot;classic&quot;,&quot;shape_divider_bottom&quot;:&quot;triangle&quot;,&quot;shape_divider_bottom_negative&quot;:&quot;yes&quot;}\">\n\t\t\t\t\t<div class=\"e-con-inner\">\n\t\t\t\t<div class=\"elementor-shape elementor-shape-bottom\" aria-hidden=\"true\" data-negative=\"true\">\n\t\t\t<svg xmlns=\"http:\/\/www.w3.org\/2000\/svg\" viewbox=\"0 0 1000 100\" preserveaspectratio=\"none\">\n\t<path class=\"elementor-shape-fill\" d=\"M500.2,94.7L0,0v100h1000V0L500.2,94.7z\"\/>\n<\/svg>\t\t<\/div>\n\t\t\t\t<div class=\"elementor-element elementor-element-ae0533e elementor-widget elementor-widget-spacer\" data-id=\"ae0533e\" data-element_type=\"widget\" data-widget_type=\"spacer.default\">\n\t\t\t\t<div class=\"elementor-widget-container\">\n\t\t\t\t\t\t\t<div class=\"elementor-spacer\">\n\t\t\t<div class=\"elementor-spacer-inner\"><\/div>\n\t\t<\/div>\n\t\t\t\t\t\t<\/div>\n\t\t\t\t<\/div>\n\t\t<div class=\"elementor-element elementor-element-5abf0a9 e-con-full e-flex e-con e-child\" data-id=\"5abf0a9\" data-element_type=\"container\">\n\t\t<div class=\"elementor-element elementor-element-5bf2a15 e-con-full e-flex e-con e-child\" data-id=\"5bf2a15\" data-element_type=\"container\">\n\t\t\t\t<div class=\"elementor-element elementor-element-23ceca4 elementor-widget elementor-widget-heading\" data-id=\"23ceca4\" data-element_type=\"widget\" data-widget_type=\"heading.default\">\n\t\t\t\t<div class=\"elementor-widget-container\">\n\t\t\t\t\t<h1 class=\"elementor-heading-title elementor-size-default\">Chi siamo<\/h1>\t\t\t\t<\/div>\n\t\t\t\t<\/div>\n\t\t\t\t<div class=\"elementor-element elementor-element-5d194e4 elementor-widget elementor-widget-text-editor\" data-id=\"5d194e4\" data-element_type=\"widget\" data-widget_type=\"text-editor.default\">\n\t\t\t\t<div class=\"elementor-widget-container\">\n\t\t\t\t\t\t\t\t\t<div>ARDOR \u00e8 tra i protagonisti del settore immobiliare in Croazia. Un partner serio e affidabile \u00e8 una scelta garantita per chi vuole investire in immobili di pregio, sia che acquisti, affitti o sviluppi progetti.<\/div>\t\t\t\t\t\t\t\t<\/div>\n\t\t\t\t<\/div>\n\t\t\t\t<\/div>\n\t\t<div class=\"elementor-element elementor-element-627db63 e-con-full e-flex e-con e-child\" data-id=\"627db63\" data-element_type=\"container\">\n\t\t\t\t<div class=\"elementor-element elementor-element-d1924d0 elementor-view-default elementor-widget elementor-widget-icon\" data-id=\"d1924d0\" data-element_type=\"widget\" data-widget_type=\"icon.default\">\n\t\t\t\t<div class=\"elementor-widget-container\">\n\t\t\t\t\t\t\t<div class=\"elementor-icon-wrapper\">\n\t\t\t<div class=\"elementor-icon\">\n\t\t\t<svg xmlns=\"http:\/\/www.w3.org\/2000\/svg\" id=\"Capa_1\" viewbox=\"0 0 512 512\"><g><g><path d=\"m248.975 143.421c.043 0 .087 0 .13-.001 2.207-.038 4.284-1.047 5.68-2.756l36.531-44.749c2.62-3.209 2.142-7.934-1.066-10.553s-7.934-2.14-10.553 1.066l-30.923 37.879-16.638-18.993c-2.729-3.117-7.468-3.431-10.583-.7-3.116 2.729-3.43 7.468-.7 10.583l22.48 25.665c1.426 1.628 3.482 2.559 5.642 2.559z\"><\/path><path d=\"m232.746 274.819h15v21.002h-15z\"><\/path><path d=\"m264.254 274.819h15v21.002h-15z\"><\/path><path d=\"m232.746 319.236h15v21.002h-15z\"><\/path><path d=\"m264.254 319.236h15v21.002h-15z\"><\/path><path d=\"m232.746 363.651h15v71.686h-15z\"><\/path><path d=\"m264.255 363.651h15v71.686h-15z\"><\/path><path d=\"m468.862 377.617h-6.458c9.446-9.368 15.308-22.345 15.308-36.668 0-25.943-19.221-47.473-44.169-51.117v-25.884c0-33.81-9.543-66.694-27.597-95.098-16.775-26.391-40.147-47.837-67.763-62.281-3.556-42.235-39.045-75.523-82.183-75.523-16.221 0-31.933 4.72-45.438 13.648-3.455 2.284-4.404 6.938-2.119 10.393 2.284 3.454 6.937 4.404 10.393 2.119 11.043-7.301 23.894-11.16 37.164-11.16 37.22 0 67.5 30.28 67.5 67.5s-30.28 67.5-67.5 67.5-67.5-30.28-67.5-67.5c0-11.671 3.043-23.188 8.8-33.308 2.049-3.601.79-8.18-2.81-10.228-3.602-2.05-8.18-.791-10.228 2.81-5.89 10.354-9.448 21.903-10.456 33.754-27.611 14.445-50.98 35.889-67.753 62.276-18.053 28.404-27.596 61.289-27.596 95.098v25.884c-24.948 3.644-44.169 25.175-44.169 51.117 0 14.323 5.862 27.3 15.308 36.668h-6.458c-23.786 0-43.138 19.352-43.138 43.138v37.426c0 12.558 10.216 22.773 22.773 22.773h414.227c4.143 0 7.5-3.357 7.5-7.5s-3.357-7.5-7.5-7.5h-79.5v-56.601c4.512-10.211 14.469-16.736 25.725-16.736h85.638c15.516 0 28.138 12.622 28.138 28.138v37.426c0 4.286-3.487 7.773-7.773 7.773h-17.228c-4.143 0-7.5 3.357-7.5 7.5s3.357 7.5 7.5 7.5h17.227c12.558 0 22.773-10.216 22.773-22.773v-37.426c0-23.786-19.352-43.138-43.138-43.138zm-6.15-36.668c0 20.219-16.449 36.668-36.669 36.668-20.219 0-36.668-16.449-36.668-36.668s16.449-36.668 36.668-36.668c20.22 0 36.669 16.449 36.669 36.668zm-413.424 0c0-20.219 16.449-36.668 36.669-36.668 20.219 0 36.668 16.449 36.668 36.668s-16.449 36.668-36.668 36.668c-20.22 0-36.669-16.449-36.669-36.668zm-34.288 117.232v-37.426c0-15.516 12.622-28.138 28.138-28.138h85.638c11.256 0 21.213 6.525 25.725 16.736v56.601h-131.728c-4.286 0-7.773-3.487-7.773-7.773zm201.237-213.879c0-1.379 1.121-2.5 2.5-2.5h74.525c1.379 0 2.5 1.121 2.5 2.5v221.652h-79.525zm94.526 32.313h29.237c1.379 0 2.5 1.121 2.5 2.5v186.839h-31.737zm72.462 101.002c-9.542 0-18.475 3.059-25.725 8.44v-106.942c0-9.649-7.851-17.5-17.5-17.5h-29.237v-17.313c0-9.649-7.851-17.5-17.5-17.5h-74.525c-9.649 0-17.5 7.851-17.5 17.5v17.313h-29.238c-9.649 0-17.5 7.851-17.5 17.5v40.885c0 4.143 3.357 7.5 7.5 7.5s7.5-3.357 7.5-7.5v-40.885c0-1.379 1.121-2.5 2.5-2.5h29.237v189.339h-31.737v-110.954c0-4.143-3.357-7.5-7.5-7.5s-7.5 3.357-7.5 7.5v31.058c-7.25-5.381-16.183-8.44-25.725-8.44h-6.458c9.446-9.368 15.308-22.345 15.308-36.668 0-25.943-19.22-47.473-44.168-51.117v-25.884c0-30.955 8.733-61.057 25.256-87.052 14-22.025 33.012-40.298 55.411-53.377 4.942 40.801 39.763 72.526 81.876 72.526s76.933-31.725 81.876-72.526c22.399 13.079 41.411 31.352 55.411 53.377 16.522 25.995 25.256 56.097 25.256 87.052v25.884c-24.948 3.644-44.168 25.175-44.168 51.117 0 14.323 5.861 27.3 15.308 36.668h-6.458z\"><\/path><\/g><\/g><g><\/g><g><\/g><g><\/g><g><\/g><g><\/g><g><\/g><g><\/g><g><\/g><g><\/g><g><\/g><g><\/g><g><\/g><g><\/g><g><\/g><g><\/g><\/svg>\t\t\t<\/div>\n\t\t<\/div>\n\t\t\t\t\t\t<\/div>\n\t\t\t\t<\/div>\n\t\t\t\t<\/div>\n\t\t\t\t<\/div>\n\t\t\t\t<div class=\"elementor-element elementor-element-8320f6d elementor-widget elementor-widget-spacer\" data-id=\"8320f6d\" data-element_type=\"widget\" data-widget_type=\"spacer.default\">\n\t\t\t\t<div class=\"elementor-widget-container\">\n\t\t\t\t\t\t\t<div class=\"elementor-spacer\">\n\t\t\t<div class=\"elementor-spacer-inner\"><\/div>\n\t\t<\/div>\n\t\t\t\t\t\t<\/div>\n\t\t\t\t<\/div>\n\t\t\t\t\t<\/div>\n\t\t\t\t<\/div>\n\t\t<div class=\"elementor-element elementor-element-75e8c2cd e-flex e-con-boxed e-con e-parent\" data-id=\"75e8c2cd\" data-element_type=\"container\" data-settings=\"{&quot;background_background&quot;:&quot;classic&quot;}\">\n\t\t\t\t\t<div class=\"e-con-inner\">\n\t\t\t\t<div class=\"elementor-element elementor-element-32cb93cf elementor-widget elementor-widget-spacer\" data-id=\"32cb93cf\" data-element_type=\"widget\" data-widget_type=\"spacer.default\">\n\t\t\t\t<div class=\"elementor-widget-container\">\n\t\t\t\t\t\t\t<div class=\"elementor-spacer\">\n\t\t\t<div class=\"elementor-spacer-inner\"><\/div>\n\t\t<\/div>\n\t\t\t\t\t\t<\/div>\n\t\t\t\t<\/div>\n\t\t<div class=\"elementor-element elementor-element-6f6a643a e-con-full e-flex e-con e-child\" data-id=\"6f6a643a\" data-element_type=\"container\">\n\t\t<div class=\"elementor-element elementor-element-6093c327 e-flex e-con-boxed e-con e-child\" data-id=\"6093c327\" data-element_type=\"container\">\n\t\t\t\t\t<div class=\"e-con-inner\">\n\t\t\t\t<div class=\"elementor-element elementor-element-7497df9 elementor-widget elementor-widget-heading\" data-id=\"7497df9\" data-element_type=\"widget\" data-widget_type=\"heading.default\">\n\t\t\t\t<div class=\"elementor-widget-container\">\n\t\t\t\t\t<h2 class=\"elementor-heading-title elementor-size-default\">ARDOR immobiliare<\/h2>\t\t\t\t<\/div>\n\t\t\t\t<\/div>\n\t\t\t\t<div class=\"elementor-element elementor-element-de4e534 elementor-widget elementor-widget-text-editor\" data-id=\"de4e534\" data-element_type=\"widget\" data-widget_type=\"text-editor.default\">\n\t\t\t\t<div class=\"elementor-widget-container\">\n\t\t\t\t\t\t\t\t\t<div>ARDOR offre immobili di lusso nella regione Primorje-Gorski Kotar, comprese le sue isole, Opatija, Istria... e fornisce servizi di consulenza di alto livello strettamente confidenziali come:<\/div>\t\t\t\t\t\t\t\t<\/div>\n\t\t\t\t<\/div>\n\t\t\t\t<div class=\"elementor-element elementor-element-3eff4d2 elementor-icon-list--layout-traditional elementor-list-item-link-full_width elementor-widget elementor-widget-icon-list\" data-id=\"3eff4d2\" data-element_type=\"widget\" data-widget_type=\"icon-list.default\">\n\t\t\t\t<div class=\"elementor-widget-container\">\n\t\t\t\t\t\t\t<ul class=\"elementor-icon-list-items\">\n\t\t\t\t\t\t\t<li class=\"elementor-icon-list-item\">\n\t\t\t\t\t\t\t\t\t\t\t<span class=\"elementor-icon-list-icon\">\n\t\t\t\t\t\t\t<svg aria-hidden=\"true\" class=\"e-font-icon-svg e-fas-check\" viewbox=\"0 0 512 512\" xmlns=\"http:\/\/www.w3.org\/2000\/svg\"><path d=\"M173.898 439.404l-166.4-166.4c-9.997-9.997-9.997-26.206 0-36.204l36.203-36.204c9.997-9.998 26.207-9.998 36.204 0L192 312.69 432.095 72.596c9.997-9.997 26.207-9.997 36.204 0l36.203 36.204c9.997 9.997 9.997 26.206 0 36.204l-294.4 294.401c-9.998 9.997-26.207 9.997-36.204-.001z\"><\/path><\/svg>\t\t\t\t\t\t<\/span>\n\t\t\t\t\t\t\t\t\t\t<span class=\"elementor-icon-list-text\">vendita e affitto di immobili esclusivi<\/span>\n\t\t\t\t\t\t\t\t\t<\/li>\n\t\t\t\t\t\t\t\t<li class=\"elementor-icon-list-item\">\n\t\t\t\t\t\t\t\t\t\t\t<span class=\"elementor-icon-list-icon\">\n\t\t\t\t\t\t\t<svg aria-hidden=\"true\" class=\"e-font-icon-svg e-fas-check\" viewbox=\"0 0 512 512\" xmlns=\"http:\/\/www.w3.org\/2000\/svg\"><path d=\"M173.898 439.404l-166.4-166.4c-9.997-9.997-9.997-26.206 0-36.204l36.203-36.204c9.997-9.998 26.207-9.998 36.204 0L192 312.69 432.095 72.596c9.997-9.997 26.207-9.997 36.204 0l36.203 36.204c9.997 9.997 9.997 26.206 0 36.204l-294.4 294.401c-9.998 9.997-26.207 9.997-36.204-.001z\"><\/path><\/svg>\t\t\t\t\t\t<\/span>\n\t\t\t\t\t\t\t\t\t\t<span class=\"elementor-icon-list-text\">immobiliare privato<\/span>\n\t\t\t\t\t\t\t\t\t<\/li>\n\t\t\t\t\t\t\t\t<li class=\"elementor-icon-list-item\">\n\t\t\t\t\t\t\t\t\t\t\t<span class=\"elementor-icon-list-icon\">\n\t\t\t\t\t\t\t<svg aria-hidden=\"true\" class=\"e-font-icon-svg e-fas-check\" viewbox=\"0 0 512 512\" xmlns=\"http:\/\/www.w3.org\/2000\/svg\"><path d=\"M173.898 439.404l-166.4-166.4c-9.997-9.997-9.997-26.206 0-36.204l36.203-36.204c9.997-9.998 26.207-9.998 36.204 0L192 312.69 432.095 72.596c9.997-9.997 26.207-9.997 36.204 0l36.203 36.204c9.997 9.997 9.997 26.206 0 36.204l-294.4 294.401c-9.998 9.997-26.207 9.997-36.204-.001z\"><\/path><\/svg>\t\t\t\t\t\t<\/span>\n\t\t\t\t\t\t\t\t\t\t<span class=\"elementor-icon-list-text\">nuova costruzione<\/span>\n\t\t\t\t\t\t\t\t\t<\/li>\n\t\t\t\t\t\t\t\t<li class=\"elementor-icon-list-item\">\n\t\t\t\t\t\t\t\t\t\t\t<span class=\"elementor-icon-list-icon\">\n\t\t\t\t\t\t\t<svg aria-hidden=\"true\" class=\"e-font-icon-svg e-fas-check\" viewbox=\"0 0 512 512\" xmlns=\"http:\/\/www.w3.org\/2000\/svg\"><path d=\"M173.898 439.404l-166.4-166.4c-9.997-9.997-9.997-26.206 0-36.204l36.203-36.204c9.997-9.998 26.207-9.998 36.204 0L192 312.69 432.095 72.596c9.997-9.997 26.207-9.997 36.204 0l36.203 36.204c9.997 9.997 9.997 26.206 0 36.204l-294.4 294.401c-9.998 9.997-26.207 9.997-36.204-.001z\"><\/path><\/svg>\t\t\t\t\t\t<\/span>\n\t\t\t\t\t\t\t\t\t\t<span class=\"elementor-icon-list-text\">migliori immobili<\/span>\n\t\t\t\t\t\t\t\t\t<\/li>\n\t\t\t\t\t\t\t\t<li class=\"elementor-icon-list-item\">\n\t\t\t\t\t\t\t\t\t\t\t<span class=\"elementor-icon-list-icon\">\n\t\t\t\t\t\t\t<svg aria-hidden=\"true\" class=\"e-font-icon-svg e-fas-check\" viewbox=\"0 0 512 512\" xmlns=\"http:\/\/www.w3.org\/2000\/svg\"><path d=\"M173.898 439.404l-166.4-166.4c-9.997-9.997-9.997-26.206 0-36.204l36.203-36.204c9.997-9.998 26.207-9.998 36.204 0L192 312.69 432.095 72.596c9.997-9.997 26.207-9.997 36.204 0l36.203 36.204c9.997 9.997 9.997 26.206 0 36.204l-294.4 294.401c-9.998 9.997-26.207 9.997-36.204-.001z\"><\/path><\/svg>\t\t\t\t\t\t<\/span>\n\t\t\t\t\t\t\t\t\t\t<span class=\"elementor-icon-list-text\">immobili di investimento<\/span>\n\t\t\t\t\t\t\t\t\t<\/li>\n\t\t\t\t\t\t<\/ul>\n\t\t\t\t\t\t<\/div>\n\t\t\t\t<\/div>\n\t\t\t\t\t<\/div>\n\t\t\t\t<\/div>\n\t\t<div class=\"elementor-element elementor-element-822beb4 e-con-full e-flex e-con e-child\" data-id=\"822beb4\" data-element_type=\"container\">\n\t\t\t\t<div class=\"elementor-element elementor-element-ca104b4 elementor-widget elementor-widget-image\" data-id=\"ca104b4\" data-element_type=\"widget\" data-widget_type=\"image.default\">\n\t\t\t\t<div class=\"elementor-widget-container\">\n\t\t\t\t\t\t\t\t\t\t\t\t\t\t\t<img loading=\"lazy\" decoding=\"async\" width=\"600\" height=\"260\" src=\"https:\/\/ardor-realestate.com\/wp-content\/uploads\/2024\/06\/Untitled-design-2024-06-03T182339.253.png\" class=\"attachment-full size-full wp-image-18652\" alt=\"\" srcset=\"https:\/\/ardor-realestate.com\/wp-content\/uploads\/2024\/06\/Untitled-design-2024-06-03T182339.253.png 600w, https:\/\/ardor-realestate.com\/wp-content\/uploads\/2024\/06\/Untitled-design-2024-06-03T182339.253-496x215.png 496w\" sizes=\"auto, (max-width: 600px) 100vw, 600px\" \/>\t\t\t\t\t\t\t\t\t\t\t\t\t\t\t<\/div>\n\t\t\t\t<\/div>\n\t\t\t\t<\/div>\n\t\t\t\t<\/div>\n\t\t\t\t<div class=\"elementor-element elementor-element-19d78b90 elementor-widget elementor-widget-spacer\" data-id=\"19d78b90\" data-element_type=\"widget\" data-widget_type=\"spacer.default\">\n\t\t\t\t<div class=\"elementor-widget-container\">\n\t\t\t\t\t\t\t<div class=\"elementor-spacer\">\n\t\t\t<div class=\"elementor-spacer-inner\"><\/div>\n\t\t<\/div>\n\t\t\t\t\t\t<\/div>\n\t\t\t\t<\/div>\n\t\t\t\t\t<\/div>\n\t\t\t\t<\/div>\n\t\t<div class=\"elementor-element elementor-element-d19cd52 e-flex e-con-boxed e-con e-parent\" data-id=\"d19cd52\" data-element_type=\"container\" data-settings=\"{&quot;background_background&quot;:&quot;classic&quot;,&quot;shape_divider_bottom&quot;:&quot;triangle&quot;,&quot;shape_divider_bottom_negative&quot;:&quot;yes&quot;,&quot;shape_divider_top&quot;:&quot;triangle&quot;}\">\n\t\t\t\t\t<div class=\"e-con-inner\">\n\t\t\t\t<div class=\"elementor-shape elementor-shape-top\" aria-hidden=\"true\" data-negative=\"false\">\n\t\t\t<svg xmlns=\"http:\/\/www.w3.org\/2000\/svg\" viewbox=\"0 0 1000 100\" preserveaspectratio=\"none\">\n\t<path class=\"elementor-shape-fill\" d=\"M500,98.9L0,6.1V0h1000v6.1L500,98.9z\"\/>\n<\/svg>\t\t<\/div>\n\t\t\t\t<div class=\"elementor-shape elementor-shape-bottom\" aria-hidden=\"true\" data-negative=\"true\">\n\t\t\t<svg xmlns=\"http:\/\/www.w3.org\/2000\/svg\" viewbox=\"0 0 1000 100\" preserveaspectratio=\"none\">\n\t<path class=\"elementor-shape-fill\" d=\"M500.2,94.7L0,0v100h1000V0L500.2,94.7z\"\/>\n<\/svg>\t\t<\/div>\n\t\t\t\t<div class=\"elementor-element elementor-element-d16db1d elementor-widget elementor-widget-spacer\" data-id=\"d16db1d\" data-element_type=\"widget\" data-widget_type=\"spacer.default\">\n\t\t\t\t<div class=\"elementor-widget-container\">\n\t\t\t\t\t\t\t<div class=\"elementor-spacer\">\n\t\t\t<div class=\"elementor-spacer-inner\"><\/div>\n\t\t<\/div>\n\t\t\t\t\t\t<\/div>\n\t\t\t\t<\/div>\n\t\t<div class=\"elementor-element elementor-element-48e7a69 e-con-full e-flex e-con e-child\" data-id=\"48e7a69\" data-element_type=\"container\">\n\t\t<div class=\"elementor-element elementor-element-a83afe6 e-con-full e-flex e-con e-child\" data-id=\"a83afe6\" data-element_type=\"container\">\n\t\t\t\t<div class=\"elementor-element elementor-element-4deafd5 elementor-widget elementor-widget-heading\" data-id=\"4deafd5\" data-element_type=\"widget\" data-widget_type=\"heading.default\">\n\t\t\t\t<div class=\"elementor-widget-container\">\n\t\t\t\t\t<h2 class=\"elementor-heading-title elementor-size-default\">Tutto in un unico posto<\/h2>\t\t\t\t<\/div>\n\t\t\t\t<\/div>\n\t\t\t\t<div class=\"elementor-element elementor-element-97e3aee elementor-widget elementor-widget-text-editor\" data-id=\"97e3aee\" data-element_type=\"widget\" data-widget_type=\"text-editor.default\">\n\t\t\t\t<div class=\"elementor-widget-container\">\n\t\t\t\t\t\t\t\t\t<p>Ti offriamo tutto ci\u00f2 di cui hai bisogno in un unico posto.<\/p><p>Che tu stia acquistando, vendendo o investendo, siamo qui per aiutarti in ogni fase del percorso.<\/p>\t\t\t\t\t\t\t\t<\/div>\n\t\t\t\t<\/div>\n\t\t\t\t<\/div>\n\t\t<div class=\"elementor-element elementor-element-f3c7e65 e-con-full e-flex e-con e-child\" data-id=\"f3c7e65\" data-element_type=\"container\">\n\t\t\t\t<div class=\"elementor-element elementor-element-c474463 elementor-widget elementor-widget-counter\" data-id=\"c474463\" data-element_type=\"widget\" data-widget_type=\"counter.default\">\n\t\t\t\t<div class=\"elementor-widget-container\">\n\t\t\t\t\t\t\t<div class=\"elementor-counter\">\n\t\t\t<div class=\"elementor-counter-title\">clienti soddisfatti<\/div>\t\t\t<div class=\"elementor-counter-number-wrapper\">\n\t\t\t\t<span class=\"elementor-counter-number-prefix\"><\/span>\n\t\t\t\t<span class=\"elementor-counter-number\" data-duration=\"2000\" data-to-value=\"5000\" data-from-value=\"0\" data-delimiter=\",\">0<\/span>\n\t\t\t\t<span class=\"elementor-counter-number-suffix\">+<\/span>\n\t\t\t<\/div>\n\t\t<\/div>\n\t\t\t\t\t\t<\/div>\n\t\t\t\t<\/div>\n\t\t\t\t<div class=\"elementor-element elementor-element-999ab62 elementor-widget elementor-widget-counter\" data-id=\"999ab62\" data-element_type=\"widget\" data-widget_type=\"counter.default\">\n\t\t\t\t<div class=\"elementor-widget-container\">\n\t\t\t\t\t\t\t<div class=\"elementor-counter\">\n\t\t\t<div class=\"elementor-counter-title\">degli immobili venduti<\/div>\t\t\t<div class=\"elementor-counter-number-wrapper\">\n\t\t\t\t<span class=\"elementor-counter-number-prefix\"><\/span>\n\t\t\t\t<span class=\"elementor-counter-number\" data-duration=\"2000\" data-to-value=\"2500\" data-from-value=\"0\" data-delimiter=\",\">0<\/span>\n\t\t\t\t<span class=\"elementor-counter-number-suffix\">+<\/span>\n\t\t\t<\/div>\n\t\t<\/div>\n\t\t\t\t\t\t<\/div>\n\t\t\t\t<\/div>\n\t\t\t\t<div class=\"elementor-element elementor-element-d756555 elementor-widget elementor-widget-counter\" data-id=\"d756555\" data-element_type=\"widget\" data-widget_type=\"counter.default\">\n\t\t\t\t<div class=\"elementor-widget-container\">\n\t\t\t\t\t\t\t<div class=\"elementor-counter\">\n\t\t\t<div class=\"elementor-counter-title\">del patrimonio immobiliare attivo<\/div>\t\t\t<div class=\"elementor-counter-number-wrapper\">\n\t\t\t\t<span class=\"elementor-counter-number-prefix\"><\/span>\n\t\t\t\t<span class=\"elementor-counter-number\" data-duration=\"2000\" data-to-value=\"800\" data-from-value=\"0\" data-delimiter=\",\">0<\/span>\n\t\t\t\t<span class=\"elementor-counter-number-suffix\">+<\/span>\n\t\t\t<\/div>\n\t\t<\/div>\n\t\t\t\t\t\t<\/div>\n\t\t\t\t<\/div>\n\t\t\t\t<\/div>\n\t\t\t\t<\/div>\n\t\t\t\t<div class=\"elementor-element elementor-element-d790897 elementor-widget elementor-widget-spacer\" data-id=\"d790897\" data-element_type=\"widget\" data-widget_type=\"spacer.default\">\n\t\t\t\t<div class=\"elementor-widget-container\">\n\t\t\t\t\t\t\t<div class=\"elementor-spacer\">\n\t\t\t<div class=\"elementor-spacer-inner\"><\/div>\n\t\t<\/div>\n\t\t\t\t\t\t<\/div>\n\t\t\t\t<\/div>\n\t\t\t\t\t<\/div>\n\t\t\t\t<\/div>\n\t\t<div class=\"elementor-element elementor-element-38cb3bab e-flex e-con-boxed e-con e-parent\" data-id=\"38cb3bab\" data-element_type=\"container\" data-settings=\"{&quot;background_background&quot;:&quot;classic&quot;}\">\n\t\t\t\t\t<div class=\"e-con-inner\">\n\t\t\t\t<div class=\"elementor-element elementor-element-3f22764a elementor-widget elementor-widget-spacer\" data-id=\"3f22764a\" data-element_type=\"widget\" data-widget_type=\"spacer.default\">\n\t\t\t\t<div class=\"elementor-widget-container\">\n\t\t\t\t\t\t\t<div class=\"elementor-spacer\">\n\t\t\t<div class=\"elementor-spacer-inner\"><\/div>\n\t\t<\/div>\n\t\t\t\t\t\t<\/div>\n\t\t\t\t<\/div>\n\t\t<div class=\"elementor-element elementor-element-ac9c7f e-con-full e-flex e-con e-child\" data-id=\"ac9c7f\" data-element_type=\"container\">\n\t\t<div class=\"elementor-element elementor-element-4694687a e-flex e-con-boxed e-con e-child\" data-id=\"4694687a\" data-element_type=\"container\">\n\t\t\t\t\t<div class=\"e-con-inner\">\n\t\t\t\t<div class=\"elementor-element elementor-element-498b0aa elementor-widget elementor-widget-heading\" data-id=\"498b0aa\" data-element_type=\"widget\" data-widget_type=\"heading.default\">\n\t\t\t\t<div class=\"elementor-widget-container\">\n\t\t\t\t\t<h2 class=\"elementor-heading-title elementor-size-default\">Visione e missione<\/h2>\t\t\t\t<\/div>\n\t\t\t\t<\/div>\n\t\t\t\t<div class=\"elementor-element elementor-element-7f088ea elementor-widget elementor-widget-text-editor\" data-id=\"7f088ea\" data-element_type=\"widget\" data-widget_type=\"text-editor.default\">\n\t\t\t\t<div class=\"elementor-widget-container\">\n\t\t\t\t\t\t\t\t\t<p>Il Gruppo ARDOR offre servizi di consulenza e ricerca immobiliare per coloro che vogliono vendere, acquistare, investire o affittare immobili di prestigio nel Quarnero, in Istria, ... e in tutta la Croazia, nonch\u00e9 per coloro che desiderano gestire affari di alto livello in modo confidenziale.<\/p><p>ARDOR nasce dall&#039;idea visionaria del suo fondatore, che ha portato un nuovo concetto immobiliare, capace di coniugare servizi, tutela dell&#039;ambiente e ricerca di qualit\u00e0 e benessere.<\/p><p>Le caratteristiche che hanno reso ARDOR un&#039;agenzia unica per gli immobili e gli investimenti immobiliari nella Contea di Primorje-Gorski Kotar con le sue isole, Opatija, Istria... sono:<\/p><p>Nella capacit\u00e0 di coniugare passione, tradizione, professionalit\u00e0 e innovazione per offrire servizi e prodotti di qualit\u00e0.<\/p><p>La nostra pi\u00f9 grande risorsa sono i nostri clienti. Per questo costruiamo la nostra attivit\u00e0 attorno alle loro specifiche esigenze, mettendo a loro disposizione la nostra esperienza, competenza e professionalit\u00e0.<\/p><p>Abbiamo sviluppato la capacit\u00e0 di comprendere e interpretare le esigenze dei clienti, ponendoci come real estate finder in grado di individuare e scegliere le soluzioni pi\u00f9 adatte agli specifici obiettivi dei clienti, perch\u00e9 una casa o un appartamento non \u00e8 solo un immobile, ma un valore superiore tempo.<\/p><p>La nostra capacit\u00e0, dopo pi\u00f9 di 30 anni di esperienza in diversi settori, \u00e8 quella di individuare per ogni tipologia di cliente il suo stile, stile di vita, location perfetta, in una parola... la sua casa perfetta, investimento, ecc.<\/p><p>All&#039;indiscutibile conoscenza del territorio, ARDOR unisce una forte vocazione internazionale, essendo partner e associato ad alcuni degli esclusivi network immobiliari di lusso: LUXUSLIEGENSCHAFTEN, JAMES EDITION.<\/p><p>La nostra presenza sul territorio nazionale, unita alla profonda conoscenza dei mercati locali, ci consente di sfruttare ogni opportunit\u00e0 per rendere pi\u00f9 rapidi i processi aziendali e avere una visione chiara e precisa delle condizioni generali e delle tendenze future del mercato immobiliare globale.<\/p><p>Attraverso la struttura ampliata di ARDOR, un&#039;organizzazione basata su business unit e un approccio integrato tra diversi team, ARDOR \u00e8 in grado di offrire servizi integrati, specificamente progettati per garantire il massimo ritorno sull&#039;investimento per proprietari e sviluppatori.<\/p>\t\t\t\t\t\t\t\t<\/div>\n\t\t\t\t<\/div>\n\t\t\t\t\t<\/div>\n\t\t\t\t<\/div>\n\t\t\t\t<\/div>\n\t\t\t\t<div class=\"elementor-element elementor-element-25d4d990 elementor-widget elementor-widget-spacer\" data-id=\"25d4d990\" data-element_type=\"widget\" data-widget_type=\"spacer.default\">\n\t\t\t\t<div class=\"elementor-widget-container\">\n\t\t\t\t\t\t\t<div class=\"elementor-spacer\">\n\t\t\t<div class=\"elementor-spacer-inner\"><\/div>\n\t\t<\/div>\n\t\t\t\t\t\t<\/div>\n\t\t\t\t<\/div>\n\t\t\t\t\t<\/div>\n\t\t\t\t<\/div>\n\t\t\t\t<\/div>","protected":false},"excerpt":{"rendered":"<p>O nama ARDOR je me\u0111u protagonistima sektora nekretnina u Hrvatskoj. Ozbiljan i pouzdan partner je zajam\u010deni izbor za one koji \u017eele investirati u nekretnine visoke kvalitete, bilo da kupuju, iznajmljuju ili razvijaju projekte. ARDOR nekretnine ARDOR nudi luksuzne nekretnine u regiji Primorsko-goranske \u017eupanije uklju\u010duju\u0107i njene otoke, Opatiju, Istru\u2026 i pru\u017ea strogo povjerljive savjetodavne usluge visokog [&hellip;]<\/p>","protected":false},"author":2,"featured_media":0,"parent":0,"menu_order":0,"comment_status":"closed","ping_status":"closed","template":"elementor_header_footer","meta":{"inline_featured_image":false,"footnotes":""},"class_list":["post-16650","page","type-page","status-publish","hentry"],"_links":{"self":[{"href":"https:\/\/ardor-realestate.com\/it\/wp-json\/wp\/v2\/pages\/16650","targetHints":{"allow":["GET"]}}],"collection":[{"href":"https:\/\/ardor-realestate.com\/it\/wp-json\/wp\/v2\/pages"}],"about":[{"href":"https:\/\/ardor-realestate.com\/it\/wp-json\/wp\/v2\/types\/page"}],"author":[{"embeddable":true,"href":"https:\/\/ardor-realestate.com\/it\/wp-json\/wp\/v2\/users\/2"}],"replies":[{"embeddable":true,"href":"https:\/\/ardor-realestate.com\/it\/wp-json\/wp\/v2\/comments?post=16650"}],"version-history":[{"count":0,"href":"https:\/\/ardor-realestate.com\/it\/wp-json\/wp\/v2\/pages\/16650\/revisions"}],"wp:attachment":[{"href":"https:\/\/ardor-realestate.com\/it\/wp-json\/wp\/v2\/media?parent=16650"}],"curies":[{"name":"wp","href":"https:\/\/api.w.org\/{rel}","templated":true}]}}