{"id":54160,"date":"2025-07-24T07:38:46","date_gmt":"2025-07-24T05:38:46","guid":{"rendered":"https:\/\/ardor-realestate.com\/?page_id=54160"},"modified":"2025-07-24T07:48:05","modified_gmt":"2025-07-24T05:48:05","slug":"blog","status":"publish","type":"page","link":"https:\/\/ardor-realestate.com\/hu\/blog\/","title":{"rendered":"Blog"},"content":{"rendered":"<div data-elementor-type=\"wp-page\" data-elementor-id=\"54160\" class=\"elementor elementor-54160\" data-elementor-post-type=\"page\">\n\t\t\t\t<div class=\"elementor-element elementor-element-09308b8 e-flex e-con-boxed e-con e-parent\" data-id=\"09308b8\" data-element_type=\"container\" data-settings=\"{&quot;background_background&quot;:&quot;classic&quot;,&quot;shape_divider_bottom&quot;:&quot;pyramids&quot;}\">\n\t\t\t\t\t<div class=\"e-con-inner\">\n\t\t\t\t<div class=\"elementor-shape elementor-shape-bottom\" aria-hidden=\"true\" data-negative=\"false\">\n\t\t\t<svg xmlns=\"http:\/\/www.w3.org\/2000\/svg\" viewbox=\"0 0 1000 100\" preserveaspectratio=\"none\">\n\t<path class=\"elementor-shape-fill\" d=\"M761.9,44.1L643.1,27.2L333.8,98L0,3.8V0l1000,0v3.9\"\/>\n<\/svg>\t\t<\/div>\n\t\t\t\t<div class=\"elementor-element elementor-element-b5e4755 elementor-widget elementor-widget-spacer\" data-id=\"b5e4755\" data-element_type=\"widget\" data-widget_type=\"spacer.default\">\n\t\t\t\t<div class=\"elementor-widget-container\">\n\t\t\t\t\t\t\t<div class=\"elementor-spacer\">\n\t\t\t<div class=\"elementor-spacer-inner\"><\/div>\n\t\t<\/div>\n\t\t\t\t\t\t<\/div>\n\t\t\t\t<\/div>\n\t\t<div class=\"elementor-element elementor-element-72a7619 e-con-full e-flex e-con e-child\" data-id=\"72a7619\" data-element_type=\"container\">\n\t\t<div class=\"elementor-element elementor-element-7b819d7 e-con-full e-flex e-con e-child\" data-id=\"7b819d7\" data-element_type=\"container\">\n\t\t\t\t<div class=\"elementor-element elementor-element-76db3af elementor-widget elementor-widget-heading\" data-id=\"76db3af\" data-element_type=\"widget\" data-widget_type=\"heading.default\">\n\t\t\t\t<div class=\"elementor-widget-container\">\n\t\t\t\t\t<h1 class=\"elementor-heading-title elementor-size-default\">Blog<\/h1>\t\t\t\t<\/div>\n\t\t\t\t<\/div>\n\t\t\t\t<div class=\"elementor-element elementor-element-a5a5e35 elementor-widget elementor-widget-text-editor\" data-id=\"a5a5e35\" data-element_type=\"widget\" data-widget_type=\"text-editor.default\">\n\t\t\t\t<div class=\"elementor-widget-container\">\n\t\t\t\t\t\t\t\t\t<p>Szak\u00e9rt\u0151i tan\u00e1csok, amelyek seg\u00edthetnek ingatlan v\u00e1s\u00e1rl\u00e1sakor vagy elad\u00e1sakor.<\/p>\t\t\t\t\t\t\t\t<\/div>\n\t\t\t\t<\/div>\n\t\t\t\t<\/div>\n\t\t\t\t<\/div>\n\t\t\t\t<div class=\"elementor-element elementor-element-4a70f58 elementor-widget elementor-widget-spacer\" data-id=\"4a70f58\" data-element_type=\"widget\" data-widget_type=\"spacer.default\">\n\t\t\t\t<div class=\"elementor-widget-container\">\n\t\t\t\t\t\t\t<div class=\"elementor-spacer\">\n\t\t\t<div class=\"elementor-spacer-inner\"><\/div>\n\t\t<\/div>\n\t\t\t\t\t\t<\/div>\n\t\t\t\t<\/div>\n\t\t\t\t\t<\/div>\n\t\t\t\t<\/div>\n\t\t<div class=\"elementor-element elementor-element-e27301c e-flex e-con-boxed e-con e-parent\" data-id=\"e27301c\" data-element_type=\"container\" data-settings=\"{&quot;background_background&quot;:&quot;classic&quot;}\">\n\t\t\t\t\t<div class=\"e-con-inner\">\n\t\t\t\t<div class=\"elementor-element elementor-element-b144330 elementor-grid-3 elementor-grid-tablet-2 elementor-grid-mobile-1 elementor-posts--thumbnail-top elementor-card-shadow-yes elementor-posts__hover-gradient elementor-widget elementor-widget-posts\" data-id=\"b144330\" data-element_type=\"widget\" data-settings=\"{&quot;cards_row_gap&quot;:{&quot;unit&quot;:&quot;px&quot;,&quot;size&quot;:38,&quot;sizes&quot;:[]},&quot;cards_columns&quot;:&quot;3&quot;,&quot;cards_columns_tablet&quot;:&quot;2&quot;,&quot;cards_columns_mobile&quot;:&quot;1&quot;,&quot;cards_row_gap_tablet&quot;:{&quot;unit&quot;:&quot;px&quot;,&quot;size&quot;:&quot;&quot;,&quot;sizes&quot;:[]},&quot;cards_row_gap_mobile&quot;:{&quot;unit&quot;:&quot;px&quot;,&quot;size&quot;:&quot;&quot;,&quot;sizes&quot;:[]}}\" data-widget_type=\"posts.cards\">\n\t\t\t\t<div class=\"elementor-widget-container\">\n\t\t\t\t\t\t\t<div class=\"elementor-posts-container elementor-posts elementor-posts--skin-cards elementor-grid\" role=\"list\">\n\t\t\t\t<article class=\"elementor-post elementor-grid-item post-56823 post type-post status-publish format-standard has-post-thumbnail hentry category-saveti\" role=\"listitem\">\n\t\t\t<div class=\"elementor-post__card\">\n\t\t\t\t<a class=\"elementor-post__thumbnail__link\" href=\"https:\/\/ardor-realestate.com\/hu\/blog\/troskovi-kupnje-stana-u-hrvatskoj-koji-su-gdje-se-i-kome-placaju-dodatni-troskovi\/\" tabindex=\"-1\" ><div class=\"elementor-post__thumbnail\"><img loading=\"lazy\" decoding=\"async\" width=\"2560\" height=\"1709\" src=\"https:\/\/ardor-realestate.com\/wp-content\/uploads\/2025\/09\/pexels-pavel-danilyuk-7937717-scaled.jpg\" class=\"attachment-medium size-medium wp-image-56824\" alt=\"novac-prodaja-stana\" srcset=\"https:\/\/ardor-realestate.com\/wp-content\/uploads\/2025\/09\/pexels-pavel-danilyuk-7937717-scaled.jpg 2560w, https:\/\/ardor-realestate.com\/wp-content\/uploads\/2025\/09\/pexels-pavel-danilyuk-7937717-768x513.jpg 768w, https:\/\/ardor-realestate.com\/wp-content\/uploads\/2025\/09\/pexels-pavel-danilyuk-7937717-1536x1025.jpg 1536w, https:\/\/ardor-realestate.com\/wp-content\/uploads\/2025\/09\/pexels-pavel-danilyuk-7937717-2048x1367.jpg 2048w, https:\/\/ardor-realestate.com\/wp-content\/uploads\/2025\/09\/pexels-pavel-danilyuk-7937717-18x12.jpg 18w, https:\/\/ardor-realestate.com\/wp-content\/uploads\/2025\/09\/pexels-pavel-danilyuk-7937717-899x600.jpg 899w, https:\/\/ardor-realestate.com\/wp-content\/uploads\/2025\/09\/pexels-pavel-danilyuk-7937717-496x331.jpg 496w\" sizes=\"auto, (max-width: 2560px) 100vw, 2560px\" \/><\/div><\/a>\n\t\t\t\t<div class=\"elementor-post__text\">\n\t\t\t\t<h2 class=\"elementor-post__title\">\n\t\t\t<a href=\"https:\/\/ardor-realestate.com\/hu\/blog\/troskovi-kupnje-stana-u-hrvatskoj-koji-su-gdje-se-i-kome-placaju-dodatni-troskovi\/\" >\n\t\t\t\tHorv\u00e1torsz\u00e1gban lak\u00e1sv\u00e1s\u00e1rl\u00e1s k\u00f6lts\u00e9gei \u2013 milyen tov\u00e1bbi k\u00f6lts\u00e9gek mer\u00fclnek fel, hol \u00e9s kinek fizetik ki azokat?\t\t\t<\/a>\n\t\t<\/h2>\n\t\t\t\t<div class=\"elementor-post__excerpt\">\n\t\t\t<p>Tijekom potrage za novim domom, treba uzeti u obzir da kupnja stana nosi sa sobom vi\u0161e od dogovorene cijene. Osim<\/p>\n\t\t<\/div>\n\t\t\t\t<\/div>\n\t\t\t\t<div class=\"elementor-post__meta-data\">\n\t\t\t\t\t<span class=\"elementor-post-date\">\n\t\t\t9. szeptember 2025.\t\t<\/span>\n\t\t\t\t<span class=\"elementor-post-avatar\">\n\t\t\tNincs hozz\u00e1sz\u00f3l\u00e1s\t\t<\/span>\n\t\t\t\t<\/div>\n\t\t\t\t\t<\/div>\n\t\t<\/article>\n\t\t\t\t<article class=\"elementor-post elementor-grid-item post-56745 post type-post status-publish format-standard has-post-thumbnail hentry category-saveti\" role=\"listitem\">\n\t\t\t<div class=\"elementor-post__card\">\n\t\t\t\t<a class=\"elementor-post__thumbnail__link\" href=\"https:\/\/ardor-realestate.com\/hu\/blog\/hogyan-lehet-tulajdoni-lapot-szerezni-es-hogyan-lehet-megtalalni-az-interneten\/\" tabindex=\"-1\" ><div class=\"elementor-post__thumbnail\"><img loading=\"lazy\" decoding=\"async\" width=\"2560\" height=\"1707\" src=\"https:\/\/ardor-realestate.com\/wp-content\/uploads\/2025\/09\/pexels-khwanchai-4161619-scaled.jpg\" class=\"attachment-medium size-medium wp-image-56747\" alt=\"tulajdonos-lista-n\u0151-modell-h\u00e1z-kulcs\" srcset=\"https:\/\/ardor-realestate.com\/wp-content\/uploads\/2025\/09\/pexels-khwanchai-4161619-scaled.jpg 2560w, https:\/\/ardor-realestate.com\/wp-content\/uploads\/2025\/09\/pexels-khwanchai-4161619-768x512.jpg 768w, https:\/\/ardor-realestate.com\/wp-content\/uploads\/2025\/09\/pexels-khwanchai-4161619-1536x1024.jpg 1536w, https:\/\/ardor-realestate.com\/wp-content\/uploads\/2025\/09\/pexels-khwanchai-4161619-2048x1365.jpg 2048w, https:\/\/ardor-realestate.com\/wp-content\/uploads\/2025\/09\/pexels-khwanchai-4161619-18x12.jpg 18w, https:\/\/ardor-realestate.com\/wp-content\/uploads\/2025\/09\/pexels-khwanchai-4161619-900x600.jpg 900w, https:\/\/ardor-realestate.com\/wp-content\/uploads\/2025\/09\/pexels-khwanchai-4161619-496x331.jpg 496w\" sizes=\"auto, (max-width: 2560px) 100vw, 2560px\" \/><\/div><\/a>\n\t\t\t\t<div class=\"elementor-post__text\">\n\t\t\t\t<h2 class=\"elementor-post__title\">\n\t\t\t<a href=\"https:\/\/ardor-realestate.com\/hu\/blog\/hogyan-lehet-tulajdoni-lapot-szerezni-es-hogyan-lehet-megtalalni-az-interneten\/\" >\n\t\t\t\tHogyan lehet tulajdoni lapot szerezni, \u00e9s hogyan lehet online megtal\u00e1lni?\t\t\t<\/a>\n\t\t<\/h2>\n\t\t\t\t<div class=\"elementor-post__excerpt\">\n\t\t\t<p>&nbsp; Jeste li se ikad na\u0161li u situaciji da vam je hitno potreban vlasni\u010dki list? Mo\u017eda planirate kupiti stan, di\u017eete<\/p>\n\t\t<\/div>\n\t\t\t\t<\/div>\n\t\t\t\t<div class=\"elementor-post__meta-data\">\n\t\t\t\t\t<span class=\"elementor-post-date\">\n\t\t\t5. szeptember 2025.\t\t<\/span>\n\t\t\t\t<span class=\"elementor-post-avatar\">\n\t\t\tNincs hozz\u00e1sz\u00f3l\u00e1s\t\t<\/span>\n\t\t\t\t<\/div>\n\t\t\t\t\t<\/div>\n\t\t<\/article>\n\t\t\t\t<article class=\"elementor-post elementor-grid-item post-56589 post type-post status-publish format-standard has-post-thumbnail hentry category-saveti\" role=\"listitem\">\n\t\t\t<div class=\"elementor-post__card\">\n\t\t\t\t<a class=\"elementor-post__thumbnail__link\" href=\"https:\/\/ardor-realestate.com\/hu\/blog\/kako-izracunati-vrijednost-nekretnine\/\" tabindex=\"-1\" ><div class=\"elementor-post__thumbnail\"><img loading=\"lazy\" decoding=\"async\" width=\"2560\" height=\"1708\" src=\"https:\/\/ardor-realestate.com\/wp-content\/uploads\/2025\/09\/pexels-jakubzerdzicki-29521542-scaled.jpg\" class=\"attachment-medium size-medium wp-image-56591\" alt=\"novac-kljuc-od-nekretnine\" srcset=\"https:\/\/ardor-realestate.com\/wp-content\/uploads\/2025\/09\/pexels-jakubzerdzicki-29521542-scaled.jpg 2560w, https:\/\/ardor-realestate.com\/wp-content\/uploads\/2025\/09\/pexels-jakubzerdzicki-29521542-768x512.jpg 768w, https:\/\/ardor-realestate.com\/wp-content\/uploads\/2025\/09\/pexels-jakubzerdzicki-29521542-1536x1025.jpg 1536w, https:\/\/ardor-realestate.com\/wp-content\/uploads\/2025\/09\/pexels-jakubzerdzicki-29521542-2048x1366.jpg 2048w, https:\/\/ardor-realestate.com\/wp-content\/uploads\/2025\/09\/pexels-jakubzerdzicki-29521542-18x12.jpg 18w, https:\/\/ardor-realestate.com\/wp-content\/uploads\/2025\/09\/pexels-jakubzerdzicki-29521542-900x600.jpg 900w, https:\/\/ardor-realestate.com\/wp-content\/uploads\/2025\/09\/pexels-jakubzerdzicki-29521542-496x331.jpg 496w\" sizes=\"auto, (max-width: 2560px) 100vw, 2560px\" \/><\/div><\/a>\n\t\t\t\t<div class=\"elementor-post__text\">\n\t\t\t\t<h2 class=\"elementor-post__title\">\n\t\t\t<a href=\"https:\/\/ardor-realestate.com\/hu\/blog\/kako-izracunati-vrijednost-nekretnine\/\" >\n\t\t\t\tHogyan kell kisz\u00e1m\u00edtani egy ingatlan \u00e9rt\u00e9k\u00e9t?\t\t\t<\/a>\n\t\t<\/h2>\n\t\t\t\t<div class=\"elementor-post__excerpt\">\n\t\t\t<p>Kupnja ili prodaja nekretnine nije mala stvar. Nije isto nalazi li se stan u centru grada ili na periferiji. Tako\u0111er,<\/p>\n\t\t<\/div>\n\t\t\t\t<\/div>\n\t\t\t\t<div class=\"elementor-post__meta-data\">\n\t\t\t\t\t<span class=\"elementor-post-date\">\n\t\t\t2. szeptember 2025.\t\t<\/span>\n\t\t\t\t<span class=\"elementor-post-avatar\">\n\t\t\tNincs hozz\u00e1sz\u00f3l\u00e1s\t\t<\/span>\n\t\t\t\t<\/div>\n\t\t\t\t\t<\/div>\n\t\t<\/article>\n\t\t\t\t<article class=\"elementor-post elementor-grid-item post-55672 post type-post status-publish format-standard has-post-thumbnail hentry category-saveti\" role=\"listitem\">\n\t\t\t<div class=\"elementor-post__card\">\n\t\t\t\t<a class=\"elementor-post__thumbnail__link\" href=\"https:\/\/ardor-realestate.com\/hu\/blog\/kako-iznajmiti-poslovni-prostor-stranim-drzavljanima-u-hrvatskoj\/\" tabindex=\"-1\" ><div class=\"elementor-post__thumbnail\"><img loading=\"lazy\" decoding=\"async\" width=\"936\" height=\"692\" src=\"https:\/\/ardor-realestate.com\/wp-content\/uploads\/2025\/08\/poslovni-prostor.jpg\" class=\"attachment-medium size-medium wp-image-55674\" alt=\"\" srcset=\"https:\/\/ardor-realestate.com\/wp-content\/uploads\/2025\/08\/poslovni-prostor.jpg 936w, https:\/\/ardor-realestate.com\/wp-content\/uploads\/2025\/08\/poslovni-prostor-768x568.jpg 768w, https:\/\/ardor-realestate.com\/wp-content\/uploads\/2025\/08\/poslovni-prostor-16x12.jpg 16w, https:\/\/ardor-realestate.com\/wp-content\/uploads\/2025\/08\/poslovni-prostor-812x600.jpg 812w, https:\/\/ardor-realestate.com\/wp-content\/uploads\/2025\/08\/poslovni-prostor-120x90.jpg 120w, https:\/\/ardor-realestate.com\/wp-content\/uploads\/2025\/08\/poslovni-prostor-496x367.jpg 496w\" sizes=\"auto, (max-width: 936px) 100vw, 936px\" \/><\/div><\/a>\n\t\t\t\t<div class=\"elementor-post__text\">\n\t\t\t\t<h2 class=\"elementor-post__title\">\n\t\t\t<a href=\"https:\/\/ardor-realestate.com\/hu\/blog\/kako-iznajmiti-poslovni-prostor-stranim-drzavljanima-u-hrvatskoj\/\" >\n\t\t\t\tHogyan lehet \u00fczleti helyis\u00e9get b\u00e9rbe adni k\u00fclf\u00f6ldi \u00e1llampolg\u00e1roknak Horv\u00e1torsz\u00e1gban?\t\t\t<\/a>\n\t\t<\/h2>\n\t\t\t\t<div class=\"elementor-post__excerpt\">\n\t\t\t<p>Sve vi\u0161e stranih dr\u017eavljana dolazi u Hrvatsku zbog posla, ulaganja i pokretanja vlastitih poduze\u0107a. Prirodno se postavlja pitanje \u2013 \u0161to<\/p>\n\t\t<\/div>\n\t\t\t\t<\/div>\n\t\t\t\t<div class=\"elementor-post__meta-data\">\n\t\t\t\t\t<span class=\"elementor-post-date\">\n\t\t\t25. augusztus 2025.\t\t<\/span>\n\t\t\t\t<span class=\"elementor-post-avatar\">\n\t\t\tNincs hozz\u00e1sz\u00f3l\u00e1s\t\t<\/span>\n\t\t\t\t<\/div>\n\t\t\t\t\t<\/div>\n\t\t<\/article>\n\t\t\t\t<article class=\"elementor-post elementor-grid-item post-54600 post type-post status-publish format-standard has-post-thumbnail hentry category-saveti\" role=\"listitem\">\n\t\t\t<div class=\"elementor-post__card\">\n\t\t\t\t<a class=\"elementor-post__thumbnail__link\" href=\"https:\/\/ardor-realestate.com\/hu\/blog\/kako-prodati-stan-savjeti-za-brzu-i-efikasnu-prodaju-stana\/\" tabindex=\"-1\" ><div class=\"elementor-post__thumbnail\"><img loading=\"lazy\" decoding=\"async\" width=\"936\" height=\"624\" src=\"https:\/\/ardor-realestate.com\/wp-content\/uploads\/2025\/08\/prodaja-stana.jpg\" class=\"attachment-medium size-medium wp-image-54602\" alt=\"prodaja stana\" srcset=\"https:\/\/ardor-realestate.com\/wp-content\/uploads\/2025\/08\/prodaja-stana.jpg 936w, https:\/\/ardor-realestate.com\/wp-content\/uploads\/2025\/08\/prodaja-stana-768x512.jpg 768w, https:\/\/ardor-realestate.com\/wp-content\/uploads\/2025\/08\/prodaja-stana-18x12.jpg 18w, https:\/\/ardor-realestate.com\/wp-content\/uploads\/2025\/08\/prodaja-stana-900x600.jpg 900w, https:\/\/ardor-realestate.com\/wp-content\/uploads\/2025\/08\/prodaja-stana-496x331.jpg 496w\" sizes=\"auto, (max-width: 936px) 100vw, 936px\" \/><\/div><\/a>\n\t\t\t\t<div class=\"elementor-post__text\">\n\t\t\t\t<h2 class=\"elementor-post__title\">\n\t\t\t<a href=\"https:\/\/ardor-realestate.com\/hu\/blog\/kako-prodati-stan-savjeti-za-brzu-i-efikasnu-prodaju-stana\/\" >\n\t\t\t\tHogyan adjunk el egy lak\u00e1st? Tan\u00e1csok a lak\u00e1s gyors \u00e9s hat\u00e9kony elad\u00e1s\u00e1hoz\t\t\t<\/a>\n\t\t<\/h2>\n\t\t\t\t<div class=\"elementor-post__excerpt\">\n\t\t\t<p>Prodaja stana mo\u017ee biti uzbudljiv, ali i stresan proces. Cilj ve\u0107ine prodavatelja je brza i sigurna prodaja po najboljoj mogu\u0107oj<\/p>\n\t\t<\/div>\n\t\t\t\t<\/div>\n\t\t\t\t<div class=\"elementor-post__meta-data\">\n\t\t\t\t\t<span class=\"elementor-post-date\">\n\t\t\t12. augusztus 2025.\t\t<\/span>\n\t\t\t\t<span class=\"elementor-post-avatar\">\n\t\t\tNincs hozz\u00e1sz\u00f3l\u00e1s\t\t<\/span>\n\t\t\t\t<\/div>\n\t\t\t\t\t<\/div>\n\t\t<\/article>\n\t\t\t\t<article class=\"elementor-post elementor-grid-item post-54181 post type-post status-publish format-standard has-post-thumbnail hentry category-saveti\" role=\"listitem\">\n\t\t\t<div class=\"elementor-post__card\">\n\t\t\t\t<a class=\"elementor-post__thumbnail__link\" href=\"https:\/\/ardor-realestate.com\/hu\/blog\/kako-kupiti-kucu-bez-pomoci-banke-i-ostati-bez-dugova\/\" tabindex=\"-1\" ><div class=\"elementor-post__thumbnail\"><img loading=\"lazy\" decoding=\"async\" width=\"936\" height=\"624\" src=\"https:\/\/ardor-realestate.com\/wp-content\/uploads\/2025\/07\/kupovina-kuce-bez-kredita.jpg\" class=\"attachment-medium size-medium wp-image-54183\" alt=\"lak\u00e1sv\u00e1s\u00e1rl\u00e1s hitel n\u00e9lk\u00fcl\" srcset=\"https:\/\/ardor-realestate.com\/wp-content\/uploads\/2025\/07\/kupovina-kuce-bez-kredita.jpg 936w, https:\/\/ardor-realestate.com\/wp-content\/uploads\/2025\/07\/kupovina-kuce-bez-kredita-768x512.jpg 768w, https:\/\/ardor-realestate.com\/wp-content\/uploads\/2025\/07\/kupovina-kuce-bez-kredita-18x12.jpg 18w, https:\/\/ardor-realestate.com\/wp-content\/uploads\/2025\/07\/kupovina-kuce-bez-kredita-900x600.jpg 900w, https:\/\/ardor-realestate.com\/wp-content\/uploads\/2025\/07\/kupovina-kuce-bez-kredita-496x331.jpg 496w\" sizes=\"auto, (max-width: 936px) 100vw, 936px\" \/><\/div><\/a>\n\t\t\t\t<div class=\"elementor-post__text\">\n\t\t\t\t<h2 class=\"elementor-post__title\">\n\t\t\t<a href=\"https:\/\/ardor-realestate.com\/hu\/blog\/kako-kupiti-kucu-bez-pomoci-banke-i-ostati-bez-dugova\/\" >\n\t\t\t\tHogyan v\u00e1s\u00e1roljunk h\u00e1zat banki seg\u00edts\u00e9g n\u00e9lk\u00fcl, \u00e9s maradjunk ad\u00f3ss\u00e1gmentesek?\t\t\t<\/a>\n\t\t<\/h2>\n\t\t\t\t<div class=\"elementor-post__excerpt\">\n\t\t\t<p>\u00c1lomnak hangzik hitel n\u00e9lk\u00fcl h\u00e1zat venni, nem igaz? Egy olyan id\u0151szakban, amikor az ingatlan\u00e1rak magasak, \u00e9s a bankok m\u00e9g mindig...<\/p>\n\t\t<\/div>\n\t\t\t\t<\/div>\n\t\t\t\t<div class=\"elementor-post__meta-data\">\n\t\t\t\t\t<span class=\"elementor-post-date\">\n\t\t\t2025. j\u00falius 24.\t\t<\/span>\n\t\t\t\t<span class=\"elementor-post-avatar\">\n\t\t\tNincs hozz\u00e1sz\u00f3l\u00e1s\t\t<\/span>\n\t\t\t\t<\/div>\n\t\t\t\t\t<\/div>\n\t\t<\/article>\n\t\t\t\t<\/div>\n\t\t\n\t\t\t\t\t\t<\/div>\n\t\t\t\t<\/div>\n\t\t\t\t\t<\/div>\n\t\t\t\t<\/div>\n\t\t\t\t<\/div>","protected":false},"excerpt":{"rendered":"<p>Blog Savjeti stru\u010dnjaka koji vam mogu pomo\u0107i prilikom kupnje ili prodaje nekretnina.<\/p>","protected":false},"author":2,"featured_media":0,"parent":0,"menu_order":0,"comment_status":"closed","ping_status":"closed","template":"elementor_header_footer","meta":{"inline_featured_image":false,"footnotes":""},"class_list":["post-54160","page","type-page","status-publish","hentry"],"_links":{"self":[{"href":"https:\/\/ardor-realestate.com\/hu\/wp-json\/wp\/v2\/pages\/54160","targetHints":{"allow":["GET"]}}],"collection":[{"href":"https:\/\/ardor-realestate.com\/hu\/wp-json\/wp\/v2\/pages"}],"about":[{"href":"https:\/\/ardor-realestate.com\/hu\/wp-json\/wp\/v2\/types\/page"}],"author":[{"embeddable":true,"href":"https:\/\/ardor-realestate.com\/hu\/wp-json\/wp\/v2\/users\/2"}],"replies":[{"embeddable":true,"href":"https:\/\/ardor-realestate.com\/hu\/wp-json\/wp\/v2\/comments?post=54160"}],"version-history":[{"count":0,"href":"https:\/\/ardor-realestate.com\/hu\/wp-json\/wp\/v2\/pages\/54160\/revisions"}],"wp:attachment":[{"href":"https:\/\/ardor-realestate.com\/hu\/wp-json\/wp\/v2\/media?parent=54160"}],"curies":[{"name":"munkaf\u00fczet","href":"https:\/\/api.w.org\/{rel}","templated":true}]}}