{"id":36392,"date":"2024-11-05T15:48:18","date_gmt":"2024-11-05T14:48:18","guid":{"rendered":"https:\/\/ardor-realestate.com\/?page_id=36392"},"modified":"2024-11-05T15:51:35","modified_gmt":"2024-11-05T14:51:35","slug":"mezogazdasagi-terulet-berbeadasa","status":"publish","type":"page","link":"https:\/\/ardor-realestate.com\/hu\/berlet\/mezogazdasagi-terulet-berbeadasa\/","title":{"rendered":"Mez\u0151gazdas\u00e1gi ter\u00fclet b\u00e9rbead\u00e1sa"},"content":{"rendered":"<div data-elementor-type=\"wp-page\" data-elementor-id=\"36392\" class=\"elementor elementor-36392\" data-elementor-post-type=\"page\">\n\t\t\t\t<div class=\"elementor-element elementor-element-5ff55e1 e-con-full e-flex e-con e-child\" data-id=\"5ff55e1\" data-element_type=\"container\">\n\t\t\t\t<\/div>\n\t\t\t\t<\/div>","protected":false},"excerpt":{"rendered":"","protected":false},"author":2,"featured_media":0,"parent":17614,"menu_order":0,"comment_status":"closed","ping_status":"closed","template":"template\/template-listing-grid-v1-fullwidth-4cols.php","meta":{"inline_featured_image":false,"footnotes":""},"class_list":["post-36392","page","type-page","status-publish","hentry"],"_links":{"self":[{"href":"https:\/\/ardor-realestate.com\/hu\/wp-json\/wp\/v2\/pages\/36392","targetHints":{"allow":["GET"]}}],"collection":[{"href":"https:\/\/ardor-realestate.com\/hu\/wp-json\/wp\/v2\/pages"}],"about":[{"href":"https:\/\/ardor-realestate.com\/hu\/wp-json\/wp\/v2\/types\/page"}],"author":[{"embeddable":true,"href":"https:\/\/ardor-realestate.com\/hu\/wp-json\/wp\/v2\/users\/2"}],"replies":[{"embeddable":true,"href":"https:\/\/ardor-realestate.com\/hu\/wp-json\/wp\/v2\/comments?post=36392"}],"version-history":[{"count":0,"href":"https:\/\/ardor-realestate.com\/hu\/wp-json\/wp\/v2\/pages\/36392\/revisions"}],"up":[{"embeddable":true,"href":"https:\/\/ardor-realestate.com\/hu\/wp-json\/wp\/v2\/pages\/17614"}],"wp:attachment":[{"href":"https:\/\/ardor-realestate.com\/hu\/wp-json\/wp\/v2\/media?parent=36392"}],"curies":[{"name":"munkaf\u00fczet","href":"https:\/\/api.w.org\/{rel}","templated":true}]}}