{"id":31944,"date":"2024-09-24T22:18:32","date_gmt":"2024-09-24T20:18:32","guid":{"rendered":"https:\/\/ardor-realestate.com\/?page_id=31944"},"modified":"2024-10-14T14:58:53","modified_gmt":"2024-10-14T12:58:53","slug":"lakas-berbeadasa","status":"publish","type":"page","link":"https:\/\/ardor-realestate.com\/hu\/berlet\/lakas-berbeadasa\/","title":{"rendered":"Lak\u00e1sb\u00e9rl\u00e9s"},"content":{"rendered":"<div data-elementor-type=\"wp-page\" data-elementor-id=\"31944\" class=\"elementor elementor-31944\" data-elementor-post-type=\"page\">\n\t\t\t\t<div class=\"elementor-element elementor-element-5ff55e1 e-con-full e-flex e-con e-child\" data-id=\"5ff55e1\" data-element_type=\"container\">\n\t\t\t\t<div class=\"elementor-element elementor-element-117befc elementor-widget elementor-widget-text-editor\" data-id=\"117befc\" data-element_type=\"widget\" data-widget_type=\"text-editor.default\">\n\t\t\t\t<div class=\"elementor-widget-container\">\n\t\t\t\t\t\t\t\t\tAk\u00e1r a ny\u00fczsg\u0151 belv\u00e1rosban, ak\u00e1r egy csendes k\u00f6rny\u00e9ken szeretne \u00e9lni, k\u00edn\u00e1latunkban sz\u00e1mos lehet\u0151s\u00e9g szerepel \u2013 a luxuslak\u00e1sokt\u00f3l a megfizethet\u0151, fiatal csal\u00e1dok sz\u00e1m\u00e1ra k\u00edn\u00e1lt apartmanokig. N\u00e1lunk a lak\u00e1sb\u00e9rl\u00e9s folyamata gyors, egyszer\u0171 \u00e9s teljesen \u00e1tl\u00e1that\u00f3, \u00edgy \u00d6n a legfontosabbra koncentr\u00e1lhat - \u00faj otthona \u00e9lvezet\u00e9re.\t\t\t\t\t\t\t\t<\/div>\n\t\t\t\t<\/div>\n\t\t\t\t<div class=\"elementor-element elementor-element-8e0ded3 elementor-widget elementor-widget-spacer\" data-id=\"8e0ded3\" data-element_type=\"widget\" data-widget_type=\"spacer.default\">\n\t\t\t\t<div class=\"elementor-widget-container\">\n\t\t\t\t\t\t\t<div class=\"elementor-spacer\">\n\t\t\t<div class=\"elementor-spacer-inner\"><\/div>\n\t\t<\/div>\n\t\t\t\t\t\t<\/div>\n\t\t\t\t<\/div>\n\t\t\t\t<\/div>\n\t\t\t\t<\/div>","protected":false},"excerpt":{"rendered":"<p>Ak\u00e1r a ny\u00fczsg\u0151 belv\u00e1rosban, ak\u00e1r egy csendes k\u00f6rny\u00e9ken szeretne \u00e9lni, k\u00edn\u00e1latunkban sz\u00e1mos lehet\u0151s\u00e9g szerepel \u2013 a luxuslak\u00e1sokt\u00f3l a megfizethet\u0151, fiatal csal\u00e1dok sz\u00e1m\u00e1ra k\u00edn\u00e1lt apartmanokig. N\u00e1lunk a lak\u00e1sb\u00e9rl\u00e9s folyamata gyors, egyszer\u0171 \u00e9s teljesen \u00e1tl\u00e1that\u00f3, \u00edgy \u00d6n a legfontosabbra koncentr\u00e1lhat - \u00faj otthona \u00e9lvezet\u00e9re.<\/p>","protected":false},"author":2,"featured_media":0,"parent":17614,"menu_order":0,"comment_status":"closed","ping_status":"closed","template":"template\/template-listing-grid-v1-fullwidth-4cols.php","meta":{"inline_featured_image":false,"footnotes":""},"class_list":["post-31944","page","type-page","status-publish","hentry"],"_links":{"self":[{"href":"https:\/\/ardor-realestate.com\/hu\/wp-json\/wp\/v2\/pages\/31944","targetHints":{"allow":["GET"]}}],"collection":[{"href":"https:\/\/ardor-realestate.com\/hu\/wp-json\/wp\/v2\/pages"}],"about":[{"href":"https:\/\/ardor-realestate.com\/hu\/wp-json\/wp\/v2\/types\/page"}],"author":[{"embeddable":true,"href":"https:\/\/ardor-realestate.com\/hu\/wp-json\/wp\/v2\/users\/2"}],"replies":[{"embeddable":true,"href":"https:\/\/ardor-realestate.com\/hu\/wp-json\/wp\/v2\/comments?post=31944"}],"version-history":[{"count":0,"href":"https:\/\/ardor-realestate.com\/hu\/wp-json\/wp\/v2\/pages\/31944\/revisions"}],"up":[{"embeddable":true,"href":"https:\/\/ardor-realestate.com\/hu\/wp-json\/wp\/v2\/pages\/17614"}],"wp:attachment":[{"href":"https:\/\/ardor-realestate.com\/hu\/wp-json\/wp\/v2\/media?parent=31944"}],"curies":[{"name":"munkaf\u00fczet","href":"https:\/\/api.w.org\/{rel}","templated":true}]}}