{"id":31943,"date":"2024-09-24T22:14:34","date_gmt":"2024-09-24T20:14:34","guid":{"rendered":"https:\/\/ardor-realestate.com\/?page_id=31943"},"modified":"2025-07-24T08:12:59","modified_gmt":"2025-07-24T06:12:59","slug":"hazberles","status":"publish","type":"page","link":"https:\/\/ardor-realestate.com\/hu\/berlet\/hazberles\/","title":{"rendered":"H\u00e1zb\u00e9rl\u00e9s"},"content":{"rendered":"<div data-elementor-type=\"wp-page\" data-elementor-id=\"31943\" class=\"elementor elementor-31943\" data-elementor-post-type=\"page\">\n\t\t\t\t<div class=\"elementor-element elementor-element-5ff55e1 e-con-full e-flex e-con e-child\" data-id=\"5ff55e1\" data-element_type=\"container\">\n\t\t\t\t<div class=\"elementor-element elementor-element-117befc elementor-widget elementor-widget-text-editor\" data-id=\"117befc\" data-element_type=\"widget\" data-widget_type=\"text-editor.default\">\n\t\t\t\t<div class=\"elementor-widget-container\">\n\t\t\t\t\t\t\t\t\tB\u00e9relhet\u0151 h\u00e1zat keres? F\u00fcggetlen\u00fcl att\u00f3l, hogy \u00e1tmeneti otthonra van sz\u00fcks\u00e9ge a csal\u00e1dnak, nyaral\u00f3ra vagy t\u00e1gas h\u00e1zra hossz\u00fa t\u00e1v\u00fa tart\u00f3zkod\u00e1sra, irod\u00e1nk a kiad\u00f3 h\u00e1zak sz\u00e9les v\u00e1laszt\u00e9k\u00e1t k\u00edn\u00e1lja Horv\u00e1torsz\u00e1g eg\u00e9sz ter\u00fclet\u00e9n.\t\t\t\t\t\t\t\t<\/div>\n\t\t\t\t<\/div>\n\t\t\t\t<div class=\"elementor-element elementor-element-56a632d elementor-widget elementor-widget-spacer\" data-id=\"56a632d\" data-element_type=\"widget\" data-widget_type=\"spacer.default\">\n\t\t\t\t<div class=\"elementor-widget-container\">\n\t\t\t\t\t\t\t<div class=\"elementor-spacer\">\n\t\t\t<div class=\"elementor-spacer-inner\"><\/div>\n\t\t<\/div>\n\t\t\t\t\t\t<\/div>\n\t\t\t\t<\/div>\n\t\t\t\t<\/div>\n\t\t\t\t<\/div>","protected":false},"excerpt":{"rendered":"<p>B\u00e9relhet\u0151 h\u00e1zat keres? F\u00fcggetlen\u00fcl att\u00f3l, hogy \u00e1tmeneti otthonra van sz\u00fcks\u00e9ge a csal\u00e1dnak, nyaral\u00f3ra vagy t\u00e1gas h\u00e1zra hossz\u00fa t\u00e1v\u00fa tart\u00f3zkod\u00e1sra, irod\u00e1nk a kiad\u00f3 h\u00e1zak sz\u00e9les v\u00e1laszt\u00e9k\u00e1t k\u00edn\u00e1lja Horv\u00e1torsz\u00e1g eg\u00e9sz ter\u00fclet\u00e9n.<\/p>","protected":false},"author":2,"featured_media":0,"parent":17614,"menu_order":0,"comment_status":"closed","ping_status":"closed","template":"template\/template-listing-grid-v1-fullwidth-4cols.php","meta":{"inline_featured_image":false,"footnotes":""},"class_list":["post-31943","page","type-page","status-publish","hentry"],"_links":{"self":[{"href":"https:\/\/ardor-realestate.com\/hu\/wp-json\/wp\/v2\/pages\/31943","targetHints":{"allow":["GET"]}}],"collection":[{"href":"https:\/\/ardor-realestate.com\/hu\/wp-json\/wp\/v2\/pages"}],"about":[{"href":"https:\/\/ardor-realestate.com\/hu\/wp-json\/wp\/v2\/types\/page"}],"author":[{"embeddable":true,"href":"https:\/\/ardor-realestate.com\/hu\/wp-json\/wp\/v2\/users\/2"}],"replies":[{"embeddable":true,"href":"https:\/\/ardor-realestate.com\/hu\/wp-json\/wp\/v2\/comments?post=31943"}],"version-history":[{"count":0,"href":"https:\/\/ardor-realestate.com\/hu\/wp-json\/wp\/v2\/pages\/31943\/revisions"}],"up":[{"embeddable":true,"href":"https:\/\/ardor-realestate.com\/hu\/wp-json\/wp\/v2\/pages\/17614"}],"wp:attachment":[{"href":"https:\/\/ardor-realestate.com\/hu\/wp-json\/wp\/v2\/media?parent=31943"}],"curies":[{"name":"munkaf\u00fczet","href":"https:\/\/api.w.org\/{rel}","templated":true}]}}