{"id":31909,"date":"2024-09-24T21:41:47","date_gmt":"2024-09-24T19:41:47","guid":{"rendered":"https:\/\/ardor-realestate.com\/?page_id=31909"},"modified":"2024-10-14T14:58:13","modified_gmt":"2024-10-14T12:58:13","slug":"szallodai-ertekesites","status":"publish","type":"page","link":"https:\/\/ardor-realestate.com\/hu\/eladas\/szallodai-ertekesites\/","title":{"rendered":"Sz\u00e1llodai \u00e9rt\u00e9kes\u00edt\u00e9s"},"content":{"rendered":"<div data-elementor-type=\"wp-page\" data-elementor-id=\"31909\" class=\"elementor elementor-31909\" data-elementor-post-type=\"page\">\n\t\t\t\t<div class=\"elementor-element elementor-element-5ff55e1 e-con-full e-flex e-con e-child\" data-id=\"5ff55e1\" data-element_type=\"container\">\n\t\t\t\t<div class=\"elementor-element elementor-element-117befc elementor-widget elementor-widget-text-editor\" data-id=\"117befc\" data-element_type=\"widget\" data-widget_type=\"text-editor.default\">\n\t\t\t\t<div class=\"elementor-widget-container\">\n\t\t\t\t\t\t\t\t\tAk\u00e1r egy kis butikhotelt, egy luxus tengerparti \u00fcd\u00fcl\u0151helyet, ak\u00e1r egy nagyobb, sz\u00e9lesk\u00f6r\u0171 szolg\u00e1ltat\u00e1sokkal rendelkez\u0151 sz\u00e1llodal\u00e1ncot keres, k\u00edn\u00e1latunkban megtal\u00e1lja az \u00fczleti terv\u00e9hez ill\u0151 ide\u00e1lis megold\u00e1st. Tekintettel a horv\u00e1torsz\u00e1gi turisztikai \u00e1gazat folyamatos n\u00f6veked\u00e9s\u00e9re, egy sz\u00e1llod\u00e1ba val\u00f3 befektet\u00e9s kiv\u00e1l\u00f3 lehet\u0151s\u00e9get jelent a hossz\u00fa t\u00e1v\u00fa profit \u00e9s a stabil megt\u00e9r\u00fcl\u00e9s el\u00e9r\u00e9s\u00e9re.\t\t\t\t\t\t\t\t<\/div>\n\t\t\t\t<\/div>\n\t\t\t\t<div class=\"elementor-element elementor-element-950f1eb elementor-widget elementor-widget-spacer\" data-id=\"950f1eb\" data-element_type=\"widget\" data-widget_type=\"spacer.default\">\n\t\t\t\t<div class=\"elementor-widget-container\">\n\t\t\t\t\t\t\t<div class=\"elementor-spacer\">\n\t\t\t<div class=\"elementor-spacer-inner\"><\/div>\n\t\t<\/div>\n\t\t\t\t\t\t<\/div>\n\t\t\t\t<\/div>\n\t\t\t\t<\/div>\n\t\t\t\t<\/div>","protected":false},"excerpt":{"rendered":"<p>Ak\u00e1r egy kis butikhotelt, egy luxus tengerparti \u00fcd\u00fcl\u0151helyet, ak\u00e1r egy nagyobb, sz\u00e9lesk\u00f6r\u0171 szolg\u00e1ltat\u00e1sokkal rendelkez\u0151 sz\u00e1llodal\u00e1ncot keres, k\u00edn\u00e1latunkban megtal\u00e1lja az \u00fczleti terv\u00e9hez ill\u0151 ide\u00e1lis megold\u00e1st. Tekintettel a horv\u00e1torsz\u00e1gi turisztikai \u00e1gazat folyamatos n\u00f6veked\u00e9s\u00e9re, egy sz\u00e1llod\u00e1ba val\u00f3 befektet\u00e9s kiv\u00e1l\u00f3 lehet\u0151s\u00e9get jelent a hossz\u00fa t\u00e1v\u00fa profit \u00e9s a stabil megt\u00e9r\u00fcl\u00e9s el\u00e9r\u00e9s\u00e9re.<\/p>","protected":false},"author":2,"featured_media":0,"parent":54,"menu_order":0,"comment_status":"closed","ping_status":"closed","template":"template\/template-listing-grid-v1-fullwidth-4cols.php","meta":{"inline_featured_image":false,"footnotes":""},"class_list":["post-31909","page","type-page","status-publish","hentry"],"_links":{"self":[{"href":"https:\/\/ardor-realestate.com\/hu\/wp-json\/wp\/v2\/pages\/31909","targetHints":{"allow":["GET"]}}],"collection":[{"href":"https:\/\/ardor-realestate.com\/hu\/wp-json\/wp\/v2\/pages"}],"about":[{"href":"https:\/\/ardor-realestate.com\/hu\/wp-json\/wp\/v2\/types\/page"}],"author":[{"embeddable":true,"href":"https:\/\/ardor-realestate.com\/hu\/wp-json\/wp\/v2\/users\/2"}],"replies":[{"embeddable":true,"href":"https:\/\/ardor-realestate.com\/hu\/wp-json\/wp\/v2\/comments?post=31909"}],"version-history":[{"count":0,"href":"https:\/\/ardor-realestate.com\/hu\/wp-json\/wp\/v2\/pages\/31909\/revisions"}],"up":[{"embeddable":true,"href":"https:\/\/ardor-realestate.com\/hu\/wp-json\/wp\/v2\/pages\/54"}],"wp:attachment":[{"href":"https:\/\/ardor-realestate.com\/hu\/wp-json\/wp\/v2\/media?parent=31909"}],"curies":[{"name":"munkaf\u00fczet","href":"https:\/\/api.w.org\/{rel}","templated":true}]}}