{"id":31892,"date":"2024-09-24T21:36:30","date_gmt":"2024-09-24T19:36:30","guid":{"rendered":"https:\/\/ardor-realestate.com\/?page_id=31892"},"modified":"2025-08-11T19:10:02","modified_gmt":"2025-08-11T17:10:02","slug":"hazeladas","status":"publish","type":"page","link":"https:\/\/ardor-realestate.com\/hu\/eladas\/hazeladas\/","title":{"rendered":"H\u00e1zelad\u00e1sok"},"content":{"rendered":"<div data-elementor-type=\"wp-page\" data-elementor-id=\"31892\" class=\"elementor elementor-31892\" data-elementor-post-type=\"page\">\n\t\t\t\t<div class=\"elementor-element elementor-element-5ff55e1 e-con-full e-flex e-con e-child\" data-id=\"5ff55e1\" data-element_type=\"container\">\n\t\t\t\t<div class=\"elementor-element elementor-element-117befc elementor-widget elementor-widget-text-editor\" data-id=\"117befc\" data-element_type=\"widget\" data-widget_type=\"text-editor.default\">\n\t\t\t\t<div class=\"elementor-widget-container\">\n\t\t\t\t\t\t\t\t\t<p>J\u00f3 helyen j\u00e1r, ha b\u00e1jos k\u0151h\u00e1zat, modern vill\u00e1t, kertes csal\u00e1di h\u00e1zat vagy tengerparti h\u00e1zat keres. Az Ardor sz\u00e1mos h\u00e1zat k\u00edn\u00e1l Horv\u00e1torsz\u00e1g legszebb helysz\u00ednein. \u00dcgyn\u00f6keink tengerparti, szigeteken \u00e9s sz\u00e1razf\u00f6ld\u00f6n tal\u00e1lhat\u00f3 h\u00e1zak \u00e9rt\u00e9kes\u00edt\u00e9s\u00e9re specializ\u00e1l\u00f3dtak. Teljes k\u00f6r\u0171 jogbiztons\u00e1got, professzion\u00e1lis tan\u00e1csad\u00e1st \u00e9s \u00e1tl\u00e1that\u00f3 v\u00e9teli \u00e9s elad\u00e1si folyamatot k\u00edn\u00e1lunk. Seg\u00edt\u00fcnk megtal\u00e1lni az \u00d6n \u00e9letst\u00edlus\u00e1nak vagy befektet\u00e9si c\u00e9ljainak t\u00f6k\u00e9letesen megfelel\u0151 h\u00e1zat.<\/p>\t\t\t\t\t\t\t\t<\/div>\n\t\t\t\t<\/div>\n\t\t\t\t<div class=\"elementor-element elementor-element-0309bda elementor-widget elementor-widget-n-accordion\" data-id=\"0309bda\" data-element_type=\"widget\" data-settings=\"{&quot;default_state&quot;:&quot;all_collapsed&quot;,&quot;max_items_expended&quot;:&quot;one&quot;,&quot;n_accordion_animation_duration&quot;:{&quot;unit&quot;:&quot;ms&quot;,&quot;size&quot;:400,&quot;sizes&quot;:[]}}\" data-widget_type=\"nested-accordion.default\">\n\t\t\t\t<div class=\"elementor-widget-container\">\n\t\t\t\t\t\t\t<div class=\"e-n-accordion\" aria-label=\"Harmonika. Linkek megnyit\u00e1sa Enter vagy Space billenty\u0171vel, bez\u00e1r\u00e1s Escape billenty\u0171vel, navig\u00e1l\u00e1s ny\u00edlbillenty\u0171kkel\">\n\t\t\t\t\t\t<details id=\"e-n-accordion-item-3180\" class=\"e-n-accordion-item\" >\n\t\t\t\t<summary class=\"e-n-accordion-item-title\" data-accordion-index=\"1\" tabindex=\"0\" aria-expanded=\"false\" aria-controls=\"e-n-accordion-item-3180\" >\n\t\t\t\t\t<span class='e-n-accordion-item-title-header'><div class=\"e-n-accordion-item-title-text\"> Tov\u00e1bbi inform\u00e1ci\u00f3 <\/div><\/span>\n\t\t\t\t\t\t\t<span class='e-n-accordion-item-title-icon'>\n\t\t\t<span class='e-opened' ><svg aria-hidden=\"true\" class=\"e-font-icon-svg e-fas-arrow-up\" viewbox=\"0 0 448 512\" xmlns=\"http:\/\/www.w3.org\/2000\/svg\"><path d=\"M34.9 289.5l-22.2-22.2c-9.4-9.4-9.4-24.6 0-33.9L207 39c9.4-9.4 24.6-9.4 33.9 0l194.3 194.3c9.4 9.4 9.4 24.6 0 33.9L413 289.4c-9.5 9.5-25 9.3-34.3-.4L264 168.6V456c0 13.3-10.7 24-24 24h-32c-13.3 0-24-10.7-24-24V168.6L69.2 289.1c-9.3 9.8-24.8 10-34.3.4z\"><\/path><\/svg><\/span>\n\t\t\t<span class='e-closed'><svg aria-hidden=\"true\" class=\"e-font-icon-svg e-fas-arrow-down\" viewbox=\"0 0 448 512\" xmlns=\"http:\/\/www.w3.org\/2000\/svg\"><path d=\"M413.1 222.5l22.2 22.2c9.4 9.4 9.4 24.6 0 33.9L241 473c-9.4 9.4-24.6 9.4-33.9 0L12.7 278.6c-9.4-9.4-9.4-24.6 0-33.9l22.2-22.2c9.5-9.5 25-9.3 34.3.4L184 343.4V56c0-13.3 10.7-24 24-24h32c13.3 0 24 10.7 24 24v287.4l114.8-120.5c9.3-9.8 24.8-10 34.3-.4z\"><\/path><\/svg><\/span>\n\t\t<\/span>\n\n\t\t\t\t\t\t<\/summary>\n\t\t\t\t<div role=\"region\" aria-labelledby=\"e-n-accordion-item-3180\" class=\"elementor-element elementor-element-66437be e-con-full e-flex e-con e-child\" data-id=\"66437be\" data-element_type=\"container\">\n\t\t\t\t<div class=\"elementor-element elementor-element-eb84a51 elementor-widget elementor-widget-text-editor\" data-id=\"eb84a51\" data-element_type=\"widget\" data-widget_type=\"text-editor.default\">\n\t\t\t\t<div class=\"elementor-widget-container\">\n\t\t\t\t\t\t\t\t\t<h2>Elad\u00f3 h\u00e1zak \u2013 Ardor Ingatlan adatb\u00e1zis<\/h2><p><span style=\"font-weight: 400;\">Aj\u00e1nlatunk tartalmazza: <\/span><b>elad\u00f3 h\u00e1zak<\/b><span style=\"font-weight: 400;\"> sz\u00e1mos vonz\u00f3 helysz\u00ednen, Isztri\u00e1t\u00f3l \u00e9s a Kvarnert\u0151l Dalm\u00e1ci\u00e1ig \u00e9s a horv\u00e1t szigetekig. Kiz\u00e1r\u00f3lag ellen\u0151rz\u00f6tt, megfelel\u0151 dokument\u00e1ci\u00f3val rendelkez\u0151 ingatlanokat k\u00edn\u00e1lunk.<\/span><\/p><p><span style=\"font-weight: 400;\">Az \u00e9p\u00edt\u00e9s alatt \u00e1ll\u00f3 h\u00e1zakt\u00f3l az \u00e1talak\u00edt\u00e1sra v\u00e1r\u00f3 h\u00e1zakig, a teljesen fel\u00faj\u00edtott, bek\u00f6lt\u00f6z\u00e9sre k\u00e9sz \u00e9p\u00fcletekig minden ingatlant r\u00e9szletes ellen\u0151rz\u00e9snek vet\u00fcnk al\u00e1, \u00e9s a biztons\u00e1gos \u00e9s min\u0151s\u00e9gi befektet\u00e9s \u00e9rdek\u00e9ben v\u00e1lasztunk ki k\u00f6z\u00fcl\u00fck.\u00a0<\/span><\/p><h3><span style=\"font-weight: 400;\">Elad\u00f3 h\u00e1zak a tengerparton<\/span><span style=\"font-weight: 400;\"> \u2013 nyaral\u00e1shoz \u00e9s tov\u00e1bbi befektet\u00e9sekhez<\/span><\/h3><p><span style=\"font-weight: 400;\">Tengerparti h\u00e1zak Horv\u00e1torsz\u00e1gban<\/span> <span style=\"font-weight: 400;\">k\u00fcl\u00f6n\u00f6sen keresettek a belf\u00f6ldi \u00e9s k\u00fclf\u00f6ldi v\u00e1s\u00e1rl\u00f3k k\u00f6r\u00e9ben. A strandokhoz val\u00f3 k\u00f6zels\u00e9g\u00fck, a tengerre n\u00e9z\u0151 kil\u00e1t\u00e1suk \u00e9s a turisztikai b\u00e9rbead\u00e1s lehet\u0151s\u00e9ge miatt vonz\u00f3ak, \u00edgy ide\u00e1lisak mind szem\u00e9lyes haszn\u00e1latra, mind tov\u00e1bbi befektet\u00e9snek.<\/span><\/p><p><span style=\"font-weight: 400;\"><br \/><\/span><span style=\"font-weight: 400;\">Az Ardor b\u00e1zis\u00e1n a tengerpart els\u0151 sor\u00e1ban tal\u00e1lhat\u00f3 h\u00e1zak, medenc\u00e9s vill\u00e1k, valamint csendes \u00f6bl\u00f6kben l\u00e9v\u0151 h\u00e1zak is tal\u00e1lhat\u00f3k a teljes mag\u00e1n\u00e9let meg\u0151rz\u00e9se \u00e9rdek\u00e9ben.<\/span><\/p><p><span style=\"font-weight: 400;\">Egyre t\u00f6bb n\u00e9met, osztr\u00e1k, szlov\u00e9n \u00e9s m\u00e1s orsz\u00e1gbeli v\u00e1s\u00e1rl\u00f3 v\u00e1lasztja <\/span><span style=\"font-weight: 400;\">elad\u00f3 h\u00e1zak Horv\u00e1torsz\u00e1gban<\/span><span style=\"font-weight: 400;\"> m\u00e1sodik otthonk\u00e9nt vagy befektet\u00e9sk\u00e9nt, nagyon magas hozam\u00fa megold\u00e1sk\u00e9nt.<\/span><\/p><h3><span style=\"font-weight: 400;\">Csal\u00e1di h\u00e1zak\u00a0<\/span><\/h3><p><span style=\"font-weight: 400;\">Ha udvarral, kerttel \u00e9s parkol\u00f3hellyel rendelkez\u0151 lak\u00f3teret keres, b\u00f6ng\u00e9ssze \u00e1t az adatb\u00e1zist, \u00e9s tal\u00e1lja meg <\/span><b>csal\u00e1di h\u00e1zak<\/b><span style=\"font-weight: 400;\"> v\u00e1rosi \u00e9s k\u00fclv\u00e1rosi ter\u00fcleteken. Ide\u00e1lisak az \u00e9lethez, elegend\u0151 hellyel rendelkeznek az eg\u00e9sz csal\u00e1d sz\u00e1m\u00e1ra, \u00e9s harm\u00f3ni\u00e1ban \u00e9lnek a term\u00e9szettel.<\/span><\/p><p><span style=\"font-weight: 400;\">T\u00f6bbszintes h\u00e1zak gar\u00e1zzsal, t\u00e1rol\u00f3helyis\u00e9gekkel \u00e9s tov\u00e1bbi k\u00e9nyelmi szolg\u00e1ltat\u00e1sokkal \u00e1llnak rendelkez\u00e9sre, amelyek k\u00e9nyelmes \u00e9s funkcion\u00e1lis \u00e9letm\u00f3dot tesznek lehet\u0151v\u00e9.<\/span><\/p><h3><span style=\"font-weight: 400;\">Luxusvill\u00e1k \u00e9s h\u00e1zak \u00fasz\u00f3medenc\u00e9vel\u00a0<\/span><\/h3><p><span style=\"font-weight: 400;\">A luxus, a design \u00e9s a mag\u00e1n\u00e9let magas szintj\u00e9\u00e9rt k\u00edn\u00e1lunk <\/span><b>luxusvill\u00e1k<\/b><span style=\"font-weight: 400;\"> i <\/span><b>h\u00e1zak medenc\u00e9vel<\/b><span style=\"font-weight: 400;\"> Horv\u00e1torsz\u00e1g \u00e9s k\u00f6rny\u00e9ke legel\u0151kel\u0151bb helysz\u00ednein.<\/span><span style=\"font-weight: 400;\"><br \/><\/span><span style=\"font-weight: 400;\"> Modern \u00e9p\u00edt\u00e9szeti vonalak, els\u0151 oszt\u00e1ly\u00fa felszerelts\u00e9g, ny\u00edlt tengerre n\u00e9z\u0151 kil\u00e1t\u00e1s \u00e9s tov\u00e1bbi szolg\u00e1ltat\u00e1sok, mint p\u00e9ld\u00e1ul szauna, fitneszk\u00f6zpont vagy okosotthon rendszerek teszik ezeket az ingatlanokat kiv\u00e1l\u00f3 befektet\u00e9ss\u00e9.\u00a0<\/span><\/p><p><span style=\"font-weight: 400;\">Alkalmasak b\u00e9rbead\u00e1sra \u00e9s lakhat\u00e1sra, vonz\u00f3ak mind belf\u00f6ldi, mind k\u00fclf\u00f6ldi v\u00e1s\u00e1rl\u00f3k sz\u00e1m\u00e1ra.<\/span><\/p><h3><span style=\"font-weight: 400;\">R\u00e9gi h\u00e1zak a tenger mellett<\/span><span style=\"font-weight: 400;\"> i <\/span><span style=\"font-weight: 400;\">alkalmazkod\u00f3 h\u00e1zak<\/span><span style=\"font-weight: 400;\">\u00a0<\/span><\/h3><p><span style=\"font-weight: 400;\">A hagyom\u00e1nyos dalm\u00e1t st\u00edlus kedvel\u0151inek r\u00e9gi h\u00e1zak \u00e1llnak rendelkez\u00e9s\u00fckre, amelyek b\u00e1jt \u00e9s karaktert \u00e1rasztanak. Sok k\u00f6z\u00fcl\u00fck r\u00e9gi v\u00e1rosk\u00f6zpontokban vagy autentikus vid\u00e9ki ter\u00fcleteken tal\u00e1lhat\u00f3, \u00e9s kiv\u00e1l\u00f3 lehet\u0151s\u00e9get k\u00edn\u00e1lnak egy butiksz\u00e1ll\u00e1ss\u00e1 vagy egyedi otthonn\u00e1 t\u00f6rt\u00e9n\u0151 fel\u00faj\u00edt\u00e1sra.<\/span><\/p><p><span style=\"font-weight: 400;\">Szakmai t\u00e1mogat\u00e1sunkkal \u00e1talak\u00edthatja ezt az ingatlant\u00edpust egy hiteles, nagy hozz\u00e1adott \u00e9rt\u00e9k\u0171 t\u00e9rr\u00e9.\u00a0<\/span><\/p><h2><b>Mi\u00e9rt v\u00e1lassza az Ardor Ingatlaniroda-t ingatlanelad\u00e1shoz?<\/b><\/h2><p><span style=\"font-weight: 400;\">H\u00e1zv\u00e1s\u00e1rl\u00e1s<\/span><span style=\"font-weight: 400;\"> jelent\u0151s l\u00e9p\u00e9s, ez\u00e9rt fontos, hogy megb\u00edzhat\u00f3 partnerrel rendelkezz\u00fcnk, aki \u00e9rti a piacot \u00e9s az \u00d6n ig\u00e9nyeit. Az Ardor Real Estate enged\u00e9llyel rendelkez\u0151 \u00fcgyn\u00f6k\u00f6ket k\u00edn\u00e1l, akik tapasztalattal rendelkeznek a legkeresettebb helysz\u00edneken t\u00f6rt\u00e9n\u0151 h\u00e1zak \u00e9rt\u00e9kes\u00edt\u00e9s\u00e9ben, valamint jogi \u00e9s adminisztrat\u00edv t\u00e1mogat\u00e1st ny\u00fajt a folyamat sor\u00e1n.<\/span><\/p><p><span style=\"font-weight: 400;\">Ellen\u0151rz\u00f6tt adatb\u00e1zisunkban sz\u00e1mos min\u0151s\u00e9gi \u00e9s jogilag megb\u00edzhat\u00f3 ingatlant tal\u00e1l, egyedi megk\u00f6zel\u00edt\u00e9ssel, az els\u0151 kapcsolatfelv\u00e9telt\u0151l a kulcsok \u00e1tv\u00e9tel\u00e9ig.<\/span><\/p><p><span style=\"font-weight: 400;\">Az Ardor Ingatlaniroda szem\u00e9lyre szabott megold\u00e1st k\u00edn\u00e1l otthonv\u00e1s\u00e1rl\u00e1shoz.<\/span><\/p><p><span style=\"font-weight: 400;\">L\u00e9pjen kapcsolatba vel\u00fcnk m\u00e9g ma, \u00e9s tal\u00e1lja meg \u00e1lmai otthon\u00e1t biztons\u00e1gosan, egyszer\u0171en \u00e9s szak\u00e9rt\u0151 csapatunk teljes t\u00e1mogat\u00e1s\u00e1val.<\/span><\/p>\t\t\t\t\t\t\t\t<\/div>\n\t\t\t\t<\/div>\n\t\t\t\t<\/div>\n\t\t\t\t\t<\/details>\n\t\t\t\t\t<\/div>\n\t\t\t\t\t\t<\/div>\n\t\t\t\t<\/div>\n\t\t\t\t<\/div>\n\t\t\t\t<\/div>","protected":false},"excerpt":{"rendered":"<p>Na pravom ste mjestu ako tra\u017eite \u0161armantnu kamenu ku\u0107u, modernu vilu, obiteljsku ku\u0107u s oku\u0107nicom ili ku\u0107u pored mora. Ardor vam nudi ponudu ku\u0107a na najatraktivnijim lokacijama diljem Hrvatske. Na\u0161i agenti specijalizirani su za prodaju ku\u0107a na moru, na otocima i u unutra\u0161njosti. Nudimo vam potpunu pravnu sigurnost, profesionalno savjetovanje i transparentan proces kupoprodaje. Poma\u017eemo [&hellip;]<\/p>","protected":false},"author":2,"featured_media":0,"parent":54,"menu_order":0,"comment_status":"closed","ping_status":"closed","template":"template\/template-listing-grid-v1-fullwidth-4cols.php","meta":{"inline_featured_image":false,"footnotes":""},"class_list":["post-31892","page","type-page","status-publish","hentry"],"_links":{"self":[{"href":"https:\/\/ardor-realestate.com\/hu\/wp-json\/wp\/v2\/pages\/31892","targetHints":{"allow":["GET"]}}],"collection":[{"href":"https:\/\/ardor-realestate.com\/hu\/wp-json\/wp\/v2\/pages"}],"about":[{"href":"https:\/\/ardor-realestate.com\/hu\/wp-json\/wp\/v2\/types\/page"}],"author":[{"embeddable":true,"href":"https:\/\/ardor-realestate.com\/hu\/wp-json\/wp\/v2\/users\/2"}],"replies":[{"embeddable":true,"href":"https:\/\/ardor-realestate.com\/hu\/wp-json\/wp\/v2\/comments?post=31892"}],"version-history":[{"count":0,"href":"https:\/\/ardor-realestate.com\/hu\/wp-json\/wp\/v2\/pages\/31892\/revisions"}],"up":[{"embeddable":true,"href":"https:\/\/ardor-realestate.com\/hu\/wp-json\/wp\/v2\/pages\/54"}],"wp:attachment":[{"href":"https:\/\/ardor-realestate.com\/hu\/wp-json\/wp\/v2\/media?parent=31892"}],"curies":[{"name":"munkaf\u00fczet","href":"https:\/\/api.w.org\/{rel}","templated":true}]}}