{"id":31863,"date":"2024-09-24T20:41:14","date_gmt":"2024-09-24T18:41:14","guid":{"rendered":"https:\/\/ardor-realestate.com\/?page_id=31863"},"modified":"2025-08-11T19:11:07","modified_gmt":"2025-08-11T17:11:07","slug":"lakasok-eladasa","status":"publish","type":"page","link":"https:\/\/ardor-realestate.com\/hu\/eladas\/lakasok-eladasa\/","title":{"rendered":"Lak\u00e1sok elad\u00e1sa"},"content":{"rendered":"<div data-elementor-type=\"wp-page\" data-elementor-id=\"31863\" class=\"elementor elementor-31863\" data-elementor-post-type=\"page\">\n\t\t\t\t<div class=\"elementor-element elementor-element-5ff55e1 e-con-full e-flex e-con e-child\" data-id=\"5ff55e1\" data-element_type=\"container\">\n\t\t\t\t<div class=\"elementor-element elementor-element-117befc elementor-widget elementor-widget-text-editor\" data-id=\"117befc\" data-element_type=\"widget\" data-widget_type=\"text-editor.default\">\n\t\t\t\t<div class=\"elementor-widget-container\">\n\t\t\t\t\t\t\t\t\t<p><span style=\"font-weight: 400;\">Fedezze fel Horv\u00e1torsz\u00e1g tengerparti apartmanjainak \u00e9s lak\u00e1sainak legmagasabb sz\u00ednvonal\u00fa k\u00edn\u00e1lat\u00e1t. Az Ardor Ingatlan gondosan v\u00e1logatott ingatlanokat k\u00edn\u00e1l a legkeresettebb tengerparti r\u00e9gi\u00f3kb\u00f3l \u2013 Isztria, Kvarner, Dalm\u00e1cia \u00e9s a szigetek. Ak\u00e1r egy h\u00e1l\u00f3szob\u00e1s apartmant, ak\u00e1r modern apartmant keres \u00faj \u00e9p\u00fcletben, ak\u00e1r \u00e9p\u00edt\u00e9s alatt \u00e1ll\u00f3, tengerre n\u00e9z\u0151 lak\u00e1st, itt megtal\u00e1lja az ide\u00e1lis ingatlant lakhat\u00e1shoz, nyaral\u00e1shoz vagy befektet\u00e9shez.<\/span><\/p><p><span style=\"font-weight: 400;\">\u00dcgyn\u00f6ks\u00e9g\u00fcnk professzion\u00e1lis lak\u00e1s\u00e9rt\u00e9kes\u00edt\u00e9si szolg\u00e1ltat\u00e1sokat k\u00edn\u00e1l teljes k\u00f6r\u0171 jogi t\u00e1mogat\u00e1ssal \u00e9s \u00e1tl\u00e1that\u00f3 folyamattal. Elk\u00f6telezettek vagyunk az ide\u00e1lis vev\u0151k felkutat\u00e1sa \u00e9s a gyors, biztons\u00e1gos tranzakci\u00f3 biztos\u00edt\u00e1sa ir\u00e1nt. Sok \u00e9ves tapasztalattal \u00e9s sz\u00e9les \u00fcgyf\u00e9lk\u00f6rrel garant\u00e1ljuk ingatlana maxim\u00e1lis \u00e9rt\u00e9k\u00e9t.<\/span><\/p>\t\t\t\t\t\t\t\t<\/div>\n\t\t\t\t<\/div>\n\t\t\t\t<div class=\"elementor-element elementor-element-6b23d74 elementor-widget elementor-widget-n-accordion\" data-id=\"6b23d74\" data-element_type=\"widget\" data-settings=\"{&quot;default_state&quot;:&quot;all_collapsed&quot;,&quot;max_items_expended&quot;:&quot;one&quot;,&quot;n_accordion_animation_duration&quot;:{&quot;unit&quot;:&quot;ms&quot;,&quot;size&quot;:400,&quot;sizes&quot;:[]}}\" data-widget_type=\"nested-accordion.default\">\n\t\t\t\t<div class=\"elementor-widget-container\">\n\t\t\t\t\t\t\t<div class=\"e-n-accordion\" aria-label=\"Harmonika. Linkek megnyit\u00e1sa Enter vagy Space billenty\u0171vel, bez\u00e1r\u00e1s Escape billenty\u0171vel, navig\u00e1l\u00e1s ny\u00edlbillenty\u0171kkel\">\n\t\t\t\t\t\t<details id=\"e-n-accordion-item-1120\" class=\"e-n-accordion-item\" >\n\t\t\t\t<summary class=\"e-n-accordion-item-title\" data-accordion-index=\"1\" tabindex=\"0\" aria-expanded=\"false\" aria-controls=\"e-n-accordion-item-1120\" >\n\t\t\t\t\t<span class='e-n-accordion-item-title-header'><div class=\"e-n-accordion-item-title-text\"> Tov\u00e1bbi inform\u00e1ci\u00f3 <\/div><\/span>\n\t\t\t\t\t\t\t<span class='e-n-accordion-item-title-icon'>\n\t\t\t<span class='e-opened' ><svg aria-hidden=\"true\" class=\"e-font-icon-svg e-fas-arrow-up\" viewbox=\"0 0 448 512\" xmlns=\"http:\/\/www.w3.org\/2000\/svg\"><path d=\"M34.9 289.5l-22.2-22.2c-9.4-9.4-9.4-24.6 0-33.9L207 39c9.4-9.4 24.6-9.4 33.9 0l194.3 194.3c9.4 9.4 9.4 24.6 0 33.9L413 289.4c-9.5 9.5-25 9.3-34.3-.4L264 168.6V456c0 13.3-10.7 24-24 24h-32c-13.3 0-24-10.7-24-24V168.6L69.2 289.1c-9.3 9.8-24.8 10-34.3.4z\"><\/path><\/svg><\/span>\n\t\t\t<span class='e-closed'><svg aria-hidden=\"true\" class=\"e-font-icon-svg e-fas-arrow-down\" viewbox=\"0 0 448 512\" xmlns=\"http:\/\/www.w3.org\/2000\/svg\"><path d=\"M413.1 222.5l22.2 22.2c9.4 9.4 9.4 24.6 0 33.9L241 473c-9.4 9.4-24.6 9.4-33.9 0L12.7 278.6c-9.4-9.4-9.4-24.6 0-33.9l22.2-22.2c9.5-9.5 25-9.3 34.3.4L184 343.4V56c0-13.3 10.7-24 24-24h32c13.3 0 24 10.7 24 24v287.4l114.8-120.5c9.3-9.8 24.8-10 34.3-.4z\"><\/path><\/svg><\/span>\n\t\t<\/span>\n\n\t\t\t\t\t\t<\/summary>\n\t\t\t\t<div role=\"region\" aria-labelledby=\"e-n-accordion-item-1120\" class=\"elementor-element elementor-element-b412f7a e-con-full e-flex e-con e-child\" data-id=\"b412f7a\" data-element_type=\"container\">\n\t\t\t\t<div class=\"elementor-element elementor-element-108ef20 elementor-widget elementor-widget-text-editor\" data-id=\"108ef20\" data-element_type=\"widget\" data-widget_type=\"text-editor.default\">\n\t\t\t\t<div class=\"elementor-widget-container\">\n\t\t\t\t\t\t\t\t\t<h2><span style=\"font-weight: 400;\">Elad\u00f3 lak\u00e1sok<\/span><span style=\"font-weight: 400;\"> az Ardor b\u00e1zist\u00f3l - min\u0151s\u00e9g, elhelyezked\u00e9s \u00e9s biztons\u00e1g<\/span><\/h2><p><span style=\"font-weight: 400;\">Adatb\u00e1zisunkban az Adriai-tenger partj\u00e1n \u00e9s a sz\u00e1razf\u00f6ld belsej\u00e9ben elad\u00f3 apartmanok tal\u00e1lhat\u00f3k. Az \u00d6n ig\u00e9nyeinek megfelel\u0151 apartmanokat \u00e9s lakoszt\u00e1lyokat k\u00edn\u00e1lunk \u2013 a luxus penthouse-okt\u00f3l \u00e9s a tengerparti els\u0151 sorban tal\u00e1lhat\u00f3 apartmanokt\u00f3l kezdve a fontos int\u00e9zm\u00e9nyek k\u00f6zel\u00e9ben tal\u00e1lhat\u00f3 funkcion\u00e1lis apartmanokig, amelyek ide\u00e1lisak hossz\u00fa t\u00e1v\u00fa b\u00e9rl\u00e9sre. Minden ingatlan el\u0151zetesen ellen\u0151rz\u00f6tt, megfelel\u0151 dokument\u00e1ci\u00f3val rendelkezik, \u00e9s biztos megt\u00e9r\u00fcl\u00e9st biztos\u00edt a befektet\u00e9sre.<\/span><\/p><h2><span style=\"font-weight: 400;\">Elad\u00f3 tengerparti apartmanok<\/span><span style=\"font-weight: 400;\"> \u2013 a legkeresettebb ingatlankateg\u00f3ria<\/span><\/h2><p><span style=\"font-weight: 400;\">A tengerparti apartmanok elad\u00e1sa folyamatosan n\u00f6vekszik Horv\u00e1torsz\u00e1g term\u00e9szeti sz\u00e9ps\u00e9g\u00e9nek, tiszta tenger\u00e9nek \u00e9s a stabil piacnak k\u00f6sz\u00f6nhet\u0151en, amely egyre vonz\u00f3bb, k\u00fcl\u00f6n\u00f6sen a k\u00fclf\u00f6ldi v\u00e1s\u00e1rl\u00f3k sz\u00e1m\u00e1ra. A n\u00e9met, osztr\u00e1k, szlov\u00e9n \u00e9s m\u00e1s orsz\u00e1gokb\u00f3l \u00e9rkez\u0151 v\u00e1s\u00e1rl\u00f3k leggyakrabban a tengerparti apartmanokat v\u00e1lasztj\u00e1k a turisztikai b\u00e9rl\u00e9s vagy a saj\u00e1t nyaral\u00f3hely \u00e9lvezet\u00e9nek lehet\u0151s\u00e9ge miatt.<\/span><\/p><p><span style=\"font-weight: 400;\">K\u00f6zvetlen\u00fcl a tengerparton, de egy kicsit t\u00e1volabbi, de ugyanolyan funkcion\u00e1lis \u00e9s k\u00e9nyelmes apartmanok is el\u00e9rhet\u0151k. Az Ardor adatb\u00e1zis\u00e1nak v\u00e1ltozatos k\u00edn\u00e1lata lehet\u0151v\u00e9 teszi a gyors \u00e9s \u00e1tl\u00e1that\u00f3 v\u00e9teli \u00e9s elad\u00e1si folyamat lebonyol\u00edt\u00e1s\u00e1t, a k\u00edn\u00e1latban k\u00fcl\u00f6nb\u00f6z\u0151 m\u00e9ret\u0171 \u00e9s elhelyezked\u00e9s\u0171 apartmanok tal\u00e1lhat\u00f3k.<\/span><\/p><p><span style=\"font-weight: 400;\">Ak\u00e1r szem\u00e9lyes sz\u00fcks\u00e9gletre, ak\u00e1r befektet\u00e9snek keres lak\u00e1st, az Ardor Ingatlaniroda vonz\u00f3 v\u00e1laszt\u00e9kot k\u00edn\u00e1l modern bels\u0151 terekb\u0151l, els\u0151 oszt\u00e1ly\u00fa felszerelts\u00e9gb\u0151l, kiv\u00e1l\u00f3 k\u00f6zleked\u00e9si kapcsolatokb\u00f3l, \u00e9s egyre ink\u00e1bb a k\u00f6zvetlen befektet\u0151i v\u00e1s\u00e1rl\u00e1s lehet\u0151s\u00e9g\u00e9b\u0151l, tov\u00e1bbi fel\u00faj\u00edt\u00e1si k\u00f6lts\u00e9gek n\u00e9lk\u00fcl.<\/span><\/p><h2><span style=\"font-weight: 400;\">Elad\u00f3 lak\u00e1sok - \u00faj \u00e9p\u00edt\u00e9s\u0171<\/span><\/h2><p><span style=\"font-weight: 400;\">K\u00edn\u00e1latunkban az \u00faj lak\u00e1sok \u00e9rt\u00e9kes\u00edt\u00e9se a legfontosabb, k\u00fcl\u00f6n\u00f6sen a nagy kereslet\u0171 r\u00e9gi\u00f3kban, mint p\u00e9ld\u00e1ul Split, Zadar, Rijeka, Pore\u010d \u00e9s Rovinj. Az \u00fajonnan \u00e9p\u00fclt lak\u00e1sok sz\u00e1mos el\u0151nnyel j\u00e1rnak - magas energiahat\u00e9konys\u00e1g, modern diz\u00e1jn \u00e9s az \u00e9p\u00edt\u00e9si f\u00e1zisban t\u00f6rt\u00e9n\u0151 adapt\u00e1l\u00e1s lehet\u0151s\u00e9ge.<\/span><\/p><p><span style=\"font-weight: 400;\">Az \u00fajonnan \u00e9p\u00fclt lak\u00f3\u00e9p\u00fcletek k\u00fcl\u00f6nb\u00f6z\u0151 m\u00e9ret\u0171 \u00e9s elhelyezked\u00e9s\u0171 lak\u00e1sokat k\u00edn\u00e1lnak, egy helyen. Vonz\u00f3 megjelen\u00e9s\u00fck, funkcion\u00e1lis megold\u00e1saik \u00e9s a modern \u00e9let ig\u00e9nyeihez val\u00f3 alkalmazkod\u00e1suk ide\u00e1lis v\u00e1laszt\u00e1ss\u00e1 teszi \u0151ket a biztons\u00e1gra \u00e9s k\u00e9nyelemre v\u00e1gy\u00f3 \u00fcgyfelek sz\u00e1m\u00e1ra.<\/span><\/p><h2><span style=\"font-weight: 400;\">\u00c9p\u00edt\u00e9s alatt \u00e1ll\u00f3 lak\u00e1sok elad\u00e1sa<\/span><span style=\"font-weight: 400;\"> \u2013 befektet\u00e9si lehet\u0151s\u00e9g<\/span><\/h2><p><span style=\"font-weight: 400;\">Azok sz\u00e1m\u00e1ra, akik el\u0151re, kedvez\u0151bb \u00e1ron szeretn\u00e9k biztos\u00edtani a t\u00f6k\u00e9letes ter\u00fcletet, majd k\u00e9s\u0151bb saj\u00e1t ig\u00e9nyeik szerint eladni azt, az \u00e9p\u00edt\u00e9s alatt \u00e1ll\u00f3 lak\u00e1sok \u00e9rt\u00e9kes\u00edt\u00e9se nagyszer\u0171 lehet\u0151s\u00e9get jelent. Az Ardor csapata professzion\u00e1lis t\u00e1mogat\u00e1st ny\u00fajt az ingatlanv\u00e1laszt\u00e1sban az \u00e9p\u00edtkez\u00e9s korai szakasz\u00e1ban, teljes jogi \u00e9s m\u0171szaki biztons\u00e1ggal.<\/span><\/p><p><span style=\"font-weight: 400;\">Itt megtal\u00e1lja a leg\u00fajabb projekteket, \u00e9s biztos lehet benne, hogy leg\u00e1lis \u00e9s megb\u00edzhat\u00f3 utat v\u00e1lasztott j\u00f6v\u0151beli ingatlan\u00e1hoz.<\/span><\/p><h2><span style=\"font-weight: 400;\">Egyszob\u00e1s lak\u00e1sok \u2013 elad\u00f3k<\/span><span style=\"font-weight: 400;\"> a modern \u00e9lethez igaz\u00edtva<\/span><\/h2><p><span style=\"font-weight: 400;\">Az egyszob\u00e1s lak\u00e1sok ir\u00e1nt er\u0151teljes keresletn\u00f6veked\u00e9s tapasztalhat\u00f3, k\u00fcl\u00f6n\u00f6sen a fiatalok, a p\u00e1rok \u00e9s a befektet\u0151k k\u00f6r\u00e9ben, akik kisebb alapter\u00fclet\u0171, de maxim\u00e1lis funkcionalit\u00e1s\u00fa lak\u00e1st keresnek. K\u00edn\u00e1latunkban olyan lak\u00e1sok tal\u00e1lhat\u00f3k, amelyek ide\u00e1lisak b\u00e9rbead\u00e1sra, h\u00e9tv\u00e9gi tart\u00f3zkod\u00e1sra vagy els\u0151 befektet\u00e9sre, k\u00fcl\u00f6n\u00f6sen a tenger \u00e9s a fels\u0151oktat\u00e1si int\u00e9zm\u00e9nyek k\u00f6zel\u00e9ben.<\/span><\/p><h2><span style=\"font-weight: 400;\">Mi\u00e9rt v\u00e1lassza az Ardor Ingatlant lak\u00e1sok \u00e9s lak\u00e1sok elad\u00e1s\u00e1hoz?<\/span><\/h2><p><span style=\"font-weight: 400;\">Lak\u00e1s vagy apartman v\u00e1s\u00e1rl\u00e1sakor biztons\u00e1gra, szak\u00e9rt\u0151i gyors seg\u00edts\u00e9gre \u00e9s arra az \u00e9rz\u00e9sre van sz\u00fcks\u00e9ge, hogy helyes d\u00f6nt\u00e9st hozott. Ez\u00e9rt \u00e9vek \u00f3ta fejlesztj\u00fck szolg\u00e1ltat\u00e1sainkat \u00e9s igyeksz\u00fcnk magas sz\u00ednvonalat fenntartani:<\/span><\/p><ul><li><span style=\"font-weight: 400;\"> Enged\u00e9llyel rendelkez\u0151 \u00fcgyn\u00f6k\u00f6k, akik belf\u00f6ldi \u00e9s nemzetk\u00f6zi \u00fcgyfelekkel kapcsolatos tapasztalattal rendelkeznek<\/span><span style=\"font-weight: 400;\"><br \/><\/span><span style=\"font-weight: 400;\"> \u2022 \u00c1tl\u00e1that\u00f3 v\u00e9teli \u00e9s elad\u00e1si folyamat teljes k\u00f6r\u0171 jogi \u00e9s adminisztrat\u00edv t\u00e1mogat\u00e1ssal<\/span><span style=\"font-weight: 400;\"><br \/><\/span><span style=\"font-weight: 400;\"> \u2022 A legjobb \u00e1r-\u00e9rt\u00e9k ar\u00e1ny \u2013 kiz\u00e1r\u00f3lag ellen\u0151rz\u00f6tt ingatlanokkal dolgozunk<\/span><span style=\"font-weight: 400;\"><br \/><\/span><span style=\"font-weight: 400;\"> \u2022 Egy\u00e9ni megk\u00f6zel\u00edt\u00e9s minden \u00fcgyf\u00e9lhez \u2013 az \u00d6n elk\u00e9pzel\u00e9se v\u00e1lik a mi feladatunkk\u00e1<\/span><\/li><\/ul><p><span style=\"font-weight: 400;\">Nem sz\u00e1m\u00edt, milyen t\u00edpus\u00fa lak\u00e1st keres, milyen helysz\u00ednt szeretne, \u00e9s milyen felt\u00e9telekkel v\u00e1s\u00e1rol, j\u00f3 helyen j\u00e1r. Ak\u00e1r luxuslak\u00e1sr\u00f3l, befektet\u00e9sr\u0151l vagy pihenni v\u00e1gy\u00f3 helyr\u0151l van sz\u00f3, az Ardor Real Estate-tel t\u00f6rt\u00e9n\u0151 horv\u00e1torsz\u00e1gi apartmanok \u00e9s lak\u00e1sok elad\u00e1sa biztons\u00e1gos, egyszer\u0171 \u00e9s kiv\u00e1l\u00f3 min\u0151s\u00e9g\u0171 folyamatot jelent. L\u00e9pjen kapcsolatba vel\u00fcnk m\u00e9g ma, \u00e9s tal\u00e1lja meg ide\u00e1lis ingatlan\u00e1t csapatunk professzion\u00e1lis t\u00e1mogat\u00e1s\u00e1val.<\/span><\/p>\t\t\t\t\t\t\t\t<\/div>\n\t\t\t\t<\/div>\n\t\t\t\t<\/div>\n\t\t\t\t\t<\/details>\n\t\t\t\t\t<\/div>\n\t\t\t\t\t\t<\/div>\n\t\t\t\t<\/div>\n\t\t\t\t<\/div>\n\t\t\t\t<\/div>","protected":false},"excerpt":{"rendered":"<p>Otkrijte najkvalitetniju ponudu stanova i apartmana na moru u Hrvatskoj. Ardor Real Estate nudi pa\u017eljivo odabrane nekretnine iz svih najtra\u017eenijih primorskih regija \u2013 Istre, Kvarnera, Dalmacije i otoka. Bez obzira tra\u017eite li jednosoban stan, moderan apartman u novogradnji ili stan u izgradnji s pogledom na more, ovdje \u0107ete prona\u0107i idealnu nekretninu za \u017eivot, odmor ili [&hellip;]<\/p>","protected":false},"author":2,"featured_media":0,"parent":54,"menu_order":0,"comment_status":"closed","ping_status":"closed","template":"template\/template-listing-grid-v1-fullwidth-4cols.php","meta":{"inline_featured_image":false,"footnotes":""},"class_list":["post-31863","page","type-page","status-publish","hentry"],"_links":{"self":[{"href":"https:\/\/ardor-realestate.com\/hu\/wp-json\/wp\/v2\/pages\/31863","targetHints":{"allow":["GET"]}}],"collection":[{"href":"https:\/\/ardor-realestate.com\/hu\/wp-json\/wp\/v2\/pages"}],"about":[{"href":"https:\/\/ardor-realestate.com\/hu\/wp-json\/wp\/v2\/types\/page"}],"author":[{"embeddable":true,"href":"https:\/\/ardor-realestate.com\/hu\/wp-json\/wp\/v2\/users\/2"}],"replies":[{"embeddable":true,"href":"https:\/\/ardor-realestate.com\/hu\/wp-json\/wp\/v2\/comments?post=31863"}],"version-history":[{"count":0,"href":"https:\/\/ardor-realestate.com\/hu\/wp-json\/wp\/v2\/pages\/31863\/revisions"}],"up":[{"embeddable":true,"href":"https:\/\/ardor-realestate.com\/hu\/wp-json\/wp\/v2\/pages\/54"}],"wp:attachment":[{"href":"https:\/\/ardor-realestate.com\/hu\/wp-json\/wp\/v2\/media?parent=31863"}],"curies":[{"name":"munkaf\u00fczet","href":"https:\/\/api.w.org\/{rel}","templated":true}]}}