{"id":3,"date":"2023-08-10T17:23:28","date_gmt":"2023-08-10T15:23:28","guid":{"rendered":"https:\/\/demo01.demo01.webestate.agency\/?page_id=3"},"modified":"2025-08-19T06:34:28","modified_gmt":"2025-08-19T04:34:28","slug":"adatvedelmi-szabalyzat","status":"publish","type":"page","link":"https:\/\/ardor-realestate.com\/hu\/adatvedelmi-szabalyzat\/","title":{"rendered":"Adatv\u00e9delmi szab\u00e1lyzat"},"content":{"rendered":"<div data-elementor-type=\"wp-page\" data-elementor-id=\"3\" class=\"elementor elementor-3\" data-elementor-post-type=\"page\">\n\t\t\t\t\t\t<section class=\"elementor-section elementor-top-section elementor-element elementor-element-8eb41ac elementor-section-boxed elementor-section-height-default elementor-section-height-default\" data-id=\"8eb41ac\" data-element_type=\"section\">\n\t\t\t\t\t\t<div class=\"elementor-container elementor-column-gap-default\">\n\t\t\t\t\t<div class=\"elementor-column elementor-col-100 elementor-top-column elementor-element elementor-element-091de8f\" data-id=\"091de8f\" data-element_type=\"column\">\n\t\t\t<div class=\"elementor-widget-wrap elementor-element-populated\">\n\t\t\t\t\t\t<div class=\"elementor-element elementor-element-61f9a4b elementor-widget elementor-widget-heading\" data-id=\"61f9a4b\" data-element_type=\"widget\" data-widget_type=\"heading.default\">\n\t\t\t\t<div class=\"elementor-widget-container\">\n\t\t\t\t\t<h1 class=\"elementor-heading-title elementor-size-default\">Adatv\u00e9delmi szab\u00e1lyzat<\/h1>\t\t\t\t<\/div>\n\t\t\t\t<\/div>\n\t\t\t\t<div class=\"elementor-element elementor-element-b1a6728 elementor-widget-divider--view-line elementor-widget elementor-widget-divider\" data-id=\"b1a6728\" data-element_type=\"widget\" data-widget_type=\"divider.default\">\n\t\t\t\t<div class=\"elementor-widget-container\">\n\t\t\t\t\t\t\t<div class=\"elementor-divider\">\n\t\t\t<span class=\"elementor-divider-separator\">\n\t\t\t\t\t\t<\/span>\n\t\t<\/div>\n\t\t\t\t\t\t<\/div>\n\t\t\t\t<\/div>\n\t\t\t\t<div class=\"elementor-element elementor-element-45c1db6 elementor-widget elementor-widget-heading\" data-id=\"45c1db6\" data-element_type=\"widget\" data-widget_type=\"heading.default\">\n\t\t\t\t<div class=\"elementor-widget-container\">\n\t\t\t\t\t<h2 class=\"elementor-heading-title elementor-size-default\">Bevezet\u00e9s<\/h2>\t\t\t\t<\/div>\n\t\t\t\t<\/div>\n\t\t\t\t<div class=\"elementor-element elementor-element-218dc09 elementor-widget elementor-widget-text-editor\" data-id=\"218dc09\" data-element_type=\"widget\" data-widget_type=\"text-editor.default\">\n\t\t\t\t<div class=\"elementor-widget-container\">\n\t\t\t\t\t\t\t\t\t<p>Az \u00d6n adatainak v\u00e9delme fontos sz\u00e1munkra. Ez az adatv\u00e9delmi szab\u00e1lyzat elmagyar\u00e1zza, hogy milyen szem\u00e9lyes adatokat gy\u0171jt\u00fcnk \u00d6nt\u0151l, \u00e9s hogyan haszn\u00e1ljuk fel azokat. K\u00e9rj\u00fck, figyelmesen olvassa el ezt a dokumentumot, hogy meg\u00e9rtse szem\u00e9lyes adataival kapcsolatos gyakorlatunkat.<\/p>\t\t\t\t\t\t\t\t<\/div>\n\t\t\t\t<\/div>\n\t\t\t\t<div class=\"elementor-element elementor-element-71258b5 elementor-widget elementor-widget-heading\" data-id=\"71258b5\" data-element_type=\"widget\" data-widget_type=\"heading.default\">\n\t\t\t\t<div class=\"elementor-widget-container\">\n\t\t\t\t\t<h2 class=\"elementor-heading-title elementor-size-default\">Az \u00e1ltalunk gy\u0171jt\u00f6tt adatok<\/h2>\t\t\t\t<\/div>\n\t\t\t\t<\/div>\n\t\t\t\t<div class=\"elementor-element elementor-element-48b7a60 elementor-widget elementor-widget-text-editor\" data-id=\"48b7a60\" data-element_type=\"widget\" data-widget_type=\"text-editor.default\">\n\t\t\t\t<div class=\"elementor-widget-container\">\n\t\t\t\t\t\t\t\t\t<p><strong>A k\u00f6vetkez\u0151 inform\u00e1ci\u00f3kat gy\u0171jthetj\u00fck \u00e9s dolgozhatjuk fel \u00d6nr\u0151l:<\/strong><\/p><ul><li>Az \u00d6n \u00e1ltal megadott inform\u00e1ci\u00f3k:<\/li><li>Amikor weboldalunkon \u0171rlapokat t\u00f6lt ki, telefonon, e-mailben vagy m\u00e1s m\u00f3don kapcsolatba l\u00e9p vel\u00fcnk, megadja nev\u00e9t, e-mail c\u00edm\u00e9t, telefonsz\u00e1m\u00e1t \u00e9s egy\u00e9b el\u00e9rhet\u0151s\u00e9geit.<\/li><li>M\u0171szaki adatok:<\/li><li>Inform\u00e1ci\u00f3kat gy\u0171jt\u00fcnk a weboldalunkon tett l\u00e1togat\u00e1s\u00e1r\u00f3l, bele\u00e9rtve az IP-c\u00edmet, a b\u00f6ng\u00e9sz\u0151 t\u00edpus\u00e1t, a hozz\u00e1f\u00e9r\u00e9s idej\u00e9t \u00e9s a megtekintett oldalakat.<\/li><li>Cookie-k: Cookie-kat \u00e9s hasonl\u00f3 technol\u00f3gi\u00e1kat haszn\u00e1lunk, hogy inform\u00e1ci\u00f3kat gy\u0171jts\u00fcnk a weboldalunkon v\u00e9gzett tev\u00e9kenys\u00e9geir\u0151l.<\/li><\/ul>\t\t\t\t\t\t\t\t<\/div>\n\t\t\t\t<\/div>\n\t\t\t\t<div class=\"elementor-element elementor-element-ecd08a8 elementor-widget elementor-widget-heading\" data-id=\"ecd08a8\" data-element_type=\"widget\" data-widget_type=\"heading.default\">\n\t\t\t\t<div class=\"elementor-widget-container\">\n\t\t\t\t\t<h2 class=\"elementor-heading-title elementor-size-default\">Hogyan haszn\u00e1ljuk fel adatait?<\/h2>\t\t\t\t<\/div>\n\t\t\t\t<\/div>\n\t\t\t\t<div class=\"elementor-element elementor-element-58fa2b3 elementor-widget elementor-widget-text-editor\" data-id=\"58fa2b3\" data-element_type=\"widget\" data-widget_type=\"text-editor.default\">\n\t\t\t\t<div class=\"elementor-widget-container\">\n\t\t\t\t\t\t\t\t\t<p>Az \u00f6sszegy\u0171jt\u00f6tt adatokat a k\u00f6vetkez\u0151kre haszn\u00e1ljuk fel:<\/p><ul><li>Szolg\u00e1ltat\u00e1saink haszn\u00e1lat\u00e1nak lehet\u0151v\u00e9 t\u00e9tele.<\/li><li>Kommunik\u00e1ci\u00f3 \u00d6nnel k\u00e9rd\u00e9seivel kapcsolatban \u00e9s t\u00e1mogat\u00e1s ny\u00fajt\u00e1sa.<\/li><li>Weboldalunk funkcionalit\u00e1s\u00e1nak \u00e9s felhaszn\u00e1l\u00f3i \u00e9lm\u00e9ny\u00e9nek jav\u00edt\u00e1sa.<\/li><li>Prom\u00f3ci\u00f3s anyagok k\u00fcld\u00e9se, de csak az \u00d6n hozz\u00e1j\u00e1rul\u00e1sa eset\u00e9n.<\/li><\/ul>\t\t\t\t\t\t\t\t<\/div>\n\t\t\t\t<\/div>\n\t\t\t\t<div class=\"elementor-element elementor-element-1e3fecc elementor-widget elementor-widget-heading\" data-id=\"1e3fecc\" data-element_type=\"widget\" data-widget_type=\"heading.default\">\n\t\t\t\t<div class=\"elementor-widget-container\">\n\t\t\t\t\t<h2 class=\"elementor-heading-title elementor-size-default\">Inform\u00e1ci\u00f3inak megoszt\u00e1sa<\/h2>\t\t\t\t<\/div>\n\t\t\t\t<\/div>\n\t\t\t\t<div class=\"elementor-element elementor-element-7cda6d0 elementor-widget elementor-widget-text-editor\" data-id=\"7cda6d0\" data-element_type=\"widget\" data-widget_type=\"text-editor.default\">\n\t\t\t\t<div class=\"elementor-widget-container\">\n\t\t\t\t\t\t\t\t\t<p>Szem\u00e9lyes adatait nem osztjuk meg harmadik felekkel, kiv\u00e9ve az al\u00e1bbi esetekben:<\/p><ul><li>Ha megkaptuk az \u00d6n hozz\u00e1j\u00e1rul\u00e1s\u00e1t az inform\u00e1ci\u00f3 megoszt\u00e1s\u00e1hoz.<\/li><li>Amikor jogi k\u00f6telezetts\u00e9geink teljes\u00edt\u00e9s\u00e9hez sz\u00fcks\u00e9ges.<\/li><li>A nev\u00fcnkben szolg\u00e1ltat\u00e1sokat ny\u00fajt\u00f3 harmadik felekkel, felt\u00e9ve, hogy v\u00e1llalj\u00e1k, hogy az \u00d6n adatait bizalmasan kezelik.<\/li><\/ul>\t\t\t\t\t\t\t\t<\/div>\n\t\t\t\t<\/div>\n\t\t\t\t<div class=\"elementor-element elementor-element-ffc7850 elementor-widget elementor-widget-heading\" data-id=\"ffc7850\" data-element_type=\"widget\" data-widget_type=\"heading.default\">\n\t\t\t\t<div class=\"elementor-widget-container\">\n\t\t\t\t\t<h2 class=\"elementor-heading-title elementor-size-default\">Adatbiztons\u00e1g<\/h2>\t\t\t\t<\/div>\n\t\t\t\t<\/div>\n\t\t\t\t<div class=\"elementor-element elementor-element-a5f7bf5 elementor-widget elementor-widget-text-editor\" data-id=\"a5f7bf5\" data-element_type=\"widget\" data-widget_type=\"text-editor.default\">\n\t\t\t\t<div class=\"elementor-widget-container\">\n\t\t\t\t\t\t\t\t\t<p>\u00c9sszer\u0171 int\u00e9zked\u00e9seket tesz\u00fcnk annak \u00e9rdek\u00e9ben, hogy megv\u00e9dj\u00fck szem\u00e9lyes adatait a jogosulatlan hozz\u00e1f\u00e9r\u00e9st\u0151l, felhaszn\u00e1l\u00e1st\u00f3l vagy nyilv\u00e1noss\u00e1gra hozatalt\u00f3l. Azonban egyetlen internetes adat\u00e1tviteli rendszer vagy elektronikus t\u00e1rol\u00f3rendszer sem 100% biztons\u00e1gos, \u00edgy nem tudjuk garant\u00e1lni az \u00d6n adatainak abszol\u00fat biztons\u00e1g\u00e1t.<\/p>\t\t\t\t\t\t\t\t<\/div>\n\t\t\t\t<\/div>\n\t\t\t\t<div class=\"elementor-element elementor-element-9058ed8 elementor-widget elementor-widget-heading\" data-id=\"9058ed8\" data-element_type=\"widget\" data-widget_type=\"heading.default\">\n\t\t\t\t<div class=\"elementor-widget-container\">\n\t\t\t\t\t<h2 class=\"elementor-heading-title elementor-size-default\">Az \u00d6n jogai<\/h2>\t\t\t\t<\/div>\n\t\t\t\t<\/div>\n\t\t\t\t<div class=\"elementor-element elementor-element-36a6676 elementor-widget elementor-widget-text-editor\" data-id=\"36a6676\" data-element_type=\"widget\" data-widget_type=\"text-editor.default\">\n\t\t\t\t<div class=\"elementor-widget-container\">\n\t\t\t\t\t\t\t\t\t<p>\u00d6nnek jog\u00e1ban \u00e1ll hozz\u00e1f\u00e9rni az \u00e1ltalunk t\u00e1rolt szem\u00e9lyes adataihoz, kijav\u00edtani a pontatlan adatokat, k\u00e9rni az adatok t\u00f6rl\u00e9s\u00e9t, valamint korl\u00e1tozni vagy tiltakozni az adatai kezel\u00e9s\u00e9vel szemben. Ha \u00e9lni k\u00edv\u00e1n jogaival, k\u00e9rj\u00fck, vegye fel vel\u00fcnk a kapcsolatot az al\u00e1bbi el\u00e9rhet\u0151s\u00e9geken.<\/p>\t\t\t\t\t\t\t\t<\/div>\n\t\t\t\t<\/div>\n\t\t\t\t<div class=\"elementor-element elementor-element-32631df elementor-widget elementor-widget-heading\" data-id=\"32631df\" data-element_type=\"widget\" data-widget_type=\"heading.default\">\n\t\t\t\t<div class=\"elementor-widget-container\">\n\t\t\t\t\t<h2 class=\"elementor-heading-title elementor-size-default\">Az adatv\u00e9delmi szab\u00e1lyzat v\u00e1ltoz\u00e1sai<\/h2>\t\t\t\t<\/div>\n\t\t\t\t<\/div>\n\t\t\t\t<div class=\"elementor-element elementor-element-590f6e3 elementor-widget elementor-widget-text-editor\" data-id=\"590f6e3\" data-element_type=\"widget\" data-widget_type=\"text-editor.default\">\n\t\t\t\t<div class=\"elementor-widget-container\">\n\t\t\t\t\t\t\t\t\t<p>Ezt az adatv\u00e9delmi szab\u00e1lyzatot id\u0151r\u0151l id\u0151re friss\u00edthetj\u00fck. B\u00e1rmilyen v\u00e1ltoz\u00e1st ezen az oldalon tesz\u00fcnk k\u00f6zz\u00e9, ez\u00e9rt javasoljuk, hogy rendszeresen ellen\u0151rizze adatv\u00e9delmi szab\u00e1lyzatunkat, hogy t\u00e1j\u00e9koz\u00f3djon arr\u00f3l, hogyan v\u00e9dj\u00fck adatait.<\/p>\t\t\t\t\t\t\t\t<\/div>\n\t\t\t\t<\/div>\n\t\t\t\t<div class=\"elementor-element elementor-element-0bfa4b6 elementor-widget elementor-widget-heading\" data-id=\"0bfa4b6\" data-element_type=\"widget\" data-widget_type=\"heading.default\">\n\t\t\t\t<div class=\"elementor-widget-container\">\n\t\t\t\t\t<h2 class=\"elementor-heading-title elementor-size-default\">\u00c9rintkez\u00e9s<\/h2>\t\t\t\t<\/div>\n\t\t\t\t<\/div>\n\t\t\t\t<div class=\"elementor-element elementor-element-8a1926a elementor-widget elementor-widget-text-editor\" data-id=\"8a1926a\" data-element_type=\"widget\" data-widget_type=\"text-editor.default\">\n\t\t\t\t<div class=\"elementor-widget-container\">\n\t\t\t\t\t\t\t\t\t<p>Ha b\u00e1rmilyen k\u00e9rd\u00e9se van a jelen adatv\u00e9delmi szab\u00e1lyzattal kapcsolatban, k\u00e9rj\u00fck, vegye fel vel\u00fcnk a kapcsolatot e-mailben: <a href=\"mailto:office@ardor-realestate.com\">office@ardor-realestate.com<\/a><\/p>\t\t\t\t\t\t\t\t<\/div>\n\t\t\t\t<\/div>\n\t\t\t\t\t<\/div>\n\t\t<\/div>\n\t\t\t\t\t<\/div>\n\t\t<\/section>\n\t\t\t\t<\/div>","protected":false},"excerpt":{"rendered":"<p>Politika privatnosti Uvod Va\u0161a privatnost nam je va\u017ena. Ova politika privatnosti obja\u0161njava koje osobne podatke prikupljamo od vas i kako ih koristimo. Pro\u010ditajte ovaj dokument pa\u017eljivo kako biste razumjeli na\u0161e prakse u vezi s va\u0161im osobnim podacima. Podaci koje prikupljamo Mo\u017eemo prikupljati i obra\u0111ivati sljede\u0107e podatke o vama: Podaci koje nam dajete: Kada ispunjavate obrasce [&hellip;]<\/p>","protected":false},"author":2,"featured_media":0,"parent":0,"menu_order":0,"comment_status":"closed","ping_status":"open","template":"elementor_header_footer","meta":{"inline_featured_image":false,"footnotes":""},"class_list":["post-3","page","type-page","status-publish","hentry"],"_links":{"self":[{"href":"https:\/\/ardor-realestate.com\/hu\/wp-json\/wp\/v2\/pages\/3","targetHints":{"allow":["GET"]}}],"collection":[{"href":"https:\/\/ardor-realestate.com\/hu\/wp-json\/wp\/v2\/pages"}],"about":[{"href":"https:\/\/ardor-realestate.com\/hu\/wp-json\/wp\/v2\/types\/page"}],"author":[{"embeddable":true,"href":"https:\/\/ardor-realestate.com\/hu\/wp-json\/wp\/v2\/users\/2"}],"replies":[{"embeddable":true,"href":"https:\/\/ardor-realestate.com\/hu\/wp-json\/wp\/v2\/comments?post=3"}],"version-history":[{"count":0,"href":"https:\/\/ardor-realestate.com\/hu\/wp-json\/wp\/v2\/pages\/3\/revisions"}],"wp:attachment":[{"href":"https:\/\/ardor-realestate.com\/hu\/wp-json\/wp\/v2\/media?parent=3"}],"curies":[{"name":"munkaf\u00fczet","href":"https:\/\/api.w.org\/{rel}","templated":true}]}}