{"id":31892,"date":"2024-09-24T21:36:30","date_gmt":"2024-09-24T19:36:30","guid":{"rendered":"https:\/\/ardor-realestate.com\/?page_id=31892"},"modified":"2025-08-11T19:10:02","modified_gmt":"2025-08-11T17:10:02","slug":"sale-of-houses","status":"publish","type":"page","link":"https:\/\/ardor-realestate.com\/en\/sale\/sale-of-houses\/","title":{"rendered":"Sale of houses"},"content":{"rendered":"<div data-elementor-type=\"wp-page\" data-elementor-id=\"31892\" class=\"elementor elementor-31892\" data-elementor-post-type=\"page\">\n\t\t\t\t<div class=\"elementor-element elementor-element-5ff55e1 e-con-full e-flex e-con e-child\" data-id=\"5ff55e1\" data-element_type=\"container\">\n\t\t\t\t<div class=\"elementor-element elementor-element-117befc elementor-widget elementor-widget-text-editor\" data-id=\"117befc\" data-element_type=\"widget\" data-widget_type=\"text-editor.default\">\n\t\t\t\t<div class=\"elementor-widget-container\">\n\t\t\t\t\t\t\t\t\t<p>You are in the right place if you are looking for a charming stone house, a modern villa, a family house with a garden or a house by the sea. Ardor offers you a selection of houses in the most attractive locations throughout Croatia. Our agents specialize in selling houses by the sea, on islands and inland. We offer you complete legal security, professional advice and a transparent buying and selling process. We help you find a house that perfectly suits your lifestyle or investment goals.<\/p>\t\t\t\t\t\t\t\t<\/div>\n\t\t\t\t<\/div>\n\t\t\t\t<div class=\"elementor-element elementor-element-0309bda elementor-widget elementor-widget-n-accordion\" data-id=\"0309bda\" data-element_type=\"widget\" data-settings=\"{&quot;default_state&quot;:&quot;all_collapsed&quot;,&quot;max_items_expended&quot;:&quot;one&quot;,&quot;n_accordion_animation_duration&quot;:{&quot;unit&quot;:&quot;ms&quot;,&quot;size&quot;:400,&quot;sizes&quot;:[]}}\" data-widget_type=\"nested-accordion.default\">\n\t\t\t\t<div class=\"elementor-widget-container\">\n\t\t\t\t\t\t\t<div class=\"e-n-accordion\" aria-label=\"Accordion. Open links with Enter or Space, close with Escape, and navigate with Arrow Keys\">\n\t\t\t\t\t\t<details id=\"e-n-accordion-item-3180\" class=\"e-n-accordion-item\" >\n\t\t\t\t<summary class=\"e-n-accordion-item-title\" data-accordion-index=\"1\" tabindex=\"0\" aria-expanded=\"false\" aria-controls=\"e-n-accordion-item-3180\" >\n\t\t\t\t\t<span class='e-n-accordion-item-title-header'><div class=\"e-n-accordion-item-title-text\"> Read more <\/div><\/span>\n\t\t\t\t\t\t\t<span class='e-n-accordion-item-title-icon'>\n\t\t\t<span class='e-opened' ><svg aria-hidden=\"true\" class=\"e-font-icon-svg e-fas-arrow-up\" viewbox=\"0 0 448 512\" xmlns=\"http:\/\/www.w3.org\/2000\/svg\"><path d=\"M34.9 289.5l-22.2-22.2c-9.4-9.4-9.4-24.6 0-33.9L207 39c9.4-9.4 24.6-9.4 33.9 0l194.3 194.3c9.4 9.4 9.4 24.6 0 33.9L413 289.4c-9.5 9.5-25 9.3-34.3-.4L264 168.6V456c0 13.3-10.7 24-24 24h-32c-13.3 0-24-10.7-24-24V168.6L69.2 289.1c-9.3 9.8-24.8 10-34.3.4z\"><\/path><\/svg><\/span>\n\t\t\t<span class='e-closed'><svg aria-hidden=\"true\" class=\"e-font-icon-svg e-fas-arrow-down\" viewbox=\"0 0 448 512\" xmlns=\"http:\/\/www.w3.org\/2000\/svg\"><path d=\"M413.1 222.5l22.2 22.2c9.4 9.4 9.4 24.6 0 33.9L241 473c-9.4 9.4-24.6 9.4-33.9 0L12.7 278.6c-9.4-9.4-9.4-24.6 0-33.9l22.2-22.2c9.5-9.5 25-9.3 34.3.4L184 343.4V56c0-13.3 10.7-24 24-24h32c13.3 0 24 10.7 24 24v287.4l114.8-120.5c9.3-9.8 24.8-10 34.3-.4z\"><\/path><\/svg><\/span>\n\t\t<\/span>\n\n\t\t\t\t\t\t<\/summary>\n\t\t\t\t<div role=\"region\" aria-labelledby=\"e-n-accordion-item-3180\" class=\"elementor-element elementor-element-66437be e-con-full e-flex e-con e-child\" data-id=\"66437be\" data-element_type=\"container\">\n\t\t\t\t<div class=\"elementor-element elementor-element-eb84a51 elementor-widget elementor-widget-text-editor\" data-id=\"eb84a51\" data-element_type=\"widget\" data-widget_type=\"text-editor.default\">\n\t\t\t\t<div class=\"elementor-widget-container\">\n\t\t\t\t\t\t\t\t\t<h2>Houses for sale \u2013 Ardor Real Estate database<\/h2><p><span style=\"font-weight: 400;\">Our offer includes: <\/span><b>houses for sale<\/b><span style=\"font-weight: 400;\"> in numerous attractive locations, from Istria and Kvarner to Dalmatia and the Croatian islands. We offer only verified properties with proper documentation.<\/span><\/p><p><span style=\"font-weight: 400;\">From houses under construction, for renovation, to completely renovated buildings ready for occupancy, each property undergoes a detailed inspection and we make a selection to ensure a safe and quality investment.\u00a0<\/span><\/p><h3><span style=\"font-weight: 400;\">Houses for sale by the sea<\/span><span style=\"font-weight: 400;\"> \u2013 for vacation and further investments<\/span><\/h3><p><span style=\"font-weight: 400;\">Seaside houses in Croatia<\/span> <span style=\"font-weight: 400;\">are particularly sought after by domestic and foreign buyers. Attractive due to their proximity to beaches, sea views and the possibility of tourist rental, these properties are ideal for both personal use and further investment.<\/span><\/p><p><span style=\"font-weight: 400;\"><br \/><\/span><span style=\"font-weight: 400;\">In the Ardor base you can find houses in the first row to the sea, villas with pools, as well as houses in quiet coves for complete privacy.<\/span><\/p><p><span style=\"font-weight: 400;\">Buyers from Germany, Austria, Slovenia and other countries are increasingly choosing <\/span><span style=\"font-weight: 400;\">houses for sale in Croatia<\/span><span style=\"font-weight: 400;\"> as your second residence or investment with a very high return.<\/span><\/p><h3><span style=\"font-weight: 400;\">Family houses\u00a0<\/span><\/h3><p><span style=\"font-weight: 400;\">If you are looking for a living space with a yard, garden and parking space, explore the database and find <\/span><b>family houses<\/b><span style=\"font-weight: 400;\"> in urban and suburban areas. They are ideal for living, with enough space for the whole family and living in harmony with nature.<\/span><\/p><p><span style=\"font-weight: 400;\">Houses with multiple floors, garages, storage rooms and additional amenities are available that enable a comfortable and functional lifestyle.<\/span><\/p><h3><span style=\"font-weight: 400;\">Luxury villas and houses with swimming pools\u00a0<\/span><\/h3><p><span style=\"font-weight: 400;\">For a high level of luxury, design and privacy, we offer <\/span><b>luxury villas<\/b><span style=\"font-weight: 400;\"> i <\/span><b>houses with swimming pool<\/b><span style=\"font-weight: 400;\"> at the most exclusive locations in Croatia and the surrounding area.<\/span><span style=\"font-weight: 400;\"><br \/><\/span><span style=\"font-weight: 400;\"> Modern architectural lines, top-notch equipment, open sea views and additional amenities such as a sauna, fitness center or smart home systems make these properties a top investment.\u00a0<\/span><\/p><p><span style=\"font-weight: 400;\">They are suitable for rent and housing and attractive for domestic and foreign buyers.<\/span><\/p><h3><span style=\"font-weight: 400;\">Old houses by the sea<\/span><span style=\"font-weight: 400;\"> i <\/span><span style=\"font-weight: 400;\">houses for adaptation<\/span><span style=\"font-weight: 400;\">\u00a0<\/span><\/h3><p><span style=\"font-weight: 400;\">For lovers of traditional Dalmatian style, there are old houses that exude charm and character. Many of them are located in old town centers or authentic rural areas, and represent an excellent opportunity for adaptation into boutique accommodation or a unique home.<\/span><\/p><p><span style=\"font-weight: 400;\">With our professional support, you can transform this type of property into an authentic space with great added value.\u00a0<\/span><\/p><h2><b>Why choose Ardor Real Estate for house sales?<\/b><\/h2><p><span style=\"font-weight: 400;\">Buying a house<\/span><span style=\"font-weight: 400;\"> is a significant step and that is why it is important to have a reliable partner who understands the market and your needs. Ardor Real Estate offers licensed agents with experience in selling houses in the most sought after locations as well as legal and administrative support throughout the process.<\/span><\/p><p><span style=\"font-weight: 400;\">In our verified database, you have many quality and legal properties, individual approach, from the first contact to the collection of the keys.<\/span><\/p><p><span style=\"font-weight: 400;\">Ardor Real Estate offers a tailor-made solution for buying a home.<\/span><\/p><p><span style=\"font-weight: 400;\">Contact us today and find your dream home, safely, easily and with the full support of our expert team.<\/span><\/p>\t\t\t\t\t\t\t\t<\/div>\n\t\t\t\t<\/div>\n\t\t\t\t<\/div>\n\t\t\t\t\t<\/details>\n\t\t\t\t\t<\/div>\n\t\t\t\t\t\t<\/div>\n\t\t\t\t<\/div>\n\t\t\t\t<\/div>\n\t\t\t\t<\/div>","protected":false},"excerpt":{"rendered":"<p>Na pravom ste mjestu ako tra\u017eite \u0161armantnu kamenu ku\u0107u, modernu vilu, obiteljsku ku\u0107u s oku\u0107nicom ili ku\u0107u pored mora. Ardor vam nudi ponudu ku\u0107a na najatraktivnijim lokacijama diljem Hrvatske. Na\u0161i agenti specijalizirani su za prodaju ku\u0107a na moru, na otocima i u unutra\u0161njosti. Nudimo vam potpunu pravnu sigurnost, profesionalno savjetovanje i transparentan proces kupoprodaje. Poma\u017eemo [&hellip;]<\/p>","protected":false},"author":2,"featured_media":0,"parent":54,"menu_order":0,"comment_status":"closed","ping_status":"closed","template":"template\/template-listing-grid-v1-fullwidth-4cols.php","meta":{"inline_featured_image":false,"footnotes":""},"class_list":["post-31892","page","type-page","status-publish","hentry"],"_links":{"self":[{"href":"https:\/\/ardor-realestate.com\/en\/wp-json\/wp\/v2\/pages\/31892","targetHints":{"allow":["GET"]}}],"collection":[{"href":"https:\/\/ardor-realestate.com\/en\/wp-json\/wp\/v2\/pages"}],"about":[{"href":"https:\/\/ardor-realestate.com\/en\/wp-json\/wp\/v2\/types\/page"}],"author":[{"embeddable":true,"href":"https:\/\/ardor-realestate.com\/en\/wp-json\/wp\/v2\/users\/2"}],"replies":[{"embeddable":true,"href":"https:\/\/ardor-realestate.com\/en\/wp-json\/wp\/v2\/comments?post=31892"}],"version-history":[{"count":0,"href":"https:\/\/ardor-realestate.com\/en\/wp-json\/wp\/v2\/pages\/31892\/revisions"}],"up":[{"embeddable":true,"href":"https:\/\/ardor-realestate.com\/en\/wp-json\/wp\/v2\/pages\/54"}],"wp:attachment":[{"href":"https:\/\/ardor-realestate.com\/en\/wp-json\/wp\/v2\/media?parent=31892"}],"curies":[{"name":"wp","href":"https:\/\/api.w.org\/{rel}","templated":true}]}}