{"id":3,"date":"2023-08-10T17:23:28","date_gmt":"2023-08-10T15:23:28","guid":{"rendered":"https:\/\/demo01.demo01.webestate.agency\/?page_id=3"},"modified":"2025-08-19T06:34:28","modified_gmt":"2025-08-19T04:34:28","slug":"privacy-policy","status":"publish","type":"page","link":"https:\/\/ardor-realestate.com\/en\/privacy-policy\/","title":{"rendered":"Privacy policy"},"content":{"rendered":"<div data-elementor-type=\"wp-page\" data-elementor-id=\"3\" class=\"elementor elementor-3\" data-elementor-post-type=\"page\">\n\t\t\t\t\t\t<section class=\"elementor-section elementor-top-section elementor-element elementor-element-8eb41ac elementor-section-boxed elementor-section-height-default elementor-section-height-default\" data-id=\"8eb41ac\" data-element_type=\"section\">\n\t\t\t\t\t\t<div class=\"elementor-container elementor-column-gap-default\">\n\t\t\t\t\t<div class=\"elementor-column elementor-col-100 elementor-top-column elementor-element elementor-element-091de8f\" data-id=\"091de8f\" data-element_type=\"column\">\n\t\t\t<div class=\"elementor-widget-wrap elementor-element-populated\">\n\t\t\t\t\t\t<div class=\"elementor-element elementor-element-61f9a4b elementor-widget elementor-widget-heading\" data-id=\"61f9a4b\" data-element_type=\"widget\" data-widget_type=\"heading.default\">\n\t\t\t\t<div class=\"elementor-widget-container\">\n\t\t\t\t\t<h1 class=\"elementor-heading-title elementor-size-default\">Privacy policy<\/h1>\t\t\t\t<\/div>\n\t\t\t\t<\/div>\n\t\t\t\t<div class=\"elementor-element elementor-element-b1a6728 elementor-widget-divider--view-line elementor-widget elementor-widget-divider\" data-id=\"b1a6728\" data-element_type=\"widget\" data-widget_type=\"divider.default\">\n\t\t\t\t<div class=\"elementor-widget-container\">\n\t\t\t\t\t\t\t<div class=\"elementor-divider\">\n\t\t\t<span class=\"elementor-divider-separator\">\n\t\t\t\t\t\t<\/span>\n\t\t<\/div>\n\t\t\t\t\t\t<\/div>\n\t\t\t\t<\/div>\n\t\t\t\t<div class=\"elementor-element elementor-element-45c1db6 elementor-widget elementor-widget-heading\" data-id=\"45c1db6\" data-element_type=\"widget\" data-widget_type=\"heading.default\">\n\t\t\t\t<div class=\"elementor-widget-container\">\n\t\t\t\t\t<h2 class=\"elementor-heading-title elementor-size-default\">Introduction<\/h2>\t\t\t\t<\/div>\n\t\t\t\t<\/div>\n\t\t\t\t<div class=\"elementor-element elementor-element-218dc09 elementor-widget elementor-widget-text-editor\" data-id=\"218dc09\" data-element_type=\"widget\" data-widget_type=\"text-editor.default\">\n\t\t\t\t<div class=\"elementor-widget-container\">\n\t\t\t\t\t\t\t\t\t<p>Your privacy is important to us. This privacy policy explains what personal information we collect from you and how we use it. Please read this document carefully to understand our practices regarding your personal information.<\/p>\t\t\t\t\t\t\t\t<\/div>\n\t\t\t\t<\/div>\n\t\t\t\t<div class=\"elementor-element elementor-element-71258b5 elementor-widget elementor-widget-heading\" data-id=\"71258b5\" data-element_type=\"widget\" data-widget_type=\"heading.default\">\n\t\t\t\t<div class=\"elementor-widget-container\">\n\t\t\t\t\t<h2 class=\"elementor-heading-title elementor-size-default\">Data we collect<\/h2>\t\t\t\t<\/div>\n\t\t\t\t<\/div>\n\t\t\t\t<div class=\"elementor-element elementor-element-48b7a60 elementor-widget elementor-widget-text-editor\" data-id=\"48b7a60\" data-element_type=\"widget\" data-widget_type=\"text-editor.default\">\n\t\t\t\t<div class=\"elementor-widget-container\">\n\t\t\t\t\t\t\t\t\t<p><strong>We may collect and process the following information about you:<\/strong><\/p><ul><li>Information you provide us:<\/li><li>When you fill out forms on our website, contact us by phone, email or otherwise, you provide us with your name, email address, phone number and other contact information.<\/li><li>Specifications:<\/li><li>We collect information about your visit to our website including IP address, browser type, time of access and pages viewed.<\/li><li>Cookies: We use cookies and similar technologies to collect information about your activities on our website.<\/li><\/ul>\t\t\t\t\t\t\t\t<\/div>\n\t\t\t\t<\/div>\n\t\t\t\t<div class=\"elementor-element elementor-element-ecd08a8 elementor-widget elementor-widget-heading\" data-id=\"ecd08a8\" data-element_type=\"widget\" data-widget_type=\"heading.default\">\n\t\t\t\t<div class=\"elementor-widget-container\">\n\t\t\t\t\t<h2 class=\"elementor-heading-title elementor-size-default\">How do we use your data?<\/h2>\t\t\t\t<\/div>\n\t\t\t\t<\/div>\n\t\t\t\t<div class=\"elementor-element elementor-element-58fa2b3 elementor-widget elementor-widget-text-editor\" data-id=\"58fa2b3\" data-element_type=\"widget\" data-widget_type=\"text-editor.default\">\n\t\t\t\t<div class=\"elementor-widget-container\">\n\t\t\t\t\t\t\t\t\t<p>We use the collected data for:<\/p><ul><li>Enabling the use of our services.<\/li><li>Communicating with you regarding your inquiries and providing support.<\/li><li>Improving the functionality of our website and user experience.<\/li><li>Sending promotional materials, but only if you have given your consent.<\/li><\/ul>\t\t\t\t\t\t\t\t<\/div>\n\t\t\t\t<\/div>\n\t\t\t\t<div class=\"elementor-element elementor-element-1e3fecc elementor-widget elementor-widget-heading\" data-id=\"1e3fecc\" data-element_type=\"widget\" data-widget_type=\"heading.default\">\n\t\t\t\t<div class=\"elementor-widget-container\">\n\t\t\t\t\t<h2 class=\"elementor-heading-title elementor-size-default\">Sharing of your information<\/h2>\t\t\t\t<\/div>\n\t\t\t\t<\/div>\n\t\t\t\t<div class=\"elementor-element elementor-element-7cda6d0 elementor-widget elementor-widget-text-editor\" data-id=\"7cda6d0\" data-element_type=\"widget\" data-widget_type=\"text-editor.default\">\n\t\t\t\t<div class=\"elementor-widget-container\">\n\t\t\t\t\t\t\t\t\t<p>We will not share your personal data with third parties except in the following cases:<\/p><ul><li>If we have your consent to share information.<\/li><li>When it is necessary to fulfill our legal obligations.<\/li><li>With third parties who provide services on our behalf, provided they undertake to keep your information confidential.<\/li><\/ul>\t\t\t\t\t\t\t\t<\/div>\n\t\t\t\t<\/div>\n\t\t\t\t<div class=\"elementor-element elementor-element-ffc7850 elementor-widget elementor-widget-heading\" data-id=\"ffc7850\" data-element_type=\"widget\" data-widget_type=\"heading.default\">\n\t\t\t\t<div class=\"elementor-widget-container\">\n\t\t\t\t\t<h2 class=\"elementor-heading-title elementor-size-default\">Data security<\/h2>\t\t\t\t<\/div>\n\t\t\t\t<\/div>\n\t\t\t\t<div class=\"elementor-element elementor-element-a5f7bf5 elementor-widget elementor-widget-text-editor\" data-id=\"a5f7bf5\" data-element_type=\"widget\" data-widget_type=\"text-editor.default\">\n\t\t\t\t<div class=\"elementor-widget-container\">\n\t\t\t\t\t\t\t\t\t<p>We take reasonable measures to protect your personal information from unauthorized access, use or disclosure. However, no data transmission system over the Internet or electronic storage system is 100% secure, so we cannot guarantee the absolute security of your data.<\/p>\t\t\t\t\t\t\t\t<\/div>\n\t\t\t\t<\/div>\n\t\t\t\t<div class=\"elementor-element elementor-element-9058ed8 elementor-widget elementor-widget-heading\" data-id=\"9058ed8\" data-element_type=\"widget\" data-widget_type=\"heading.default\">\n\t\t\t\t<div class=\"elementor-widget-container\">\n\t\t\t\t\t<h2 class=\"elementor-heading-title elementor-size-default\">Your rights<\/h2>\t\t\t\t<\/div>\n\t\t\t\t<\/div>\n\t\t\t\t<div class=\"elementor-element elementor-element-36a6676 elementor-widget elementor-widget-text-editor\" data-id=\"36a6676\" data-element_type=\"widget\" data-widget_type=\"text-editor.default\">\n\t\t\t\t<div class=\"elementor-widget-container\">\n\t\t\t\t\t\t\t\t\t<p>You have the right to access your personal data that we hold, to correct inaccurate data, to request data deletion, and to limit or object to the processing of your data. If you wish to exercise your rights, please contact us using the contact details below.<\/p>\t\t\t\t\t\t\t\t<\/div>\n\t\t\t\t<\/div>\n\t\t\t\t<div class=\"elementor-element elementor-element-32631df elementor-widget elementor-widget-heading\" data-id=\"32631df\" data-element_type=\"widget\" data-widget_type=\"heading.default\">\n\t\t\t\t<div class=\"elementor-widget-container\">\n\t\t\t\t\t<h2 class=\"elementor-heading-title elementor-size-default\">Changes to the Privacy Policy<\/h2>\t\t\t\t<\/div>\n\t\t\t\t<\/div>\n\t\t\t\t<div class=\"elementor-element elementor-element-590f6e3 elementor-widget elementor-widget-text-editor\" data-id=\"590f6e3\" data-element_type=\"widget\" data-widget_type=\"text-editor.default\">\n\t\t\t\t<div class=\"elementor-widget-container\">\n\t\t\t\t\t\t\t\t\t<p>We may update this privacy policy from time to time. Any changes will be posted on this page, so we encourage you to check our privacy policy regularly to stay informed about how we protect your information.<\/p>\t\t\t\t\t\t\t\t<\/div>\n\t\t\t\t<\/div>\n\t\t\t\t<div class=\"elementor-element elementor-element-0bfa4b6 elementor-widget elementor-widget-heading\" data-id=\"0bfa4b6\" data-element_type=\"widget\" data-widget_type=\"heading.default\">\n\t\t\t\t<div class=\"elementor-widget-container\">\n\t\t\t\t\t<h2 class=\"elementor-heading-title elementor-size-default\">Contact<\/h2>\t\t\t\t<\/div>\n\t\t\t\t<\/div>\n\t\t\t\t<div class=\"elementor-element elementor-element-8a1926a elementor-widget elementor-widget-text-editor\" data-id=\"8a1926a\" data-element_type=\"widget\" data-widget_type=\"text-editor.default\">\n\t\t\t\t<div class=\"elementor-widget-container\">\n\t\t\t\t\t\t\t\t\t<p>If you have any questions regarding this privacy policy, please contact us by email: <a href=\"mailto:office@ardor-realestate.com\">office@ardor-realestate.com<\/a><\/p>\t\t\t\t\t\t\t\t<\/div>\n\t\t\t\t<\/div>\n\t\t\t\t\t<\/div>\n\t\t<\/div>\n\t\t\t\t\t<\/div>\n\t\t<\/section>\n\t\t\t\t<\/div>","protected":false},"excerpt":{"rendered":"<p>Politika privatnosti Uvod Va\u0161a privatnost nam je va\u017ena. Ova politika privatnosti obja\u0161njava koje osobne podatke prikupljamo od vas i kako ih koristimo. Pro\u010ditajte ovaj dokument pa\u017eljivo kako biste razumjeli na\u0161e prakse u vezi s va\u0161im osobnim podacima. Podaci koje prikupljamo Mo\u017eemo prikupljati i obra\u0111ivati sljede\u0107e podatke o vama: Podaci koje nam dajete: Kada ispunjavate obrasce [&hellip;]<\/p>","protected":false},"author":2,"featured_media":0,"parent":0,"menu_order":0,"comment_status":"closed","ping_status":"open","template":"elementor_header_footer","meta":{"inline_featured_image":false,"footnotes":""},"class_list":["post-3","page","type-page","status-publish","hentry"],"_links":{"self":[{"href":"https:\/\/ardor-realestate.com\/en\/wp-json\/wp\/v2\/pages\/3","targetHints":{"allow":["GET"]}}],"collection":[{"href":"https:\/\/ardor-realestate.com\/en\/wp-json\/wp\/v2\/pages"}],"about":[{"href":"https:\/\/ardor-realestate.com\/en\/wp-json\/wp\/v2\/types\/page"}],"author":[{"embeddable":true,"href":"https:\/\/ardor-realestate.com\/en\/wp-json\/wp\/v2\/users\/2"}],"replies":[{"embeddable":true,"href":"https:\/\/ardor-realestate.com\/en\/wp-json\/wp\/v2\/comments?post=3"}],"version-history":[{"count":0,"href":"https:\/\/ardor-realestate.com\/en\/wp-json\/wp\/v2\/pages\/3\/revisions"}],"wp:attachment":[{"href":"https:\/\/ardor-realestate.com\/en\/wp-json\/wp\/v2\/media?parent=3"}],"curies":[{"name":"wp","href":"https:\/\/api.w.org\/{rel}","templated":true}]}}