{"id":31944,"date":"2024-09-24T22:18:32","date_gmt":"2024-09-24T20:18:32","guid":{"rendered":"https:\/\/ardor-realestate.com\/?page_id=31944"},"modified":"2024-10-14T14:58:53","modified_gmt":"2024-10-14T12:58:53","slug":"wohnungsvermietung","status":"publish","type":"page","link":"https:\/\/ardor-realestate.com\/de\/mieten\/wohnungsvermietung\/","title":{"rendered":"Wohnungsvermietung"},"content":{"rendered":"<div data-elementor-type=\"wp-page\" data-elementor-id=\"31944\" class=\"elementor elementor-31944\" data-elementor-post-type=\"page\">\n\t\t\t\t<div class=\"elementor-element elementor-element-5ff55e1 e-con-full e-flex e-con e-child\" data-id=\"5ff55e1\" data-element_type=\"container\">\n\t\t\t\t<div class=\"elementor-element elementor-element-117befc elementor-widget elementor-widget-text-editor\" data-id=\"117befc\" data-element_type=\"widget\" data-widget_type=\"text-editor.default\">\n\t\t\t\t<div class=\"elementor-widget-container\">\n\t\t\t\t\t\t\t\t\tOb Sie lieber im pulsierenden Stadtzentrum oder in einer ruhigen Gegend wohnen m\u00f6chten \u2013 unser Angebot umfasst vielf\u00e4ltige Optionen, von luxuri\u00f6sen Apartments bis hin zu bezahlbaren Wohnungen f\u00fcr junge Familien. Die Anmietung einer Wohnung bei uns ist schnell, einfach und absolut transparent, sodass Sie sich ganz auf das Wesentliche konzentrieren k\u00f6nnen: Ihr neues Zuhause genie\u00dfen.\t\t\t\t\t\t\t\t<\/div>\n\t\t\t\t<\/div>\n\t\t\t\t<div class=\"elementor-element elementor-element-8e0ded3 elementor-widget elementor-widget-spacer\" data-id=\"8e0ded3\" data-element_type=\"widget\" data-widget_type=\"spacer.default\">\n\t\t\t\t<div class=\"elementor-widget-container\">\n\t\t\t\t\t\t\t<div class=\"elementor-spacer\">\n\t\t\t<div class=\"elementor-spacer-inner\"><\/div>\n\t\t<\/div>\n\t\t\t\t\t\t<\/div>\n\t\t\t\t<\/div>\n\t\t\t\t<\/div>\n\t\t\t\t<\/div>","protected":false},"excerpt":{"rendered":"<p>Ob Sie lieber im pulsierenden Stadtzentrum oder in einer ruhigen Gegend wohnen m\u00f6chten \u2013 unser Angebot umfasst vielf\u00e4ltige Optionen, von luxuri\u00f6sen Apartments bis hin zu bezahlbaren Wohnungen f\u00fcr junge Familien. Die Anmietung einer Wohnung bei uns ist schnell, einfach und absolut transparent, sodass Sie sich ganz auf das Wesentliche konzentrieren k\u00f6nnen: Ihr neues Zuhause genie\u00dfen.<\/p>","protected":false},"author":2,"featured_media":0,"parent":17614,"menu_order":0,"comment_status":"closed","ping_status":"closed","template":"template\/template-listing-grid-v1-fullwidth-4cols.php","meta":{"inline_featured_image":false,"footnotes":""},"class_list":["post-31944","page","type-page","status-publish","hentry"],"_links":{"self":[{"href":"https:\/\/ardor-realestate.com\/de\/wp-json\/wp\/v2\/pages\/31944","targetHints":{"allow":["GET"]}}],"collection":[{"href":"https:\/\/ardor-realestate.com\/de\/wp-json\/wp\/v2\/pages"}],"about":[{"href":"https:\/\/ardor-realestate.com\/de\/wp-json\/wp\/v2\/types\/page"}],"author":[{"embeddable":true,"href":"https:\/\/ardor-realestate.com\/de\/wp-json\/wp\/v2\/users\/2"}],"replies":[{"embeddable":true,"href":"https:\/\/ardor-realestate.com\/de\/wp-json\/wp\/v2\/comments?post=31944"}],"version-history":[{"count":0,"href":"https:\/\/ardor-realestate.com\/de\/wp-json\/wp\/v2\/pages\/31944\/revisions"}],"up":[{"embeddable":true,"href":"https:\/\/ardor-realestate.com\/de\/wp-json\/wp\/v2\/pages\/17614"}],"wp:attachment":[{"href":"https:\/\/ardor-realestate.com\/de\/wp-json\/wp\/v2\/media?parent=31944"}],"curies":[{"name":"wp","href":"https:\/\/api.w.org\/{rel}","templated":true}]}}