{"id":31892,"date":"2024-09-24T21:36:30","date_gmt":"2024-09-24T19:36:30","guid":{"rendered":"https:\/\/ardor-realestate.com\/?page_id=31892"},"modified":"2025-08-11T19:10:02","modified_gmt":"2025-08-11T17:10:02","slug":"verkauf-von-hausern","status":"publish","type":"page","link":"https:\/\/ardor-realestate.com\/de\/verkauf\/verkauf-von-hausern\/","title":{"rendered":"Hausverk\u00e4ufe"},"content":{"rendered":"<div data-elementor-type=\"wp-page\" data-elementor-id=\"31892\" class=\"elementor elementor-31892\" data-elementor-post-type=\"page\">\n\t\t\t\t<div class=\"elementor-element elementor-element-5ff55e1 e-con-full e-flex e-con e-child\" data-id=\"5ff55e1\" data-element_type=\"container\">\n\t\t\t\t<div class=\"elementor-element elementor-element-117befc elementor-widget elementor-widget-text-editor\" data-id=\"117befc\" data-element_type=\"widget\" data-widget_type=\"text-editor.default\">\n\t\t\t\t<div class=\"elementor-widget-container\">\n\t\t\t\t\t\t\t\t\t<p>Sie sind bei uns genau richtig, wenn Sie ein charmantes Steinhaus, eine moderne Villa, ein Familienhaus mit Garten oder ein Haus am Meer suchen. Ardor bietet Ihnen eine Auswahl an H\u00e4usern in den attraktivsten Lagen Kroatiens. Unsere Makler sind spezialisiert auf den Verkauf von H\u00e4usern am Meer, auf Inseln und im Landesinneren. Wir bieten Ihnen umfassende Rechtssicherheit, professionelle Beratung und einen transparenten Kauf- und Verkaufsprozess. Wir helfen Ihnen, ein Haus zu finden, das perfekt zu Ihrem Lebensstil oder Ihren Anlagezielen passt.<\/p>\t\t\t\t\t\t\t\t<\/div>\n\t\t\t\t<\/div>\n\t\t\t\t<div class=\"elementor-element elementor-element-0309bda elementor-widget elementor-widget-n-accordion\" data-id=\"0309bda\" data-element_type=\"widget\" data-settings=\"{&quot;default_state&quot;:&quot;all_collapsed&quot;,&quot;max_items_expended&quot;:&quot;one&quot;,&quot;n_accordion_animation_duration&quot;:{&quot;unit&quot;:&quot;ms&quot;,&quot;size&quot;:400,&quot;sizes&quot;:[]}}\" data-widget_type=\"nested-accordion.default\">\n\t\t\t\t<div class=\"elementor-widget-container\">\n\t\t\t\t\t\t\t<div class=\"e-n-accordion\" aria-label=\"Akkordeon. \u00d6ffnen Sie Links mit der Eingabetaste oder der Leertaste, schlie\u00dfen Sie sie mit der Escape-Taste und navigieren Sie mit den Pfeiltasten.\">\n\t\t\t\t\t\t<details id=\"e-n-accordion-item-3180\" class=\"e-n-accordion-item\" >\n\t\t\t\t<summary class=\"e-n-accordion-item-title\" data-accordion-index=\"1\" tabindex=\"0\" aria-expanded=\"false\" aria-controls=\"e-n-accordion-item-3180\" >\n\t\t\t\t\t<span class='e-n-accordion-item-title-header'><div class=\"e-n-accordion-item-title-text\"> Mehr lesen <\/div><\/span>\n\t\t\t\t\t\t\t<span class='e-n-accordion-item-title-icon'>\n\t\t\t<span class='e-opened' ><svg aria-hidden=\"true\" class=\"e-font-icon-svg e-fas-arrow-up\" viewbox=\"0 0 448 512\" xmlns=\"http:\/\/www.w3.org\/2000\/svg\"><path d=\"M34.9 289.5l-22.2-22.2c-9.4-9.4-9.4-24.6 0-33.9L207 39c9.4-9.4 24.6-9.4 33.9 0l194.3 194.3c9.4 9.4 9.4 24.6 0 33.9L413 289.4c-9.5 9.5-25 9.3-34.3-.4L264 168.6V456c0 13.3-10.7 24-24 24h-32c-13.3 0-24-10.7-24-24V168.6L69.2 289.1c-9.3 9.8-24.8 10-34.3.4z\"><\/path><\/svg><\/span>\n\t\t\t<span class='e-closed'><svg aria-hidden=\"true\" class=\"e-font-icon-svg e-fas-arrow-down\" viewbox=\"0 0 448 512\" xmlns=\"http:\/\/www.w3.org\/2000\/svg\"><path d=\"M413.1 222.5l22.2 22.2c9.4 9.4 9.4 24.6 0 33.9L241 473c-9.4 9.4-24.6 9.4-33.9 0L12.7 278.6c-9.4-9.4-9.4-24.6 0-33.9l22.2-22.2c9.5-9.5 25-9.3 34.3.4L184 343.4V56c0-13.3 10.7-24 24-24h32c13.3 0 24 10.7 24 24v287.4l114.8-120.5c9.3-9.8 24.8-10 34.3-.4z\"><\/path><\/svg><\/span>\n\t\t<\/span>\n\n\t\t\t\t\t\t<\/summary>\n\t\t\t\t<div role=\"region\" aria-labelledby=\"e-n-accordion-item-3180\" class=\"elementor-element elementor-element-66437be e-con-full e-flex e-con e-child\" data-id=\"66437be\" data-element_type=\"container\">\n\t\t\t\t<div class=\"elementor-element elementor-element-eb84a51 elementor-widget elementor-widget-text-editor\" data-id=\"eb84a51\" data-element_type=\"widget\" data-widget_type=\"text-editor.default\">\n\t\t\t\t<div class=\"elementor-widget-container\">\n\t\t\t\t\t\t\t\t\t<h2>H\u00e4user zum Verkauf \u2013 Ardor Immobiliendatenbank<\/h2><p><span style=\"font-weight: 400;\">Unser Angebot umfasst: <\/span><b>H\u00e4user zum Verkauf<\/b><span style=\"font-weight: 400;\"> In zahlreichen attraktiven Lagen, von Istrien und der Kvarner-Region bis Dalmatien und den kroatischen Inseln. Wir bieten ausschlie\u00dflich gepr\u00fcfte Objekte mit vollst\u00e4ndigen Unterlagen an.<\/span><\/p><p><span style=\"font-weight: 400;\">Von H\u00e4usern im Bau \u00fcber Renovierungsobjekte bis hin zu komplett sanierten, bezugsfertigen Geb\u00e4uden wird jede Immobilie einer detaillierten Pr\u00fcfung unterzogen, und wir treffen eine Auswahl, um eine sichere und qualitativ hochwertige Investition zu gew\u00e4hrleisten.\u00a0<\/span><\/p><h3><span style=\"font-weight: 400;\">H\u00e4user zum Verkauf am Meer<\/span><span style=\"font-weight: 400;\"> \u2013 f\u00fcr Urlaub und weitere Investitionen<\/span><\/h3><p><span style=\"font-weight: 400;\">H\u00e4user am Meer in Kroatien<\/span> <span style=\"font-weight: 400;\">Diese Immobilien sind bei in- und ausl\u00e4ndischen K\u00e4ufern besonders begehrt. Dank ihrer N\u00e4he zu Str\u00e4nden, dem Meerblick und der M\u00f6glichkeit der touristischen Vermietung eignen sie sich ideal sowohl f\u00fcr die Eigennutzung als auch als Kapitalanlage.<\/span><\/p><p><span style=\"font-weight: 400;\"><br \/><\/span><span style=\"font-weight: 400;\">In der Anlage von Ardor finden Sie H\u00e4user in erster Reihe zum Meer, Villen mit Pool sowie H\u00e4user in ruhigen Buchten f\u00fcr absolute Privatsph\u00e4re.<\/span><\/p><p><span style=\"font-weight: 400;\">K\u00e4ufer aus Deutschland, \u00d6sterreich, Slowenien und anderen L\u00e4ndern entscheiden sich zunehmend f\u00fcr uns. <\/span><span style=\"font-weight: 400;\">H\u00e4user zum Verkauf in Kroatien<\/span><span style=\"font-weight: 400;\"> als Zweitwohnsitz oder als Kapitalanlage mit sehr hoher Rendite.<\/span><\/p><h3><span style=\"font-weight: 400;\">Familienh\u00e4user\u00a0<\/span><\/h3><p><span style=\"font-weight: 400;\">Wenn Sie eine Wohnung mit Hof, Garten und Parkplatz suchen, durchsuchen Sie die Datenbank und finden Sie <\/span><b>Familienh\u00e4user<\/b><span style=\"font-weight: 400;\"> Sie befinden sich in st\u00e4dtischen und vorst\u00e4dtischen Gebieten. Sie eignen sich ideal zum Wohnen, bieten gen\u00fcgend Platz f\u00fcr die ganze Familie und erm\u00f6glichen ein Leben im Einklang mit der Natur.<\/span><\/p><p><span style=\"font-weight: 400;\">Es stehen H\u00e4user mit mehreren Etagen, Garagen, Abstellr\u00e4umen und zus\u00e4tzlichen Annehmlichkeiten zur Verf\u00fcgung, die einen komfortablen und funktionalen Lebensstil erm\u00f6glichen.<\/span><\/p><h3><span style=\"font-weight: 400;\">Luxusvillen und H\u00e4user mit Swimmingpools\u00a0<\/span><\/h3><p><span style=\"font-weight: 400;\">F\u00fcr ein H\u00f6chstma\u00df an Luxus, Design und Privatsph\u00e4re bieten wir Folgendes an: <\/span><b>Luxusvillen<\/b><span style=\"font-weight: 400;\"> i <\/span><b>H\u00e4user mit Swimmingpool<\/b><span style=\"font-weight: 400;\"> an den exklusivsten Standorten in Kroatien und Umgebung.<\/span><span style=\"font-weight: 400;\"><br \/><\/span><span style=\"font-weight: 400;\"> Moderne Architektur, erstklassige Ausstattung, freier Meerblick und zus\u00e4tzliche Annehmlichkeiten wie Sauna, Fitnesscenter oder Smart-Home-Systeme machen diese Immobilien zu einer Top-Investition.\u00a0<\/span><\/p><p><span style=\"font-weight: 400;\">Sie eignen sich zur Vermietung und zum Wohnen und sind sowohl f\u00fcr inl\u00e4ndische als auch f\u00fcr ausl\u00e4ndische K\u00e4ufer attraktiv.<\/span><\/p><h3><span style=\"font-weight: 400;\">Alte H\u00e4user am Meer<\/span><span style=\"font-weight: 400;\"> i <\/span><span style=\"font-weight: 400;\">H\u00e4user f\u00fcr die Anpassung<\/span><span style=\"font-weight: 400;\">\u00a0<\/span><\/h3><p><span style=\"font-weight: 400;\">F\u00fcr Liebhaber des traditionellen dalmatinischen Stils gibt es alte H\u00e4user, die Charme und Charakter verspr\u00fchen. Viele von ihnen befinden sich in alten Stadtkernen oder authentischen l\u00e4ndlichen Gegenden und bieten eine hervorragende Gelegenheit f\u00fcr eine Renovierung zu einer Boutique-Unterkunft oder einem einzigartigen Zuhause.<\/span><\/p><p><span style=\"font-weight: 400;\">Mit unserer professionellen Unterst\u00fctzung k\u00f6nnen Sie diese Art von Immobilie in einen authentischen Raum mit hohem Mehrwert verwandeln.\u00a0<\/span><\/p><h2><b>Warum sollten Sie sich beim Hausverkauf f\u00fcr Ardor Real Estate entscheiden?<\/b><\/h2><p><span style=\"font-weight: 400;\">Ein Haus kaufen<\/span><span style=\"font-weight: 400;\"> Der Kauf einer Immobilie ist ein bedeutender Schritt, und deshalb ist ein zuverl\u00e4ssiger Partner, der den Markt und Ihre Bed\u00fcrfnisse versteht, so wichtig. Ardor Real Estate bietet Ihnen lizenzierte Makler mit Erfahrung im Verkauf von H\u00e4usern in Top-Lagen sowie umfassende rechtliche und administrative Unterst\u00fctzung w\u00e4hrend des gesamten Prozesses.<\/span><\/p><p><span style=\"font-weight: 400;\">In unserer gepr\u00fcften Datenbank finden Sie zahlreiche hochwertige und legale Immobilien sowie eine individuelle Betreuung vom ersten Kontakt bis zur Schl\u00fcssel\u00fcbergabe.<\/span><\/p><p><span style=\"font-weight: 400;\">Ardor Real Estate bietet eine ma\u00dfgeschneiderte L\u00f6sung f\u00fcr den Hauskauf.<\/span><\/p><p><span style=\"font-weight: 400;\">Kontaktieren Sie uns noch heute und finden Sie Ihr Traumhaus \u2013 sicher, einfach und mit der vollen Unterst\u00fctzung unseres Expertenteams.<\/span><\/p>\t\t\t\t\t\t\t\t<\/div>\n\t\t\t\t<\/div>\n\t\t\t\t<\/div>\n\t\t\t\t\t<\/details>\n\t\t\t\t\t<\/div>\n\t\t\t\t\t\t<\/div>\n\t\t\t\t<\/div>\n\t\t\t\t<\/div>\n\t\t\t\t<\/div>","protected":false},"excerpt":{"rendered":"<p>Na pravom ste mjestu ako tra\u017eite \u0161armantnu kamenu ku\u0107u, modernu vilu, obiteljsku ku\u0107u s oku\u0107nicom ili ku\u0107u pored mora. Ardor vam nudi ponudu ku\u0107a na najatraktivnijim lokacijama diljem Hrvatske. Na\u0161i agenti specijalizirani su za prodaju ku\u0107a na moru, na otocima i u unutra\u0161njosti. Nudimo vam potpunu pravnu sigurnost, profesionalno savjetovanje i transparentan proces kupoprodaje. Poma\u017eemo [&hellip;]<\/p>","protected":false},"author":2,"featured_media":0,"parent":54,"menu_order":0,"comment_status":"closed","ping_status":"closed","template":"template\/template-listing-grid-v1-fullwidth-4cols.php","meta":{"inline_featured_image":false,"footnotes":""},"class_list":["post-31892","page","type-page","status-publish","hentry"],"_links":{"self":[{"href":"https:\/\/ardor-realestate.com\/de\/wp-json\/wp\/v2\/pages\/31892","targetHints":{"allow":["GET"]}}],"collection":[{"href":"https:\/\/ardor-realestate.com\/de\/wp-json\/wp\/v2\/pages"}],"about":[{"href":"https:\/\/ardor-realestate.com\/de\/wp-json\/wp\/v2\/types\/page"}],"author":[{"embeddable":true,"href":"https:\/\/ardor-realestate.com\/de\/wp-json\/wp\/v2\/users\/2"}],"replies":[{"embeddable":true,"href":"https:\/\/ardor-realestate.com\/de\/wp-json\/wp\/v2\/comments?post=31892"}],"version-history":[{"count":0,"href":"https:\/\/ardor-realestate.com\/de\/wp-json\/wp\/v2\/pages\/31892\/revisions"}],"up":[{"embeddable":true,"href":"https:\/\/ardor-realestate.com\/de\/wp-json\/wp\/v2\/pages\/54"}],"wp:attachment":[{"href":"https:\/\/ardor-realestate.com\/de\/wp-json\/wp\/v2\/media?parent=31892"}],"curies":[{"name":"wp","href":"https:\/\/api.w.org\/{rel}","templated":true}]}}