{"id":31863,"date":"2024-09-24T20:41:14","date_gmt":"2024-09-24T18:41:14","guid":{"rendered":"https:\/\/ardor-realestate.com\/?page_id=31863"},"modified":"2025-08-11T19:11:07","modified_gmt":"2025-08-11T17:11:07","slug":"verkauf-von-wohnungen","status":"publish","type":"page","link":"https:\/\/ardor-realestate.com\/de\/verkauf\/verkauf-von-wohnungen\/","title":{"rendered":"Verkauf von Wohnungen"},"content":{"rendered":"<div data-elementor-type=\"wp-page\" data-elementor-id=\"31863\" class=\"elementor elementor-31863\" data-elementor-post-type=\"page\">\n\t\t\t\t<div class=\"elementor-element elementor-element-5ff55e1 e-con-full e-flex e-con e-child\" data-id=\"5ff55e1\" data-element_type=\"container\">\n\t\t\t\t<div class=\"elementor-element elementor-element-117befc elementor-widget elementor-widget-text-editor\" data-id=\"117befc\" data-element_type=\"widget\" data-widget_type=\"text-editor.default\">\n\t\t\t\t<div class=\"elementor-widget-container\">\n\t\t\t\t\t\t\t\t\t<p><span style=\"font-weight: 400;\">Entdecken Sie die hochwertigsten Apartments und Ferienwohnungen am Meer in Kroatien. Ardor Real Estate bietet Ihnen sorgf\u00e4ltig ausgew\u00e4hlte Immobilien in den begehrtesten K\u00fcstenregionen \u2013 Istrien, Kvarner, Dalmatien und den Inseln. Ob Sie ein Ein-Zimmer-Apartment, eine moderne Wohnung in einem Neubau oder eine im Bau befindliche Wohnung mit Meerblick suchen: Hier finden Sie die ideale Immobilie zum Wohnen, f\u00fcr den Urlaub oder als Kapitalanlage.<\/span><\/p><p><span style=\"font-weight: 400;\">Unsere Agentur bietet professionelle Dienstleistungen im Bereich Wohnungsverkauf mit umfassender rechtlicher Unterst\u00fctzung und einem transparenten Ablauf. Wir setzen uns daf\u00fcr ein, die idealen K\u00e4ufer zu finden und eine schnelle und sichere Transaktion zu gew\u00e4hrleisten. Dank unserer langj\u00e4hrigen Erfahrung und unseres breiten Kundennetzwerks erzielen wir f\u00fcr Ihre Immobilie den maximalen Wert.<\/span><\/p>\t\t\t\t\t\t\t\t<\/div>\n\t\t\t\t<\/div>\n\t\t\t\t<div class=\"elementor-element elementor-element-6b23d74 elementor-widget elementor-widget-n-accordion\" data-id=\"6b23d74\" data-element_type=\"widget\" data-settings=\"{&quot;default_state&quot;:&quot;all_collapsed&quot;,&quot;max_items_expended&quot;:&quot;one&quot;,&quot;n_accordion_animation_duration&quot;:{&quot;unit&quot;:&quot;ms&quot;,&quot;size&quot;:400,&quot;sizes&quot;:[]}}\" data-widget_type=\"nested-accordion.default\">\n\t\t\t\t<div class=\"elementor-widget-container\">\n\t\t\t\t\t\t\t<div class=\"e-n-accordion\" aria-label=\"Akkordeon. \u00d6ffnen Sie Links mit der Eingabetaste oder der Leertaste, schlie\u00dfen Sie sie mit der Escape-Taste und navigieren Sie mit den Pfeiltasten.\">\n\t\t\t\t\t\t<details id=\"e-n-accordion-item-1120\" class=\"e-n-accordion-item\" >\n\t\t\t\t<summary class=\"e-n-accordion-item-title\" data-accordion-index=\"1\" tabindex=\"0\" aria-expanded=\"false\" aria-controls=\"e-n-accordion-item-1120\" >\n\t\t\t\t\t<span class='e-n-accordion-item-title-header'><div class=\"e-n-accordion-item-title-text\"> Mehr lesen <\/div><\/span>\n\t\t\t\t\t\t\t<span class='e-n-accordion-item-title-icon'>\n\t\t\t<span class='e-opened' ><svg aria-hidden=\"true\" class=\"e-font-icon-svg e-fas-arrow-up\" viewbox=\"0 0 448 512\" xmlns=\"http:\/\/www.w3.org\/2000\/svg\"><path d=\"M34.9 289.5l-22.2-22.2c-9.4-9.4-9.4-24.6 0-33.9L207 39c9.4-9.4 24.6-9.4 33.9 0l194.3 194.3c9.4 9.4 9.4 24.6 0 33.9L413 289.4c-9.5 9.5-25 9.3-34.3-.4L264 168.6V456c0 13.3-10.7 24-24 24h-32c-13.3 0-24-10.7-24-24V168.6L69.2 289.1c-9.3 9.8-24.8 10-34.3.4z\"><\/path><\/svg><\/span>\n\t\t\t<span class='e-closed'><svg aria-hidden=\"true\" class=\"e-font-icon-svg e-fas-arrow-down\" viewbox=\"0 0 448 512\" xmlns=\"http:\/\/www.w3.org\/2000\/svg\"><path d=\"M413.1 222.5l22.2 22.2c9.4 9.4 9.4 24.6 0 33.9L241 473c-9.4 9.4-24.6 9.4-33.9 0L12.7 278.6c-9.4-9.4-9.4-24.6 0-33.9l22.2-22.2c9.5-9.5 25-9.3 34.3.4L184 343.4V56c0-13.3 10.7-24 24-24h32c13.3 0 24 10.7 24 24v287.4l114.8-120.5c9.3-9.8 24.8-10 34.3-.4z\"><\/path><\/svg><\/span>\n\t\t<\/span>\n\n\t\t\t\t\t\t<\/summary>\n\t\t\t\t<div role=\"region\" aria-labelledby=\"e-n-accordion-item-1120\" class=\"elementor-element elementor-element-b412f7a e-con-full e-flex e-con e-child\" data-id=\"b412f7a\" data-element_type=\"container\">\n\t\t\t\t<div class=\"elementor-element elementor-element-108ef20 elementor-widget elementor-widget-text-editor\" data-id=\"108ef20\" data-element_type=\"widget\" data-widget_type=\"text-editor.default\">\n\t\t\t\t<div class=\"elementor-widget-container\">\n\t\t\t\t\t\t\t\t\t<h2><span style=\"font-weight: 400;\">Wohnungen zum Verkauf<\/span><span style=\"font-weight: 400;\"> Vom Ardor-Standort \u2013 Qualit\u00e4t, Lage, Sicherheit<\/span><\/h2><p><span style=\"font-weight: 400;\">Unsere Datenbank umfasst Wohnungen zum Kauf an der Adriak\u00fcste und im Landesinneren. Wir bieten Apartments und Suiten f\u00fcr jeden Bedarf \u2013 von luxuri\u00f6sen Penth\u00e4usern und Apartments in erster Strandreihe bis hin zu funktionalen Wohnungen in der N\u00e4he wichtiger Einrichtungen, ideal f\u00fcr die Langzeitvermietung. Jede Immobilie ist vorab gepr\u00fcft, verf\u00fcgt \u00fcber alle erforderlichen Dokumente und bietet das Potenzial f\u00fcr eine sichere Rendite.<\/span><\/p><h2><span style=\"font-weight: 400;\">Wohnungen am Meer zu verkaufen<\/span><span style=\"font-weight: 400;\"> \u2013 die begehrteste Immobilienkategorie<\/span><\/h2><p><span style=\"font-weight: 400;\">Der Verkauf von Ferienwohnungen am Meer erfreut sich dank Kroatiens Natursch\u00f6nheit, dem sauberen Meer und einem stabilen Markt, der insbesondere f\u00fcr ausl\u00e4ndische K\u00e4ufer immer attraktiver wird, stetig wachsender Beliebtheit. K\u00e4ufer aus Deutschland, \u00d6sterreich, Slowenien und anderen L\u00e4ndern entscheiden sich am h\u00e4ufigsten f\u00fcr Wohnungen in Meeresn\u00e4he, um diese touristisch zu vermieten oder als eigenen Ferienraum zu nutzen.<\/span><\/p><p><span style=\"font-weight: 400;\">Es gibt Apartments direkt am Meer sowie etwas weiter entfernte, aber ebenso funktionale und komfortable Wohnungen. Das vielf\u00e4ltige Angebot der Ardor-Datenbank erm\u00f6glicht einen schnellen und transparenten Kauf- und Verkaufsprozess und umfasst Apartments in verschiedenen Gr\u00f6\u00dfen und Lagen.<\/span><\/p><p><span style=\"font-weight: 400;\">Egal ob Sie eine Wohnung f\u00fcr den Eigenbedarf oder als Kapitalanlage suchen, Ardor Real Estate bietet eine attraktive Auswahl an modernen Interieurs, erstklassiger Ausstattung, hervorragenden Verkehrsanbindungen und zunehmend auch die M\u00f6glichkeit, direkt von Investoren ohne zus\u00e4tzliche Renovierungskosten zu kaufen.<\/span><\/p><h2><span style=\"font-weight: 400;\">Wohnungen zum Verkauf \u2013 Neubau<\/span><\/h2><p><span style=\"font-weight: 400;\">Unser Angebot konzentriert sich auf den Verkauf von Neubauwohnungen, insbesondere in Regionen mit hoher Nachfrage wie Split, Zadar, Rijeka, Pore\u010d und Rovinj. Neubauwohnungen bieten zahlreiche Vorteile \u2013 hohe Energieeffizienz, modernes Design und die M\u00f6glichkeit zur individuellen Anpassung w\u00e4hrend der Bauphase.<\/span><\/p><p><span style=\"font-weight: 400;\">Neu errichtete Wohngeb\u00e4ude bieten Wohnungen unterschiedlicher Gr\u00f6\u00dfe und Lage an einem Ort. Attraktives Erscheinungsbild, funktionale L\u00f6sungen und die Anpassung an die Bed\u00fcrfnisse des modernen Lebens machen sie zur idealen Wahl f\u00fcr Kunden, die Wert auf Sicherheit und Komfort legen.<\/span><\/p><h2><span style=\"font-weight: 400;\">Verkauf von Wohnungen im Bau<\/span><span style=\"font-weight: 400;\"> \u2013 Investitionsm\u00f6glichkeit<\/span><\/h2><p><span style=\"font-weight: 400;\">F\u00fcr alle, die sich fr\u00fchzeitig und zu einem g\u00fcnstigeren Preis die perfekte Immobilie sichern und sp\u00e4ter flexibel nach ihren Bed\u00fcrfnissen nutzen m\u00f6chten, bietet der Kauf von Wohnungen im Bau eine hervorragende Gelegenheit. Das Ardor-Team unterst\u00fctzt Sie professionell bei der Auswahl der passenden Immobilie in der fr\u00fchen Bauphase und gew\u00e4hrleistet dabei umfassende rechtliche und technische Sicherheit.<\/span><\/p><p><span style=\"font-weight: 400;\">Hier finden Sie die neuesten Projekte und k\u00f6nnen sicher sein, dass Sie einen legalen und zuverl\u00e4ssigen Weg zu Ihrer zuk\u00fcnftigen Immobilie gew\u00e4hlt haben.<\/span><\/p><h2><span style=\"font-weight: 400;\">Ein-Zimmer-Wohnungen \u2013 zu verkaufen<\/span><span style=\"font-weight: 400;\"> auf das moderne Leben zugeschnitten<\/span><\/h2><p><span style=\"font-weight: 400;\">Einzimmerwohnungen erfreuen sich zunehmender Beliebtheit, insbesondere bei jungen Leuten, Paaren und Investoren, die auf kleinem Raum maximale Funktionalit\u00e4t suchen. Unser Angebot umfasst Wohnungen, die sich ideal zur Miete, f\u00fcr Wochenendaufenthalte oder als erste Kapitalanlage eignen, vor allem in Meeresn\u00e4he und in der N\u00e4he von Hochschulen.<\/span><\/p><h2><span style=\"font-weight: 400;\">Warum sollten Sie sich beim Verkauf von Wohnungen und Apartments f\u00fcr Ardor Real Estate entscheiden?<\/span><\/h2><p><span style=\"font-weight: 400;\">Beim Kauf einer Wohnung ben\u00f6tigen Sie Sicherheit, schnelle Unterst\u00fctzung von Experten und das Gef\u00fchl, die richtige Entscheidung getroffen zu haben. Deshalb entwickeln wir unsere Dienstleistungen seit Jahren stetig weiter und streben nach h\u00f6chsten Standards.<\/span><\/p><ul><li><span style=\"font-weight: 400;\"> Lizenzierte Agenten mit Erfahrung in der Betreuung nationaler und internationaler Kunden<\/span><span style=\"font-weight: 400;\"><br \/><\/span><span style=\"font-weight: 400;\"> \u2022 Transparenter Kauf- und Verkaufsprozess mit umfassender rechtlicher und administrativer Unterst\u00fctzung<\/span><span style=\"font-weight: 400;\"><br \/><\/span><span style=\"font-weight: 400;\"> \u2022 Bestes Preis-Leistungs-Verh\u00e4ltnis \u2013 wir arbeiten ausschlie\u00dflich mit gepr\u00fcften Immobilien.<\/span><span style=\"font-weight: 400;\"><br \/><\/span><span style=\"font-weight: 400;\"> \u2022 Individuelle Betreuung jedes Kunden \u2013 Ihre Vision wird zu unserer Aufgabe<\/span><\/li><\/ul><p><span style=\"font-weight: 400;\">Ganz gleich, welche Art von Wohnung Sie suchen, welchen Standort Sie bevorzugen und unter welchen Bedingungen Sie kaufen m\u00f6chten \u2013 bei uns sind Sie richtig. Ob Luxusimmobilie, Kapitalanlage oder ein Ort zum Entspannen: Der Verkauf von Wohnungen in Kroatien mit Ardor Real Estate ist sicher, einfach und von h\u00f6chster Qualit\u00e4t. Kontaktieren Sie uns noch heute und finden Sie mit der professionellen Unterst\u00fctzung unseres Teams Ihre Traumimmobilie.<\/span><\/p>\t\t\t\t\t\t\t\t<\/div>\n\t\t\t\t<\/div>\n\t\t\t\t<\/div>\n\t\t\t\t\t<\/details>\n\t\t\t\t\t<\/div>\n\t\t\t\t\t\t<\/div>\n\t\t\t\t<\/div>\n\t\t\t\t<\/div>\n\t\t\t\t<\/div>","protected":false},"excerpt":{"rendered":"<p>Otkrijte najkvalitetniju ponudu stanova i apartmana na moru u Hrvatskoj. Ardor Real Estate nudi pa\u017eljivo odabrane nekretnine iz svih najtra\u017eenijih primorskih regija \u2013 Istre, Kvarnera, Dalmacije i otoka. Bez obzira tra\u017eite li jednosoban stan, moderan apartman u novogradnji ili stan u izgradnji s pogledom na more, ovdje \u0107ete prona\u0107i idealnu nekretninu za \u017eivot, odmor ili [&hellip;]<\/p>","protected":false},"author":2,"featured_media":0,"parent":54,"menu_order":0,"comment_status":"closed","ping_status":"closed","template":"template\/template-listing-grid-v1-fullwidth-4cols.php","meta":{"inline_featured_image":false,"footnotes":""},"class_list":["post-31863","page","type-page","status-publish","hentry"],"_links":{"self":[{"href":"https:\/\/ardor-realestate.com\/de\/wp-json\/wp\/v2\/pages\/31863","targetHints":{"allow":["GET"]}}],"collection":[{"href":"https:\/\/ardor-realestate.com\/de\/wp-json\/wp\/v2\/pages"}],"about":[{"href":"https:\/\/ardor-realestate.com\/de\/wp-json\/wp\/v2\/types\/page"}],"author":[{"embeddable":true,"href":"https:\/\/ardor-realestate.com\/de\/wp-json\/wp\/v2\/users\/2"}],"replies":[{"embeddable":true,"href":"https:\/\/ardor-realestate.com\/de\/wp-json\/wp\/v2\/comments?post=31863"}],"version-history":[{"count":0,"href":"https:\/\/ardor-realestate.com\/de\/wp-json\/wp\/v2\/pages\/31863\/revisions"}],"up":[{"embeddable":true,"href":"https:\/\/ardor-realestate.com\/de\/wp-json\/wp\/v2\/pages\/54"}],"wp:attachment":[{"href":"https:\/\/ardor-realestate.com\/de\/wp-json\/wp\/v2\/media?parent=31863"}],"curies":[{"name":"wp","href":"https:\/\/api.w.org\/{rel}","templated":true}]}}