{"id":3,"date":"2023-08-10T17:23:28","date_gmt":"2023-08-10T15:23:28","guid":{"rendered":"https:\/\/demo01.demo01.webestate.agency\/?page_id=3"},"modified":"2025-08-19T06:34:28","modified_gmt":"2025-08-19T04:34:28","slug":"datenschutzrichtlinie","status":"publish","type":"page","link":"https:\/\/ardor-realestate.com\/de\/datenschutzrichtlinie\/","title":{"rendered":"Datenschutzrichtlinie"},"content":{"rendered":"<div data-elementor-type=\"wp-page\" data-elementor-id=\"3\" class=\"elementor elementor-3\" data-elementor-post-type=\"page\">\n\t\t\t\t\t\t<section class=\"elementor-section elementor-top-section elementor-element elementor-element-8eb41ac elementor-section-boxed elementor-section-height-default elementor-section-height-default\" data-id=\"8eb41ac\" data-element_type=\"section\">\n\t\t\t\t\t\t<div class=\"elementor-container elementor-column-gap-default\">\n\t\t\t\t\t<div class=\"elementor-column elementor-col-100 elementor-top-column elementor-element elementor-element-091de8f\" data-id=\"091de8f\" data-element_type=\"column\">\n\t\t\t<div class=\"elementor-widget-wrap elementor-element-populated\">\n\t\t\t\t\t\t<div class=\"elementor-element elementor-element-61f9a4b elementor-widget elementor-widget-heading\" data-id=\"61f9a4b\" data-element_type=\"widget\" data-widget_type=\"heading.default\">\n\t\t\t\t<div class=\"elementor-widget-container\">\n\t\t\t\t\t<h1 class=\"elementor-heading-title elementor-size-default\">Datenschutzrichtlinie<\/h1>\t\t\t\t<\/div>\n\t\t\t\t<\/div>\n\t\t\t\t<div class=\"elementor-element elementor-element-b1a6728 elementor-widget-divider--view-line elementor-widget elementor-widget-divider\" data-id=\"b1a6728\" data-element_type=\"widget\" data-widget_type=\"divider.default\">\n\t\t\t\t<div class=\"elementor-widget-container\">\n\t\t\t\t\t\t\t<div class=\"elementor-divider\">\n\t\t\t<span class=\"elementor-divider-separator\">\n\t\t\t\t\t\t<\/span>\n\t\t<\/div>\n\t\t\t\t\t\t<\/div>\n\t\t\t\t<\/div>\n\t\t\t\t<div class=\"elementor-element elementor-element-45c1db6 elementor-widget elementor-widget-heading\" data-id=\"45c1db6\" data-element_type=\"widget\" data-widget_type=\"heading.default\">\n\t\t\t\t<div class=\"elementor-widget-container\">\n\t\t\t\t\t<h2 class=\"elementor-heading-title elementor-size-default\">Einf\u00fchrung<\/h2>\t\t\t\t<\/div>\n\t\t\t\t<\/div>\n\t\t\t\t<div class=\"elementor-element elementor-element-218dc09 elementor-widget elementor-widget-text-editor\" data-id=\"218dc09\" data-element_type=\"widget\" data-widget_type=\"text-editor.default\">\n\t\t\t\t<div class=\"elementor-widget-container\">\n\t\t\t\t\t\t\t\t\t<p>Der Schutz Ihrer Daten ist uns wichtig. Diese Datenschutzerkl\u00e4rung erl\u00e4utert, welche personenbezogenen Daten wir von Ihnen erheben und wie wir diese verwenden. Bitte lesen Sie dieses Dokument sorgf\u00e4ltig, um unsere Vorgehensweise im Umgang mit Ihren personenbezogenen Daten zu verstehen.<\/p>\t\t\t\t\t\t\t\t<\/div>\n\t\t\t\t<\/div>\n\t\t\t\t<div class=\"elementor-element elementor-element-71258b5 elementor-widget elementor-widget-heading\" data-id=\"71258b5\" data-element_type=\"widget\" data-widget_type=\"heading.default\">\n\t\t\t\t<div class=\"elementor-widget-container\">\n\t\t\t\t\t<h2 class=\"elementor-heading-title elementor-size-default\">Daten, die wir erfassen<\/h2>\t\t\t\t<\/div>\n\t\t\t\t<\/div>\n\t\t\t\t<div class=\"elementor-element elementor-element-48b7a60 elementor-widget elementor-widget-text-editor\" data-id=\"48b7a60\" data-element_type=\"widget\" data-widget_type=\"text-editor.default\">\n\t\t\t\t<div class=\"elementor-widget-container\">\n\t\t\t\t\t\t\t\t\t<p><strong>Wir k\u00f6nnen folgende Informationen \u00fcber Sie erheben und verarbeiten:<\/strong><\/p><ul><li>Die Informationen, die Sie uns zur Verf\u00fcgung stellen:<\/li><li>Wenn Sie Formulare auf unserer Website ausf\u00fcllen, uns telefonisch, per E-Mail oder auf anderem Wege kontaktieren, \u00fcbermitteln Sie uns Ihren Namen, Ihre E-Mail-Adresse, Ihre Telefonnummer und weitere Kontaktinformationen.<\/li><li>Spezifikationen:<\/li><li>Wir erfassen Informationen \u00fcber Ihren Besuch auf unserer Website, einschlie\u00dflich IP-Adresse, Browsertyp, Zugriffszeit und aufgerufene Seiten.<\/li><li>Cookies: Wir verwenden Cookies und \u00e4hnliche Technologien, um Informationen \u00fcber Ihre Aktivit\u00e4ten auf unserer Website zu sammeln.<\/li><\/ul>\t\t\t\t\t\t\t\t<\/div>\n\t\t\t\t<\/div>\n\t\t\t\t<div class=\"elementor-element elementor-element-ecd08a8 elementor-widget elementor-widget-heading\" data-id=\"ecd08a8\" data-element_type=\"widget\" data-widget_type=\"heading.default\">\n\t\t\t\t<div class=\"elementor-widget-container\">\n\t\t\t\t\t<h2 class=\"elementor-heading-title elementor-size-default\">Wie nutzen wir Ihre Daten?<\/h2>\t\t\t\t<\/div>\n\t\t\t\t<\/div>\n\t\t\t\t<div class=\"elementor-element elementor-element-58fa2b3 elementor-widget elementor-widget-text-editor\" data-id=\"58fa2b3\" data-element_type=\"widget\" data-widget_type=\"text-editor.default\">\n\t\t\t\t<div class=\"elementor-widget-container\">\n\t\t\t\t\t\t\t\t\t<p>Wir verwenden die gesammelten Daten f\u00fcr folgende Zwecke:<\/p><ul><li>Erm\u00f6glichung der Nutzung unserer Dienste.<\/li><li>Wir kommunizieren mit Ihnen bez\u00fcglich Ihrer Anfragen und bieten Ihnen Unterst\u00fctzung.<\/li><li>Verbesserung der Funktionalit\u00e4t unserer Website und des Benutzererlebnisses.<\/li><li>Wir senden Ihnen Werbematerialien nur dann zu, wenn Sie Ihre Einwilligung dazu gegeben haben.<\/li><\/ul>\t\t\t\t\t\t\t\t<\/div>\n\t\t\t\t<\/div>\n\t\t\t\t<div class=\"elementor-element elementor-element-1e3fecc elementor-widget elementor-widget-heading\" data-id=\"1e3fecc\" data-element_type=\"widget\" data-widget_type=\"heading.default\">\n\t\t\t\t<div class=\"elementor-widget-container\">\n\t\t\t\t\t<h2 class=\"elementor-heading-title elementor-size-default\">Ihre Daten teilen<\/h2>\t\t\t\t<\/div>\n\t\t\t\t<\/div>\n\t\t\t\t<div class=\"elementor-element elementor-element-7cda6d0 elementor-widget elementor-widget-text-editor\" data-id=\"7cda6d0\" data-element_type=\"widget\" data-widget_type=\"text-editor.default\">\n\t\t\t\t<div class=\"elementor-widget-container\">\n\t\t\t\t\t\t\t\t\t<p>Wir geben Ihre personenbezogenen Daten nicht an Dritte weiter, au\u00dfer in folgenden F\u00e4llen:<\/p><ul><li>Wenn Sie uns Ihre Einwilligung zur Weitergabe von Informationen erteilen.<\/li><li>Wenn dies zur Erf\u00fcllung unserer rechtlichen Verpflichtungen erforderlich ist.<\/li><li>Mit Dritten, die in unserem Auftrag Dienstleistungen erbringen, vorausgesetzt, diese verpflichten sich zur Vertraulichkeit Ihrer Daten.<\/li><\/ul>\t\t\t\t\t\t\t\t<\/div>\n\t\t\t\t<\/div>\n\t\t\t\t<div class=\"elementor-element elementor-element-ffc7850 elementor-widget elementor-widget-heading\" data-id=\"ffc7850\" data-element_type=\"widget\" data-widget_type=\"heading.default\">\n\t\t\t\t<div class=\"elementor-widget-container\">\n\t\t\t\t\t<h2 class=\"elementor-heading-title elementor-size-default\">Datensicherheit<\/h2>\t\t\t\t<\/div>\n\t\t\t\t<\/div>\n\t\t\t\t<div class=\"elementor-element elementor-element-a5f7bf5 elementor-widget elementor-widget-text-editor\" data-id=\"a5f7bf5\" data-element_type=\"widget\" data-widget_type=\"text-editor.default\">\n\t\t\t\t<div class=\"elementor-widget-container\">\n\t\t\t\t\t\t\t\t\t<p>Wir ergreifen angemessene Ma\u00dfnahmen, um Ihre personenbezogenen Daten vor unbefugtem Zugriff, unbefugter Nutzung oder Offenlegung zu sch\u00fctzen. Allerdings ist kein System der Daten\u00fcbertragung \u00fcber das Internet oder der elektronischen Speicherung hundertprozentig sicher, sodass wir die absolute Sicherheit Ihrer Daten nicht garantieren k\u00f6nnen.<\/p>\t\t\t\t\t\t\t\t<\/div>\n\t\t\t\t<\/div>\n\t\t\t\t<div class=\"elementor-element elementor-element-9058ed8 elementor-widget elementor-widget-heading\" data-id=\"9058ed8\" data-element_type=\"widget\" data-widget_type=\"heading.default\">\n\t\t\t\t<div class=\"elementor-widget-container\">\n\t\t\t\t\t<h2 class=\"elementor-heading-title elementor-size-default\">Ihre Rechte<\/h2>\t\t\t\t<\/div>\n\t\t\t\t<\/div>\n\t\t\t\t<div class=\"elementor-element elementor-element-36a6676 elementor-widget elementor-widget-text-editor\" data-id=\"36a6676\" data-element_type=\"widget\" data-widget_type=\"text-editor.default\">\n\t\t\t\t<div class=\"elementor-widget-container\">\n\t\t\t\t\t\t\t\t\t<p>Sie haben das Recht, auf Ihre bei uns gespeicherten personenbezogenen Daten zuzugreifen, unrichtige Daten zu berichtigen, die L\u00f6schung Ihrer Daten zu verlangen sowie die Verarbeitung Ihrer Daten einzuschr\u00e4nken oder ihr zu widersprechen. Wenn Sie Ihre Rechte aus\u00fcben m\u00f6chten, kontaktieren Sie uns bitte \u00fcber die unten angegebenen Kontaktdaten.<\/p>\t\t\t\t\t\t\t\t<\/div>\n\t\t\t\t<\/div>\n\t\t\t\t<div class=\"elementor-element elementor-element-32631df elementor-widget elementor-widget-heading\" data-id=\"32631df\" data-element_type=\"widget\" data-widget_type=\"heading.default\">\n\t\t\t\t<div class=\"elementor-widget-container\">\n\t\t\t\t\t<h2 class=\"elementor-heading-title elementor-size-default\">\u00c4nderungen der Datenschutzrichtlinie<\/h2>\t\t\t\t<\/div>\n\t\t\t\t<\/div>\n\t\t\t\t<div class=\"elementor-element elementor-element-590f6e3 elementor-widget elementor-widget-text-editor\" data-id=\"590f6e3\" data-element_type=\"widget\" data-widget_type=\"text-editor.default\">\n\t\t\t\t<div class=\"elementor-widget-container\">\n\t\t\t\t\t\t\t\t\t<p>Wir k\u00f6nnen diese Datenschutzrichtlinie von Zeit zu Zeit aktualisieren. Alle \u00c4nderungen werden auf dieser Seite ver\u00f6ffentlicht. Daher empfehlen wir Ihnen, unsere Datenschutzrichtlinie regelm\u00e4\u00dfig zu \u00fcberpr\u00fcfen, um sich dar\u00fcber zu informieren, wie wir Ihre Daten sch\u00fctzen.<\/p>\t\t\t\t\t\t\t\t<\/div>\n\t\t\t\t<\/div>\n\t\t\t\t<div class=\"elementor-element elementor-element-0bfa4b6 elementor-widget elementor-widget-heading\" data-id=\"0bfa4b6\" data-element_type=\"widget\" data-widget_type=\"heading.default\">\n\t\t\t\t<div class=\"elementor-widget-container\">\n\t\t\t\t\t<h2 class=\"elementor-heading-title elementor-size-default\">Kontakt<\/h2>\t\t\t\t<\/div>\n\t\t\t\t<\/div>\n\t\t\t\t<div class=\"elementor-element elementor-element-8a1926a elementor-widget elementor-widget-text-editor\" data-id=\"8a1926a\" data-element_type=\"widget\" data-widget_type=\"text-editor.default\">\n\t\t\t\t<div class=\"elementor-widget-container\">\n\t\t\t\t\t\t\t\t\t<p>Sollten Sie Fragen zu dieser Datenschutzerkl\u00e4rung haben, kontaktieren Sie uns bitte per E-Mail: <a href=\"mailto:office@ardor-realestate.com\">office@ardor-realestate.com<\/a><\/p>\t\t\t\t\t\t\t\t<\/div>\n\t\t\t\t<\/div>\n\t\t\t\t\t<\/div>\n\t\t<\/div>\n\t\t\t\t\t<\/div>\n\t\t<\/section>\n\t\t\t\t<\/div>","protected":false},"excerpt":{"rendered":"<p>Politika privatnosti Uvod Va\u0161a privatnost nam je va\u017ena. Ova politika privatnosti obja\u0161njava koje osobne podatke prikupljamo od vas i kako ih koristimo. Pro\u010ditajte ovaj dokument pa\u017eljivo kako biste razumjeli na\u0161e prakse u vezi s va\u0161im osobnim podacima. Podaci koje prikupljamo Mo\u017eemo prikupljati i obra\u0111ivati sljede\u0107e podatke o vama: Podaci koje nam dajete: Kada ispunjavate obrasce [&hellip;]<\/p>","protected":false},"author":2,"featured_media":0,"parent":0,"menu_order":0,"comment_status":"closed","ping_status":"open","template":"elementor_header_footer","meta":{"inline_featured_image":false,"footnotes":""},"class_list":["post-3","page","type-page","status-publish","hentry"],"_links":{"self":[{"href":"https:\/\/ardor-realestate.com\/de\/wp-json\/wp\/v2\/pages\/3","targetHints":{"allow":["GET"]}}],"collection":[{"href":"https:\/\/ardor-realestate.com\/de\/wp-json\/wp\/v2\/pages"}],"about":[{"href":"https:\/\/ardor-realestate.com\/de\/wp-json\/wp\/v2\/types\/page"}],"author":[{"embeddable":true,"href":"https:\/\/ardor-realestate.com\/de\/wp-json\/wp\/v2\/users\/2"}],"replies":[{"embeddable":true,"href":"https:\/\/ardor-realestate.com\/de\/wp-json\/wp\/v2\/comments?post=3"}],"version-history":[{"count":0,"href":"https:\/\/ardor-realestate.com\/de\/wp-json\/wp\/v2\/pages\/3\/revisions"}],"wp:attachment":[{"href":"https:\/\/ardor-realestate.com\/de\/wp-json\/wp\/v2\/media?parent=3"}],"curies":[{"name":"wp","href":"https:\/\/api.w.org\/{rel}","templated":true}]}}