{"id":16941,"date":"2020-03-02T10:27:05","date_gmt":"2020-03-02T10:27:05","guid":{"rendered":"https:\/\/demo01.houzez.co\/?page_id=16941"},"modified":"2024-11-25T17:30:53","modified_gmt":"2024-11-25T16:30:53","slug":"kontakt","status":"publish","type":"page","link":"https:\/\/ardor-realestate.com\/de\/kontakt\/","title":{"rendered":"Kontakt"},"content":{"rendered":"<div data-elementor-type=\"wp-page\" data-elementor-id=\"16941\" class=\"elementor elementor-16941\" data-elementor-post-type=\"page\">\n\t\t\t\t<div class=\"elementor-element elementor-element-1686d028 e-flex e-con-boxed e-con e-parent\" data-id=\"1686d028\" data-element_type=\"container\" data-settings=\"{&quot;background_background&quot;:&quot;classic&quot;,&quot;shape_divider_bottom&quot;:&quot;triangle&quot;,&quot;shape_divider_bottom_negative&quot;:&quot;yes&quot;}\">\n\t\t\t\t\t<div class=\"e-con-inner\">\n\t\t\t\t<div class=\"elementor-shape elementor-shape-bottom\" aria-hidden=\"true\" data-negative=\"true\">\n\t\t\t<svg xmlns=\"http:\/\/www.w3.org\/2000\/svg\" viewbox=\"0 0 1000 100\" preserveaspectratio=\"none\">\n\t<path class=\"elementor-shape-fill\" d=\"M500.2,94.7L0,0v100h1000V0L500.2,94.7z\"\/>\n<\/svg>\t\t<\/div>\n\t\t\t\t<div class=\"elementor-element elementor-element-72bf84f7 elementor-widget elementor-widget-spacer\" data-id=\"72bf84f7\" data-element_type=\"widget\" data-widget_type=\"spacer.default\">\n\t\t\t\t<div class=\"elementor-widget-container\">\n\t\t\t\t\t\t\t<div class=\"elementor-spacer\">\n\t\t\t<div class=\"elementor-spacer-inner\"><\/div>\n\t\t<\/div>\n\t\t\t\t\t\t<\/div>\n\t\t\t\t<\/div>\n\t\t<div class=\"elementor-element elementor-element-22b4d7f0 e-con-full e-flex e-con e-child\" data-id=\"22b4d7f0\" data-element_type=\"container\">\n\t\t<div class=\"elementor-element elementor-element-1a5e462f e-con-full e-flex e-con e-child\" data-id=\"1a5e462f\" data-element_type=\"container\">\n\t\t\t\t<div class=\"elementor-element elementor-element-12f1ff88 elementor-widget elementor-widget-heading\" data-id=\"12f1ff88\" data-element_type=\"widget\" data-widget_type=\"heading.default\">\n\t\t\t\t<div class=\"elementor-widget-container\">\n\t\t\t\t\t<h1 class=\"elementor-heading-title elementor-size-default\">Kontaktieren Sie uns<\/h1>\t\t\t\t<\/div>\n\t\t\t\t<\/div>\n\t\t\t\t<div class=\"elementor-element elementor-element-2339bd0c elementor-widget elementor-widget-text-editor\" data-id=\"2339bd0c\" data-element_type=\"widget\" data-widget_type=\"text-editor.default\">\n\t\t\t\t<div class=\"elementor-widget-container\">\n\t\t\t\t\t\t\t\t\tWir bieten Ihnen alles, was Sie brauchen, an einem Ort. Ihr zuverl\u00e4ssiger Partner in der Welt der Immobilien.\t\t\t\t\t\t\t\t<\/div>\n\t\t\t\t<\/div>\n\t\t\t\t<\/div>\n\t\t<div class=\"elementor-element elementor-element-2d6defe7 e-con-full e-flex e-con e-child\" data-id=\"2d6defe7\" data-element_type=\"container\">\n\t\t\t\t<div class=\"elementor-element elementor-element-a68bcd2 elementor-view-default elementor-widget elementor-widget-icon\" data-id=\"a68bcd2\" data-element_type=\"widget\" data-widget_type=\"icon.default\">\n\t\t\t\t<div class=\"elementor-widget-container\">\n\t\t\t\t\t\t\t<div class=\"elementor-icon-wrapper\">\n\t\t\t<div class=\"elementor-icon\">\n\t\t\t<svg xmlns=\"http:\/\/www.w3.org\/2000\/svg\" id=\"Capa_1\" height=\"512\" viewbox=\"0 0 512 512\" width=\"512\"><g><g><path d=\"m256 0c-43.703 0-85.462 13.494-120.763 39.023-3.339 2.415-4.089 7.079-1.673 10.417 2.414 3.339 7.079 4.089 10.418 1.673 32.739-23.676 71.475-36.191 112.018-36.191 105.524 0 191.375 85.85 191.375 191.375l-.001.591c-.018 5.75-.648 13.155-1.822 21.414-3.31 23.282-9.939 46.069-19.702 67.73-10.213 22.66-24.216 44.129-41.619 63.811l-116.784 132.076c-2.941 3.327-7.007 5.159-11.447 5.159s-8.506-1.832-11.447-5.159l-116.707-131.988c-18.365-20.771-32.958-43.549-43.374-67.702-8.845-20.512-14.91-42.021-18.025-63.928-1.174-8.26-1.804-15.665-1.821-21.427l-.001-.578c0-50.218 19.307-97.668 54.363-133.612 2.877-2.95 2.818-7.674-.132-10.551s-7.674-2.819-10.551.132c-37.791 38.746-58.602 89.897-58.602 144.031l.001.635c.019 6.517.682 14.413 1.97 23.47 3.302 23.219 9.726 46.009 19.096 67.736 11.042 25.606 26.484 49.722 45.898 71.677l116.707 131.989c5.729 6.481 13.975 10.197 22.625 10.197s16.896-3.716 22.626-10.196l116.784-132.077c18.396-20.806 33.215-43.538 44.044-67.564 10.341-22.944 17.363-47.087 20.871-71.762 1.288-9.055 1.95-16.951 1.97-23.474l.001-.631c.001-113.752-92.544-206.296-206.296-206.296z\"><\/path><path d=\"m256 361.952c85.73 0 155.476-69.747 155.476-155.477s-69.746-155.476-155.476-155.476-155.476 69.746-155.476 155.476c-.001 85.73 69.746 155.477 155.476 155.477zm0-296.032c77.502 0 140.555 63.052 140.555 140.554s-63.052 140.555-140.555 140.555-140.555-63.053-140.555-140.555c0-77.501 63.053-140.554 140.555-140.554z\"><\/path><path d=\"m172.069 229.809c17.628 29.016 46.414 54.563 77.002 68.337 7.772 3.5 15.582 5.957 23.213 7.302.438.077.874.115 1.304.115 3.553 0 6.701-2.548 7.339-6.167.715-4.058-1.995-7.928-6.053-8.643-6.412-1.13-13.032-3.22-19.675-6.212-27.945-12.584-54.254-35.941-70.377-62.479-13.743-22.622-18.084-47.203-12.222-69.214 2.991-11.232 9.189-20.84 17.454-27.053 8.326-6.261 18.162-9.261 33.624 11 6.254 8.195 11.021 20.076 3.873 26.588-1.165 1.062-2.456 1.982-3.823 2.956-3.128 2.229-6.673 4.755-9.699 9.504-4.526 7.102-5.917 14.626-4.137 22.366 2.6 11.296 11.296 25.809 22.156 36.973 13.393 13.768 27.705 20.335 40.295 18.49 11.395-1.67 17.003-8.763 21.51-14.462 2.244-2.839 4.364-5.52 7.099-7.621 8.759-6.732 21.355.845 34.579 9.904l.385.264c3.606 2.47 5.56 5.573 5.972 9.487.6 5.701-2.181 12.558-7.257 17.895-8.948 9.406-18.781 15.969-29.224 19.507-3.903 1.322-5.995 5.557-4.673 9.46s5.558 5.993 9.46 4.673c12.757-4.321 24.616-12.179 35.248-23.355 8.128-8.545 12.347-19.664 11.286-29.743-.873-8.289-5.153-15.286-12.38-20.235l-.384-.263c-12.729-8.72-34.031-23.314-52.105-9.426-4.2 3.228-7.128 6.931-9.711 10.198-4.23 5.35-6.684 8.178-11.968 8.952-17.077 2.51-41.694-26.447-45.745-44.045-.886-3.852-.214-7.243 2.179-11 2.718-4.263 7.347-6.132 10.988-9.449 12.025-10.956 11.215-29.275-2.061-46.671-7.536-9.875-14.953-16.18-22.678-19.277-7.317-2.934-18.769-4.377-31.777 5.403-10.923 8.213-19.058 20.693-22.906 35.14-6.917 25.975-1.985 54.672 13.889 80.801z\"><\/path><\/g><\/g><\/svg>\t\t\t<\/div>\n\t\t<\/div>\n\t\t\t\t\t\t<\/div>\n\t\t\t\t<\/div>\n\t\t\t\t<\/div>\n\t\t\t\t<\/div>\n\t\t\t\t<div class=\"elementor-element elementor-element-5b1eb3e1 elementor-widget elementor-widget-spacer\" data-id=\"5b1eb3e1\" data-element_type=\"widget\" data-widget_type=\"spacer.default\">\n\t\t\t\t<div class=\"elementor-widget-container\">\n\t\t\t\t\t\t\t<div class=\"elementor-spacer\">\n\t\t\t<div class=\"elementor-spacer-inner\"><\/div>\n\t\t<\/div>\n\t\t\t\t\t\t<\/div>\n\t\t\t\t<\/div>\n\t\t\t\t\t<\/div>\n\t\t\t\t<\/div>\n\t\t<div class=\"elementor-element elementor-element-42645c8 e-flex e-con-boxed e-con e-parent\" data-id=\"42645c8\" data-element_type=\"container\" data-settings=\"{&quot;background_background&quot;:&quot;classic&quot;}\">\n\t\t\t\t\t<div class=\"e-con-inner\">\n\t\t\t\t<div class=\"elementor-element elementor-element-1347dfd elementor-widget elementor-widget-spacer\" data-id=\"1347dfd\" data-element_type=\"widget\" data-widget_type=\"spacer.default\">\n\t\t\t\t<div class=\"elementor-widget-container\">\n\t\t\t\t\t\t\t<div class=\"elementor-spacer\">\n\t\t\t<div class=\"elementor-spacer-inner\"><\/div>\n\t\t<\/div>\n\t\t\t\t\t\t<\/div>\n\t\t\t\t<\/div>\n\t\t<div class=\"elementor-element elementor-element-a6f1302 e-con-full e-flex e-con e-child\" data-id=\"a6f1302\" data-element_type=\"container\">\n\t\t<div class=\"elementor-element elementor-element-ff98669 e-flex e-con-boxed e-con e-child\" data-id=\"ff98669\" data-element_type=\"container\">\n\t\t\t\t\t<div class=\"e-con-inner\">\n\t\t\t\t<div class=\"elementor-element elementor-element-68bc4a0 elementor-widget elementor-widget-heading\" data-id=\"68bc4a0\" data-element_type=\"widget\" data-widget_type=\"heading.default\">\n\t\t\t\t<div class=\"elementor-widget-container\">\n\t\t\t\t\t<h2 class=\"elementor-heading-title elementor-size-default\">Kontaktieren Sie uns vertrauensvoll<\/h2>\t\t\t\t<\/div>\n\t\t\t\t<\/div>\n\t\t\t\t<div class=\"elementor-element elementor-element-71cffb7 elementor-widget elementor-widget-text-editor\" data-id=\"71cffb7\" data-element_type=\"widget\" data-widget_type=\"text-editor.default\">\n\t\t\t\t<div class=\"elementor-widget-container\">\n\t\t\t\t\t\t\t\t\t<p><strong>Ardor Immobilien<\/strong> ist eine Immobilienagentur, die H\u00e4user, Wohnungen und Gesch\u00e4ftsr\u00e4ume verkauft. Das bedeutet, dass Sie mit unserer Hilfe Ihre Immobilie ohne Risiko und b\u00f6se \u00dcberraschungen verkaufen k\u00f6nnen. Oder kaufen Sie eine Immobilie, die Ihnen ins Auge gefallen ist.<\/p>\t\t\t\t\t\t\t\t<\/div>\n\t\t\t\t<\/div>\n\t\t\t\t<div class=\"elementor-element elementor-element-f8d9c9c elementor-button-align-stretch elementor-widget elementor-widget-houzez_elementor_contact_form\" data-id=\"f8d9c9c\" data-element_type=\"widget\" data-widget_type=\"houzez_elementor_contact_form.default\">\n\t\t\t\t<div class=\"elementor-widget-container\">\n\t\t\t\t\t\n        <script type=\"application\/javascript\">\n            jQuery(document).bind(\"ready\", function () {\n                houzezValidateElementor(\"#houzez-form-f8d9c9c\" );\n            });\n        <\/script>\n\n        <form class=\"elementor-form houzez-ele-form-js\" id=\"houzez-form-f8d9c9c\" method=\"post\" name=\"New Form\" action=\"https:\/\/ardor-realestate.com\/wp-admin\/admin-ajax.php\">\n            <input type=\"hidden\" name=\"form_id\" value=\"f8d9c9c\"\/>\n            <input type=\"hidden\" name=\"houzez_contact_form\" value=\"yes\"\/>\n            <input type=\"hidden\" name=\"action\" value=\"houzez_ele_contact_form\" \/>\n            <input type=\"hidden\" name=\"source_link\" value=\"https:\/\/ardor-realestate.com\/de\/kontakt\/\" \/>\n            <input type=\"hidden\" name=\"lead_page_id\" value=\"16941\" \/>\n            <input type=\"hidden\" name=\"webhook\" value=\"false\" \/>\n            <input type=\"hidden\" name=\"webhook_url\" value=\"\" \/>\n            <input type=\"hidden\" name=\"redirect_to\" value=\"\" \/>\n            <input type=\"hidden\" name=\"google_recaptcha\" value=\"yes\" \/>\n            \n\n            <div class=\"elementor-form-fields-wrapper elementor-labels-above\">\n\n                                    <div class=\"elementor-field-group elementor-column form-group elementor-field-group-name elementor-col-50 elementor-field-required elementor-mark-required\">\n                    <label for=\"form-field-name\" class=\"form-label elementor-field-label\">Name<\/label><input type=\"text\" name=\"first_name\" id=\"form-field-name\" class=\"elementor-field form-control elementor-size-sm elementor-field-textual\" placeholder=\"Geben Sie Ihren Namen ein\" title=\"* Name\" required=\"required\">                    <\/div>\n\n                                        <div class=\"elementor-field-group elementor-column form-group elementor-field-group-bf18955 elementor-col-50 elementor-field-required elementor-mark-required\">\n                    <label for=\"form-field-bf18955\" class=\"form-label elementor-field-label\">Nachname<\/label><input type=\"text\" name=\"last_name\" id=\"form-field-bf18955\" class=\"elementor-field form-control elementor-size-sm elementor-field-textual\" placeholder=\"Geben Sie Ihren Nachnamen ein\" title=\"* Nachname\" required=\"required\">                    <\/div>\n\n                                        <div class=\"elementor-field-group elementor-column form-group elementor-field-group-email elementor-col-100 elementor-field-required elementor-mark-required\">\n                    <label for=\"form-field-email\" class=\"form-label elementor-field-label\">E-Mail<\/label><input type=\"email\" name=\"email\" id=\"form-field-email\" class=\"elementor-field form-control elementor-size-sm elementor-field-textual\" placeholder=\"example@gmail.com\" title=\"* E-Mail\" required=\"required\">                    <\/div>\n\n                                        <div class=\"elementor-field-group elementor-column form-group elementor-field-group-message elementor-col-100 elementor-field-required elementor-mark-required\">\n                    <label for=\"form-field-message\" class=\"form-label elementor-field-label\">Nachricht<\/label><textarea class=\"elementor-field-textual elementor-field elementor-size-sm\" name=\"message\" id=\"form-field-message\" rows=\"4\" placeholder=\"Geben Sie Ihre Nachricht ein...\" required=\"required\" title=\"* Nachricht\"><\/textarea>                    <\/div>\n\n                    \n                    \n                    \n                    <div class=\"form-group elementor-field-group elementor-col-100\">\n                        <label class=\"control control--checkbox m-0\">\n                                                        <input required type=\"checkbox\" name=\"gdpr_agreement\" id=\"gdpr_agreement\" aria-required=\"true\">\n                            <span class=\"control__indicator\"><\/span>\n                                                        <div class=\"gdpr-text-wrap\">\n                            Ich bin damit einverstanden, dass diese Website meine \u00fcbermittelten Daten speichert                            <\/div>\n                            \n                        <\/label>\n                    <\/div><!-- form-group -->\n                    \n                    \n                                        <div class=\"\">\n                                            <\/div>\n                    \n                    <div class=\"elementor-field-group elementor-column elementor-field-type-submit elementor-col-100\">\n                    <button type=\"submit\" class=\"houzez-submit-button houzez-contact-form-js elementor-button elementor-size-sm\">\n                        <i class=\"houzez-loader-js houzez-hidden spinner-border spinner-border-sm\"><\/i>\n                                                    Senden Sie es                                            <\/button>\n                <\/div>\n            <\/div><!-- End wrapper-->\n            <br\/>\n            <div class=\"ele-form-messages\"><\/div>\n            <div class=\"error-container\"><\/div>\n\n        <\/form>\n\n    \t\t\t\t<\/div>\n\t\t\t\t<\/div>\n\t\t\t\t\t<\/div>\n\t\t\t\t<\/div>\n\t\t<div class=\"elementor-element elementor-element-dd3b790 e-con-full e-flex e-con e-child\" data-id=\"dd3b790\" data-element_type=\"container\">\n\t\t\t\t<div class=\"elementor-element elementor-element-6955e64 elementor-widget elementor-widget-text-editor\" data-id=\"6955e64\" data-element_type=\"widget\" data-widget_type=\"text-editor.default\">\n\t\t\t\t<div class=\"elementor-widget-container\">\n\t\t\t\t\t\t\t\t\t<p class=\"padding-top\"><b>Firmeninformationen:<\/b><\/p><p><strong>ARDOR REAL ESTATE AGENCY LTD<\/strong><br \/><a href=\"tel:+38551222673\">+385 51 222 673<\/a><br \/><a href=\"tel:+38598443289\">+385 98 443 289<\/a><br \/><a href=\"tel:+385993805702\">+385 99 3805 702<\/a><br \/><a href=\"mailto:prodaja@ardor-realestate.com\">prodaja@ardor-realestate.com<\/a><br \/><strong>B\u00fcro:<\/strong> Korzo 8, 51000, Rijeka, Kroatien<br \/><strong>Sitz:<\/strong> Promenade der XIII. Division 21<\/p>\t\t\t\t\t\t\t\t<\/div>\n\t\t\t\t<\/div>\n\t\t\t\t<div class=\"elementor-element elementor-element-75d4eb5 e-grid-align-tablet-left elementor-shape-rounded elementor-grid-0 e-grid-align-center elementor-widget elementor-widget-social-icons\" data-id=\"75d4eb5\" data-element_type=\"widget\" data-widget_type=\"social-icons.default\">\n\t\t\t\t<div class=\"elementor-widget-container\">\n\t\t\t\t\t\t\t<div class=\"elementor-social-icons-wrapper elementor-grid\" role=\"list\">\n\t\t\t\t\t\t\t<span class=\"elementor-grid-item\" role=\"listitem\">\n\t\t\t\t\t<a class=\"elementor-icon elementor-social-icon elementor-social-icon-facebook elementor-animation-shrink elementor-repeater-item-4d4e750\" href=\"https:\/\/www.facebook.com\/sendirealestate\/\" target=\"_blank\" rel=\"noopener\">\n\t\t\t\t\t\t<span class=\"elementor-screen-only\">Facebook<\/span>\n\t\t\t\t\t\t<svg aria-hidden=\"true\" class=\"e-font-icon-svg e-fab-facebook\" viewbox=\"0 0 512 512\" xmlns=\"http:\/\/www.w3.org\/2000\/svg\"><path d=\"M504 256C504 119 393 8 256 8S8 119 8 256c0 123.78 90.69 226.38 209.25 245V327.69h-63V256h63v-54.64c0-62.15 37-96.48 93.67-96.48 27.14 0 55.52 4.84 55.52 4.84v61h-31.28c-30.8 0-40.41 19.12-40.41 38.73V256h68.78l-11 71.69h-57.78V501C413.31 482.38 504 379.78 504 256z\"><\/path><\/svg>\t\t\t\t\t<\/a>\n\t\t\t\t<\/span>\n\t\t\t\t\t\t\t<span class=\"elementor-grid-item\" role=\"listitem\">\n\t\t\t\t\t<a class=\"elementor-icon elementor-social-icon elementor-social-icon-instagram elementor-animation-shrink elementor-repeater-item-9e48d2c\" href=\"https:\/\/www.instagram.com\/sendirealestate\/\" target=\"_blank\" rel=\"noopener\">\n\t\t\t\t\t\t<span class=\"elementor-screen-only\">Instagram<\/span>\n\t\t\t\t\t\t<svg aria-hidden=\"true\" class=\"e-font-icon-svg e-fab-instagram\" viewbox=\"0 0 448 512\" xmlns=\"http:\/\/www.w3.org\/2000\/svg\"><path d=\"M224.1 141c-63.6 0-114.9 51.3-114.9 114.9s51.3 114.9 114.9 114.9S339 319.5 339 255.9 287.7 141 224.1 141zm0 189.6c-41.1 0-74.7-33.5-74.7-74.7s33.5-74.7 74.7-74.7 74.7 33.5 74.7 74.7-33.6 74.7-74.7 74.7zm146.4-194.3c0 14.9-12 26.8-26.8 26.8-14.9 0-26.8-12-26.8-26.8s12-26.8 26.8-26.8 26.8 12 26.8 26.8zm76.1 27.2c-1.7-35.9-9.9-67.7-36.2-93.9-26.2-26.2-58-34.4-93.9-36.2-37-2.1-147.9-2.1-184.9 0-35.8 1.7-67.6 9.9-93.9 36.1s-34.4 58-36.2 93.9c-2.1 37-2.1 147.9 0 184.9 1.7 35.9 9.9 67.7 36.2 93.9s58 34.4 93.9 36.2c37 2.1 147.9 2.1 184.9 0 35.9-1.7 67.7-9.9 93.9-36.2 26.2-26.2 34.4-58 36.2-93.9 2.1-37 2.1-147.8 0-184.8zM398.8 388c-7.8 19.6-22.9 34.7-42.6 42.6-29.5 11.7-99.5 9-132.1 9s-102.7 2.6-132.1-9c-19.6-7.8-34.7-22.9-42.6-42.6-11.7-29.5-9-99.5-9-132.1s-2.6-102.7 9-132.1c7.8-19.6 22.9-34.7 42.6-42.6 29.5-11.7 99.5-9 132.1-9s102.7-2.6 132.1 9c19.6 7.8 34.7 22.9 42.6 42.6 11.7 29.5 9 99.5 9 132.1s2.7 102.7-9 132.1z\"><\/path><\/svg>\t\t\t\t\t<\/a>\n\t\t\t\t<\/span>\n\t\t\t\t\t<\/div>\n\t\t\t\t\t\t<\/div>\n\t\t\t\t<\/div>\n\t\t\t\t<div class=\"elementor-element elementor-element-252ae4b elementor-widget elementor-widget-html\" data-id=\"252ae4b\" data-element_type=\"widget\" data-widget_type=\"html.default\">\n\t\t\t\t<div class=\"elementor-widget-container\">\n\t\t\t\t\t<iframe src=\"https:\/\/www.google.com\/maps\/embed?pb=!1m14!1m8!1m3!1d11220.130489491197!2d14.437325!3d45.3279637!3m2!1i1024!2i768!4f13.1!3m3!1m2!1s0x4764a1ac4fc1f437%3A0xc8ee11f237332775!2sSENDI%20REAL%20ESTATE%20d.o.o.!5e0!3m2!1sen!2srs!4v1727210291185!5m2!1sen!2srs\" width=\"100%\" height=\"300\" style=\"border:0;\" allowfullscreen=\"\" loading=\"lazy\" referrerpolicy=\"no-referrer-when-downgrade\"><\/iframe>\t\t\t\t<\/div>\n\t\t\t\t<\/div>\n\t\t\t\t<\/div>\n\t\t\t\t<\/div>\n\t\t\t\t<div class=\"elementor-element elementor-element-ac34955 elementor-widget elementor-widget-spacer\" data-id=\"ac34955\" data-element_type=\"widget\" data-widget_type=\"spacer.default\">\n\t\t\t\t<div class=\"elementor-widget-container\">\n\t\t\t\t\t\t\t<div class=\"elementor-spacer\">\n\t\t\t<div class=\"elementor-spacer-inner\"><\/div>\n\t\t<\/div>\n\t\t\t\t\t\t<\/div>\n\t\t\t\t<\/div>\n\t\t\t\t\t<\/div>\n\t\t\t\t<\/div>\n\t\t\t\t<\/div>","protected":false},"excerpt":{"rendered":"<p>Kontaktirajte nas Nudimo vam sve \u0161to je potrebno na jednom mjestu. Va\u0161 pouzdan partner u svijetu nekretnina. Obratite nam se sa povjerenjem Ardor Real Estate je agencija za nekretnine koja se bavi prodajom ku\u0107a, stanova i poslovnih prostora. To zna\u010di da uz na\u0161u pomo\u0107 mo\u017eete bez rizika i neugodnih iznena\u0111enja prodati svoju nekretninu. Ili kupiti [&hellip;]<\/p>","protected":false},"author":2,"featured_media":0,"parent":0,"menu_order":0,"comment_status":"closed","ping_status":"closed","template":"elementor_header_footer","meta":{"inline_featured_image":false,"footnotes":""},"class_list":["post-16941","page","type-page","status-publish","hentry"],"_links":{"self":[{"href":"https:\/\/ardor-realestate.com\/de\/wp-json\/wp\/v2\/pages\/16941","targetHints":{"allow":["GET"]}}],"collection":[{"href":"https:\/\/ardor-realestate.com\/de\/wp-json\/wp\/v2\/pages"}],"about":[{"href":"https:\/\/ardor-realestate.com\/de\/wp-json\/wp\/v2\/types\/page"}],"author":[{"embeddable":true,"href":"https:\/\/ardor-realestate.com\/de\/wp-json\/wp\/v2\/users\/2"}],"replies":[{"embeddable":true,"href":"https:\/\/ardor-realestate.com\/de\/wp-json\/wp\/v2\/comments?post=16941"}],"version-history":[{"count":0,"href":"https:\/\/ardor-realestate.com\/de\/wp-json\/wp\/v2\/pages\/16941\/revisions"}],"wp:attachment":[{"href":"https:\/\/ardor-realestate.com\/de\/wp-json\/wp\/v2\/media?parent=16941"}],"curies":[{"name":"wp","href":"https:\/\/api.w.org\/{rel}","templated":true}]}}