{"id":54160,"date":"2025-07-24T07:38:46","date_gmt":"2025-07-24T05:38:46","guid":{"rendered":"https:\/\/ardor-realestate.com\/?page_id=54160"},"modified":"2025-07-24T07:48:05","modified_gmt":"2025-07-24T05:48:05","slug":"blogu","status":"publish","type":"page","link":"https:\/\/ardor-realestate.com\/cs\/blogu\/","title":{"rendered":"Blog"},"content":{"rendered":"<div data-elementor-type=\"wp-page\" data-elementor-id=\"54160\" class=\"elementor elementor-54160\" data-elementor-post-type=\"page\">\n\t\t\t\t<div class=\"elementor-element elementor-element-09308b8 e-flex e-con-boxed e-con e-parent\" data-id=\"09308b8\" data-element_type=\"container\" data-settings=\"{&quot;background_background&quot;:&quot;classic&quot;,&quot;shape_divider_bottom&quot;:&quot;pyramids&quot;}\">\n\t\t\t\t\t<div class=\"e-con-inner\">\n\t\t\t\t<div class=\"elementor-shape elementor-shape-bottom\" aria-hidden=\"true\" data-negative=\"false\">\n\t\t\t<svg xmlns=\"http:\/\/www.w3.org\/2000\/svg\" viewbox=\"0 0 1000 100\" preserveaspectratio=\"none\">\n\t<path class=\"elementor-shape-fill\" d=\"M761.9,44.1L643.1,27.2L333.8,98L0,3.8V0l1000,0v3.9\"\/>\n<\/svg>\t\t<\/div>\n\t\t\t\t<div class=\"elementor-element elementor-element-b5e4755 elementor-widget elementor-widget-spacer\" data-id=\"b5e4755\" data-element_type=\"widget\" data-widget_type=\"spacer.default\">\n\t\t\t\t<div class=\"elementor-widget-container\">\n\t\t\t\t\t\t\t<div class=\"elementor-spacer\">\n\t\t\t<div class=\"elementor-spacer-inner\"><\/div>\n\t\t<\/div>\n\t\t\t\t\t\t<\/div>\n\t\t\t\t<\/div>\n\t\t<div class=\"elementor-element elementor-element-72a7619 e-con-full e-flex e-con e-child\" data-id=\"72a7619\" data-element_type=\"container\">\n\t\t<div class=\"elementor-element elementor-element-7b819d7 e-con-full e-flex e-con e-child\" data-id=\"7b819d7\" data-element_type=\"container\">\n\t\t\t\t<div class=\"elementor-element elementor-element-76db3af elementor-widget elementor-widget-heading\" data-id=\"76db3af\" data-element_type=\"widget\" data-widget_type=\"heading.default\">\n\t\t\t\t<div class=\"elementor-widget-container\">\n\t\t\t\t\t<h1 class=\"elementor-heading-title elementor-size-default\">Blog<\/h1>\t\t\t\t<\/div>\n\t\t\t\t<\/div>\n\t\t\t\t<div class=\"elementor-element elementor-element-a5a5e35 elementor-widget elementor-widget-text-editor\" data-id=\"a5a5e35\" data-element_type=\"widget\" data-widget_type=\"text-editor.default\">\n\t\t\t\t<div class=\"elementor-widget-container\">\n\t\t\t\t\t\t\t\t\t<p>Odborn\u00e9 rady, kter\u00e9 v\u00e1m mohou pomoci p\u0159i koupi nebo prodeji nemovitosti.<\/p>\t\t\t\t\t\t\t\t<\/div>\n\t\t\t\t<\/div>\n\t\t\t\t<\/div>\n\t\t\t\t<\/div>\n\t\t\t\t<div class=\"elementor-element elementor-element-4a70f58 elementor-widget elementor-widget-spacer\" data-id=\"4a70f58\" data-element_type=\"widget\" data-widget_type=\"spacer.default\">\n\t\t\t\t<div class=\"elementor-widget-container\">\n\t\t\t\t\t\t\t<div class=\"elementor-spacer\">\n\t\t\t<div class=\"elementor-spacer-inner\"><\/div>\n\t\t<\/div>\n\t\t\t\t\t\t<\/div>\n\t\t\t\t<\/div>\n\t\t\t\t\t<\/div>\n\t\t\t\t<\/div>\n\t\t<div class=\"elementor-element elementor-element-e27301c e-flex e-con-boxed e-con e-parent\" data-id=\"e27301c\" data-element_type=\"container\" data-settings=\"{&quot;background_background&quot;:&quot;classic&quot;}\">\n\t\t\t\t\t<div class=\"e-con-inner\">\n\t\t\t\t<div class=\"elementor-element elementor-element-b144330 elementor-grid-3 elementor-grid-tablet-2 elementor-grid-mobile-1 elementor-posts--thumbnail-top elementor-card-shadow-yes elementor-posts__hover-gradient elementor-widget elementor-widget-posts\" data-id=\"b144330\" data-element_type=\"widget\" data-settings=\"{&quot;cards_row_gap&quot;:{&quot;unit&quot;:&quot;px&quot;,&quot;size&quot;:38,&quot;sizes&quot;:[]},&quot;cards_columns&quot;:&quot;3&quot;,&quot;cards_columns_tablet&quot;:&quot;2&quot;,&quot;cards_columns_mobile&quot;:&quot;1&quot;,&quot;cards_row_gap_tablet&quot;:{&quot;unit&quot;:&quot;px&quot;,&quot;size&quot;:&quot;&quot;,&quot;sizes&quot;:[]},&quot;cards_row_gap_mobile&quot;:{&quot;unit&quot;:&quot;px&quot;,&quot;size&quot;:&quot;&quot;,&quot;sizes&quot;:[]}}\" data-widget_type=\"posts.cards\">\n\t\t\t\t<div class=\"elementor-widget-container\">\n\t\t\t\t\t\t\t<div class=\"elementor-posts-container elementor-posts elementor-posts--skin-cards elementor-grid\" role=\"list\">\n\t\t\t\t<article class=\"elementor-post elementor-grid-item post-56823 post type-post status-publish format-standard has-post-thumbnail hentry category-saveti\" role=\"listitem\">\n\t\t\t<div class=\"elementor-post__card\">\n\t\t\t\t<a class=\"elementor-post__thumbnail__link\" href=\"https:\/\/ardor-realestate.com\/cs\/blogu\/troskovi-kupnje-stana-u-hrvatskoj-koji-su-gdje-se-i-kome-placaju-dodatni-troskovi\/\" tabindex=\"-1\" ><div class=\"elementor-post__thumbnail\"><img loading=\"lazy\" decoding=\"async\" width=\"2560\" height=\"1709\" src=\"https:\/\/ardor-realestate.com\/wp-content\/uploads\/2025\/09\/pexels-pavel-danilyuk-7937717-scaled.jpg\" class=\"attachment-medium size-medium wp-image-56824\" alt=\"novac-prodaja-stana\" srcset=\"https:\/\/ardor-realestate.com\/wp-content\/uploads\/2025\/09\/pexels-pavel-danilyuk-7937717-scaled.jpg 2560w, https:\/\/ardor-realestate.com\/wp-content\/uploads\/2025\/09\/pexels-pavel-danilyuk-7937717-768x513.jpg 768w, https:\/\/ardor-realestate.com\/wp-content\/uploads\/2025\/09\/pexels-pavel-danilyuk-7937717-1536x1025.jpg 1536w, https:\/\/ardor-realestate.com\/wp-content\/uploads\/2025\/09\/pexels-pavel-danilyuk-7937717-2048x1367.jpg 2048w, https:\/\/ardor-realestate.com\/wp-content\/uploads\/2025\/09\/pexels-pavel-danilyuk-7937717-18x12.jpg 18w, https:\/\/ardor-realestate.com\/wp-content\/uploads\/2025\/09\/pexels-pavel-danilyuk-7937717-899x600.jpg 899w, https:\/\/ardor-realestate.com\/wp-content\/uploads\/2025\/09\/pexels-pavel-danilyuk-7937717-496x331.jpg 496w\" sizes=\"auto, (max-width: 2560px) 100vw, 2560px\" \/><\/div><\/a>\n\t\t\t\t<div class=\"elementor-post__text\">\n\t\t\t\t<h2 class=\"elementor-post__title\">\n\t\t\t<a href=\"https:\/\/ardor-realestate.com\/cs\/blogu\/troskovi-kupnje-stana-u-hrvatskoj-koji-su-gdje-se-i-kome-placaju-dodatni-troskovi\/\" >\n\t\t\t\tN\u00e1klady na koupi bytu v Chorvatsku \u2013 jak\u00e9 jsou dodate\u010dn\u00e9 n\u00e1klady, kde a komu se hrad\u00ed?\t\t\t<\/a>\n\t\t<\/h2>\n\t\t\t\t<div class=\"elementor-post__excerpt\">\n\t\t\t<p>Tijekom potrage za novim domom, treba uzeti u obzir da kupnja stana nosi sa sobom vi\u0161e od dogovorene cijene. Osim<\/p>\n\t\t<\/div>\n\t\t\t\t<\/div>\n\t\t\t\t<div class=\"elementor-post__meta-data\">\n\t\t\t\t\t<span class=\"elementor-post-date\">\n\t\t\t9. z\u00e1\u0159\u00ed 2025.\t\t<\/span>\n\t\t\t\t<span class=\"elementor-post-avatar\">\n\t\t\t\u017d\u00e1dn\u00e9 koment\u00e1\u0159e\t\t<\/span>\n\t\t\t\t<\/div>\n\t\t\t\t\t<\/div>\n\t\t<\/article>\n\t\t\t\t<article class=\"elementor-post elementor-grid-item post-56745 post type-post status-publish format-standard has-post-thumbnail hentry category-saveti\" role=\"listitem\">\n\t\t\t<div class=\"elementor-post__card\">\n\t\t\t\t<a class=\"elementor-post__thumbnail__link\" href=\"https:\/\/ardor-realestate.com\/cs\/blogu\/jak-ziskat-list-vlastnictvi-a-jak-najit-list-vlastnictvi-na-internetu\/\" tabindex=\"-1\" ><div class=\"elementor-post__thumbnail\"><img loading=\"lazy\" decoding=\"async\" width=\"2560\" height=\"1707\" src=\"https:\/\/ardor-realestate.com\/wp-content\/uploads\/2025\/09\/pexels-khwanchai-4161619-scaled.jpg\" class=\"attachment-medium size-medium wp-image-56747\" alt=\"seznam-majitel\u016f-\u017eena-model-kl\u00ed\u010d-od-domu\" srcset=\"https:\/\/ardor-realestate.com\/wp-content\/uploads\/2025\/09\/pexels-khwanchai-4161619-scaled.jpg 2560w, https:\/\/ardor-realestate.com\/wp-content\/uploads\/2025\/09\/pexels-khwanchai-4161619-768x512.jpg 768w, https:\/\/ardor-realestate.com\/wp-content\/uploads\/2025\/09\/pexels-khwanchai-4161619-1536x1024.jpg 1536w, https:\/\/ardor-realestate.com\/wp-content\/uploads\/2025\/09\/pexels-khwanchai-4161619-2048x1365.jpg 2048w, https:\/\/ardor-realestate.com\/wp-content\/uploads\/2025\/09\/pexels-khwanchai-4161619-18x12.jpg 18w, https:\/\/ardor-realestate.com\/wp-content\/uploads\/2025\/09\/pexels-khwanchai-4161619-900x600.jpg 900w, https:\/\/ardor-realestate.com\/wp-content\/uploads\/2025\/09\/pexels-khwanchai-4161619-496x331.jpg 496w\" sizes=\"auto, (max-width: 2560px) 100vw, 2560px\" \/><\/div><\/a>\n\t\t\t\t<div class=\"elementor-post__text\">\n\t\t\t\t<h2 class=\"elementor-post__title\">\n\t\t\t<a href=\"https:\/\/ardor-realestate.com\/cs\/blogu\/jak-ziskat-list-vlastnictvi-a-jak-najit-list-vlastnictvi-na-internetu\/\" >\n\t\t\t\tJak z\u00edskat list vlastnictv\u00ed a jak ho naj\u00edt online?\t\t\t<\/a>\n\t\t<\/h2>\n\t\t\t\t<div class=\"elementor-post__excerpt\">\n\t\t\t<p>&nbsp; Jeste li se ikad na\u0161li u situaciji da vam je hitno potreban vlasni\u010dki list? Mo\u017eda planirate kupiti stan, di\u017eete<\/p>\n\t\t<\/div>\n\t\t\t\t<\/div>\n\t\t\t\t<div class=\"elementor-post__meta-data\">\n\t\t\t\t\t<span class=\"elementor-post-date\">\n\t\t\t5. z\u00e1\u0159\u00ed 2025.\t\t<\/span>\n\t\t\t\t<span class=\"elementor-post-avatar\">\n\t\t\t\u017d\u00e1dn\u00e9 koment\u00e1\u0159e\t\t<\/span>\n\t\t\t\t<\/div>\n\t\t\t\t\t<\/div>\n\t\t<\/article>\n\t\t\t\t<article class=\"elementor-post elementor-grid-item post-56589 post type-post status-publish format-standard has-post-thumbnail hentry category-saveti\" role=\"listitem\">\n\t\t\t<div class=\"elementor-post__card\">\n\t\t\t\t<a class=\"elementor-post__thumbnail__link\" href=\"https:\/\/ardor-realestate.com\/cs\/blogu\/kako-izracunati-vrijednost-nekretnine\/\" tabindex=\"-1\" ><div class=\"elementor-post__thumbnail\"><img loading=\"lazy\" decoding=\"async\" width=\"2560\" height=\"1708\" src=\"https:\/\/ardor-realestate.com\/wp-content\/uploads\/2025\/09\/pexels-jakubzerdzicki-29521542-scaled.jpg\" class=\"attachment-medium size-medium wp-image-56591\" alt=\"novac-kljuc-od-nekretnine\" srcset=\"https:\/\/ardor-realestate.com\/wp-content\/uploads\/2025\/09\/pexels-jakubzerdzicki-29521542-scaled.jpg 2560w, https:\/\/ardor-realestate.com\/wp-content\/uploads\/2025\/09\/pexels-jakubzerdzicki-29521542-768x512.jpg 768w, https:\/\/ardor-realestate.com\/wp-content\/uploads\/2025\/09\/pexels-jakubzerdzicki-29521542-1536x1025.jpg 1536w, https:\/\/ardor-realestate.com\/wp-content\/uploads\/2025\/09\/pexels-jakubzerdzicki-29521542-2048x1366.jpg 2048w, https:\/\/ardor-realestate.com\/wp-content\/uploads\/2025\/09\/pexels-jakubzerdzicki-29521542-18x12.jpg 18w, https:\/\/ardor-realestate.com\/wp-content\/uploads\/2025\/09\/pexels-jakubzerdzicki-29521542-900x600.jpg 900w, https:\/\/ardor-realestate.com\/wp-content\/uploads\/2025\/09\/pexels-jakubzerdzicki-29521542-496x331.jpg 496w\" sizes=\"auto, (max-width: 2560px) 100vw, 2560px\" \/><\/div><\/a>\n\t\t\t\t<div class=\"elementor-post__text\">\n\t\t\t\t<h2 class=\"elementor-post__title\">\n\t\t\t<a href=\"https:\/\/ardor-realestate.com\/cs\/blogu\/kako-izracunati-vrijednost-nekretnine\/\" >\n\t\t\t\tJak vypo\u010d\u00edtat hodnotu nemovitosti?\t\t\t<\/a>\n\t\t<\/h2>\n\t\t\t\t<div class=\"elementor-post__excerpt\">\n\t\t\t<p>Kupnja ili prodaja nekretnine nije mala stvar. Nije isto nalazi li se stan u centru grada ili na periferiji. Tako\u0111er,<\/p>\n\t\t<\/div>\n\t\t\t\t<\/div>\n\t\t\t\t<div class=\"elementor-post__meta-data\">\n\t\t\t\t\t<span class=\"elementor-post-date\">\n\t\t\t2. z\u00e1\u0159\u00ed 2025.\t\t<\/span>\n\t\t\t\t<span class=\"elementor-post-avatar\">\n\t\t\t\u017d\u00e1dn\u00e9 koment\u00e1\u0159e\t\t<\/span>\n\t\t\t\t<\/div>\n\t\t\t\t\t<\/div>\n\t\t<\/article>\n\t\t\t\t<article class=\"elementor-post elementor-grid-item post-55672 post type-post status-publish format-standard has-post-thumbnail hentry category-saveti\" role=\"listitem\">\n\t\t\t<div class=\"elementor-post__card\">\n\t\t\t\t<a class=\"elementor-post__thumbnail__link\" href=\"https:\/\/ardor-realestate.com\/cs\/blogu\/kako-iznajmiti-poslovni-prostor-stranim-drzavljanima-u-hrvatskoj\/\" tabindex=\"-1\" ><div class=\"elementor-post__thumbnail\"><img loading=\"lazy\" decoding=\"async\" width=\"936\" height=\"692\" src=\"https:\/\/ardor-realestate.com\/wp-content\/uploads\/2025\/08\/poslovni-prostor.jpg\" class=\"attachment-medium size-medium wp-image-55674\" alt=\"\" srcset=\"https:\/\/ardor-realestate.com\/wp-content\/uploads\/2025\/08\/poslovni-prostor.jpg 936w, https:\/\/ardor-realestate.com\/wp-content\/uploads\/2025\/08\/poslovni-prostor-768x568.jpg 768w, https:\/\/ardor-realestate.com\/wp-content\/uploads\/2025\/08\/poslovni-prostor-16x12.jpg 16w, https:\/\/ardor-realestate.com\/wp-content\/uploads\/2025\/08\/poslovni-prostor-812x600.jpg 812w, https:\/\/ardor-realestate.com\/wp-content\/uploads\/2025\/08\/poslovni-prostor-120x90.jpg 120w, https:\/\/ardor-realestate.com\/wp-content\/uploads\/2025\/08\/poslovni-prostor-496x367.jpg 496w\" sizes=\"auto, (max-width: 936px) 100vw, 936px\" \/><\/div><\/a>\n\t\t\t\t<div class=\"elementor-post__text\">\n\t\t\t\t<h2 class=\"elementor-post__title\">\n\t\t\t<a href=\"https:\/\/ardor-realestate.com\/cs\/blogu\/kako-iznajmiti-poslovni-prostor-stranim-drzavljanima-u-hrvatskoj\/\" >\n\t\t\t\tJak pronajmout obchodn\u00ed prostory cizinc\u016fm v Chorvatsku?\t\t\t<\/a>\n\t\t<\/h2>\n\t\t\t\t<div class=\"elementor-post__excerpt\">\n\t\t\t<p>St\u00e1le v\u00edce zahrani\u010dn\u00edch ob\u010dan\u016f p\u0159ich\u00e1z\u00ed do Chorvatska za prac\u00ed, investicemi a zakl\u00e1d\u00e1n\u00edm vlastn\u00edch podnik\u016f. Vyvst\u00e1v\u00e1 p\u0159irozen\u00e1 ot\u00e1zka \u2013 co<\/p>\n\t\t<\/div>\n\t\t\t\t<\/div>\n\t\t\t\t<div class=\"elementor-post__meta-data\">\n\t\t\t\t\t<span class=\"elementor-post-date\">\n\t\t\t25. srpna 2025.\t\t<\/span>\n\t\t\t\t<span class=\"elementor-post-avatar\">\n\t\t\t\u017d\u00e1dn\u00e9 koment\u00e1\u0159e\t\t<\/span>\n\t\t\t\t<\/div>\n\t\t\t\t\t<\/div>\n\t\t<\/article>\n\t\t\t\t<article class=\"elementor-post elementor-grid-item post-54600 post type-post status-publish format-standard has-post-thumbnail hentry category-saveti\" role=\"listitem\">\n\t\t\t<div class=\"elementor-post__card\">\n\t\t\t\t<a class=\"elementor-post__thumbnail__link\" href=\"https:\/\/ardor-realestate.com\/cs\/blogu\/kako-prodati-stan-savjeti-za-brzu-i-efikasnu-prodaju-stana\/\" tabindex=\"-1\" ><div class=\"elementor-post__thumbnail\"><img loading=\"lazy\" decoding=\"async\" width=\"936\" height=\"624\" src=\"https:\/\/ardor-realestate.com\/wp-content\/uploads\/2025\/08\/prodaja-stana.jpg\" class=\"attachment-medium size-medium wp-image-54602\" alt=\"prodej bytu\" srcset=\"https:\/\/ardor-realestate.com\/wp-content\/uploads\/2025\/08\/prodaja-stana.jpg 936w, https:\/\/ardor-realestate.com\/wp-content\/uploads\/2025\/08\/prodaja-stana-768x512.jpg 768w, https:\/\/ardor-realestate.com\/wp-content\/uploads\/2025\/08\/prodaja-stana-18x12.jpg 18w, https:\/\/ardor-realestate.com\/wp-content\/uploads\/2025\/08\/prodaja-stana-900x600.jpg 900w, https:\/\/ardor-realestate.com\/wp-content\/uploads\/2025\/08\/prodaja-stana-496x331.jpg 496w\" sizes=\"auto, (max-width: 936px) 100vw, 936px\" \/><\/div><\/a>\n\t\t\t\t<div class=\"elementor-post__text\">\n\t\t\t\t<h2 class=\"elementor-post__title\">\n\t\t\t<a href=\"https:\/\/ardor-realestate.com\/cs\/blogu\/kako-prodati-stan-savjeti-za-brzu-i-efikasnu-prodaju-stana\/\" >\n\t\t\t\tJak prodat byt? Rady pro rychl\u00fd a efektivn\u00ed prodej bytu\t\t\t<\/a>\n\t\t<\/h2>\n\t\t\t\t<div class=\"elementor-post__excerpt\">\n\t\t\t<p>Prodej domu m\u016f\u017ee b\u00fdt vzru\u0161uj\u00edc\u00ed, ale tak\u00e9 stresuj\u00edc\u00ed proces. C\u00edlem v\u011bt\u0161iny prod\u00e1vaj\u00edc\u00edch je prodat nemovitost rychle a bezpe\u010dn\u011b za nejlep\u0161\u00ed mo\u017enou cenu.<\/p>\n\t\t<\/div>\n\t\t\t\t<\/div>\n\t\t\t\t<div class=\"elementor-post__meta-data\">\n\t\t\t\t\t<span class=\"elementor-post-date\">\n\t\t\t12. srpna 2025.\t\t<\/span>\n\t\t\t\t<span class=\"elementor-post-avatar\">\n\t\t\t\u017d\u00e1dn\u00e9 koment\u00e1\u0159e\t\t<\/span>\n\t\t\t\t<\/div>\n\t\t\t\t\t<\/div>\n\t\t<\/article>\n\t\t\t\t<article class=\"elementor-post elementor-grid-item post-54181 post type-post status-publish format-standard has-post-thumbnail hentry category-saveti\" role=\"listitem\">\n\t\t\t<div class=\"elementor-post__card\">\n\t\t\t\t<a class=\"elementor-post__thumbnail__link\" href=\"https:\/\/ardor-realestate.com\/cs\/blogu\/jak-koupit-dum-bez-banky-a-zustat-bez-dluhu\/\" tabindex=\"-1\" ><div class=\"elementor-post__thumbnail\"><img loading=\"lazy\" decoding=\"async\" width=\"936\" height=\"624\" src=\"https:\/\/ardor-realestate.com\/wp-content\/uploads\/2025\/07\/kupovina-kuce-bez-kredita.jpg\" class=\"attachment-medium size-medium wp-image-54183\" alt=\"koup\u011b domu bez p\u016fj\u010dky\" srcset=\"https:\/\/ardor-realestate.com\/wp-content\/uploads\/2025\/07\/kupovina-kuce-bez-kredita.jpg 936w, https:\/\/ardor-realestate.com\/wp-content\/uploads\/2025\/07\/kupovina-kuce-bez-kredita-768x512.jpg 768w, https:\/\/ardor-realestate.com\/wp-content\/uploads\/2025\/07\/kupovina-kuce-bez-kredita-18x12.jpg 18w, https:\/\/ardor-realestate.com\/wp-content\/uploads\/2025\/07\/kupovina-kuce-bez-kredita-900x600.jpg 900w, https:\/\/ardor-realestate.com\/wp-content\/uploads\/2025\/07\/kupovina-kuce-bez-kredita-496x331.jpg 496w\" sizes=\"auto, (max-width: 936px) 100vw, 936px\" \/><\/div><\/a>\n\t\t\t\t<div class=\"elementor-post__text\">\n\t\t\t\t<h2 class=\"elementor-post__title\">\n\t\t\t<a href=\"https:\/\/ardor-realestate.com\/cs\/blogu\/jak-koupit-dum-bez-banky-a-zustat-bez-dluhu\/\" >\n\t\t\t\tJak koupit d\u016fm bez pomoci banky a z\u016fstat bez dluh\u016f?\t\t\t<\/a>\n\t\t<\/h2>\n\t\t\t\t<div class=\"elementor-post__excerpt\">\n\t\t\t<p>Koup\u011b domu bez \u00fav\u011bru zn\u00ed jako sen, \u017ee? V dob\u011b, kdy jsou ceny nemovitost\u00ed vysok\u00e9 a banky st\u00e1le...<\/p>\n\t\t<\/div>\n\t\t\t\t<\/div>\n\t\t\t\t<div class=\"elementor-post__meta-data\">\n\t\t\t\t\t<span class=\"elementor-post-date\">\n\t\t\t24. \u010dervence 2025.\t\t<\/span>\n\t\t\t\t<span class=\"elementor-post-avatar\">\n\t\t\t\u017d\u00e1dn\u00e9 koment\u00e1\u0159e\t\t<\/span>\n\t\t\t\t<\/div>\n\t\t\t\t\t<\/div>\n\t\t<\/article>\n\t\t\t\t<\/div>\n\t\t\n\t\t\t\t\t\t<\/div>\n\t\t\t\t<\/div>\n\t\t\t\t\t<\/div>\n\t\t\t\t<\/div>\n\t\t\t\t<\/div>","protected":false},"excerpt":{"rendered":"<p>Blog Savjeti stru\u010dnjaka koji vam mogu pomo\u0107i prilikom kupnje ili prodaje nekretnina.<\/p>","protected":false},"author":2,"featured_media":0,"parent":0,"menu_order":0,"comment_status":"closed","ping_status":"closed","template":"elementor_header_footer","meta":{"inline_featured_image":false,"footnotes":""},"class_list":["post-54160","page","type-page","status-publish","hentry"],"_links":{"self":[{"href":"https:\/\/ardor-realestate.com\/cs\/wp-json\/wp\/v2\/pages\/54160","targetHints":{"allow":["GET"]}}],"collection":[{"href":"https:\/\/ardor-realestate.com\/cs\/wp-json\/wp\/v2\/pages"}],"about":[{"href":"https:\/\/ardor-realestate.com\/cs\/wp-json\/wp\/v2\/types\/page"}],"author":[{"embeddable":true,"href":"https:\/\/ardor-realestate.com\/cs\/wp-json\/wp\/v2\/users\/2"}],"replies":[{"embeddable":true,"href":"https:\/\/ardor-realestate.com\/cs\/wp-json\/wp\/v2\/comments?post=54160"}],"version-history":[{"count":0,"href":"https:\/\/ardor-realestate.com\/cs\/wp-json\/wp\/v2\/pages\/54160\/revisions"}],"wp:attachment":[{"href":"https:\/\/ardor-realestate.com\/cs\/wp-json\/wp\/v2\/media?parent=54160"}],"curies":[{"name":"wp","href":"https:\/\/api.w.org\/{rel}","templated":true}]}}