{"id":31951,"date":"2024-09-24T22:16:42","date_gmt":"2024-09-24T20:16:42","guid":{"rendered":"https:\/\/ardor-realestate.com\/?page_id=31951"},"modified":"2024-10-14T14:58:59","modified_gmt":"2024-10-14T12:58:59","slug":"pronajem-obchodnich-prostor","status":"publish","type":"page","link":"https:\/\/ardor-realestate.com\/cs\/pronajem\/pronajem-obchodnich-prostor\/","title":{"rendered":"Pron\u00e1jem obchodn\u00edch prostor"},"content":{"rendered":"<div data-elementor-type=\"wp-page\" data-elementor-id=\"31951\" class=\"elementor elementor-31951\" data-elementor-post-type=\"page\">\n\t\t\t\t<div class=\"elementor-element elementor-element-5ff55e1 e-con-full e-flex e-con e-child\" data-id=\"5ff55e1\" data-element_type=\"container\">\n\t\t\t\t<div class=\"elementor-element elementor-element-117befc elementor-widget elementor-widget-text-editor\" data-id=\"117befc\" data-element_type=\"widget\" data-widget_type=\"text-editor.default\">\n\t\t\t\t<div class=\"elementor-widget-container\">\n\t\t\t\t\t\t\t\t\tObchodn\u00ed prostory v na\u0161\u00ed nab\u00eddce se nach\u00e1zej\u00ed v atraktivn\u00edch a frekventovan\u00fdch lokalit\u00e1ch, kter\u00e9 zaji\u0161\u0165uj\u00ed viditelnost a dostupnost, co\u017e je kl\u00ed\u010dov\u00e9 pro obchodn\u00ed \u00fasp\u011bch. N\u00e1\u0161 t\u00fdm odborn\u00edk\u016f v\u00e1s pe\u010dliv\u011b provede cel\u00fdm procesem pron\u00e1jmu a zajist\u00ed, \u017ee rychle a snadno najdete prostor, kter\u00fd vyhovuje va\u0161im pot\u0159eb\u00e1m a obchodn\u00edm c\u00edl\u016fm.\t\t\t\t\t\t\t\t<\/div>\n\t\t\t\t<\/div>\n\t\t\t\t<div class=\"elementor-element elementor-element-10b4732 elementor-widget elementor-widget-spacer\" data-id=\"10b4732\" data-element_type=\"widget\" data-widget_type=\"spacer.default\">\n\t\t\t\t<div class=\"elementor-widget-container\">\n\t\t\t\t\t\t\t<div class=\"elementor-spacer\">\n\t\t\t<div class=\"elementor-spacer-inner\"><\/div>\n\t\t<\/div>\n\t\t\t\t\t\t<\/div>\n\t\t\t\t<\/div>\n\t\t\t\t<\/div>\n\t\t\t\t<\/div>","protected":false},"excerpt":{"rendered":"<p>Obchodn\u00ed prostory v na\u0161\u00ed nab\u00eddce se nach\u00e1zej\u00ed v atraktivn\u00edch a frekventovan\u00fdch lokalit\u00e1ch, kter\u00e9 zaji\u0161\u0165uj\u00ed viditelnost a dostupnost, co\u017e je kl\u00ed\u010dov\u00e9 pro obchodn\u00ed \u00fasp\u011bch. N\u00e1\u0161 t\u00fdm odborn\u00edk\u016f v\u00e1s pe\u010dliv\u011b provede cel\u00fdm procesem pron\u00e1jmu a zajist\u00ed, \u017ee rychle a snadno najdete prostor, kter\u00fd vyhovuje va\u0161im pot\u0159eb\u00e1m a obchodn\u00edm c\u00edl\u016fm.<\/p>","protected":false},"author":2,"featured_media":0,"parent":17614,"menu_order":0,"comment_status":"closed","ping_status":"closed","template":"template\/template-listing-grid-v1-fullwidth-4cols.php","meta":{"inline_featured_image":false,"footnotes":""},"class_list":["post-31951","page","type-page","status-publish","hentry"],"_links":{"self":[{"href":"https:\/\/ardor-realestate.com\/cs\/wp-json\/wp\/v2\/pages\/31951","targetHints":{"allow":["GET"]}}],"collection":[{"href":"https:\/\/ardor-realestate.com\/cs\/wp-json\/wp\/v2\/pages"}],"about":[{"href":"https:\/\/ardor-realestate.com\/cs\/wp-json\/wp\/v2\/types\/page"}],"author":[{"embeddable":true,"href":"https:\/\/ardor-realestate.com\/cs\/wp-json\/wp\/v2\/users\/2"}],"replies":[{"embeddable":true,"href":"https:\/\/ardor-realestate.com\/cs\/wp-json\/wp\/v2\/comments?post=31951"}],"version-history":[{"count":0,"href":"https:\/\/ardor-realestate.com\/cs\/wp-json\/wp\/v2\/pages\/31951\/revisions"}],"up":[{"embeddable":true,"href":"https:\/\/ardor-realestate.com\/cs\/wp-json\/wp\/v2\/pages\/17614"}],"wp:attachment":[{"href":"https:\/\/ardor-realestate.com\/cs\/wp-json\/wp\/v2\/media?parent=31951"}],"curies":[{"name":"wp","href":"https:\/\/api.w.org\/{rel}","templated":true}]}}