{"id":31897,"date":"2024-09-24T21:39:01","date_gmt":"2024-09-24T19:39:01","guid":{"rendered":"https:\/\/ardor-realestate.com\/?page_id=31897"},"modified":"2024-10-14T14:57:55","modified_gmt":"2024-10-14T12:57:55","slug":"prodej-pozemku","status":"publish","type":"page","link":"https:\/\/ardor-realestate.com\/cs\/prodej\/prodej-pozemku\/","title":{"rendered":"Prodej pozemku"},"content":{"rendered":"<div data-elementor-type=\"wp-page\" data-elementor-id=\"31897\" class=\"elementor elementor-31897\" data-elementor-post-type=\"page\">\n\t\t\t\t<div class=\"elementor-element elementor-element-5ff55e1 e-con-full e-flex e-con e-child\" data-id=\"5ff55e1\" data-element_type=\"container\">\n\t\t\t\t<div class=\"elementor-element elementor-element-117befc elementor-widget elementor-widget-text-editor\" data-id=\"117befc\" data-element_type=\"widget\" data-widget_type=\"text-editor.default\">\n\t\t\t\t<div class=\"elementor-widget-container\">\n\t\t\t\t\t\t\t\t\tBez ohledu na to, zda pl\u00e1nujete stavbu rodinn\u00e9ho domu, rekrea\u010dn\u00edho domu, podnikatelsk\u00e9ho objektu nebo hled\u00e1te investi\u010dn\u00ed p\u0159\u00edle\u017eitost, na\u0161e nab\u00eddka zahrnuje v\u0161echny druhy pozemk\u016f: stavebn\u00ed, zem\u011bd\u011blsk\u00e9, lesn\u00ed i exkluzivn\u00ed lokality u mo\u0159e. Ch\u00e1peme, jak d\u016fle\u017eit\u00e9 je naj\u00edt spr\u00e1vn\u00e9 m\u00edsto, kter\u00e9 vyhovuje va\u0161im viz\u00edm a pl\u00e1n\u016fm, a proto jsme v\u00e1m k dispozici s podrobn\u00fdmi informacemi a odborn\u00fdmi radami.\t\t\t\t\t\t\t\t<\/div>\n\t\t\t\t<\/div>\n\t\t\t\t<div class=\"elementor-element elementor-element-ac2411e elementor-widget elementor-widget-spacer\" data-id=\"ac2411e\" data-element_type=\"widget\" data-widget_type=\"spacer.default\">\n\t\t\t\t<div class=\"elementor-widget-container\">\n\t\t\t\t\t\t\t<div class=\"elementor-spacer\">\n\t\t\t<div class=\"elementor-spacer-inner\"><\/div>\n\t\t<\/div>\n\t\t\t\t\t\t<\/div>\n\t\t\t\t<\/div>\n\t\t\t\t<\/div>\n\t\t\t\t<\/div>","protected":false},"excerpt":{"rendered":"<p>Bez ohledu na to, zda pl\u00e1nujete stavbu rodinn\u00e9ho domu, rekrea\u010dn\u00edho domu, podnikatelsk\u00e9ho objektu nebo hled\u00e1te investi\u010dn\u00ed p\u0159\u00edle\u017eitost, na\u0161e nab\u00eddka zahrnuje v\u0161echny druhy pozemk\u016f: stavebn\u00ed, zem\u011bd\u011blsk\u00e9, lesn\u00ed i exkluzivn\u00ed lokality u mo\u0159e. Ch\u00e1peme, jak d\u016fle\u017eit\u00e9 je naj\u00edt spr\u00e1vn\u00e9 m\u00edsto, kter\u00e9 vyhovuje va\u0161im viz\u00edm a pl\u00e1n\u016fm, a proto jsme v\u00e1m k dispozici s podrobn\u00fdmi informacemi a odborn\u00fdmi radami.<\/p>","protected":false},"author":2,"featured_media":0,"parent":54,"menu_order":0,"comment_status":"closed","ping_status":"closed","template":"template\/template-listing-grid-v1-fullwidth-4cols.php","meta":{"inline_featured_image":false,"footnotes":""},"class_list":["post-31897","page","type-page","status-publish","hentry"],"_links":{"self":[{"href":"https:\/\/ardor-realestate.com\/cs\/wp-json\/wp\/v2\/pages\/31897","targetHints":{"allow":["GET"]}}],"collection":[{"href":"https:\/\/ardor-realestate.com\/cs\/wp-json\/wp\/v2\/pages"}],"about":[{"href":"https:\/\/ardor-realestate.com\/cs\/wp-json\/wp\/v2\/types\/page"}],"author":[{"embeddable":true,"href":"https:\/\/ardor-realestate.com\/cs\/wp-json\/wp\/v2\/users\/2"}],"replies":[{"embeddable":true,"href":"https:\/\/ardor-realestate.com\/cs\/wp-json\/wp\/v2\/comments?post=31897"}],"version-history":[{"count":0,"href":"https:\/\/ardor-realestate.com\/cs\/wp-json\/wp\/v2\/pages\/31897\/revisions"}],"up":[{"embeddable":true,"href":"https:\/\/ardor-realestate.com\/cs\/wp-json\/wp\/v2\/pages\/54"}],"wp:attachment":[{"href":"https:\/\/ardor-realestate.com\/cs\/wp-json\/wp\/v2\/media?parent=31897"}],"curies":[{"name":"wp","href":"https:\/\/api.w.org\/{rel}","templated":true}]}}