{"id":31892,"date":"2024-09-24T21:36:30","date_gmt":"2024-09-24T19:36:30","guid":{"rendered":"https:\/\/ardor-realestate.com\/?page_id=31892"},"modified":"2025-08-11T19:10:02","modified_gmt":"2025-08-11T17:10:02","slug":"prodej-domu","status":"publish","type":"page","link":"https:\/\/ardor-realestate.com\/cs\/prodej\/prodej-domu\/","title":{"rendered":"Prodej domu"},"content":{"rendered":"<div data-elementor-type=\"wp-page\" data-elementor-id=\"31892\" class=\"elementor elementor-31892\" data-elementor-post-type=\"page\">\n\t\t\t\t<div class=\"elementor-element elementor-element-5ff55e1 e-con-full e-flex e-con e-child\" data-id=\"5ff55e1\" data-element_type=\"container\">\n\t\t\t\t<div class=\"elementor-element elementor-element-117befc elementor-widget elementor-widget-text-editor\" data-id=\"117befc\" data-element_type=\"widget\" data-widget_type=\"text-editor.default\">\n\t\t\t\t<div class=\"elementor-widget-container\">\n\t\t\t\t\t\t\t\t\t<p>Pokud hled\u00e1te okouzluj\u00edc\u00ed kamenn\u00fd d\u016fm, modern\u00ed vilu, rodinn\u00fd d\u016fm se zahradou nebo d\u016fm u mo\u0159e, jste na spr\u00e1vn\u00e9m m\u00edst\u011b. Ardor v\u00e1m nab\u00edz\u00ed v\u00fdb\u011br dom\u016f v nejatraktivn\u011bj\u0161\u00edch lokalit\u00e1ch po cel\u00e9m Chorvatsku. Na\u0161i agenti se specializuj\u00ed na prodej dom\u016f u mo\u0159e, na ostrovech i ve vnitrozem\u00ed. Nab\u00edz\u00edme v\u00e1m kompletn\u00ed pr\u00e1vn\u00ed jistotu, profesion\u00e1ln\u00ed poradenstv\u00ed a transparentn\u00ed proces koup\u011b a prodeje. Pom\u016f\u017eeme v\u00e1m naj\u00edt d\u016fm, kter\u00fd dokonale vyhovuje va\u0161emu \u017eivotn\u00edmu stylu nebo investi\u010dn\u00edm c\u00edl\u016fm.<\/p>\t\t\t\t\t\t\t\t<\/div>\n\t\t\t\t<\/div>\n\t\t\t\t<div class=\"elementor-element elementor-element-0309bda elementor-widget elementor-widget-n-accordion\" data-id=\"0309bda\" data-element_type=\"widget\" data-settings=\"{&quot;default_state&quot;:&quot;all_collapsed&quot;,&quot;max_items_expended&quot;:&quot;one&quot;,&quot;n_accordion_animation_duration&quot;:{&quot;unit&quot;:&quot;ms&quot;,&quot;size&quot;:400,&quot;sizes&quot;:[]}}\" data-widget_type=\"nested-accordion.default\">\n\t\t\t\t<div class=\"elementor-widget-container\">\n\t\t\t\t\t\t\t<div class=\"e-n-accordion\" aria-label=\"Akordeon. Otev\u00edrejte odkazy kl\u00e1vesou Enter nebo Mezern\u00edk, zav\u00edrejte kl\u00e1vesou Escape a navigujte pomoc\u00ed \u0161ipek.\">\n\t\t\t\t\t\t<details id=\"e-n-accordion-item-3180\" class=\"e-n-accordion-item\" >\n\t\t\t\t<summary class=\"e-n-accordion-item-title\" data-accordion-index=\"1\" tabindex=\"0\" aria-expanded=\"false\" aria-controls=\"e-n-accordion-item-3180\" >\n\t\t\t\t\t<span class='e-n-accordion-item-title-header'><div class=\"e-n-accordion-item-title-text\"> \u010c\u00edst d\u00e1le <\/div><\/span>\n\t\t\t\t\t\t\t<span class='e-n-accordion-item-title-icon'>\n\t\t\t<span class='e-opened' ><svg aria-hidden=\"true\" class=\"e-font-icon-svg e-fas-arrow-up\" viewbox=\"0 0 448 512\" xmlns=\"http:\/\/www.w3.org\/2000\/svg\"><path d=\"M34.9 289.5l-22.2-22.2c-9.4-9.4-9.4-24.6 0-33.9L207 39c9.4-9.4 24.6-9.4 33.9 0l194.3 194.3c9.4 9.4 9.4 24.6 0 33.9L413 289.4c-9.5 9.5-25 9.3-34.3-.4L264 168.6V456c0 13.3-10.7 24-24 24h-32c-13.3 0-24-10.7-24-24V168.6L69.2 289.1c-9.3 9.8-24.8 10-34.3.4z\"><\/path><\/svg><\/span>\n\t\t\t<span class='e-closed'><svg aria-hidden=\"true\" class=\"e-font-icon-svg e-fas-arrow-down\" viewbox=\"0 0 448 512\" xmlns=\"http:\/\/www.w3.org\/2000\/svg\"><path d=\"M413.1 222.5l22.2 22.2c9.4 9.4 9.4 24.6 0 33.9L241 473c-9.4 9.4-24.6 9.4-33.9 0L12.7 278.6c-9.4-9.4-9.4-24.6 0-33.9l22.2-22.2c9.5-9.5 25-9.3 34.3.4L184 343.4V56c0-13.3 10.7-24 24-24h32c13.3 0 24 10.7 24 24v287.4l114.8-120.5c9.3-9.8 24.8-10 34.3-.4z\"><\/path><\/svg><\/span>\n\t\t<\/span>\n\n\t\t\t\t\t\t<\/summary>\n\t\t\t\t<div role=\"region\" aria-labelledby=\"e-n-accordion-item-3180\" class=\"elementor-element elementor-element-66437be e-con-full e-flex e-con e-child\" data-id=\"66437be\" data-element_type=\"container\">\n\t\t\t\t<div class=\"elementor-element elementor-element-eb84a51 elementor-widget elementor-widget-text-editor\" data-id=\"eb84a51\" data-element_type=\"widget\" data-widget_type=\"text-editor.default\">\n\t\t\t\t<div class=\"elementor-widget-container\">\n\t\t\t\t\t\t\t\t\t<h2>Domy na prodej \u2013 datab\u00e1ze nemovitost\u00ed Ardor<\/h2><p><span style=\"font-weight: 400;\">Na\u0161e nab\u00eddka zahrnuje: <\/span><b>domy na prodej<\/b><span style=\"font-weight: 400;\"> v mnoha atraktivn\u00edch lokalit\u00e1ch, od Istrie a Kvarneru a\u017e po Dalm\u00e1ciu a chorvatsk\u00e9 ostrovy. Nab\u00edz\u00edme pouze ov\u011b\u0159en\u00e9 nemovitosti s \u0159\u00e1dnou dokumentac\u00ed.<\/span><\/p><p><span style=\"font-weight: 400;\">Od dom\u016f ve v\u00fdstavb\u011b, p\u0159es domy k rekonstrukci, a\u017e po kompletn\u011b zrekonstruovan\u00e9 budovy p\u0159ipraven\u00e9 k nast\u011bhov\u00e1n\u00ed, ka\u017ed\u00e1 nemovitost proch\u00e1z\u00ed podrobnou kontrolou a prov\u00e1d\u00edme v\u00fdb\u011br tak, abychom zajistili bezpe\u010dnou a kvalitn\u00ed investici.\u00a0<\/span><\/p><h3><span style=\"font-weight: 400;\">Domy na prodej u mo\u0159e<\/span><span style=\"font-weight: 400;\"> \u2013 na dovolenou a dal\u0161\u00ed investice<\/span><\/h3><p><span style=\"font-weight: 400;\">Domy u mo\u0159e v Chorvatsku<\/span> <span style=\"font-weight: 400;\">jsou obzvl\u00e1\u0161t\u011b vyhled\u00e1van\u00e9 dom\u00e1c\u00edmi i zahrani\u010dn\u00edmi kupci. Tyto nemovitosti jsou atraktivn\u00ed d\u00edky sv\u00e9 bl\u00edzkosti pl\u00e1\u017e\u00ed, v\u00fdhled\u016fm na mo\u0159e a mo\u017enosti turistick\u00e9ho pron\u00e1jmu a jsou ide\u00e1ln\u00ed jak pro osobn\u00ed u\u017e\u00edv\u00e1n\u00ed, tak pro dal\u0161\u00ed investice.<\/span><\/p><p><span style=\"font-weight: 400;\"><br \/><\/span><span style=\"font-weight: 400;\">V rekrea\u010dn\u00ed oblasti Ardor najdete domy v prvn\u00ed \u0159ad\u011b u mo\u0159e, vily s baz\u00e9ny, ale i domy v klidn\u00fdch z\u00e1tok\u00e1ch pro naprost\u00e9 soukrom\u00ed.<\/span><\/p><p><span style=\"font-weight: 400;\">Kupuj\u00edc\u00ed z N\u011bmecka, Rakouska, Slovinska a dal\u0161\u00edch zem\u00ed si st\u00e1le \u010dast\u011bji vyb\u00edraj\u00ed <\/span><span style=\"font-weight: 400;\">domy na prodej v Chorvatsku<\/span><span style=\"font-weight: 400;\"> jako va\u0161e druh\u00e9 bydlen\u00ed nebo investice s velmi vysokou n\u00e1vratnost\u00ed.<\/span><\/p><h3><span style=\"font-weight: 400;\">Rodinn\u00e9 domy\u00a0<\/span><\/h3><p><span style=\"font-weight: 400;\">Pokud hled\u00e1te obytn\u00fd prostor se zahradou, dvorem a parkovac\u00edm m\u00edstem, prozkoumejte datab\u00e1zi a najd\u011bte <\/span><b>rodinn\u00e9 domy<\/b><span style=\"font-weight: 400;\"> v m\u011bstsk\u00fdch i p\u0159\u00edm\u011bstsk\u00fdch oblastech. Jsou ide\u00e1ln\u00ed pro bydlen\u00ed, s dostatkem prostoru pro celou rodinu a pro \u017eivot v souladu s p\u0159\u00edrodou.<\/span><\/p><p><span style=\"font-weight: 400;\">K dispozici jsou domy s v\u00edce podla\u017e\u00edmi, gar\u00e1\u017eemi, sklady a dal\u0161\u00edm vybaven\u00edm, kter\u00e9 umo\u017e\u0148uje pohodln\u00fd a funk\u010dn\u00ed \u017eivotn\u00ed styl.<\/span><\/p><h3><span style=\"font-weight: 400;\">Luxusn\u00ed vily a domy s baz\u00e9ny\u00a0<\/span><\/h3><p><span style=\"font-weight: 400;\">Pro vysokou \u00farove\u0148 luxusu, designu a soukrom\u00ed nab\u00edz\u00edme <\/span><b>luxusn\u00ed vily<\/b><span style=\"font-weight: 400;\"> i <\/span><b>domy s baz\u00e9nem<\/b><span style=\"font-weight: 400;\"> na nejexkluzivn\u011bj\u0161\u00edch m\u00edstech v Chorvatsku a okol\u00ed.<\/span><span style=\"font-weight: 400;\"><br \/><\/span><span style=\"font-weight: 400;\"> Modern\u00ed architektonick\u00e9 linie, \u0161pi\u010dkov\u00e9 vybaven\u00ed, v\u00fdhled na otev\u0159en\u00e9 mo\u0159e a dal\u0161\u00ed vybaven\u00ed, jako je sauna, fitness centrum nebo syst\u00e9my chytr\u00e9 dom\u00e1cnosti, d\u011blaj\u00ed z t\u011bchto nemovitost\u00ed \u0161pi\u010dkovou investici.\u00a0<\/span><\/p><p><span style=\"font-weight: 400;\">Jsou vhodn\u00e9 k pron\u00e1jmu i bydlen\u00ed a atraktivn\u00ed pro dom\u00e1c\u00ed i zahrani\u010dn\u00ed kupce.<\/span><\/p><h3><span style=\"font-weight: 400;\">Star\u00e9 domy u mo\u0159e<\/span><span style=\"font-weight: 400;\"> i <\/span><span style=\"font-weight: 400;\">domy k adaptaci<\/span><span style=\"font-weight: 400;\">\u00a0<\/span><\/h3><p><span style=\"font-weight: 400;\">Pro milovn\u00edky tradi\u010dn\u00edho dalmatsk\u00e9ho stylu jsou zde star\u00e9 domy, kter\u00e9 vyza\u0159uj\u00ed kouzlo a charakter. Mnoh\u00e9 z nich se nach\u00e1zej\u00ed v centrech star\u00fdch m\u011bst nebo v autentick\u00fdch venkovsk\u00fdch oblastech a p\u0159edstavuj\u00ed vynikaj\u00edc\u00ed p\u0159\u00edle\u017eitost k renovaci na butikov\u00e9 ubytov\u00e1n\u00ed nebo jedine\u010dn\u00fd domov.<\/span><\/p><p><span style=\"font-weight: 400;\">S na\u0161\u00ed profesion\u00e1ln\u00ed podporou m\u016f\u017eete tento typ nemovitosti prom\u011bnit v autentick\u00fd prostor s velkou p\u0159idanou hodnotou.\u00a0<\/span><\/p><h2><b>Pro\u010d si pro prodej dom\u016f vybrat Ardor Real Estate?<\/b><\/h2><p><span style=\"font-weight: 400;\">Koup\u011b domu<\/span><span style=\"font-weight: 400;\"> je v\u00fdznamn\u00fd krok a proto je d\u016fle\u017eit\u00e9 m\u00edt spolehliv\u00e9ho partnera, kter\u00fd rozum\u00ed trhu a va\u0161im pot\u0159eb\u00e1m. Ardor Real Estate nab\u00edz\u00ed licencovan\u00e9 makl\u00e9\u0159e se zku\u0161enostmi s prodejem dom\u016f v nejvyhled\u00e1van\u011bj\u0161\u00edch lokalit\u00e1ch a tak\u00e9 pr\u00e1vn\u00ed a administrativn\u00ed podporu v pr\u016fb\u011bhu cel\u00e9ho procesu.<\/span><\/p><p><span style=\"font-weight: 400;\">V na\u0161\u00ed ov\u011b\u0159en\u00e9 datab\u00e1zi m\u00e1te k dispozici mnoho kvalitn\u00edch a leg\u00e1ln\u00edch nemovitost\u00ed, individu\u00e1ln\u00ed p\u0159\u00edstup, od prvn\u00edho kontaktu a\u017e po vyzvednut\u00ed kl\u00ed\u010d\u016f.<\/span><\/p><p><span style=\"font-weight: 400;\">Ardor Real Estate nab\u00edz\u00ed \u0159e\u0161en\u00ed na m\u00edru pro koupi domu.<\/span><\/p><p><span style=\"font-weight: 400;\">Kontaktujte n\u00e1s je\u0161t\u011b dnes a najd\u011bte si sv\u016fj vysn\u011bn\u00fd domov bezpe\u010dn\u011b, snadno a s plnou podporou na\u0161eho t\u00fdmu odborn\u00edk\u016f.<\/span><\/p>\t\t\t\t\t\t\t\t<\/div>\n\t\t\t\t<\/div>\n\t\t\t\t<\/div>\n\t\t\t\t\t<\/details>\n\t\t\t\t\t<\/div>\n\t\t\t\t\t\t<\/div>\n\t\t\t\t<\/div>\n\t\t\t\t<\/div>\n\t\t\t\t<\/div>","protected":false},"excerpt":{"rendered":"<p>Na pravom ste mjestu ako tra\u017eite \u0161armantnu kamenu ku\u0107u, modernu vilu, obiteljsku ku\u0107u s oku\u0107nicom ili ku\u0107u pored mora. Ardor vam nudi ponudu ku\u0107a na najatraktivnijim lokacijama diljem Hrvatske. Na\u0161i agenti specijalizirani su za prodaju ku\u0107a na moru, na otocima i u unutra\u0161njosti. Nudimo vam potpunu pravnu sigurnost, profesionalno savjetovanje i transparentan proces kupoprodaje. Poma\u017eemo [&hellip;]<\/p>","protected":false},"author":2,"featured_media":0,"parent":54,"menu_order":0,"comment_status":"closed","ping_status":"closed","template":"template\/template-listing-grid-v1-fullwidth-4cols.php","meta":{"inline_featured_image":false,"footnotes":""},"class_list":["post-31892","page","type-page","status-publish","hentry"],"_links":{"self":[{"href":"https:\/\/ardor-realestate.com\/cs\/wp-json\/wp\/v2\/pages\/31892","targetHints":{"allow":["GET"]}}],"collection":[{"href":"https:\/\/ardor-realestate.com\/cs\/wp-json\/wp\/v2\/pages"}],"about":[{"href":"https:\/\/ardor-realestate.com\/cs\/wp-json\/wp\/v2\/types\/page"}],"author":[{"embeddable":true,"href":"https:\/\/ardor-realestate.com\/cs\/wp-json\/wp\/v2\/users\/2"}],"replies":[{"embeddable":true,"href":"https:\/\/ardor-realestate.com\/cs\/wp-json\/wp\/v2\/comments?post=31892"}],"version-history":[{"count":0,"href":"https:\/\/ardor-realestate.com\/cs\/wp-json\/wp\/v2\/pages\/31892\/revisions"}],"up":[{"embeddable":true,"href":"https:\/\/ardor-realestate.com\/cs\/wp-json\/wp\/v2\/pages\/54"}],"wp:attachment":[{"href":"https:\/\/ardor-realestate.com\/cs\/wp-json\/wp\/v2\/media?parent=31892"}],"curies":[{"name":"wp","href":"https:\/\/api.w.org\/{rel}","templated":true}]}}