{"id":31863,"date":"2024-09-24T20:41:14","date_gmt":"2024-09-24T18:41:14","guid":{"rendered":"https:\/\/ardor-realestate.com\/?page_id=31863"},"modified":"2025-08-11T19:11:07","modified_gmt":"2025-08-11T17:11:07","slug":"prodej-bytu","status":"publish","type":"page","link":"https:\/\/ardor-realestate.com\/cs\/prodej\/prodej-bytu\/","title":{"rendered":"Prodej byt\u016f"},"content":{"rendered":"<div data-elementor-type=\"wp-page\" data-elementor-id=\"31863\" class=\"elementor elementor-31863\" data-elementor-post-type=\"page\">\n\t\t\t\t<div class=\"elementor-element elementor-element-5ff55e1 e-con-full e-flex e-con e-child\" data-id=\"5ff55e1\" data-element_type=\"container\">\n\t\t\t\t<div class=\"elementor-element elementor-element-117befc elementor-widget elementor-widget-text-editor\" data-id=\"117befc\" data-element_type=\"widget\" data-widget_type=\"text-editor.default\">\n\t\t\t\t<div class=\"elementor-widget-container\">\n\t\t\t\t\t\t\t\t\t<p><span style=\"font-weight: 400;\">Objevte nejkvalitn\u011bj\u0161\u00ed nab\u00eddku apartm\u00e1n\u016f a byt\u016f u mo\u0159e v Chorvatsku. Ardor Real Estate nab\u00edz\u00ed pe\u010dliv\u011b vybran\u00e9 nemovitosti ze v\u0161ech nejvyhled\u00e1van\u011bj\u0161\u00edch p\u0159\u00edmo\u0159sk\u00fdch oblast\u00ed \u2013 Istrie, Kvarneru, Dalm\u00e1cie a ostrov\u016f. A\u0165 u\u017e hled\u00e1te jednopokojov\u00fd apartm\u00e1n, modern\u00ed apartm\u00e1n v novostavb\u011b nebo apartm\u00e1n ve v\u00fdstavb\u011b s v\u00fdhledem na mo\u0159e, zde najdete ide\u00e1ln\u00ed nemovitost pro bydlen\u00ed, dovolenou nebo investici.<\/span><\/p><p><span style=\"font-weight: 400;\">Na\u0161e agentura nab\u00edz\u00ed profesion\u00e1ln\u00ed slu\u017eby v oblasti prodeje byt\u016f s plnou pr\u00e1vn\u00ed podporou a transparentn\u00edm procesem. Zam\u011b\u0159ujeme se na nalezen\u00ed ide\u00e1ln\u00edch kupc\u016f a zaji\u0161t\u011bn\u00ed rychl\u00e9 a bezpe\u010dn\u00e9 transakce. D\u00edky dlouholet\u00fdm zku\u0161enostem a \u0161irok\u00e9 s\u00edti klient\u016f garantujeme maxim\u00e1ln\u00ed hodnotu za va\u0161i nemovitost.<\/span><\/p>\t\t\t\t\t\t\t\t<\/div>\n\t\t\t\t<\/div>\n\t\t\t\t<div class=\"elementor-element elementor-element-6b23d74 elementor-widget elementor-widget-n-accordion\" data-id=\"6b23d74\" data-element_type=\"widget\" data-settings=\"{&quot;default_state&quot;:&quot;all_collapsed&quot;,&quot;max_items_expended&quot;:&quot;one&quot;,&quot;n_accordion_animation_duration&quot;:{&quot;unit&quot;:&quot;ms&quot;,&quot;size&quot;:400,&quot;sizes&quot;:[]}}\" data-widget_type=\"nested-accordion.default\">\n\t\t\t\t<div class=\"elementor-widget-container\">\n\t\t\t\t\t\t\t<div class=\"e-n-accordion\" aria-label=\"Akordeon. Otev\u00edrejte odkazy kl\u00e1vesou Enter nebo Mezern\u00edk, zav\u00edrejte kl\u00e1vesou Escape a navigujte pomoc\u00ed \u0161ipek.\">\n\t\t\t\t\t\t<details id=\"e-n-accordion-item-1120\" class=\"e-n-accordion-item\" >\n\t\t\t\t<summary class=\"e-n-accordion-item-title\" data-accordion-index=\"1\" tabindex=\"0\" aria-expanded=\"false\" aria-controls=\"e-n-accordion-item-1120\" >\n\t\t\t\t\t<span class='e-n-accordion-item-title-header'><div class=\"e-n-accordion-item-title-text\"> \u010c\u00edst d\u00e1le <\/div><\/span>\n\t\t\t\t\t\t\t<span class='e-n-accordion-item-title-icon'>\n\t\t\t<span class='e-opened' ><svg aria-hidden=\"true\" class=\"e-font-icon-svg e-fas-arrow-up\" viewbox=\"0 0 448 512\" xmlns=\"http:\/\/www.w3.org\/2000\/svg\"><path d=\"M34.9 289.5l-22.2-22.2c-9.4-9.4-9.4-24.6 0-33.9L207 39c9.4-9.4 24.6-9.4 33.9 0l194.3 194.3c9.4 9.4 9.4 24.6 0 33.9L413 289.4c-9.5 9.5-25 9.3-34.3-.4L264 168.6V456c0 13.3-10.7 24-24 24h-32c-13.3 0-24-10.7-24-24V168.6L69.2 289.1c-9.3 9.8-24.8 10-34.3.4z\"><\/path><\/svg><\/span>\n\t\t\t<span class='e-closed'><svg aria-hidden=\"true\" class=\"e-font-icon-svg e-fas-arrow-down\" viewbox=\"0 0 448 512\" xmlns=\"http:\/\/www.w3.org\/2000\/svg\"><path d=\"M413.1 222.5l22.2 22.2c9.4 9.4 9.4 24.6 0 33.9L241 473c-9.4 9.4-24.6 9.4-33.9 0L12.7 278.6c-9.4-9.4-9.4-24.6 0-33.9l22.2-22.2c9.5-9.5 25-9.3 34.3.4L184 343.4V56c0-13.3 10.7-24 24-24h32c13.3 0 24 10.7 24 24v287.4l114.8-120.5c9.3-9.8 24.8-10 34.3-.4z\"><\/path><\/svg><\/span>\n\t\t<\/span>\n\n\t\t\t\t\t\t<\/summary>\n\t\t\t\t<div role=\"region\" aria-labelledby=\"e-n-accordion-item-1120\" class=\"elementor-element elementor-element-b412f7a e-con-full e-flex e-con e-child\" data-id=\"b412f7a\" data-element_type=\"container\">\n\t\t\t\t<div class=\"elementor-element elementor-element-108ef20 elementor-widget elementor-widget-text-editor\" data-id=\"108ef20\" data-element_type=\"widget\" data-widget_type=\"text-editor.default\">\n\t\t\t\t<div class=\"elementor-widget-container\">\n\t\t\t\t\t\t\t\t\t<h2><span style=\"font-weight: 400;\">Byty na prodej<\/span><span style=\"font-weight: 400;\"> ze z\u00e1kladny Ardor - kvalita, um\u00edst\u011bn\u00ed a bezpe\u010dnost<\/span><\/h2><p><span style=\"font-weight: 400;\">Na\u0161e datab\u00e1ze zahrnuje apartm\u00e1ny na prodej pod\u00e9l pob\u0159e\u017e\u00ed Jadersk\u00e9ho mo\u0159e i ve vnitrozem\u00ed. M\u00e1me apartm\u00e1ny a apartm\u00e1ny, kter\u00e9 vyhov\u00ed va\u0161im pot\u0159eb\u00e1m \u2013 od luxusn\u00edch penthous\u016f a apartm\u00e1n\u016f v prvn\u00ed \u0159ad\u011b u mo\u0159e a\u017e po funk\u010dn\u00ed apartm\u00e1ny v bl\u00edzkosti d\u016fle\u017eit\u00fdch instituc\u00ed, ide\u00e1ln\u00ed pro dlouhodob\u00fd pron\u00e1jem. Ka\u017ed\u00e1 nemovitost je p\u0159edem ov\u011b\u0159ena, s \u0159\u00e1dnou dokumentac\u00ed a potenci\u00e1lem pro bezpe\u010dnou n\u00e1vratnost investice.<\/span><\/p><h2><span style=\"font-weight: 400;\">Apartm\u00e1ny na prodej u mo\u0159e<\/span><span style=\"font-weight: 400;\"> \u2013 nejvyhled\u00e1van\u011bj\u0161\u00ed kategorie nemovitost\u00ed<\/span><\/h2><p><span style=\"font-weight: 400;\">Prodej apartm\u00e1n\u016f u mo\u0159e neust\u00e1le roste d\u00edky p\u0159\u00edrodn\u00edm kr\u00e1s\u00e1m Chorvatska, \u010dist\u00e9mu mo\u0159i a stabiln\u00edmu trhu, kter\u00fd se st\u00e1v\u00e1 st\u00e1le atraktivn\u011bj\u0161\u00edm, zejm\u00e9na pro zahrani\u010dn\u00ed kupce. Kupuj\u00edc\u00ed z N\u011bmecka, Rakouska, Slovinska a dal\u0161\u00edch zem\u00ed si nej\u010dast\u011bji vyb\u00edraj\u00ed apartm\u00e1ny u mo\u0159e kv\u016fli mo\u017enosti turistick\u00e9ho pron\u00e1jmu nebo u\u017e\u00edv\u00e1n\u00ed si vlastn\u00edho rekrea\u010dn\u00edho prostoru.<\/span><\/p><p><span style=\"font-weight: 400;\">K dispozici jsou apartm\u00e1ny p\u0159\u00edmo u mo\u0159e, ale i ty o n\u011bco d\u00e1le, ale stejn\u011b funk\u010dn\u00ed a pohodln\u00e9. Rozmanit\u00e1 nab\u00eddka z datab\u00e1ze Ardor umo\u017e\u0148uje rychle a transparentn\u011b prov\u00e9st proces koup\u011b a prodeje a nab\u00eddka zahrnuje apartm\u00e1ny r\u016fzn\u00fdch velikost\u00ed a lokalit.<\/span><\/p><p><span style=\"font-weight: 400;\">A\u0165 u\u017e hled\u00e1te byt pro osobn\u00ed pot\u0159ebu nebo jako investici, Ardor Real Estate nab\u00edz\u00ed atraktivn\u00ed v\u00fdb\u011br modern\u00edch interi\u00e9r\u016f, \u0161pi\u010dkov\u00e9 vybaven\u00ed, vynikaj\u00edc\u00ed dopravn\u00ed spojen\u00ed a st\u00e1le \u010dast\u011bji i mo\u017enost n\u00e1kupu p\u0159\u00edmo od investor\u016f bez dodate\u010dn\u00fdch n\u00e1klad\u016f na rekonstrukci.<\/span><\/p><h2><span style=\"font-weight: 400;\">Byty na prodej - novostavba<\/span><\/h2><p><span style=\"font-weight: 400;\">Na\u0161e nab\u00eddka se zam\u011b\u0159uje na prodej nov\u00fdch byt\u016f, zejm\u00e9na v regionech s vysokou popt\u00e1vkou, jako je Split, Zadar, Rijeka, Pore\u010d a Rovinj. Nov\u011b postaven\u00e9 byty p\u0159in\u00e1\u0161ej\u00ed \u0159adu v\u00fdhod - vysokou energetickou \u00fa\u010dinnost, modern\u00ed design a mo\u017enost adaptace b\u011bhem f\u00e1ze v\u00fdstavby.<\/span><\/p><p><span style=\"font-weight: 400;\">Novostavby bytov\u00fdch dom\u016f nab\u00edzej\u00ed byty r\u016fzn\u00fdch velikost\u00ed a lokalit, a to v\u0161e na jednom m\u00edst\u011b. Atraktivn\u00ed vzhled, funk\u010dn\u00ed \u0159e\u0161en\u00ed a p\u0159izp\u016fsoben\u00ed pot\u0159eb\u00e1m modern\u00edho \u017eivota z nich d\u011blaj\u00ed ide\u00e1ln\u00ed volbu pro z\u00e1kazn\u00edky, kte\u0159\u00ed cht\u011bj\u00ed bezpe\u010d\u00ed a pohodl\u00ed.<\/span><\/p><h2><span style=\"font-weight: 400;\">Prodej byt\u016f ve v\u00fdstavb\u011b<\/span><span style=\"font-weight: 400;\"> \u2013 investi\u010dn\u00ed p\u0159\u00edle\u017eitost<\/span><\/h2><p><span style=\"font-weight: 400;\">Pro ty, kte\u0159\u00ed si cht\u011bj\u00ed zajistit perfektn\u00ed prostor p\u0159edem za v\u00fdhodn\u011bj\u0161\u00ed cenu a pozd\u011bji s n\u00edm nakl\u00e1dat dle vlastn\u00edch pot\u0159eb, p\u0159edstavuje prodej rozestav\u011bn\u00fdch byt\u016f skv\u011blou p\u0159\u00edle\u017eitost. T\u00fdm Ardor poskytuje profesion\u00e1ln\u00ed podporu p\u0159i v\u00fdb\u011bru nemovitost\u00ed v ran\u00fdch f\u00e1z\u00edch v\u00fdstavby s kompletn\u00edm pr\u00e1vn\u00edm a technick\u00fdm zabezpe\u010den\u00edm.<\/span><\/p><p><span style=\"font-weight: 400;\">Zde najdete nejnov\u011bj\u0161\u00ed projekty a budete si jisti, \u017ee jste si zvolili leg\u00e1ln\u00ed a spolehlivou cestu k va\u0161\u00ed budouc\u00ed nemovitosti.<\/span><\/p><h2><span style=\"font-weight: 400;\">Jednopokojov\u00e9 apartm\u00e1ny \u2013 na prodej<\/span><span style=\"font-weight: 400;\"> p\u0159izp\u016fsoben\u00e9 modern\u00edmu \u017eivotu<\/span><\/h2><p><span style=\"font-weight: 400;\">Jednopokojov\u00e9 byty za\u017e\u00edvaj\u00ed siln\u00fd r\u016fst popt\u00e1vky, zejm\u00e9na mezi mlad\u00fdmi lidmi, p\u00e1ry a investory, kte\u0159\u00ed hledaj\u00ed men\u0161\u00ed byt s maxim\u00e1ln\u00ed funk\u010dnost\u00ed. Na\u0161e nab\u00eddka zahrnuje byty ide\u00e1ln\u00ed k pron\u00e1jmu, v\u00edkendov\u00e9mu pobytu nebo prvn\u00ed investici, zejm\u00e9na v bl\u00edzkosti mo\u0159e a vysok\u00fdch \u0161kol.<\/span><\/p><h2><span style=\"font-weight: 400;\">Pro\u010d si pro prodej byt\u016f a apartm\u00e1n\u016f vybrat Ardor Real Estate?<\/span><\/h2><p><span style=\"font-weight: 400;\">P\u0159i koupi bytu \u010di apartm\u00e1nu pot\u0159ebujete jistotu, rychlou podporu od odborn\u00edk\u016f a pocit, \u017ee jste se rozhodli spr\u00e1vn\u011b. Proto ji\u017e l\u00e9ta rozv\u00edj\u00edme na\u0161e slu\u017eby a sna\u017e\u00edme se udr\u017eovat vysok\u00e9 standardy:<\/span><\/p><ul><li><span style=\"font-weight: 400;\"> Licencovan\u00ed agenti se zku\u0161enostmi s prac\u00ed s dom\u00e1c\u00edmi i mezin\u00e1rodn\u00edmi klienty<\/span><span style=\"font-weight: 400;\"><br \/><\/span><span style=\"font-weight: 400;\"> \u2022 Transparentn\u00ed proces koup\u011b a prodeje s plnou pr\u00e1vn\u00ed a administrativn\u00ed podporou<\/span><span style=\"font-weight: 400;\"><br \/><\/span><span style=\"font-weight: 400;\"> \u2022 Nejlep\u0161\u00ed pom\u011br ceny a kvality \u2013 spolupracujeme v\u00fdhradn\u011b s ov\u011b\u0159en\u00fdmi nemovitostmi<\/span><span style=\"font-weight: 400;\"><br \/><\/span><span style=\"font-weight: 400;\"> \u2022 Individu\u00e1ln\u00ed p\u0159\u00edstup ke ka\u017ed\u00e9mu klientovi \u2013 va\u0161e vize se st\u00e1v\u00e1 na\u0161\u00edm \u00fakolem<\/span><\/li><\/ul><p><span style=\"font-weight: 400;\">A\u0165 u\u017e hled\u00e1te jak\u00fdkoli typ bytu, jakou lokalitu preferujete a za jak\u00fdch podm\u00ednek jej kupujete, jste na spr\u00e1vn\u00e9m m\u00edst\u011b. A\u0165 u\u017e se jedn\u00e1 o luxus, investici nebo m\u00edsto k relaxaci, prodej byt\u016f a apartm\u00e1n\u016f v Chorvatsku s Ardor Real Estate znamen\u00e1 bezpe\u010dn\u00fd, jednoduch\u00fd a kvalitn\u00ed proces. Kontaktujte n\u00e1s je\u0161t\u011b dnes a najd\u011bte si svou ide\u00e1ln\u00ed nemovitost s profesion\u00e1ln\u00ed podporou na\u0161eho t\u00fdmu.<\/span><\/p>\t\t\t\t\t\t\t\t<\/div>\n\t\t\t\t<\/div>\n\t\t\t\t<\/div>\n\t\t\t\t\t<\/details>\n\t\t\t\t\t<\/div>\n\t\t\t\t\t\t<\/div>\n\t\t\t\t<\/div>\n\t\t\t\t<\/div>\n\t\t\t\t<\/div>","protected":false},"excerpt":{"rendered":"<p>Otkrijte najkvalitetniju ponudu stanova i apartmana na moru u Hrvatskoj. Ardor Real Estate nudi pa\u017eljivo odabrane nekretnine iz svih najtra\u017eenijih primorskih regija \u2013 Istre, Kvarnera, Dalmacije i otoka. Bez obzira tra\u017eite li jednosoban stan, moderan apartman u novogradnji ili stan u izgradnji s pogledom na more, ovdje \u0107ete prona\u0107i idealnu nekretninu za \u017eivot, odmor ili [&hellip;]<\/p>","protected":false},"author":2,"featured_media":0,"parent":54,"menu_order":0,"comment_status":"closed","ping_status":"closed","template":"template\/template-listing-grid-v1-fullwidth-4cols.php","meta":{"inline_featured_image":false,"footnotes":""},"class_list":["post-31863","page","type-page","status-publish","hentry"],"_links":{"self":[{"href":"https:\/\/ardor-realestate.com\/cs\/wp-json\/wp\/v2\/pages\/31863","targetHints":{"allow":["GET"]}}],"collection":[{"href":"https:\/\/ardor-realestate.com\/cs\/wp-json\/wp\/v2\/pages"}],"about":[{"href":"https:\/\/ardor-realestate.com\/cs\/wp-json\/wp\/v2\/types\/page"}],"author":[{"embeddable":true,"href":"https:\/\/ardor-realestate.com\/cs\/wp-json\/wp\/v2\/users\/2"}],"replies":[{"embeddable":true,"href":"https:\/\/ardor-realestate.com\/cs\/wp-json\/wp\/v2\/comments?post=31863"}],"version-history":[{"count":0,"href":"https:\/\/ardor-realestate.com\/cs\/wp-json\/wp\/v2\/pages\/31863\/revisions"}],"up":[{"embeddable":true,"href":"https:\/\/ardor-realestate.com\/cs\/wp-json\/wp\/v2\/pages\/54"}],"wp:attachment":[{"href":"https:\/\/ardor-realestate.com\/cs\/wp-json\/wp\/v2\/media?parent=31863"}],"curies":[{"name":"wp","href":"https:\/\/api.w.org\/{rel}","templated":true}]}}