{"id":3,"date":"2023-08-10T17:23:28","date_gmt":"2023-08-10T15:23:28","guid":{"rendered":"https:\/\/demo01.demo01.webestate.agency\/?page_id=3"},"modified":"2025-08-19T06:34:28","modified_gmt":"2025-08-19T04:34:28","slug":"zasady-ochrany-osobnich-udaju","status":"publish","type":"page","link":"https:\/\/ardor-realestate.com\/cs\/zasady-ochrany-osobnich-udaju\/","title":{"rendered":"Z\u00e1sady ochrany osobn\u00edch \u00fadaj\u016f"},"content":{"rendered":"<div data-elementor-type=\"wp-page\" data-elementor-id=\"3\" class=\"elementor elementor-3\" data-elementor-post-type=\"page\">\n\t\t\t\t\t\t<section class=\"elementor-section elementor-top-section elementor-element elementor-element-8eb41ac elementor-section-boxed elementor-section-height-default elementor-section-height-default\" data-id=\"8eb41ac\" data-element_type=\"section\">\n\t\t\t\t\t\t<div class=\"elementor-container elementor-column-gap-default\">\n\t\t\t\t\t<div class=\"elementor-column elementor-col-100 elementor-top-column elementor-element elementor-element-091de8f\" data-id=\"091de8f\" data-element_type=\"column\">\n\t\t\t<div class=\"elementor-widget-wrap elementor-element-populated\">\n\t\t\t\t\t\t<div class=\"elementor-element elementor-element-61f9a4b elementor-widget elementor-widget-heading\" data-id=\"61f9a4b\" data-element_type=\"widget\" data-widget_type=\"heading.default\">\n\t\t\t\t<div class=\"elementor-widget-container\">\n\t\t\t\t\t<h1 class=\"elementor-heading-title elementor-size-default\">Z\u00e1sady ochrany osobn\u00edch \u00fadaj\u016f<\/h1>\t\t\t\t<\/div>\n\t\t\t\t<\/div>\n\t\t\t\t<div class=\"elementor-element elementor-element-b1a6728 elementor-widget-divider--view-line elementor-widget elementor-widget-divider\" data-id=\"b1a6728\" data-element_type=\"widget\" data-widget_type=\"divider.default\">\n\t\t\t\t<div class=\"elementor-widget-container\">\n\t\t\t\t\t\t\t<div class=\"elementor-divider\">\n\t\t\t<span class=\"elementor-divider-separator\">\n\t\t\t\t\t\t<\/span>\n\t\t<\/div>\n\t\t\t\t\t\t<\/div>\n\t\t\t\t<\/div>\n\t\t\t\t<div class=\"elementor-element elementor-element-45c1db6 elementor-widget elementor-widget-heading\" data-id=\"45c1db6\" data-element_type=\"widget\" data-widget_type=\"heading.default\">\n\t\t\t\t<div class=\"elementor-widget-container\">\n\t\t\t\t\t<h2 class=\"elementor-heading-title elementor-size-default\">Zaveden\u00ed<\/h2>\t\t\t\t<\/div>\n\t\t\t\t<\/div>\n\t\t\t\t<div class=\"elementor-element elementor-element-218dc09 elementor-widget elementor-widget-text-editor\" data-id=\"218dc09\" data-element_type=\"widget\" data-widget_type=\"text-editor.default\">\n\t\t\t\t<div class=\"elementor-widget-container\">\n\t\t\t\t\t\t\t\t\t<p>Va\u0161e soukrom\u00ed je pro n\u00e1s d\u016fle\u017eit\u00e9. Tyto z\u00e1sady ochrany osobn\u00edch \u00fadaj\u016f vysv\u011btluj\u00ed, jak\u00e9 osobn\u00ed \u00fadaje od v\u00e1s shroma\u017e\u010fujeme a jak je pou\u017e\u00edv\u00e1me. Pe\u010dliv\u011b si pros\u00edm p\u0159e\u010dt\u011bte tento dokument, abyste pochopili na\u0161e postupy t\u00fdkaj\u00edc\u00ed se va\u0161ich osobn\u00edch \u00fadaj\u016f.<\/p>\t\t\t\t\t\t\t\t<\/div>\n\t\t\t\t<\/div>\n\t\t\t\t<div class=\"elementor-element elementor-element-71258b5 elementor-widget elementor-widget-heading\" data-id=\"71258b5\" data-element_type=\"widget\" data-widget_type=\"heading.default\">\n\t\t\t\t<div class=\"elementor-widget-container\">\n\t\t\t\t\t<h2 class=\"elementor-heading-title elementor-size-default\">\u00dadaje, kter\u00e9 shroma\u017e\u010fujeme<\/h2>\t\t\t\t<\/div>\n\t\t\t\t<\/div>\n\t\t\t\t<div class=\"elementor-element elementor-element-48b7a60 elementor-widget elementor-widget-text-editor\" data-id=\"48b7a60\" data-element_type=\"widget\" data-widget_type=\"text-editor.default\">\n\t\t\t\t<div class=\"elementor-widget-container\">\n\t\t\t\t\t\t\t\t\t<p><strong>M\u016f\u017eeme shroma\u017e\u010fovat a zpracov\u00e1vat n\u00e1sleduj\u00edc\u00ed informace o v\u00e1s:<\/strong><\/p><ul><li>Informace, kter\u00e9 n\u00e1m poskytnete:<\/li><li>Kdy\u017e vypl\u0148ujete formul\u00e1\u0159e na na\u0161ich webov\u00fdch str\u00e1nk\u00e1ch, kontaktujete n\u00e1s telefonicky, e-mailem nebo jinak, poskytujete n\u00e1m sv\u00e9 jm\u00e9no, e-mailovou adresu, telefonn\u00ed \u010d\u00edslo a dal\u0161\u00ed kontaktn\u00ed informace.<\/li><li>Specifikace:<\/li><li>Shroma\u017e\u010fujeme informace o va\u0161\u00ed n\u00e1v\u0161t\u011bv\u011b na\u0161ich webov\u00fdch str\u00e1nek, v\u010detn\u011b IP adresy, typu prohl\u00ed\u017ee\u010de, doby p\u0159\u00edstupu a zobrazen\u00fdch str\u00e1nek.<\/li><li>Soubory cookie: Na na\u0161ich webov\u00fdch str\u00e1nk\u00e1ch pou\u017e\u00edv\u00e1me soubory cookie a podobn\u00e9 technologie ke shroma\u017e\u010fov\u00e1n\u00ed informac\u00ed o va\u0161ich aktivit\u00e1ch.<\/li><\/ul>\t\t\t\t\t\t\t\t<\/div>\n\t\t\t\t<\/div>\n\t\t\t\t<div class=\"elementor-element elementor-element-ecd08a8 elementor-widget elementor-widget-heading\" data-id=\"ecd08a8\" data-element_type=\"widget\" data-widget_type=\"heading.default\">\n\t\t\t\t<div class=\"elementor-widget-container\">\n\t\t\t\t\t<h2 class=\"elementor-heading-title elementor-size-default\">Jak pou\u017e\u00edv\u00e1me va\u0161e data?<\/h2>\t\t\t\t<\/div>\n\t\t\t\t<\/div>\n\t\t\t\t<div class=\"elementor-element elementor-element-58fa2b3 elementor-widget elementor-widget-text-editor\" data-id=\"58fa2b3\" data-element_type=\"widget\" data-widget_type=\"text-editor.default\">\n\t\t\t\t<div class=\"elementor-widget-container\">\n\t\t\t\t\t\t\t\t\t<p>Shrom\u00e1\u017ed\u011bn\u00e9 \u00fadaje pou\u017e\u00edv\u00e1me k:<\/p><ul><li>Umo\u017en\u011bn\u00ed pou\u017e\u00edv\u00e1n\u00ed na\u0161ich slu\u017eeb.<\/li><li>Komunikace s v\u00e1mi ohledn\u011b va\u0161ich dotaz\u016f a poskytov\u00e1n\u00ed podpory.<\/li><li>Zlep\u0161en\u00ed funk\u010dnosti na\u0161ich webov\u00fdch str\u00e1nek a u\u017eivatelsk\u00e9 zku\u0161enosti.<\/li><li>Zas\u00edl\u00e1n\u00ed propaga\u010dn\u00edch materi\u00e1l\u016f, ale pouze pokud jste k tomu ud\u011blili souhlas.<\/li><\/ul>\t\t\t\t\t\t\t\t<\/div>\n\t\t\t\t<\/div>\n\t\t\t\t<div class=\"elementor-element elementor-element-1e3fecc elementor-widget elementor-widget-heading\" data-id=\"1e3fecc\" data-element_type=\"widget\" data-widget_type=\"heading.default\">\n\t\t\t\t<div class=\"elementor-widget-container\">\n\t\t\t\t\t<h2 class=\"elementor-heading-title elementor-size-default\">Sd\u00edlen\u00ed va\u0161ich dat<\/h2>\t\t\t\t<\/div>\n\t\t\t\t<\/div>\n\t\t\t\t<div class=\"elementor-element elementor-element-7cda6d0 elementor-widget elementor-widget-text-editor\" data-id=\"7cda6d0\" data-element_type=\"widget\" data-widget_type=\"text-editor.default\">\n\t\t\t\t<div class=\"elementor-widget-container\">\n\t\t\t\t\t\t\t\t\t<p>Va\u0161e osobn\u00ed \u00fadaje nebudeme sd\u00edlet s t\u0159et\u00edmi stranami s v\u00fdjimkou n\u00e1sleduj\u00edc\u00edch p\u0159\u00edpad\u016f:<\/p><ul><li>Pokud m\u00e1me v\u00e1\u0161 souhlas se sd\u00edlen\u00edm informac\u00ed.<\/li><li>Pokud je to nezbytn\u00e9 k dodr\u017een\u00ed na\u0161ich z\u00e1konn\u00fdch povinnost\u00ed.<\/li><li>S t\u0159et\u00edmi stranami, kter\u00e9 poskytuj\u00ed slu\u017eby na\u0161\u00edm jm\u00e9nem, za p\u0159edpokladu, \u017ee se zav\u00e1\u017eou k zachov\u00e1n\u00ed ml\u010denlivosti o va\u0161ich informac\u00edch.<\/li><\/ul>\t\t\t\t\t\t\t\t<\/div>\n\t\t\t\t<\/div>\n\t\t\t\t<div class=\"elementor-element elementor-element-ffc7850 elementor-widget elementor-widget-heading\" data-id=\"ffc7850\" data-element_type=\"widget\" data-widget_type=\"heading.default\">\n\t\t\t\t<div class=\"elementor-widget-container\">\n\t\t\t\t\t<h2 class=\"elementor-heading-title elementor-size-default\">Zabezpe\u010den\u00ed dat<\/h2>\t\t\t\t<\/div>\n\t\t\t\t<\/div>\n\t\t\t\t<div class=\"elementor-element elementor-element-a5f7bf5 elementor-widget elementor-widget-text-editor\" data-id=\"a5f7bf5\" data-element_type=\"widget\" data-widget_type=\"text-editor.default\">\n\t\t\t\t<div class=\"elementor-widget-container\">\n\t\t\t\t\t\t\t\t\t<p>Podnik\u00e1me p\u0159im\u011b\u0159en\u00e9 kroky k ochran\u011b va\u0161ich osobn\u00edch \u00fadaj\u016f p\u0159ed neopr\u00e1vn\u011bn\u00fdm p\u0159\u00edstupem, pou\u017eit\u00edm nebo zve\u0159ejn\u011bn\u00edm. \u017d\u00e1dn\u00fd syst\u00e9m p\u0159enosu p\u0159es internet nebo elektronick\u00e9ho \u00falo\u017ei\u0161t\u011b v\u0161ak nen\u00ed bezpe\u010dn\u00fd, tak\u017ee nem\u016f\u017eeme zaru\u010dit absolutn\u00ed bezpe\u010dnost va\u0161ich informac\u00ed.<\/p>\t\t\t\t\t\t\t\t<\/div>\n\t\t\t\t<\/div>\n\t\t\t\t<div class=\"elementor-element elementor-element-9058ed8 elementor-widget elementor-widget-heading\" data-id=\"9058ed8\" data-element_type=\"widget\" data-widget_type=\"heading.default\">\n\t\t\t\t<div class=\"elementor-widget-container\">\n\t\t\t\t\t<h2 class=\"elementor-heading-title elementor-size-default\">Va\u0161e pr\u00e1va<\/h2>\t\t\t\t<\/div>\n\t\t\t\t<\/div>\n\t\t\t\t<div class=\"elementor-element elementor-element-36a6676 elementor-widget elementor-widget-text-editor\" data-id=\"36a6676\" data-element_type=\"widget\" data-widget_type=\"text-editor.default\">\n\t\t\t\t<div class=\"elementor-widget-container\">\n\t\t\t\t\t\t\t\t\t<p>M\u00e1te pr\u00e1vo p\u0159\u00edstupu k va\u0161im osobn\u00edm \u00fadaj\u016fm, kter\u00e9 o v\u00e1s uchov\u00e1v\u00e1me, pr\u00e1vo na opravu nep\u0159esn\u00fdch \u00fadaj\u016f, pr\u00e1vo na vymaz\u00e1n\u00ed \u00fadaj\u016f a pr\u00e1vo omezit zpracov\u00e1n\u00ed va\u0161ich \u00fadaj\u016f nebo vzn\u00e9st n\u00e1mitku proti n\u011bmu. Pokud si p\u0159ejete uplatnit sv\u00e1 pr\u00e1va, kontaktujte n\u00e1s pros\u00edm pomoc\u00ed n\u00ed\u017ee uveden\u00fdch kontaktn\u00edch \u00fadaj\u016f.<\/p>\t\t\t\t\t\t\t\t<\/div>\n\t\t\t\t<\/div>\n\t\t\t\t<div class=\"elementor-element elementor-element-32631df elementor-widget elementor-widget-heading\" data-id=\"32631df\" data-element_type=\"widget\" data-widget_type=\"heading.default\">\n\t\t\t\t<div class=\"elementor-widget-container\">\n\t\t\t\t\t<h2 class=\"elementor-heading-title elementor-size-default\">Zm\u011bny z\u00e1sad ochrany osobn\u00edch \u00fadaj\u016f<\/h2>\t\t\t\t<\/div>\n\t\t\t\t<\/div>\n\t\t\t\t<div class=\"elementor-element elementor-element-590f6e3 elementor-widget elementor-widget-text-editor\" data-id=\"590f6e3\" data-element_type=\"widget\" data-widget_type=\"text-editor.default\">\n\t\t\t\t<div class=\"elementor-widget-container\">\n\t\t\t\t\t\t\t\t\t<p>Tyto z\u00e1sady ochrany osobn\u00edch \u00fadaj\u016f m\u016f\u017eeme \u010das od \u010dasu aktualizovat. Ve\u0161ker\u00e9 zm\u011bny budou zve\u0159ejn\u011bny na t\u00e9to str\u00e1nce, proto v\u00e1m doporu\u010dujeme, abyste si na\u0161e z\u00e1sady ochrany osobn\u00edch \u00fadaj\u016f pravideln\u011b kontrolovali, abyste byli informov\u00e1ni o tom, jak chr\u00e1n\u00edme va\u0161e informace.<\/p>\t\t\t\t\t\t\t\t<\/div>\n\t\t\t\t<\/div>\n\t\t\t\t<div class=\"elementor-element elementor-element-0bfa4b6 elementor-widget elementor-widget-heading\" data-id=\"0bfa4b6\" data-element_type=\"widget\" data-widget_type=\"heading.default\">\n\t\t\t\t<div class=\"elementor-widget-container\">\n\t\t\t\t\t<h2 class=\"elementor-heading-title elementor-size-default\">Kontakt<\/h2>\t\t\t\t<\/div>\n\t\t\t\t<\/div>\n\t\t\t\t<div class=\"elementor-element elementor-element-8a1926a elementor-widget elementor-widget-text-editor\" data-id=\"8a1926a\" data-element_type=\"widget\" data-widget_type=\"text-editor.default\">\n\t\t\t\t<div class=\"elementor-widget-container\">\n\t\t\t\t\t\t\t\t\t<p>Pokud m\u00e1te jak\u00e9koli dotazy t\u00fdkaj\u00edc\u00ed se t\u011bchto z\u00e1sad ochrany osobn\u00edch \u00fadaj\u016f, kontaktujte n\u00e1s pros\u00edm e-mailem: <a href=\"mailto:office@ardor-realestate.com\">office@ardor-realestate.com<\/a><\/p>\t\t\t\t\t\t\t\t<\/div>\n\t\t\t\t<\/div>\n\t\t\t\t\t<\/div>\n\t\t<\/div>\n\t\t\t\t\t<\/div>\n\t\t<\/section>\n\t\t\t\t<\/div>","protected":false},"excerpt":{"rendered":"<p>Politika privatnosti Uvod Va\u0161a privatnost nam je va\u017ena. Ova politika privatnosti obja\u0161njava koje osobne podatke prikupljamo od vas i kako ih koristimo. Pro\u010ditajte ovaj dokument pa\u017eljivo kako biste razumjeli na\u0161e prakse u vezi s va\u0161im osobnim podacima. Podaci koje prikupljamo Mo\u017eemo prikupljati i obra\u0111ivati sljede\u0107e podatke o vama: Podaci koje nam dajete: Kada ispunjavate obrasce [&hellip;]<\/p>","protected":false},"author":2,"featured_media":0,"parent":0,"menu_order":0,"comment_status":"closed","ping_status":"open","template":"elementor_header_footer","meta":{"inline_featured_image":false,"footnotes":""},"class_list":["post-3","page","type-page","status-publish","hentry"],"_links":{"self":[{"href":"https:\/\/ardor-realestate.com\/cs\/wp-json\/wp\/v2\/pages\/3","targetHints":{"allow":["GET"]}}],"collection":[{"href":"https:\/\/ardor-realestate.com\/cs\/wp-json\/wp\/v2\/pages"}],"about":[{"href":"https:\/\/ardor-realestate.com\/cs\/wp-json\/wp\/v2\/types\/page"}],"author":[{"embeddable":true,"href":"https:\/\/ardor-realestate.com\/cs\/wp-json\/wp\/v2\/users\/2"}],"replies":[{"embeddable":true,"href":"https:\/\/ardor-realestate.com\/cs\/wp-json\/wp\/v2\/comments?post=3"}],"version-history":[{"count":0,"href":"https:\/\/ardor-realestate.com\/cs\/wp-json\/wp\/v2\/pages\/3\/revisions"}],"wp:attachment":[{"href":"https:\/\/ardor-realestate.com\/cs\/wp-json\/wp\/v2\/media?parent=3"}],"curies":[{"name":"wp","href":"https:\/\/api.w.org\/{rel}","templated":true}]}}